{"id":28076,"date":"2023-06-26T16:16:46","date_gmt":"2023-06-26T14:16:46","guid":{"rendered":"https:\/\/www.finres-sa.com\/warenkorb-2\/"},"modified":"2025-07-14T18:42:49","modified_gmt":"2025-07-14T16:42:49","slug":"warenkorb-2","status":"publish","type":"page","link":"https:\/\/www.finres-sa.com\/de\/warenkorb-2\/","title":{"rendered":"Warenkorb"},"content":{"rendered":"<div class=\"woocommerce\">\n<div class=\"jet-woo-builder-woocommerce-empty-cart\">\n\t<div class=\"woocommerce-notices-wrapper\"><\/div><div class=\"wc-empty-cart-message\">\n\t<div class=\"cart-empty woocommerce-info\" role=\"status\">\n\t\tDein Warenkorb ist gegenw\u00e4rtig leer.\t<\/div>\n<\/div><style>.elementor-15807 .elementor-element.elementor-element-4452d6d6 > .elementor-container{max-width:600px;}.elementor-15807 .elementor-element.elementor-element-4452d6d6{overflow:hidden;transition:background 0.3s, border 0.3s, border-radius 0.3s, box-shadow 0.3s;padding:7em 1em 7em 1em;}.elementor-15807 .elementor-element.elementor-element-4452d6d6:not(.elementor-motion-effects-element-type-background), .elementor-15807 .elementor-element.elementor-element-4452d6d6 > .elementor-motion-effects-container > .elementor-motion-effects-layer{background-image:url(\"https:\/\/www.finres-sa.com\/wp-content\/uploads\/2023\/06\/a-beautiful-abstract-background-of-epoxy-resin-art-abstract-composition-for-your-design-colourful.jpg\");background-position:center center;background-repeat:no-repeat;background-size:cover;}.elementor-15807 .elementor-element.elementor-element-4452d6d6 > .elementor-background-overlay{transition:background 0.3s, border-radius 0.3s, opacity 0.3s;}.elementor-15807 .elementor-element.elementor-element-22a1e7f4:not(.elementor-motion-effects-element-type-background) > .elementor-widget-wrap, .elementor-15807 .elementor-element.elementor-element-22a1e7f4 > .elementor-widget-wrap > .elementor-motion-effects-container > .elementor-motion-effects-layer{background-color:#FFFFFFD9;}.elementor-15807 .elementor-element.elementor-element-22a1e7f4 > .elementor-element-populated{box-shadow:0px 20px 50px 0px rgba(0, 0, 0, 0.15);transition:background 0.3s, border 0.3s, border-radius 0.3s, box-shadow 0.3s;padding:20px 20px 20px 20px;}.elementor-15807 .elementor-element.elementor-element-22a1e7f4 > .elementor-element-populated > .elementor-background-overlay{transition:background 0.3s, border-radius 0.3s, opacity 0.3s;}.elementor-15807 .elementor-element.elementor-element-6ddfb6b5 > .elementor-element-populated{border-style:solid;border-width:1px 1px 1px 1px;border-color:#53535373;padding:3em 2em 3em 2em;}.elementor-15807 .elementor-element.elementor-element-8126c68 .elementor-icon-wrapper{text-align:center;}.elementor-15807 .elementor-element.elementor-element-8126c68.elementor-view-stacked .elementor-icon{background-color:var( --e-global-color-accent );}.elementor-15807 .elementor-element.elementor-element-8126c68.elementor-view-framed .elementor-icon, .elementor-15807 .elementor-element.elementor-element-8126c68.elementor-view-default .elementor-icon{color:var( --e-global-color-accent );border-color:var( --e-global-color-accent );}.elementor-15807 .elementor-element.elementor-element-8126c68.elementor-view-framed .elementor-icon, .elementor-15807 .elementor-element.elementor-element-8126c68.elementor-view-default .elementor-icon svg{fill:var( --e-global-color-accent );}.elementor-15807 .elementor-element.elementor-element-8126c68 .elementor-icon{font-size:100px;}.elementor-15807 .elementor-element.elementor-element-8126c68 .elementor-icon svg{height:100px;}.elementor-15807 .elementor-element.elementor-element-af2255f{text-align:center;}.elementor-15807 .elementor-element.elementor-element-af2255f .elementor-heading-title{font-family:var( --e-global-typography-5d167aa-font-family ), Sans-serif;font-size:var( --e-global-typography-5d167aa-font-size );font-weight:var( --e-global-typography-5d167aa-font-weight );line-height:var( --e-global-typography-5d167aa-line-height );letter-spacing:var( --e-global-typography-5d167aa-letter-spacing );word-spacing:var( --e-global-typography-5d167aa-word-spacing );}.elementor-15807 .elementor-element.elementor-element-6fbe6708{text-align:center;color:var( --e-global-color-secondary );}.elementor-15807 .elementor-element.elementor-element-383a2e66 .elementor-button{fill:var( --e-global-color-a291686 );color:var( --e-global-color-a291686 );background-color:var( --e-global-color-accent );}.elementor-15807 .elementor-element.elementor-element-383a2e66 .elementor-button:hover, .elementor-15807 .elementor-element.elementor-element-383a2e66 .elementor-button:focus{color:var( --e-global-color-a291686 );background-color:var( --e-global-color-primary );border-color:var( --e-global-color-primary );}.elementor-15807 .elementor-element.elementor-element-383a2e66 .elementor-button:hover svg, .elementor-15807 .elementor-element.elementor-element-383a2e66 .elementor-button:focus svg{fill:var( --e-global-color-a291686 );}:root{--page-title-display:none;}@media(max-width:1024px){.elementor-15807 .elementor-element.elementor-element-4452d6d6 > .elementor-container{max-width:550px;}.elementor-15807 .elementor-element.elementor-element-4452d6d6{padding:5em 1em 5em 1em;}.elementor-15807 .elementor-element.elementor-element-6ddfb6b5 > .elementor-element-populated{padding:2em 2em 2em 2em;}.elementor-15807 .elementor-element.elementor-element-af2255f .elementor-heading-title{font-size:var( --e-global-typography-5d167aa-font-size );line-height:var( --e-global-typography-5d167aa-line-height );letter-spacing:var( --e-global-typography-5d167aa-letter-spacing );word-spacing:var( --e-global-typography-5d167aa-word-spacing );}}@media(max-width:767px){.elementor-15807 .elementor-element.elementor-element-4452d6d6{padding:5em 2em 5em 2em;}.elementor-15807 .elementor-element.elementor-element-22a1e7f4 > .elementor-element-populated{padding:12px 12px 12px 12px;}.elementor-15807 .elementor-element.elementor-element-6ddfb6b5 > .elementor-element-populated{padding:20px 20px 20px 20px;}.elementor-15807 .elementor-element.elementor-element-af2255f .elementor-heading-title{font-size:var( --e-global-typography-5d167aa-font-size );line-height:var( --e-global-typography-5d167aa-line-height );letter-spacing:var( --e-global-typography-5d167aa-letter-spacing );word-spacing:var( --e-global-typography-5d167aa-word-spacing );}}<\/style>\t\t<div data-elementor-type=\"jet-woo-builder-cart\" data-elementor-id=\"15807\" class=\"elementor elementor-15807 elementor-6082\" data-elementor-post-type=\"jet-woo-builder\">\n\t\t\t\t\t\t<section class=\"elementor-section elementor-top-section elementor-element elementor-element-4452d6d6 elementor-section-boxed elementor-section-height-default elementor-section-height-default\" data-id=\"4452d6d6\" data-element_type=\"section\" data-e-type=\"section\" data-settings=\"{&quot;background_background&quot;:&quot;classic&quot;,&quot;jet_parallax_layout_list&quot;:[]}\">\n\t\t\t\t\t\t<div class=\"elementor-container elementor-column-gap-default\">\n\t\t\t\t\t<div class=\"elementor-column elementor-col-100 elementor-top-column elementor-element elementor-element-22a1e7f4 elementor-invisible\" data-id=\"22a1e7f4\" data-element_type=\"column\" data-e-type=\"column\" data-settings=\"{&quot;background_background&quot;:&quot;classic&quot;,&quot;animation&quot;:&quot;fadeInUp&quot;}\">\n\t\t\t<div class=\"elementor-widget-wrap elementor-element-populated\">\n\t\t\t\t\t\t<section class=\"elementor-section elementor-inner-section elementor-element elementor-element-56a27b23 elementor-section-boxed elementor-section-height-default elementor-section-height-default\" data-id=\"56a27b23\" data-element_type=\"section\" data-e-type=\"section\" data-settings=\"{&quot;jet_parallax_layout_list&quot;:[]}\">\n\t\t\t\t\t\t<div class=\"elementor-container elementor-column-gap-default\">\n\t\t\t\t\t<div class=\"elementor-column elementor-col-100 elementor-inner-column elementor-element elementor-element-6ddfb6b5\" data-id=\"6ddfb6b5\" data-element_type=\"column\" data-e-type=\"column\">\n\t\t\t<div class=\"elementor-widget-wrap elementor-element-populated\">\n\t\t\t\t\t\t<div class=\"elementor-element elementor-element-8126c68 elementor-view-default elementor-widget elementor-widget-icon\" data-id=\"8126c68\" data-element_type=\"widget\" data-e-type=\"widget\" data-widget_type=\"icon.default\">\n\t\t\t\t<div class=\"elementor-widget-container\">\n\t\t\t\t\t\t\t<div class=\"elementor-icon-wrapper\">\n\t\t\t<div class=\"elementor-icon\">\n\t\t\t<i aria-hidden=\"true\" class=\"icon icon-shopping-basket\"><\/i>\t\t\t<\/div>\n\t\t<\/div>\n\t\t\t\t\t\t<\/div>\n\t\t\t\t<\/div>\n\t\t\t\t<div class=\"elementor-element elementor-element-af2255f elementor-widget elementor-widget-heading\" data-id=\"af2255f\" data-element_type=\"widget\" data-e-type=\"widget\" data-widget_type=\"heading.default\">\n\t\t\t\t<div class=\"elementor-widget-container\">\n\t\t\t\t\t<h2 class=\"elementor-heading-title elementor-size-default\">Leerer Korb<\/h2>\t\t\t\t<\/div>\n\t\t\t\t<\/div>\n\t\t\t\t<div class=\"elementor-element elementor-element-6fbe6708 elementor-widget elementor-widget-text-editor\" data-id=\"6fbe6708\" data-element_type=\"widget\" data-e-type=\"widget\" data-widget_type=\"text-editor.default\">\n\t\t\t\t<div class=\"elementor-widget-container\">\n\t\t\t\t\t\t\t\t\t<p>Ihr Warenkorb ist leer. F\u00fcgen Sie Produkte zu Ihrem Warenkorb hinzu, indem Sie den Shop mit Hilfe der verf\u00fcgbaren Suchfilter wie Produkttyp, Farbe und Gr\u00f6\u00dfe durchsuchen. Klicken Sie f\u00fcr jedes ausgew\u00e4hlte Produkt auf &#8220;in den Warenkorb legen&#8221;. \u00dcberpr\u00fcfen Sie Ihren Warenkorb, bevor Sie Ihre Bestellung abschlie\u00dfen.<\/p>\n\t\t\t\t\t\t\t\t<\/div>\n\t\t\t\t<\/div>\n\t\t\t\t<div class=\"elementor-element elementor-element-383a2e66 elementor-align-center elementor-widget elementor-widget-button\" data-id=\"383a2e66\" data-element_type=\"widget\" data-e-type=\"widget\" data-widget_type=\"button.default\">\n\t\t\t\t<div class=\"elementor-widget-container\">\n\t\t\t\t\t\t\t\t\t<div class=\"elementor-button-wrapper\">\n\t\t\t\t\t<a class=\"elementor-button elementor-button-link elementor-size-sm\" href=\"https:\/\/www.finres-sa.com\/de\/shop\/\">\n\t\t\t\t\t\t<span class=\"elementor-button-content-wrapper\">\n\t\t\t\t\t\t\t\t\t<span class=\"elementor-button-text\">eShop<\/span>\n\t\t\t\t\t<\/span>\n\t\t\t\t\t<\/a>\n\t\t\t\t<\/div>\n\t\t\t\t\t\t\t\t<\/div>\n\t\t\t\t<\/div>\n\t\t\t\t\t<\/div>\n\t\t<\/div>\n\t\t\t\t\t<\/div>\n\t\t<\/section>\n\t\t\t\t\t<\/div>\n\t\t<\/div>\n\t\t\t\t\t<\/div>\n\t\t<\/section>\n\t\t\t\t<\/div>\n\t\t<\/div>\n<\/div>\n","protected":false},"excerpt":{"rendered":"","protected":false},"author":1,"featured_media":0,"parent":0,"menu_order":0,"comment_status":"closed","ping_status":"closed","template":"","meta":{"footnotes":""},"class_list":["post-28076","page","type-page","status-publish","hentry"],"_links":{"self":[{"href":"https:\/\/www.finres-sa.com\/de\/wp-json\/wp\/v2\/pages\/28076","targetHints":{"allow":["GET"]}}],"collection":[{"href":"https:\/\/www.finres-sa.com\/de\/wp-json\/wp\/v2\/pages"}],"about":[{"href":"https:\/\/www.finres-sa.com\/de\/wp-json\/wp\/v2\/types\/page"}],"author":[{"embeddable":true,"href":"https:\/\/www.finres-sa.com\/de\/wp-json\/wp\/v2\/users\/1"}],"replies":[{"embeddable":true,"href":"https:\/\/www.finres-sa.com\/de\/wp-json\/wp\/v2\/comments?post=28076"}],"version-history":[{"count":0,"href":"https:\/\/www.finres-sa.com\/de\/wp-json\/wp\/v2\/pages\/28076\/revisions"}],"wp:attachment":[{"href":"https:\/\/www.finres-sa.com\/de\/wp-json\/wp\/v2\/media?parent=28076"}],"curies":[{"name":"wp","href":"https:\/\/api.w.org\/{rel}","templated":true}]}}