{"id":33366,"date":"2025-10-08T09:37:52","date_gmt":"2025-10-08T07:37:52","guid":{"rendered":"https:\/\/www.finres-sa.com\/privacy-policy\/"},"modified":"2025-12-12T09:46:37","modified_gmt":"2025-12-12T08:46:37","slug":"privacy-policy","status":"publish","type":"page","link":"https:\/\/www.finres-sa.com\/de\/privacy-policy\/","title":{"rendered":"Privacy Policy"},"content":{"rendered":"\t\t<div data-elementor-type=\"wp-page\" data-elementor-id=\"33366\" class=\"elementor elementor-33366 elementor-31636\" data-elementor-post-type=\"page\">\n\t\t\t\t<div class=\"elementor-element elementor-element-2d1278d e-flex e-con-boxed e-con e-parent\" data-id=\"2d1278d\" data-element_type=\"container\" data-e-type=\"container\" data-settings=\"{&quot;background_background&quot;:&quot;classic&quot;,&quot;jet_parallax_layout_list&quot;:[]}\">\n\t\t\t\t\t<div class=\"e-con-inner\">\n\t\t\t\t<div class=\"elementor-element elementor-element-cca6977 elementor-icon-list--layout-inline elementor-list-item-link-full_width elementor-invisible elementor-widget elementor-widget-icon-list\" data-id=\"cca6977\" data-element_type=\"widget\" data-e-type=\"widget\" data-settings=\"{&quot;_animation&quot;:&quot;fadeInLeft&quot;}\" data-widget_type=\"icon-list.default\">\n\t\t\t\t<div class=\"elementor-widget-container\">\n\t\t\t\t\t\t\t<ul class=\"elementor-icon-list-items elementor-inline-items\">\n\t\t\t\t\t\t\t<li class=\"elementor-icon-list-item elementor-inline-item\">\n\t\t\t\t\t\t\t\t\t\t\t<a href=\"#\">\n\n\t\t\t\t\t\t\t\t\t\t\t\t<span class=\"elementor-icon-list-icon\">\n\t\t\t\t\t\t\t<i aria-hidden=\"true\" class=\" icon_tags_alt\"><\/i>\t\t\t\t\t\t<\/span>\n\t\t\t\t\t\t\t\t\t\t<span class=\"elementor-icon-list-text\">Finres<\/span>\n\t\t\t\t\t\t\t\t\t\t\t<\/a>\n\t\t\t\t\t\t\t\t\t<\/li>\n\t\t\t\t\t\t<\/ul>\n\t\t\t\t\t\t<\/div>\n\t\t\t\t<\/div>\n\t\t\t\t<div class=\"elementor-element elementor-element-1a2bddf elementor-invisible elementor-widget elementor-widget-heading\" data-id=\"1a2bddf\" data-element_type=\"widget\" data-e-type=\"widget\" data-settings=\"{&quot;_animation&quot;:&quot;fadeInRight&quot;}\" data-widget_type=\"heading.default\">\n\t\t\t\t<div class=\"elementor-widget-container\">\n\t\t\t\t\t<h2 class=\"elementor-heading-title elementor-size-default\">Privacy Policy<\/h2>\t\t\t\t<\/div>\n\t\t\t\t<\/div>\n\t\t\t\t\t<\/div>\n\t\t\t\t<\/div>\n\t\t<div class=\"elementor-element elementor-element-d76d83c e-flex e-con-boxed e-con e-parent\" data-id=\"d76d83c\" data-element_type=\"container\" data-e-type=\"container\" data-settings=\"{&quot;jet_parallax_layout_list&quot;:[]}\">\n\t\t\t\t\t<div class=\"e-con-inner\">\n\t\t\t\t<div class=\"elementor-element elementor-element-7c2c9c9 elementor-widget elementor-widget-text-editor\" data-id=\"7c2c9c9\" data-element_type=\"widget\" data-e-type=\"widget\" id=\"policy\" data-widget_type=\"text-editor.default\">\n\t\t\t\t<div class=\"elementor-widget-container\">\n\t\t\t\t\t\t\t\t\t<header><div class=\"header-wrapper\"><div><em>Datum des Inkrafttretens: 08-Oktober-2025<\/em><\/div><div><em>Aktualisiert am: 08-Oktober-2025<\/em><\/div><div> <\/div><\/div><\/header><section><div class=\"section-wrapper\"><p>Diese Datenschutzrichtlinie erl\u00e4utert die Regeln von https:\/\/www.finres-sa.com\/ in Bezug auf die Sammlung, Nutzung, Offenlegung und den Schutz der pers\u00f6nlichen Daten, die wir sammeln, wenn Sie auf https:\/\/www.finres-sa.com\/ (der &#8220;Dienst&#8221;) zugreifen.<\/p><p>Diese Datenschutzrichtlinie definiert und beschreibt Ihre Rechte in Bezug auf den Datenschutz und wie Sie unter den geltenden Datenschutzgesetzen gesch\u00fctzt sind.<\/p><\/div><\/section><section><div class=\"section-wrapper\"><p>Durch die Nutzung unseres Dienstes erkl\u00e4ren Sie sich mit der Erfassung und Nutzung Ihrer pers\u00f6nlichen Daten gem\u00e4\u00df dieser Datenschutzrichtlinie einverstanden. Bitte greifen Sie nicht auf unseren Dienst zu oder nutzen Sie ihn nicht, wenn Sie nicht mit der Erfassung und Nutzung Ihrer Daten gem\u00e4\u00df dieser Datenschutzrichtlinie einverstanden sind. <\/p><p>Diese Datenschutzrichtlinie wurde mit Hilfe des <a href=\"https:\/\/cookie-script.com\/privacy-policy-generator\" target=\"_blank\" rel=\"noopener\">CookieScript Datenschutzrichtlinien-Generators<\/a> erstellt.<\/p><\/div><\/section><section><div class=\"section-wrapper\"><h2>Welche Informationen wir sammeln, zu welchem Zweck und auf welcher rechtlichen Grundlage.<\/h2><p>Die Definitionen der Rechtsgrundlagen, die im Folgenden verwendet werden, sind wie folgt:<\/p><ul><li><b>Berechtigtes Interesse: das<\/b> Interesse der Gesellschaft oder eines Dritten, vorausgesetzt, dass Ihre Interessen oder Ihre Grundrechte und -freiheiten nicht \u00fcberwiegen und dass diese Verwendung Ihrer Daten im Hinblick auf Ihre Rechte und Freiheiten ausgewogen ist.<\/li><li><b>Vertragserf\u00fcllung:<\/b> Verarbeitung Ihrer pers\u00f6nlichen Daten, wenn dies f\u00fcr die Erf\u00fcllung eines Vertrages, dessen Vertragspartei Sie sind, oder f\u00fcr vorvertragliche Ma\u00dfnahmen vor Abschluss eines solchen Vertrages erforderlich ist.<\/li><li><b>Gesetzliche Verpflichtungen:<\/b> Verarbeitung Ihrer pers\u00f6nlichen Daten, wenn dies notwendig ist, um eine gesetzliche oder beh\u00f6rdliche Verpflichtung zu erf\u00fcllen, der wir unterliegen.<\/li><li><b>Zustimmung:<\/b> Eine freie, spezifische, informierte und eindeutige Willensbekundung, mit der Sie durch eine Erkl\u00e4rung oder eine klare positive Handlung Ihre Zustimmung zur Verarbeitung Ihrer personenbezogenen Daten geben. Wir k\u00f6nnen Ihre Zustimmung einholen, wenn wir keine andere Rechtsgrundlage f\u00fcr die Verarbeitung Ihrer Daten haben. <\/li><\/ul><\/div><\/section><section><div class=\"section-wrapper\"><h3>Nutzungsdaten.<\/h3><p><b>Was wir sammeln:<\/b> Informationen dar\u00fcber, wie Nutzer mit unserer Website oder Anwendung interagieren, einschlie\u00dflich der besuchten Seiten, der auf den Seiten verbrachten Zeit, der Klickpfade und der Browserdetails.<\/p><p><b>Zweck:<\/b> Analyse des Nutzerverhaltens, Optimierung der Leistung und Verbesserung der Nutzererfahrung.<\/p><p><b>Haltbarkeitsdauer:<\/b> 365 Tage<\/p><p><b>Rechtsgrundlage:<\/b> Consent<\/p><\/div><\/section><section><div class=\"section-wrapper\"><h3>Kontaktinformationen.<\/h3><p><b>Was wir sammeln:<\/b><br>Privatadresse, Gesch\u00e4ftsadresse, Postadresse<br><b>Zweck:<\/b> Sicherstellung einer bestimmten Dienstleistung und Erleichterung der Kommunikation im Zusammenhang mit dem Konto.<\/p><p><b>Haltbarkeitsdauer:<\/b> 720 Tage<\/p><p><b>Rechtsgrundlage:<\/b> Legal Obligation<\/p><\/div><\/section><section><div class=\"section-wrapper\"><h3>Online-Identifizierungen und Informationen \u00fcber das Ger\u00e4t.<\/h3><p><b>Was wir sammeln:<\/b><br>IP-Adresse, Ger\u00e4tekennungen (z.B. MAC-Adresse, IMEI), Browsertyp und -version, Betriebssystem<br><b>Zweck:<\/b> Sicherung unserer Plattform, Optimierung der Leistung und Verst\u00e4ndnis der technischen Nutzung.<\/p><p><b>Haltbarkeitsdauer:<\/b> 365 Tage<\/p><p><b>Rechtsgrundlage:<\/b> Consent<\/p><\/div><\/section><section><div class=\"section-wrapper\"><h3>Kommunikationsdaten.<\/h3><p><b>Was wir sammeln:<\/b><br>Kundensupport-Nachrichten oder Anfragen<br><b>Zweck:<\/b> Bereitstellung von Kundensupport und Aufzeichnung des Verlaufs der Kommunikation.<\/p><p><b>Haltbarkeitsdauer:<\/b> 720 Tage<\/p><p><b>Rechtsgrundlage:<\/b> Legitimate Interests<\/p><\/div><\/section><section><div class=\"section-wrapper\"><h3>Zustimmungen und rechtliche Dokumente.<\/h3><p><b>Was wir sammeln:<\/b><br>Zustimmungsformulare<br><b>Zweck:<\/b> Erf\u00fcllung der gesetzlichen und regulatorischen Verpflichtungen.<\/p><p><b>Haltbarkeitsdauer:<\/b> 365 Tage<\/p><p><b>Rechtsgrundlage:<\/b> Consent<\/p><\/div><\/section><section><div class=\"section-wrapper\"><h2>Wie wir Ihre pers\u00f6nlichen Daten erhalten<\/h2><\/div><\/section><section><div class=\"section-wrapper\"><h3>Wir sammeln die Informationen, die Sie uns direkt zur Verf\u00fcgung stellen, wenn Sie :<\/h3><ul><li>F\u00fcllen Sie ein Formular aus<\/li><li>Nutzen Sie unsere Dienstleistungen<\/li><li>Kontaktieren Sie uns<\/li><\/ul><\/div><\/section><section><div class=\"section-wrapper\"><h3>Verpflichtung zur Bereitstellung von pers\u00f6nlichen Daten :<\/h3><p>In einigen F\u00e4llen ist die Bereitstellung von pers\u00f6nlichen Daten entweder eine gesetzliche oder vertragliche Anforderung oder f\u00fcr den Abschluss eines Vertrages notwendig.<\/p><\/div><\/section><section><div class=\"section-wrapper\"><p>Wir \u00fcbermitteln keine personenbezogenen Daten in Drittl\u00e4nder au\u00dferhalb des Europ\u00e4ischen Wirtschaftsraums (EWR).<\/p><\/div><\/section><section><div class=\"section-wrapper\"><h2>Rechte der betroffenen Personen.<\/h2><\/div><\/section><section><div class=\"section-wrapper\"><h3>Sie haben die folgenden Rechte in Bezug auf Ihre pers\u00f6nlichen Daten:<\/h3><ul><li><b>Recht auf Zugang:<\/b> Sie k\u00f6nnen eine Kopie der personenbezogenen Daten, die wir \u00fcber Sie gespeichert haben, anfordern.<\/li><li><b>Recht auf Berichtigung:<\/b> Sie k\u00f6nnen uns bitten, ungenaue oder unvollst\u00e4ndige Informationen zu korrigieren.<\/li><li><b>Recht auf L\u00f6schung (Recht auf Vergessenwerden):<\/b> Unter bestimmten Bedingungen k\u00f6nnen Sie die L\u00f6schung Ihrer pers\u00f6nlichen Daten verlangen.<\/li><li><b>Recht auf Einschr\u00e4nkung der Verarbeitung:<\/b> Sie k\u00f6nnen unter bestimmten Umst\u00e4nden die Einschr\u00e4nkung der Verarbeitung Ihrer personenbezogenen Daten verlangen.<\/li><li><b>Recht auf Daten\u00fcbertragbarkeit:<\/b> Sie haben das Recht, Ihre personenbezogenen Daten in einem strukturierten, g\u00e4ngigen und maschinenlesbaren Format zu erhalten und diese Daten an einen anderen f\u00fcr die Verarbeitung Verantwortlichen zu \u00fcbertragen.<\/li><li><b>Widerspruchsrecht:<\/b> In bestimmten F\u00e4llen k\u00f6nnen Sie gegen die Verarbeitung Ihrer pers\u00f6nlichen Daten Widerspruch einlegen.<\/li><li><b>Recht auf Information:<\/b> Sie haben das Recht, klare, transparente und leicht verst\u00e4ndliche Informationen dar\u00fcber zu erhalten, wie wir Ihre pers\u00f6nlichen Daten verarbeiten.<\/li><\/ul><\/div><\/section><section><div class=\"section-wrapper\"><h3>R\u00fccknahme der Zustimmung :<\/h3><p>Gem\u00e4\u00df Artikel 13(2)(c) der DSGVO haben Sie das Recht, Ihre Zustimmung zur Verarbeitung Ihrer personenbezogenen Daten jederzeit zu widerrufen. Als Besucher dieser Website k\u00f6nnen Sie Ihre Zustimmung ganz einfach direkt \u00fcber das Zustimmungsbanner auf der Website anpassen oder zur\u00fcckziehen. Wenn Sie m\u00f6chten, k\u00f6nnen Sie sich auch an den Betreiber der Website wenden, indem Sie die in dieser Datenschutzrichtlinie angegebenen Kontaktdaten verwenden. Bitte beachten Sie, dass der Widerruf Ihrer Zustimmung die Rechtm\u00e4\u00dfigkeit jeglicher Verarbeitung, die vor dem Widerruf stattgefunden hat, nicht beeintr\u00e4chtigt.   <\/p><p>Um diese Rechte auszu\u00fcben, kontaktieren Sie uns bitte unter info@finres-sa.com.<\/p><p>Wir werden Ihre Rechte nur aus\u00fcben, wenn wir Ihren schriftlichen Antrag auf Aus\u00fcbung eines bestimmten, unten aufgef\u00fchrten Rechts erhalten haben und nur nachdem wir die G\u00fcltigkeit Ihrer Identit\u00e4t best\u00e4tigt haben.<\/p><p>Ihre Anfragen werden innerhalb eines Monats nach dem Datum der Einreichung der Anfrage, die unseren internen Regeln und der DSGVO entspricht, beantwortet oder die Ablehnung Ihrer Anfragen wird unter Angabe der Gr\u00fcnde f\u00fcr die Ablehnung mitgeteilt. Diese Frist kann um weitere zwei Monate verl\u00e4ngert werden, wenn der Antrag eine gro\u00dfe Menge an personenbezogenen Daten betrifft oder andere Antr\u00e4ge gleichzeitig gepr\u00fcft werden. Wir werden Sie innerhalb eines Monats nach Erhalt des Antrags \u00fcber eine solche Verl\u00e4ngerung sowie \u00fcber die Gr\u00fcnde f\u00fcr die Verz\u00f6gerung informieren. Sie erhalten eine Antwort in der von Ihnen gew\u00fcnschten Form.   <\/p><p>Wir k\u00f6nnen die Erf\u00fcllung Ihres Antrags ablehnen, wenn die in der DSGVO vorgesehenen Ausnahmen und\/oder Einschr\u00e4nkungen der Aus\u00fcbung der Rechte der betroffenen Personen gelten, und\/oder wenn Ihr Antrag offensichtlich unbegr\u00fcndet oder unverh\u00e4ltnism\u00e4\u00dfig ist. Wenn wir uns weigern, Ihrem Antrag nachzukommen, werden wir Ihnen die Gr\u00fcnde f\u00fcr diese Weigerung schriftlich mitteilen. <\/p><\/div><\/section><section><div class=\"section-wrapper\"><h2>Recht auf Beschwerde bei einer Aufsichtsbeh\u00f6rde<\/h2><p>Sie haben das Recht, eine Beschwerde bei der zust\u00e4ndigen Aufsichtsbeh\u00f6rde einzureichen, wenn Sie der Ansicht sind, dass die Verarbeitung Ihrer pers\u00f6nlichen Daten Ihre Rechte und legitimen Interessen gem\u00e4\u00df der anwendbaren Gesetzgebung verletzt. Sie k\u00f6nnen Ihre Beschwerde gem\u00e4\u00df den Verfahren einreichen, die von der Datenschutzbeh\u00f6rde \/ Gegevensbeschermingsautoriteit des K\u00f6nigreichs Belgien festgelegt wurden und unter folgender Adresse abrufbar sind: https: <a href=\"https:\/\/www.autoriteprotectiondonnees.be\/citoyen\/l-autorite\/autres-autorites\" target=\"_blank\" rel=\"noopener\">\/\/www.autoriteprotectiondonnees.be\/citoyen\/l-autorite\/autres-autorites<\/a>. <\/p><p>Bitte beachten Sie, dass, obwohl kein technologisches System vollkommen sicher ist, wir angemessene Sicherheitsma\u00dfnahmen ergreifen m\u00fcssen, um das Risiko eines nicht autorisierten Zugriffs oder Missbrauchs Ihrer pers\u00f6nlichen Daten zu minimieren.<\/p><\/div><\/section><section><div class=\"section-wrapper\"><h2>Sicherheit<\/h2><p>Bitte beachten Sie, dass, obwohl kein technologisches System vollkommen sicher ist, wir angemessene Sicherheitsma\u00dfnahmen ergreifen m\u00fcssen, um das Risiko eines nicht autorisierten Zugriffs oder Missbrauchs Ihrer pers\u00f6nlichen Daten zu minimieren.<\/p><ul><li>Wir und unsere dritten Dienstleister, die an der Verarbeitung personenbezogener Daten in unserem Auftrag beteiligt sein k\u00f6nnen (zu den unten angegebenen Zwecken), sind vertraglich verpflichtet, die Vertraulichkeit personenbezogener Daten zu wahren.<\/li><li>Wir wenden angemessene Sicherheitspraktiken und -verfahren an, um die Vertraulichkeit und Sicherheit Ihrer Informationen, einschlie\u00dflich aller nicht \u00f6ffentlichen pers\u00f6nlichen Informationen, zu sch\u00fctzen. Wir sch\u00fctzen Ihre Informationen durch angemessene physische, technische und administrative Ma\u00dfnahmen, einschlie\u00dflich der Beschr\u00e4nkung des Zugriffs auf Ihre Informationen auf diejenigen Mitarbeiter, die sie ben\u00f6tigen. <\/li><\/ul><\/div><\/section><section><div class=\"section-wrapper\"><h2>\u00c4nderungen dieser Richtlinie<\/h2><p>Wir \u00fcberpr\u00fcfen diese Datenschutzrichtlinie regelm\u00e4\u00dfig und behalten uns das Recht vor, sie jederzeit in \u00dcbereinstimmung mit den geltenden Gesetzen und Vorschriften zu \u00e4ndern. Alle \u00c4nderungen werden unmittelbar nach ihrer Ver\u00f6ffentlichung auf unserer Website wirksam. <\/p><p>Bitte \u00fcberpr\u00fcfen Sie diese Datenschutzrichtlinie von Zeit zu Zeit, um \u00fcber eventuelle \u00c4nderungen informiert zu bleiben.<\/p><\/div><\/section><section><div class=\"section-wrapper\"><h2>Kontaktieren Sie uns<\/h2><p>Wenn Sie Fragen haben, kontaktieren Sie uns bitte auf einem der folgenden Wege:<\/p><ul><li>Name: Finres SA<\/li><li>Adresse: RUE J. VAN HOVE, 35 1950 KRAAINEM<\/li><li>E-Mail: info@finres-sa.com<\/li><li>Website: https:\/\/www.finres-sa.com\/<\/li><li>Telefon: +32 2 720 23 56<\/li><\/ul><h2>Cookies<\/h2><p><script type=\"text\/javascript\" charset=\"UTF-8\" data-cookiescriptreport=\"report\" src=\"\/\/report.cookie-script.com\/r\/f02b9de2d0427a21086245ce05b400b4.js\"><\/script><\/p><\/div><\/section>\t\t\t\t\t\t\t\t<\/div>\n\t\t\t\t<\/div>\n\t\t\t\t\t<\/div>\n\t\t\t\t<\/div>\n\t\t\t\t<\/div>\n\t\t","protected":false},"excerpt":{"rendered":"<p>Finres Datum des Inkrafttretens: 08-Oktober-2025Aktualisiert am: 08-Oktober-2025 Diese Datenschutzrichtlinie erl\u00e4utert die Regeln von https:\/\/www.finres-sa.com\/ in Bezug auf die Sammlung, Nutzung, Offenlegung und den Schutz der pers\u00f6nlichen Daten, die wir sammeln, wenn Sie auf https:\/\/www.finres-sa.com\/ (der &#8220;Dienst&#8221;) zugreifen. Diese Datenschutzrichtlinie definiert und beschreibt Ihre Rechte in Bezug auf den Datenschutz und wie Sie unter den geltenden [&hellip;]<\/p>\n","protected":false},"author":1,"featured_media":0,"parent":0,"menu_order":0,"comment_status":"closed","ping_status":"closed","template":"","meta":{"footnotes":""},"class_list":["post-33366","page","type-page","status-publish","hentry"],"_links":{"self":[{"href":"https:\/\/www.finres-sa.com\/de\/wp-json\/wp\/v2\/pages\/33366","targetHints":{"allow":["GET"]}}],"collection":[{"href":"https:\/\/www.finres-sa.com\/de\/wp-json\/wp\/v2\/pages"}],"about":[{"href":"https:\/\/www.finres-sa.com\/de\/wp-json\/wp\/v2\/types\/page"}],"author":[{"embeddable":true,"href":"https:\/\/www.finres-sa.com\/de\/wp-json\/wp\/v2\/users\/1"}],"replies":[{"embeddable":true,"href":"https:\/\/www.finres-sa.com\/de\/wp-json\/wp\/v2\/comments?post=33366"}],"version-history":[{"count":0,"href":"https:\/\/www.finres-sa.com\/de\/wp-json\/wp\/v2\/pages\/33366\/revisions"}],"wp:attachment":[{"href":"https:\/\/www.finres-sa.com\/de\/wp-json\/wp\/v2\/media?parent=33366"}],"curies":[{"name":"wp","href":"https:\/\/api.w.org\/{rel}","templated":true}]}}