{"id":14911,"date":"2023-06-26T18:15:31","date_gmt":"2023-06-26T16:15:31","guid":{"rendered":"https:\/\/www.finres-sa.com\/product\/silikon-mm-922-set\/"},"modified":"2025-12-15T13:57:41","modified_gmt":"2025-12-15T12:57:41","slug":"silikon-mm-922-set","status":"publish","type":"product","link":"https:\/\/www.finres-sa.com\/de\/produkt\/silikon-mm-922-set\/","title":{"rendered":"SILIKON MM 922 (SET)"},"content":{"rendered":"\t\t<div data-elementor-type=\"product-post\" data-elementor-id=\"14911\" class=\"elementor elementor-14911 elementor-5576\" data-elementor-post-type=\"product\">\n\t\t\t\t<div class=\"elementor-element elementor-element-4424c3e7 e-flex e-con-boxed e-con e-parent\" data-id=\"4424c3e7\" data-element_type=\"container\" data-e-type=\"container\" data-settings=\"{&quot;jet_parallax_layout_list&quot;:[]}\">\n\t\t\t\t\t<div class=\"e-con-inner\">\n\t\t\t\t<div class=\"elementor-element elementor-element-a932665 elementor-widget elementor-widget-text-editor\" data-id=\"a932665\" data-element_type=\"widget\" data-e-type=\"widget\" data-widget_type=\"text-editor.default\">\n\t\t\t\t<div class=\"elementor-widget-container\">\n\t\t\t\t\t\t\t\t\t<p><span style=\"color: #233c76;\">Polykondensiertes Gie\u00dfsilikon.<\/span><\/p><p><span style=\"color: #233c76;\">Polykondensationsformsilikon der neuen Generation.<\/span><\/p><p><span style=\"color: #233c76;\">Au\u00dfergew\u00f6hnliche Rei\u00dffestigkeit, blauer Katalysator (Mischungskontrolle). H\u00e4rte 22 Shore A, kann aber mit MM903 gemischt werden, um die H\u00e4rte zu verringern. <\/span><\/p><p><span style=\"color: #233c76;\">Herstellung von Formen mit starken Hinterschneidungen.<\/span><\/p><p><span style=\"color: #233c76;\">Mittlere Dimensionsstabilit\u00e4t und vernetzt bei Raumtemperatur innerhalb von 24 Stunden.<\/span><\/p><p><span style=\"color: #233c76;\">Dieses wei\u00dfe Silikon ist sehr abrieb- und rei\u00dffest und eignet sich hervorragend f\u00fcr die Herstellung von kleinen Formen und zum &#8220;Gie\u00dfen&#8221; von Teilen in kleinen Serien.<\/span><\/p>\t\t\t\t\t\t\t\t<\/div>\n\t\t\t\t<\/div>\n\t\t\t\t\t<\/div>\n\t\t\t\t<\/div>\n\t\t<div class=\"elementor-element elementor-element-fe7e2ef e-flex e-con-boxed e-con e-parent\" data-id=\"fe7e2ef\" data-element_type=\"container\" data-e-type=\"container\" data-settings=\"{&quot;jet_parallax_layout_list&quot;:[],&quot;background_background&quot;:&quot;classic&quot;}\">\n\t\t\t\t\t<div class=\"e-con-inner\">\n\t\t<div class=\"elementor-element elementor-element-4837fd1 e-grid e-con-boxed e-con e-child\" data-id=\"4837fd1\" data-element_type=\"container\" data-e-type=\"container\" data-settings=\"{&quot;jet_parallax_layout_list&quot;:[]}\">\n\t\t\t\t\t<div class=\"e-con-inner\">\n\t\t\t\t<div class=\"elementor-element elementor-element-b041300 elementor-widget elementor-widget-heading\" data-id=\"b041300\" data-element_type=\"widget\" data-e-type=\"widget\" data-widget_type=\"heading.default\">\n\t\t\t\t<div class=\"elementor-widget-container\">\n\t\t\t\t\t<h2 class=\"elementor-heading-title elementor-size-xl\">Merkmale<\/h2>\t\t\t\t<\/div>\n\t\t\t\t<\/div>\n\t\t\t\t<div class=\"elementor-element elementor-element-6bd3232 elementor-widget elementor-widget-heading\" data-id=\"6bd3232\" data-element_type=\"widget\" data-e-type=\"widget\" data-widget_type=\"heading.default\">\n\t\t\t\t<div class=\"elementor-widget-container\">\n\t\t\t\t\t<h2 class=\"elementor-heading-title elementor-size-xl\">Anwendung<\/h2>\t\t\t\t<\/div>\n\t\t\t\t<\/div>\n\t\t\t\t\t<\/div>\n\t\t\t\t<\/div>\n\t\t<div class=\"elementor-element elementor-element-fe574e4 e-grid e-con-boxed e-con e-child\" data-id=\"fe574e4\" data-element_type=\"container\" data-e-type=\"container\" data-settings=\"{&quot;jet_parallax_layout_list&quot;:[]}\">\n\t\t\t\t\t<div class=\"e-con-inner\">\n\t\t\t\t<div class=\"elementor-element elementor-element-d9d4889 elementor-widget elementor-widget-text-editor\" data-id=\"d9d4889\" data-element_type=\"widget\" data-e-type=\"widget\" data-widget_type=\"text-editor.default\">\n\t\t\t\t<div class=\"elementor-widget-container\">\n\t\t\t\t\t\t\t\t\t<p>Mischungsverh\u00e4ltnis: 5% (z.B.: 100g Base + 5g Catalyst)<\/p><p>Entnahme aus der Form: mindestens 24 Stunden (ideal &gt; 72 Stunden)<\/p><p>H\u00e4rte 22 Shore A<\/p><p>Relative Dichte bei 25\u00b0c: 1,28<\/p><p>Lineare Schrumpfung %: 0,5<\/p><p>500% Dehnung<\/p><p>Spitzentemperatur )c: 180<\/p><p>Farbe: wei\u00df<\/p><p>Lagerung: Minimum 5\u00b0 &#8211; Maximum 32\u00b0c<\/p><p>Haltbarkeit: 6 Monate in geschlossenen Verpackungen<\/p>\t\t\t\t\t\t\t\t<\/div>\n\t\t\t\t<\/div>\n\t\t\t\t<div class=\"elementor-element elementor-element-77bc92a elementor-widget elementor-widget-text-editor\" data-id=\"77bc92a\" data-element_type=\"widget\" data-e-type=\"widget\" data-widget_type=\"text-editor.default\">\n\t\t\t\t<div class=\"elementor-widget-container\">\n\t\t\t\t\t\t\t\t\t<p>Kleine Formen<\/p><p>Gie\u00dfen von Kleinserien<\/p><p>Dekoration<\/p><p>K\u00fcnstlerisch<\/p>\t\t\t\t\t\t\t\t<\/div>\n\t\t\t\t<\/div>\n\t\t\t\t\t<\/div>\n\t\t\t\t<\/div>\n\t\t\t\t\t<\/div>\n\t\t\t\t<\/div>\n\t\t\t\t<\/div>\n\t\t","protected":false},"excerpt":{"rendered":"<p>Polykon-Formsilikon einer neuen Generation<\/p>\n<p>In wei\u00dfer Farbe ist dieses Silikon sehr abrieb- und rei\u00dffest und eignet sich hervorragend f\u00fcr die Herstellung kleiner Formen und das Gie\u00dfen von Kleinstserienteilen.<\/p>\n","protected":false},"featured_media":14381,"template":"","meta":[],"product_brand":[],"product_cat":[896],"product_tag":[900,897,899,903,901,902,898],"class_list":{"0":"post-14911","1":"product","2":"type-product","3":"status-publish","4":"has-post-thumbnail","6":"product_cat-gietvormen-en-siliconen-de","7":"product_tag-cast-de","8":"product_tag-decoratie-de","9":"product_tag-gieten-de","10":"product_tag-kunst-de","11":"product_tag-prototyp","12":"product_tag-siliconen-de","13":"product_tag-toon-de","15":"first","16":"instock","17":"taxable","18":"shipping-taxable","19":"purchasable","20":"product-type-variable"},"_links":{"self":[{"href":"https:\/\/www.finres-sa.com\/de\/wp-json\/wp\/v2\/product\/14911","targetHints":{"allow":["GET"]}}],"collection":[{"href":"https:\/\/www.finres-sa.com\/de\/wp-json\/wp\/v2\/product"}],"about":[{"href":"https:\/\/www.finres-sa.com\/de\/wp-json\/wp\/v2\/types\/product"}],"version-history":[{"count":0,"href":"https:\/\/www.finres-sa.com\/de\/wp-json\/wp\/v2\/product\/14911\/revisions"}],"wp:featuredmedia":[{"embeddable":true,"href":"https:\/\/www.finres-sa.com\/de\/wp-json\/wp\/v2\/media\/14381"}],"wp:attachment":[{"href":"https:\/\/www.finres-sa.com\/de\/wp-json\/wp\/v2\/media?parent=14911"}],"wp:term":[{"taxonomy":"product_brand","embeddable":true,"href":"https:\/\/www.finres-sa.com\/de\/wp-json\/wp\/v2\/product_brand?post=14911"},{"taxonomy":"product_cat","embeddable":true,"href":"https:\/\/www.finres-sa.com\/de\/wp-json\/wp\/v2\/product_cat?post=14911"},{"taxonomy":"product_tag","embeddable":true,"href":"https:\/\/www.finres-sa.com\/de\/wp-json\/wp\/v2\/product_tag?post=14911"}],"curies":[{"name":"wp","href":"https:\/\/api.w.org\/{rel}","templated":true}]}}