{"id":14917,"date":"2023-06-26T18:14:10","date_gmt":"2023-06-26T16:14:10","guid":{"rendered":"https:\/\/www.finres-sa.com\/product\/jesmonite-pigmente\/"},"modified":"2026-04-24T17:05:42","modified_gmt":"2026-04-24T15:05:42","slug":"jesmonite-pigmente","status":"publish","type":"product","link":"https:\/\/www.finres-sa.com\/de\/produkt\/jesmonite-pigmente\/","title":{"rendered":"JESMONITE PIGMENTE"},"content":{"rendered":"\t\t<div data-elementor-type=\"product-post\" data-elementor-id=\"14917\" class=\"elementor elementor-14917 elementor-5434\" data-elementor-post-type=\"product\">\n\t\t\t\t<div class=\"elementor-element elementor-element-31c00428 e-flex e-con-boxed e-con e-parent\" data-id=\"31c00428\" data-element_type=\"container\" data-e-type=\"container\" data-settings=\"{&quot;jet_parallax_layout_list&quot;:[]}\">\n\t\t\t\t\t<div class=\"e-con-inner\">\n\t\t\t\t<div class=\"elementor-element elementor-element-1263fffa elementor-widget elementor-widget-text-editor\" data-id=\"1263fffa\" data-element_type=\"widget\" data-e-type=\"widget\" data-widget_type=\"text-editor.default\">\n\t\t\t\t<div class=\"elementor-widget-container\">\n\t\t\t\t\t\t\t\t\t<p><span style=\"color: #003366;\">Die Pigmente der Jesmonite-Reihe sind fl\u00fcssige Farbstoffe, die speziell zum Mischen mit Acrylharzen, Aqua-Harz und synthetischen Gipsen entwickelt wurden.<\/span><\/p><p><span style=\"color: #003366;\">Ihre hohe Konzentration erm\u00f6glicht lebendige und intensive Farben, die viel st\u00e4rker sind als bei anderen Farbstoffsystemen.<\/span><\/p>\t\t\t\t\t\t\t\t<\/div>\n\t\t\t\t<\/div>\n\t\t\t\t\t<\/div>\n\t\t\t\t<\/div>\n\t\t<div class=\"elementor-element elementor-element-abbd34a e-flex e-con-boxed e-con e-parent\" data-id=\"abbd34a\" data-element_type=\"container\" data-e-type=\"container\" data-settings=\"{&quot;jet_parallax_layout_list&quot;:[],&quot;background_background&quot;:&quot;classic&quot;}\">\n\t\t\t\t\t<div class=\"e-con-inner\">\n\t\t<div class=\"elementor-element elementor-element-cf72854 e-grid e-con-boxed e-con e-child\" data-id=\"cf72854\" data-element_type=\"container\" data-e-type=\"container\" data-settings=\"{&quot;jet_parallax_layout_list&quot;:[]}\">\n\t\t\t\t\t<div class=\"e-con-inner\">\n\t\t\t\t<div class=\"elementor-element elementor-element-47e5c64 elementor-widget elementor-widget-heading\" data-id=\"47e5c64\" data-element_type=\"widget\" data-e-type=\"widget\" data-widget_type=\"heading.default\">\n\t\t\t\t<div class=\"elementor-widget-container\">\n\t\t\t\t\t<h2 class=\"elementor-heading-title elementor-size-xl\">Merkmale<\/h2>\t\t\t\t<\/div>\n\t\t\t\t<\/div>\n\t\t\t\t\t<\/div>\n\t\t\t\t<\/div>\n\t\t<div class=\"elementor-element elementor-element-2377b35 e-grid e-con-boxed e-con e-child\" data-id=\"2377b35\" data-element_type=\"container\" data-e-type=\"container\" data-settings=\"{&quot;jet_parallax_layout_list&quot;:[]}\">\n\t\t\t\t\t<div class=\"e-con-inner\">\n\t\t\t\t<div class=\"elementor-element elementor-element-09df94d elementor-widget elementor-widget-text-editor\" data-id=\"09df94d\" data-element_type=\"widget\" data-e-type=\"widget\" data-widget_type=\"text-editor.default\">\n\t\t\t\t<div class=\"elementor-widget-container\">\n\t\t\t\t\t\t\t\t\t<p>OFFIZIELLE Farben: Wei\u00df\/Beige (Coade)\/Gelb\/Oxidgelb\/Orange\/Rot\/Oxidrot\/Rosa\/Blau\/Mauve\/Gr\u00fcn\/Schwarz<\/p><p>Kompatibilit\u00e4t: Jesmonite-Verbundwerkstoffe\/Acrylharze\/Aqua-Harz\/Synthetischer Gips\/Naturkautschuk\/Slastik<\/p><p>Zusammensetzung: Acrylpigment in w\u00e4ssriger Phase<\/p><p>Verpackung: 50gr\/200gr\/1kg<\/p><p>Aufbewahrung: in der Originalverpackung<\/p><p>Lagerung: Trocken und vor Feuchtigkeit gesch\u00fctzt zwischen 5\u00b0C und 25\u00b0C lagern.<\/p>\t\t\t\t\t\t\t\t<\/div>\n\t\t\t\t<\/div>\n\t\t\t\t\t<\/div>\n\t\t\t\t<\/div>\n\t\t\t\t\t<\/div>\n\t\t\t\t<\/div>\n\t\t<div class=\"elementor-element elementor-element-cd82fcd e-flex e-con-boxed e-con e-parent\" data-id=\"cd82fcd\" data-element_type=\"container\" data-e-type=\"container\" data-settings=\"{&quot;jet_parallax_layout_list&quot;:[],&quot;background_background&quot;:&quot;classic&quot;}\">\n\t\t\t\t\t<div class=\"e-con-inner\">\n\t\t\t\t<div class=\"elementor-element elementor-element-4132c44 elementor-widget elementor-widget-heading\" data-id=\"4132c44\" data-element_type=\"widget\" data-e-type=\"widget\" data-widget_type=\"heading.default\">\n\t\t\t\t<div class=\"elementor-widget-container\">\n\t\t\t\t\t<h2 class=\"elementor-heading-title elementor-size-xl\">Umsetzung<\/h2>\t\t\t\t<\/div>\n\t\t\t\t<\/div>\n\t\t\t\t<div class=\"elementor-element elementor-element-c1e2629 elementor-widget elementor-widget-text-editor\" data-id=\"c1e2629\" data-element_type=\"widget\" data-e-type=\"widget\" data-widget_type=\"text-editor.default\">\n\t\t\t\t<div class=\"elementor-widget-container\">\n\t\t\t\t\t\t\t\t\t<p> <\/p><p class=\"MsoNormal\" style=\"margin-left: 27.0pt; text-indent: -18.0pt; mso-list: l2 level1 lfo1; tab-stops: list 36.0pt; vertical-align: middle;\"><b>1.<span style=\"font-variant-numeric: normal; font-variant-east-asian: normal; font-variant-alternates: normal; font-size-adjust: none; font-kerning: auto; font-optical-sizing: auto; font-feature-settings: normal; font-variation-settings: normal; font-variant-position: normal; font-variant-emoji: normal; font-weight: normal; font-stretch: normal; font-size: 7pt; line-height: normal; font-family: 'Times New Roman';\">     <\/span><\/b><b>Homogene Mischung:<\/b><\/p><p class=\"MsoNormal\" style=\"margin-left: 27.0pt;\"><span lang=\"FR-BE\">Sch\u00fctteln Sie die Flasche VOR jedem Gebrauch kr\u00e4ftig, um das Pigment zu homogenisieren.<\/span><\/p><p class=\"MsoNormal\" style=\"margin-left: 27.0pt;\"><span lang=\"FR-BE\">In der Ruhephase k\u00f6nnen sich Ablagerungen bilden, die die Nutzungsdauer des Pigments verk\u00fcrzen.<\/span><\/p><p class=\"MsoNormal\" style=\"margin-left: 27.0pt; text-indent: -18.0pt; mso-list: l1 level1 lfo2; tab-stops: list 36.0pt; vertical-align: middle;\"><b>2.<span style=\"font-variant-numeric: normal; font-variant-east-asian: normal; font-variant-alternates: normal; font-size-adjust: none; font-kerning: auto; font-optical-sizing: auto; font-feature-settings: normal; font-variation-settings: normal; font-variant-position: normal; font-variant-emoji: normal; font-weight: normal; font-stretch: normal; font-size: 7pt; line-height: normal; font-family: 'Times New Roman';\">     <\/span><\/b><b>Mischungsverh\u00e4ltnis: <\/b><\/p><p class=\"MsoNormal\" style=\"margin-left: 27.0pt;\"><span lang=\"FR-BE\">Maximal 2 % Pigment zur Jesmonite hinzuf\u00fcgen (2 g Pigment auf 100 g Jesmonite (A+B)).<\/span><\/p><p class=\"MsoNormal\" style=\"margin-left: 27.0pt;\"><span lang=\"FR-BE\">Um eine bessere Dispersion zu erzielen, geben Sie das Pigment in die Fl\u00fcssigkeit, bevor Sie das Pulver einr\u00fchren.<\/span><\/p><p class=\"MsoNormal\" style=\"margin-left: 27.0pt; text-indent: -18.0pt; mso-list: l0 level1 lfo3; tab-stops: list 36.0pt; vertical-align: middle;\"><b>3.<span style=\"font-variant-numeric: normal; font-variant-east-asian: normal; font-variant-alternates: normal; font-size-adjust: none; font-kerning: auto; font-optical-sizing: auto; font-feature-settings: normal; font-variation-settings: normal; font-variant-position: normal; font-variant-emoji: normal; font-weight: normal; font-stretch: normal; font-size: 7pt; line-height: normal; font-family: 'Times New Roman';\">     <\/span><\/b><b>Experiment:<\/b><\/p><p class=\"MsoNormal\" style=\"margin-left: 27.0pt;\"><span lang=\"FR-BE\">Jesmonite-Pigmente sind untereinander mischbar. Mischen Sie sie, um individuelle und einzigartige Farbt\u00f6ne zu kreieren. <\/span><\/p>\t\t\t\t\t\t\t\t<\/div>\n\t\t\t\t<\/div>\n\t\t\t\t\t<\/div>\n\t\t\t\t<\/div>\n\t\t<div class=\"elementor-element elementor-element-288d37d e-flex e-con-boxed e-con e-parent\" data-id=\"288d37d\" data-element_type=\"container\" data-e-type=\"container\" data-settings=\"{&quot;jet_parallax_layout_list&quot;:[],&quot;background_background&quot;:&quot;classic&quot;}\">\n\t\t\t\t\t<div class=\"e-con-inner\">\n\t\t<div class=\"elementor-element elementor-element-485d8ac e-grid e-con-boxed e-con e-child\" data-id=\"485d8ac\" data-element_type=\"container\" data-e-type=\"container\" data-settings=\"{&quot;jet_parallax_layout_list&quot;:[]}\">\n\t\t\t\t\t<div class=\"e-con-inner\">\n\t\t\t\t<div class=\"elementor-element elementor-element-29787a9 elementor-widget elementor-widget-heading\" data-id=\"29787a9\" data-element_type=\"widget\" data-e-type=\"widget\" data-widget_type=\"heading.default\">\n\t\t\t\t<div class=\"elementor-widget-container\">\n\t\t\t\t\t<h2 class=\"elementor-heading-title elementor-size-xl\">Aufbewahrung von Pigmenten<\/h2>\t\t\t\t<\/div>\n\t\t\t\t<\/div>\n\t\t\t\t\t<\/div>\n\t\t\t\t<\/div>\n\t\t<div class=\"elementor-element elementor-element-36e62ca e-grid e-con-boxed e-con e-child\" data-id=\"36e62ca\" data-element_type=\"container\" data-e-type=\"container\" data-settings=\"{&quot;jet_parallax_layout_list&quot;:[]}\">\n\t\t\t\t\t<div class=\"e-con-inner\">\n\t\t\t\t<div class=\"elementor-element elementor-element-2a57f86 elementor-widget elementor-widget-text-editor\" data-id=\"2a57f86\" data-element_type=\"widget\" data-e-type=\"widget\" data-widget_type=\"text-editor.default\">\n\t\t\t\t<div class=\"elementor-widget-container\">\n\t\t\t\t\t\t\t\t\t<p>Um eine optimale Lebensdauer zu gew\u00e4hrleisten und die Qualit\u00e4t der Jesmonite-Pigmente zu erhalten, beachten Sie bitte die folgenden Empfehlungen:<\/p><p style=\"margin-left: 27.0pt; text-indent: -18.0pt; mso-list: l1 level1 lfo1; tab-stops: list 36.0pt; vertical-align: middle;\"><span style=\"font-size: 10.0pt; mso-bidi-font-size: 11.0pt; font-family: Symbol; mso-fareast-font-family: Symbol; mso-bidi-font-family: Symbol; mso-fareast-language: NL-BE;\">&#8211;<span style=\"font-variant-numeric: normal; font-variant-east-asian: normal; font-variant-alternates: normal; font-size-adjust: none; font-kerning: auto; font-optical-sizing: auto; font-feature-settings: normal; font-variation-settings: normal; font-variant-position: normal; font-variant-emoji: normal; font-stretch: normal; font-size: 7pt; line-height: normal; font-family: 'Times New Roman';\">       <\/span><\/span><b>Regelm\u00e4\u00dfig sch\u00fctteln<\/b><\/p><p style=\"margin-left: 27.0pt;\"><span lang=\"FR-BE\">Auch wenn Sie sie nicht benutzen, sch\u00fctteln Sie die Flaschen jede Woche kr\u00e4ftig, um<br>ein permanentes Absetzen der Pigmentpartikel zu verhindern. <\/span>(insbesondere die Farben wei\u00df, coade und gelb<br>oxid)<\/p><p style=\"margin-left: 27.0pt; text-indent: -18.0pt; mso-list: l0 level1 lfo2; tab-stops: list 36.0pt; vertical-align: middle;\"><span lang=\"FR-BE\" style=\"font-size: 10.0pt; mso-bidi-font-size: 11.0pt; font-family: Symbol; mso-fareast-font-family: Symbol; mso-bidi-font-family: Symbol; mso-ansi-language: FR-BE; mso-fareast-language: NL-BE;\">&#8211;<span style=\"font-variant-numeric: normal; font-variant-east-asian: normal; font-variant-alternates: normal; font-size-adjust: none; font-kerning: auto; font-optical-sizing: auto; font-feature-settings: normal; font-variation-settings: normal; font-variant-position: normal; font-variant-emoji: normal; font-stretch: normal; font-size: 7pt; line-height: normal; font-family: 'Times New Roman';\">       <\/span><\/span><b>Lagern Sie unter guten Bedingungen<\/b><\/p><p style=\"margin-left: 27.0pt;\"><span lang=\"FR-BE\">Bewahren Sie die Pigmente trocken auf, gesch\u00fctzt vor Feuchtigkeit, UV-Strahlung und starken Temperaturschwankungen, die das Austrocknen beschleunigen k\u00f6nnen.<\/span><\/p><p style=\"margin-left: 27.0pt; text-indent: -18.0pt; mso-list: l3 level1 lfo3; tab-stops: list 36.0pt; vertical-align: middle;\"><span style=\"font-size: 10.0pt; mso-bidi-font-size: 11.0pt; font-family: Symbol; mso-fareast-font-family: Symbol; mso-bidi-font-family: Symbol; mso-fareast-language: NL-BE;\">&#8211;<span style=\"font-variant-numeric: normal; font-variant-east-asian: normal; font-variant-alternates: normal; font-size-adjust: none; font-kerning: auto; font-optical-sizing: auto; font-feature-settings: normal; font-variation-settings: normal; font-variant-position: normal; font-variant-emoji: normal; font-stretch: normal; font-size: 7pt; line-height: normal; font-family: 'Times New Roman';\">       <\/span><\/span><b>Vermeidung von Neuverpackungen<\/b><\/p><p style=\"margin-left: 27.0pt;\"><span lang=\"FR-BE\">Das Rekonditionieren f\u00f6rdert die Oxidation, wenn das Pigment der Luft ausgesetzt wird, tr\u00e4gt dies zur Verdunstung des Wassers bei und f\u00fchrt zu einer allm\u00e4hlichen Verdickung und schlie\u00dflich zur vollst\u00e4ndigen Aush\u00e4rtung des Pigments.<\/span><\/p><p style=\"margin-left: 27.0pt; text-indent: -18.0pt; mso-list: l4 level1 lfo4; tab-stops: list 36.0pt; vertical-align: middle;\"><span style=\"font-size: 10.0pt; mso-bidi-font-size: 11.0pt; font-family: Symbol; mso-fareast-font-family: Symbol; mso-bidi-font-family: Symbol; mso-fareast-language: NL-BE;\">&#8211;<span style=\"font-variant-numeric: normal; font-variant-east-asian: normal; font-variant-alternates: normal; font-size-adjust: none; font-kerning: auto; font-optical-sizing: auto; font-feature-settings: normal; font-variation-settings: normal; font-variant-position: normal; font-variant-emoji: normal; font-stretch: normal; font-size: 7pt; line-height: normal; font-family: 'Times New Roman';\">       <\/span><\/span><b>Hermetischer Verschluss<\/b><\/p><p style=\"margin-left: 27.0pt;\"><span lang=\"FR-BE\">Vermeiden Sie es, das Pigment zu lange offen zu lassen und stellen Sie sicher, dass die Verschl\u00fcsse<br>nach jedem Gebrauch richtig geschlossen sind, um ein vorzeitiges Austrocknen des Pigments zu vermeiden.  <\/span><\/p><p style=\"margin-left: 27.0pt; text-indent: -18.0pt; mso-list: l2 level1 lfo5; tab-stops: list 36.0pt; vertical-align: middle;\"><span lang=\"FR-BE\" style=\"font-size: 10.0pt; mso-bidi-font-size: 11.0pt; font-family: Symbol; mso-fareast-font-family: Symbol; mso-bidi-font-family: Symbol; mso-ansi-language: FR-BE; mso-fareast-language: NL-BE;\">&#8211;<span style=\"font-variant-numeric: normal; font-variant-east-asian: normal; font-variant-alternates: normal; font-size-adjust: none; font-kerning: auto; font-optical-sizing: auto; font-feature-settings: normal; font-variation-settings: normal; font-variant-position: normal; font-variant-emoji: normal; font-stretch: normal; font-size: 7pt; line-height: normal; font-family: 'Times New Roman';\">       <\/span><\/span><b>Kreuzkontamination<\/b><\/p><p style=\"margin-left: 27.0pt;\"><span lang=\"FR-BE\">W\u00e4hrend des Transfers oder der Entnahme mit Werkzeugen k\u00f6nnen Verunreinigungen (Staub, Feuchtigkeit von au\u00dfen, Mikroorganismen) in das Pigment eindringen. Dies kann zu unerw\u00fcnschten chemischen Reaktionen f\u00fchren, die die Konsistenz oder Stabilit\u00e4t des Pigments beeintr\u00e4chtigen. <\/span><\/p>\t\t\t\t\t\t\t\t<\/div>\n\t\t\t\t<\/div>\n\t\t\t\t\t<\/div>\n\t\t\t\t<\/div>\n\t\t\t\t\t<\/div>\n\t\t\t\t<\/div>\n\t\t\t\t<\/div>\n\t\t","protected":false},"excerpt":{"rendered":"<p><span style=\"color: #ffffff;\">Jesmonite-Pigmente sind fl\u00fcssige Farbstoffe, die mit allen Jesmonite-Verbundwerkstoffen kompatibel sind.<\/span><\/p>\n<p>&nbsp;<\/p>\n","protected":false},"featured_media":14920,"template":"","meta":[],"product_brand":[],"product_cat":[919,1648,1627,921,920],"product_tag":[927,925,897,924,923,929,922,898],"class_list":{"0":"post-14917","1":"product","2":"type-product","3":"status-publish","4":"has-post-thumbnail","6":"product_cat-jesmonite-de","7":"product_cat-latex-de","8":"product_cat-pigmente-und-fullstoffe","9":"product_cat-pigmenten-und-zusatzstoffen","10":"product_cat-weihnachten","11":"product_tag-additief-de","12":"product_tag-beeld-de","13":"product_tag-decoratie-de","14":"product_tag-jesmoniet-de","15":"product_tag-milieuvriendelijk-de","16":"product_tag-pigment-de","17":"product_tag-stijf-de","18":"product_tag-toon-de","20":"first","21":"instock","22":"taxable","23":"shipping-taxable","24":"purchasable","25":"product-type-variable"},"_links":{"self":[{"href":"https:\/\/www.finres-sa.com\/de\/wp-json\/wp\/v2\/product\/14917","targetHints":{"allow":["GET"]}}],"collection":[{"href":"https:\/\/www.finres-sa.com\/de\/wp-json\/wp\/v2\/product"}],"about":[{"href":"https:\/\/www.finres-sa.com\/de\/wp-json\/wp\/v2\/types\/product"}],"version-history":[{"count":1,"href":"https:\/\/www.finres-sa.com\/de\/wp-json\/wp\/v2\/product\/14917\/revisions"}],"predecessor-version":[{"id":39416,"href":"https:\/\/www.finres-sa.com\/de\/wp-json\/wp\/v2\/product\/14917\/revisions\/39416"}],"wp:featuredmedia":[{"embeddable":true,"href":"https:\/\/www.finres-sa.com\/de\/wp-json\/wp\/v2\/media\/14920"}],"wp:attachment":[{"href":"https:\/\/www.finres-sa.com\/de\/wp-json\/wp\/v2\/media?parent=14917"}],"wp:term":[{"taxonomy":"product_brand","embeddable":true,"href":"https:\/\/www.finres-sa.com\/de\/wp-json\/wp\/v2\/product_brand?post=14917"},{"taxonomy":"product_cat","embeddable":true,"href":"https:\/\/www.finres-sa.com\/de\/wp-json\/wp\/v2\/product_cat?post=14917"},{"taxonomy":"product_tag","embeddable":true,"href":"https:\/\/www.finres-sa.com\/de\/wp-json\/wp\/v2\/product_tag?post=14917"}],"curies":[{"name":"wp","href":"https:\/\/api.w.org\/{rel}","templated":true}]}}