{"id":14919,"date":"2024-02-05T09:23:19","date_gmt":"2024-02-05T08:23:19","guid":{"rendered":"https:\/\/www.finres-sa.com\/product\/ruettelplatte\/"},"modified":"2026-04-16T04:37:43","modified_gmt":"2026-04-16T02:37:43","slug":"ruettelplatte","status":"publish","type":"product","link":"https:\/\/www.finres-sa.com\/de\/produkt\/ruettelplatte\/","title":{"rendered":"R\u00dcTTELPLATTE"},"content":{"rendered":"\t\t<div data-elementor-type=\"product-post\" data-elementor-id=\"14919\" class=\"elementor elementor-14919 elementor-12133\" data-elementor-post-type=\"product\">\n\t\t\t\t<div class=\"elementor-element elementor-element-47ba1b13 e-flex e-con-boxed e-con e-parent\" data-id=\"47ba1b13\" data-element_type=\"container\" data-e-type=\"container\" data-settings=\"{&quot;jet_parallax_layout_list&quot;:[]}\">\n\t\t\t\t\t<div class=\"e-con-inner\">\n\t\t\t\t<div class=\"elementor-element elementor-element-755920d0 elementor-widget elementor-widget-text-editor\" data-id=\"755920d0\" data-element_type=\"widget\" data-e-type=\"widget\" data-widget_type=\"text-editor.default\">\n\t\t\t\t<div class=\"elementor-widget-container\">\n\t\t\t\t\t\t\t\t\t<p style=\"margin: 0cm; margin-bottom: .0001pt;\">In der Welt des Kunstharzes ist die Vibrationsplatte ein starker Verb\u00fcndeter, der ein neues Niveau an Pr\u00e4zision und Perfektion erreicht.<\/p><p style=\"margin: 0cm; margin-bottom: .0001pt;\">Herk\u00f6mmliche Methoden zur Entfernung von Blasen sind oft langwierig und unzureichend. Mit dieser Vibrationsplatte werden Sie weniger Zeit mit der Entfernung von Blasen verbringen und mehr Zeit f\u00fcr den Spa\u00df haben!<\/p><p style=\"margin: 0cm; margin-bottom: .0001pt;\">Die Vibrationsplatte nutzt hochfrequente Vibrationen, um die in der Mischung eingeschlossenen Luftblasen zu l\u00f6sen und freizusetzen, was zu einem glatten und makellosen Finish f\u00fchrt.<\/p><p style=\"margin: 0cm; margin-bottom: .0001pt;\">Das geringe Gewicht und die Ergonomie des Ger\u00e4ts verbessern die Benutzererfahrung und geben den Sch\u00f6pfern Zeit, sich voll und ganz in ihre k\u00fcnstlerischen Aktivit\u00e4ten zu vertiefen.<\/p><p style=\"margin: 0cm; margin-bottom: .0001pt;\"> <\/p>\t\t\t\t\t\t\t\t<\/div>\n\t\t\t\t<\/div>\n\t\t\t\t\t<\/div>\n\t\t\t\t<\/div>\n\t\t<div class=\"elementor-element elementor-element-771989b e-flex e-con-boxed e-con e-parent\" data-id=\"771989b\" data-element_type=\"container\" data-e-type=\"container\" data-settings=\"{&quot;jet_parallax_layout_list&quot;:[],&quot;background_background&quot;:&quot;classic&quot;}\">\n\t\t\t\t\t<div class=\"e-con-inner\">\n\t\t<div class=\"elementor-element elementor-element-338acf0 e-grid e-con-boxed e-con e-child\" data-id=\"338acf0\" data-element_type=\"container\" data-e-type=\"container\" data-settings=\"{&quot;jet_parallax_layout_list&quot;:[]}\">\n\t\t\t\t\t<div class=\"e-con-inner\">\n\t\t\t\t<div class=\"elementor-element elementor-element-17ee62a elementor-widget elementor-widget-heading\" data-id=\"17ee62a\" data-element_type=\"widget\" data-e-type=\"widget\" data-widget_type=\"heading.default\">\n\t\t\t\t<div class=\"elementor-widget-container\">\n\t\t\t\t\t<h2 class=\"elementor-heading-title elementor-size-xl\">Technische Eigenschaften<\/h2>\t\t\t\t<\/div>\n\t\t\t\t<\/div>\n\t\t\t\t\t<\/div>\n\t\t\t\t<\/div>\n\t\t<div class=\"elementor-element elementor-element-db7c283 e-grid e-con-boxed e-con e-child\" data-id=\"db7c283\" data-element_type=\"container\" data-e-type=\"container\" data-settings=\"{&quot;jet_parallax_layout_list&quot;:[]}\">\n\t\t\t\t\t<div class=\"e-con-inner\">\n\t\t\t\t<div class=\"elementor-element elementor-element-735f00f elementor-widget elementor-widget-text-editor\" data-id=\"735f00f\" data-element_type=\"widget\" data-e-type=\"widget\" data-widget_type=\"text-editor.default\">\n\t\t\t\t<div class=\"elementor-widget-container\">\n\t\t\t\t\t\t\t\t\t<p>Gewicht: 1.9 kg<\/p><p>Abmessungen: 11 x 13 x 14 cm<\/p><p>Kabell\u00e4nge: 140 cm<\/p><p>EU Erdungsanschluss<\/p><p>Geeignet f\u00fcr eine breite Palette von Harz<\/p><p>Verschiedene Vibrationsintensit\u00e4ten<\/p><p>Gleichm\u00e4\u00dfige Verteilung der Vibrationen \u00fcber die gesamte Oberfl\u00e4che<\/p>\t\t\t\t\t\t\t\t<\/div>\n\t\t\t\t<\/div>\n\t\t\t\t\t<\/div>\n\t\t\t\t<\/div>\n\t\t\t\t\t<\/div>\n\t\t\t\t<\/div>\n\t\t<div class=\"elementor-element elementor-element-e63985d e-flex e-con-boxed e-con e-parent\" data-id=\"e63985d\" data-element_type=\"container\" data-e-type=\"container\" data-settings=\"{&quot;jet_parallax_layout_list&quot;:[],&quot;background_background&quot;:&quot;classic&quot;}\">\n\t\t\t\t\t<div class=\"e-con-inner\">\n\t\t<div class=\"elementor-element elementor-element-8e0a2d7 e-grid e-con-boxed e-con e-child\" data-id=\"8e0a2d7\" data-element_type=\"container\" data-e-type=\"container\" data-settings=\"{&quot;jet_parallax_layout_list&quot;:[]}\">\n\t\t\t\t\t<div class=\"e-con-inner\">\n\t\t\t\t<div class=\"elementor-element elementor-element-686d5a0 elementor-widget elementor-widget-heading\" data-id=\"686d5a0\" data-element_type=\"widget\" data-e-type=\"widget\" data-widget_type=\"heading.default\">\n\t\t\t\t<div class=\"elementor-widget-container\">\n\t\t\t\t\t<h2 class=\"elementor-heading-title elementor-size-xl\">Anwendung und Verarbeitung<\/h2>\t\t\t\t<\/div>\n\t\t\t\t<\/div>\n\t\t\t\t\t<\/div>\n\t\t\t\t<\/div>\n\t\t<div class=\"elementor-element elementor-element-ca02bf2 e-grid e-con-boxed e-con e-child\" data-id=\"ca02bf2\" data-element_type=\"container\" data-e-type=\"container\" data-settings=\"{&quot;jet_parallax_layout_list&quot;:[]}\">\n\t\t\t\t\t<div class=\"e-con-inner\">\n\t\t\t\t<div class=\"elementor-element elementor-element-8879aee elementor-widget elementor-widget-text-editor\" data-id=\"8879aee\" data-element_type=\"widget\" data-e-type=\"widget\" data-widget_type=\"text-editor.default\">\n\t\t\t\t<div class=\"elementor-widget-container\">\n\t\t\t\t\t\t\t\t\t<p style=\"margin: 0cm; margin-bottom: .0001pt;\">Schlie\u00dfen Sie einfach das Ger\u00e4t an, positionieren Sie die Form auf der Vibrationsplatte und starten Sie die Vibration.<\/p>\t\t\t\t\t\t\t\t<\/div>\n\t\t\t\t<\/div>\n\t\t\t\t\t<\/div>\n\t\t\t\t<\/div>\n\t\t\t\t\t<\/div>\n\t\t\t\t<\/div>\n\t\t\t\t<\/div>\n\t\t","protected":false},"excerpt":{"rendered":"<p style=\"margin: 0cm; margin-bottom: .0001pt;\"><span style=\"font-size: 11.0pt; font-family: 'Calibri',sans-serif;\">Die R\u00fcttelplatte ist ein revolution\u00e4res Werkzeug, das speziell f\u00fcr die Entfernung von Luftblasen aus Jesmonit entwickelt wurde.  <\/span><\/p>\n","protected":false},"featured_media":16337,"template":"","meta":[],"product_brand":[],"product_cat":[934,919,1631],"product_tag":[933,932,903,931,930,928],"class_list":{"0":"post-14919","1":"product","2":"type-product","3":"status-publish","4":"has-post-thumbnail","6":"product_cat-gereedschap-in-zubehor","7":"product_cat-jesmonite-de","8":"product_cat-zubehor","9":"product_tag-bescherming-de","10":"product_tag-isolatie-de","11":"product_tag-kunst-de","12":"product_tag-lack","13":"product_tag-transparent-de","14":"product_tag-waterbestendig-de","16":"first","17":"instock","18":"taxable","19":"shipping-taxable","20":"purchasable","21":"product-type-simple"},"_links":{"self":[{"href":"https:\/\/www.finres-sa.com\/de\/wp-json\/wp\/v2\/product\/14919","targetHints":{"allow":["GET"]}}],"collection":[{"href":"https:\/\/www.finres-sa.com\/de\/wp-json\/wp\/v2\/product"}],"about":[{"href":"https:\/\/www.finres-sa.com\/de\/wp-json\/wp\/v2\/types\/product"}],"version-history":[{"count":2,"href":"https:\/\/www.finres-sa.com\/de\/wp-json\/wp\/v2\/product\/14919\/revisions"}],"predecessor-version":[{"id":36821,"href":"https:\/\/www.finres-sa.com\/de\/wp-json\/wp\/v2\/product\/14919\/revisions\/36821"}],"wp:featuredmedia":[{"embeddable":true,"href":"https:\/\/www.finres-sa.com\/de\/wp-json\/wp\/v2\/media\/16337"}],"wp:attachment":[{"href":"https:\/\/www.finres-sa.com\/de\/wp-json\/wp\/v2\/media?parent=14919"}],"wp:term":[{"taxonomy":"product_brand","embeddable":true,"href":"https:\/\/www.finres-sa.com\/de\/wp-json\/wp\/v2\/product_brand?post=14919"},{"taxonomy":"product_cat","embeddable":true,"href":"https:\/\/www.finres-sa.com\/de\/wp-json\/wp\/v2\/product_cat?post=14919"},{"taxonomy":"product_tag","embeddable":true,"href":"https:\/\/www.finres-sa.com\/de\/wp-json\/wp\/v2\/product_tag?post=14919"}],"curies":[{"name":"wp","href":"https:\/\/api.w.org\/{rel}","templated":true}]}}