{"id":14943,"date":"2024-01-25T13:26:00","date_gmt":"2024-01-25T12:26:00","guid":{"rendered":"https:\/\/www.finres-sa.com\/product\/coltcast-hd-elektroisolierendes-polyurethanharz\/"},"modified":"2026-03-27T10:45:47","modified_gmt":"2026-03-27T09:45:47","slug":"coltcast-hd-elektroisolierendes-polyurethanharz","status":"publish","type":"product","link":"https:\/\/www.finres-sa.com\/de\/produkt\/coltcast-hd-elektroisolierendes-polyurethanharz\/","title":{"rendered":"COLTCAST HD &#8211; Vergussmasse"},"content":{"rendered":"\t\t<div data-elementor-type=\"product-post\" data-elementor-id=\"14943\" class=\"elementor elementor-14943 elementor-11953\" data-elementor-post-type=\"product\">\n\t\t\t\t<div class=\"elementor-element elementor-element-4819e1b e-flex e-con-boxed e-con e-parent\" data-id=\"4819e1b\" data-element_type=\"container\" data-e-type=\"container\" data-settings=\"{&quot;jet_parallax_layout_list&quot;:[]}\">\n\t\t\t\t\t<div class=\"e-con-inner\">\n\t\t\t\t<div class=\"elementor-element elementor-element-4707e118 elementor-widget elementor-widget-text-editor\" data-id=\"4707e118\" data-element_type=\"widget\" data-e-type=\"widget\" data-widget_type=\"text-editor.default\">\n\t\t\t\t<div class=\"elementor-widget-container\">\n\t\t\t\t\t\t\t\t\t<p style=\"margin: 0cm; margin-bottom: .0001pt;\"><span style=\"font-family: Calibri, sans-serif; color: #233c76;\">COLTCAST HEAVY DUTY ist ein hartes Polyurethanharz, das einen umfassenden Schutz f\u00fcr Ihre elektrischen Systeme und elektronischen Schaltungen bietet.<\/span><\/p><p style=\"margin: 0cm; margin-bottom: .0001pt;\"><span style=\"font-family: Calibri, sans-serif; color: #233c76;\">Es h\u00e4rtet durch die Reaktion der beiden Komponenten bei Raumtemperatur aus.<\/span><\/p><p style=\"margin: 0cm; margin-bottom: .0001pt;\"><span style=\"font-family: Calibri, sans-serif; color: #233c76;\"> <\/span><\/p><p style=\"margin: 0cm; margin-bottom: .0001pt;\"><span style=\"font-family: 'Calibri',sans-serif; color: #1f4e79;\">Coltcast HD ist ein l\u00f6sungsmittelfreies System mit niedriger Viskosit\u00e4t, das gegen Wasser, Feuchtigkeit, Staub, physikalische Schocks, Vibrationen und andere Verschmutzungsfaktoren best\u00e4ndig ist.<\/span><\/p><p style=\"margin: 0cm; margin-bottom: .0001pt;\"><span style=\"font-family: 'Calibri',sans-serif; color: #1f4e79;\"> <\/span><\/p><p style=\"margin: 0cm; margin-bottom: .0001pt;\"><span style=\"font-family: 'Calibri',sans-serif; color: #1f4e79;\">Dieses Harz bietet thermische, mechanische und chemisch best\u00e4ndige Eigenschaften bei minimaler Schrumpfung.<\/span><\/p>\t\t\t\t\t\t\t\t<\/div>\n\t\t\t\t<\/div>\n\t\t\t\t\t<\/div>\n\t\t\t\t<\/div>\n\t\t<div class=\"elementor-element elementor-element-361f7a6 e-flex e-con-boxed e-con e-parent\" data-id=\"361f7a6\" data-element_type=\"container\" data-e-type=\"container\" data-settings=\"{&quot;jet_parallax_layout_list&quot;:[],&quot;background_background&quot;:&quot;classic&quot;}\">\n\t\t\t\t\t<div class=\"e-con-inner\">\n\t\t<div class=\"elementor-element elementor-element-6b2f04a e-grid e-con-boxed e-con e-child\" data-id=\"6b2f04a\" data-element_type=\"container\" data-e-type=\"container\" data-settings=\"{&quot;jet_parallax_layout_list&quot;:[]}\">\n\t\t\t\t\t<div class=\"e-con-inner\">\n\t\t<div class=\"elementor-element elementor-element-f5670c6 e-con-full e-flex e-con e-child\" data-id=\"f5670c6\" data-element_type=\"container\" data-e-type=\"container\" data-settings=\"{&quot;jet_parallax_layout_list&quot;:[],&quot;background_background&quot;:&quot;classic&quot;}\">\n\t\t\t\t<div class=\"elementor-element elementor-element-350266d elementor-widget elementor-widget-heading\" data-id=\"350266d\" data-element_type=\"widget\" data-e-type=\"widget\" data-widget_type=\"heading.default\">\n\t\t\t\t<div class=\"elementor-widget-container\">\n\t\t\t\t\t<h2 class=\"elementor-heading-title elementor-size-xl\">Technische Eigenschaften<\/h2>\t\t\t\t<\/div>\n\t\t\t\t<\/div>\n\t\t\t\t<div class=\"elementor-element elementor-element-c2d9cb8 elementor-widget elementor-widget-text-editor\" data-id=\"c2d9cb8\" data-element_type=\"widget\" data-e-type=\"widget\" data-widget_type=\"text-editor.default\">\n\t\t\t\t<div class=\"elementor-widget-container\">\n\t\t\t\t\t\t\t\t\t<p><span style=\"color: #233c76;\">Mischungsverh\u00e4ltnis zum Volumen: 100 A : 100 B<\/span><\/p><p><span style=\"color: #233c76;\">Shore-H\u00e4rte D: 40<\/span><\/p><p><span style=\"color: #233c76;\">Verbrauch: 1.1 kg\/Liter<\/span><\/p><p><span style=\"color: #233c76;\">Dichte: 1.14 g\/cm\u00b3.<\/span><\/p><p><span style=\"color: #233c76;\">Viskosit\u00e4t: 800 Mpas<\/span><\/p><p><span style=\"color: #233c76;\">Farbe: schwarz<\/span><\/p><p><span style=\"color: #233c76;\">Topfzeit: 2 bis 45 Minuten<\/span><\/p><p><span style=\"color: #233c76;\">Zugfestigkeit: 15 N\/mm2<\/span><\/p><p><span style=\"color: #233c76;\">Elektrischer Widerstand: 18,2 kV\/mm<\/span><\/p><p><span style=\"color: #233c76;\">Temperaturbest\u00e4ndigkeit: 110\u00b0C (geh\u00e4rtet)<\/span><\/p><p><span style=\"color: #233c76;\">Isolationswiderstand bei 23\u00b0C: 4,91\u0395+13 \u03a9<\/span><\/p><p><span style=\"color: #233c76;\">Isolationswiderstand bei 70\u00b0C: 6,46\u0395+12 \u03a9<\/span><\/p><p><span style=\"color: #233c76;\">Haltbarkeit: 12 Monate in geschlossener Verpackung bei 10-30\u00b0C.<\/span><\/p>\t\t\t\t\t\t\t\t<\/div>\n\t\t\t\t<\/div>\n\t\t\t\t<\/div>\n\t\t<div class=\"elementor-element elementor-element-4f432de e-con-full e-flex e-con e-child\" data-id=\"4f432de\" data-element_type=\"container\" data-e-type=\"container\" data-settings=\"{&quot;jet_parallax_layout_list&quot;:[],&quot;background_background&quot;:&quot;classic&quot;}\">\n\t\t\t\t<div class=\"elementor-element elementor-element-ba11c9c elementor-widget elementor-widget-heading\" data-id=\"ba11c9c\" data-element_type=\"widget\" data-e-type=\"widget\" data-widget_type=\"heading.default\">\n\t\t\t\t<div class=\"elementor-widget-container\">\n\t\t\t\t\t<h2 class=\"elementor-heading-title elementor-size-xl\">Produktvorteile<\/h2>\t\t\t\t<\/div>\n\t\t\t\t<\/div>\n\t\t\t\t<div class=\"elementor-element elementor-element-40b7127 elementor-widget elementor-widget-text-editor\" data-id=\"40b7127\" data-element_type=\"widget\" data-e-type=\"widget\" data-widget_type=\"text-editor.default\">\n\t\t\t\t<div class=\"elementor-widget-container\">\n\t\t\t\t\t\t\t\t\t<p>Verkapselung von Kabelenden bis zu 1kV<\/p><p>Ohne L\u00f6sungsmittel<\/p><p>Niedrige Viskosit\u00e4t<\/p><p>Die Topfzeit ist auf schnelle Aush\u00e4rtung und einfache Anwendung ausgelegt.<\/p><p>Kalth\u00e4rtung<\/p><p>Gute Haftung an Kabeln, Kunststoffen und Metallen<\/p><p>Ausgezeichnete hydrolytische Stabilit\u00e4t<\/p><p>Niedrige exotherme Reaktionstemperatur<\/p><p>Hohe Sto\u00dffestigkeit<\/p><p>Best\u00e4ndigkeit gegen Chemikalien und Kohlenwasserstoffe<\/p><p>Temperaturbest\u00e4ndigkeit<\/p><p>Einzigartige zweiteilige Verpackung<\/p>\t\t\t\t\t\t\t\t<\/div>\n\t\t\t\t<\/div>\n\t\t\t\t<\/div>\n\t\t\t\t\t<\/div>\n\t\t\t\t<\/div>\n\t\t\t\t\t<\/div>\n\t\t\t\t<\/div>\n\t\t<div class=\"elementor-element elementor-element-85354ca e-flex e-con-boxed e-con e-parent\" data-id=\"85354ca\" data-element_type=\"container\" data-e-type=\"container\" data-settings=\"{&quot;jet_parallax_layout_list&quot;:[],&quot;background_background&quot;:&quot;classic&quot;}\">\n\t\t\t\t\t<div class=\"e-con-inner\">\n\t\t\t\t<div class=\"elementor-element elementor-element-378751a elementor-widget elementor-widget-heading\" data-id=\"378751a\" data-element_type=\"widget\" data-e-type=\"widget\" data-widget_type=\"heading.default\">\n\t\t\t\t<div class=\"elementor-widget-container\">\n\t\t\t\t\t<h2 class=\"elementor-heading-title elementor-size-xl\">Anwendung und Verarbeitung<\/h2>\t\t\t\t<\/div>\n\t\t\t\t<\/div>\n\t\t\t\t<div class=\"elementor-element elementor-element-0e8ccb7 elementor-widget elementor-widget-text-editor\" data-id=\"0e8ccb7\" data-element_type=\"widget\" data-e-type=\"widget\" data-widget_type=\"text-editor.default\">\n\t\t\t\t<div class=\"elementor-widget-container\">\n\t\t\t\t\t\t\t\t\t<p style=\"margin: 0cm; margin-bottom: .0001pt;\">Bevor Sie mit dem Gie\u00dfen beginnen, stellen Sie sicher, dass alle zu verwendenden Oberfl\u00e4chen frei von Feuchtigkeit sind. Stellen Sie au\u00dferdem sicher, dass die Oberfl\u00e4che nicht mit \u00d6len, Fetten, Staub, Schmierstoffen, Fetten, Staub, Schmierstoffen, Trennmitteln oder anderen Verunreinigungen verunreinigt ist, die die Haftung verhindern k\u00f6nnten. <\/p><p>COLTCAST HEAVY DUTY wird in einem Zweikammerbeutel im richtigen Mischungsverh\u00e4ltnis geliefert.Das Harz (Komponente A) und der H\u00e4rter (Komponente B) werden gemischt, indem der mittlere Clip entfernt wird und der Inhalt im Beutel f\u00fcr 2-4 Minuten bewegt wird. Das Mischen der Komponenten muss sehr sorgf\u00e4ltig erfolgen, insbesondere in den Ecken des Beutels. Wenn der Inhalt gut homogen ist, wird die Ecke des Beutels abgeschnitten und die Verpackung kann als einfacher Spender verwendet werden. Achten Sie darauf, dass der Procuit innerhalb der Haltbarkeitsdauer im Topf verbraucht wird.<\/p>\t\t\t\t\t\t\t\t<\/div>\n\t\t\t\t<\/div>\n\t\t\t\t\t<\/div>\n\t\t\t\t<\/div>\n\t\t<div class=\"elementor-element elementor-element-1db1a77 e-flex e-con-boxed e-con e-parent\" data-id=\"1db1a77\" data-element_type=\"container\" data-e-type=\"container\" data-settings=\"{&quot;jet_parallax_layout_list&quot;:[],&quot;background_background&quot;:&quot;classic&quot;}\">\n\t\t\t\t\t<div class=\"e-con-inner\">\n\t\t\t\t<div class=\"elementor-element elementor-element-45addbe elementor-widget elementor-widget-heading\" data-id=\"45addbe\" data-element_type=\"widget\" data-e-type=\"widget\" data-widget_type=\"heading.default\">\n\t\t\t\t<div class=\"elementor-widget-container\">\n\t\t\t\t\t<h2 class=\"elementor-heading-title elementor-size-xl\">Sicherheit<\/h2>\t\t\t\t<\/div>\n\t\t\t\t<\/div>\n\t\t\t\t<div class=\"elementor-element elementor-element-10d0d09 elementor-widget elementor-widget-text-editor\" data-id=\"10d0d09\" data-element_type=\"widget\" data-e-type=\"widget\" data-widget_type=\"text-editor.default\">\n\t\t\t\t<div class=\"elementor-widget-container\">\n\t\t\t\t\t\t\t\t\t<p style=\"margin: 0cm; margin-bottom: .0001pt;\">Vermeiden Sie den Kontakt mit der Haut, den Augen und der Kleidung.<\/p><p> <\/p><p>Nach Hautkontakt: Sofort mit Wasser und Seife abwaschen und gr\u00fcndlich sp\u00fclen. Wenn eine Reaktion\/Reizung auftritt, sofort einen Arzt aufsuchen. <\/p><p>Nach Augenkontakt: Sp\u00fclen Sie das ge\u00f6ffnete Auge mehrere Minuten lang unter flie\u00dfendem Wasser. Wenn die Symptome anhalten, suchen Sie einen Arzt auf. <\/p><p>Nach Verschlucken: Sofort einen Arzt aufsuchen.<\/p><p>Nach Einatmen: Ruhig stellen und an die frische Luft bringen.<\/p>\t\t\t\t\t\t\t\t<\/div>\n\t\t\t\t<\/div>\n\t\t\t\t\t<\/div>\n\t\t\t\t<\/div>\n\t\t\t\t<\/div>\n\t\t","protected":false},"excerpt":{"rendered":"<p><span style=\"color: #ffffff;\">Polyurethan-Gie\u00dfharz f\u00fcr den Schutz von elektrischen Systemen.<\/span><\/p>\n","protected":false},"featured_media":16349,"template":"","meta":[],"product_brand":[],"product_cat":[1000,937,1127],"product_tag":[],"class_list":{"0":"post-14943","1":"product","2":"type-product","3":"status-publish","4":"has-post-thumbnail","6":"product_cat-neuheiten","7":"product_cat-polyurethaan-de","8":"product_cat-schnellreparaturset","10":"first","11":"instock","12":"taxable","13":"shipping-taxable","14":"purchasable","15":"product-type-variable"},"_links":{"self":[{"href":"https:\/\/www.finres-sa.com\/de\/wp-json\/wp\/v2\/product\/14943","targetHints":{"allow":["GET"]}}],"collection":[{"href":"https:\/\/www.finres-sa.com\/de\/wp-json\/wp\/v2\/product"}],"about":[{"href":"https:\/\/www.finres-sa.com\/de\/wp-json\/wp\/v2\/types\/product"}],"version-history":[{"count":3,"href":"https:\/\/www.finres-sa.com\/de\/wp-json\/wp\/v2\/product\/14943\/revisions"}],"predecessor-version":[{"id":37705,"href":"https:\/\/www.finres-sa.com\/de\/wp-json\/wp\/v2\/product\/14943\/revisions\/37705"}],"wp:featuredmedia":[{"embeddable":true,"href":"https:\/\/www.finres-sa.com\/de\/wp-json\/wp\/v2\/media\/16349"}],"wp:attachment":[{"href":"https:\/\/www.finres-sa.com\/de\/wp-json\/wp\/v2\/media?parent=14943"}],"wp:term":[{"taxonomy":"product_brand","embeddable":true,"href":"https:\/\/www.finres-sa.com\/de\/wp-json\/wp\/v2\/product_brand?post=14943"},{"taxonomy":"product_cat","embeddable":true,"href":"https:\/\/www.finres-sa.com\/de\/wp-json\/wp\/v2\/product_cat?post=14943"},{"taxonomy":"product_tag","embeddable":true,"href":"https:\/\/www.finres-sa.com\/de\/wp-json\/wp\/v2\/product_tag?post=14943"}],"curies":[{"name":"wp","href":"https:\/\/api.w.org\/{rel}","templated":true}]}}