{"id":15008,"date":"2023-12-14T15:02:40","date_gmt":"2023-12-14T14:02:40","guid":{"rendered":"https:\/\/www.finres-sa.com\/product\/ottocoll-m501\/"},"modified":"2026-04-20T10:32:06","modified_gmt":"2026-04-20T08:32:06","slug":"ottocoll-m501","status":"publish","type":"product","link":"https:\/\/www.finres-sa.com\/de\/produkt\/ottocoll-m501\/","title":{"rendered":"OTTOCOLL M501"},"content":{"rendered":"\t\t<div data-elementor-type=\"product-post\" data-elementor-id=\"15008\" class=\"elementor elementor-15008 elementor-11283\" data-elementor-post-type=\"product\">\n\t\t\t\t<div class=\"elementor-element elementor-element-47ba1b13 e-flex e-con-boxed e-con e-parent\" data-id=\"47ba1b13\" data-element_type=\"container\" data-e-type=\"container\" data-settings=\"{&quot;jet_parallax_layout_list&quot;:[]}\">\n\t\t\t\t\t<div class=\"e-con-inner\">\n\t\t\t\t<div class=\"elementor-element elementor-element-755920d0 elementor-widget elementor-widget-text-editor\" data-id=\"755920d0\" data-element_type=\"widget\" data-e-type=\"widget\" data-widget_type=\"text-editor.default\">\n\t\t\t\t<div class=\"elementor-widget-container\">\n\t\t\t\t\t\t\t\t\t<p>OTTOCOLL M501 ist ein transparenter polymerer Klebstoff, der speziell f\u00fcr die Verklebung verschiedener Materialien entwickelt wurde und zuverl\u00e4ssige Leistung in einem breiten Spektrum von Anwendungen bietet. Seine einzigartige Formulierung macht ihn zur idealen Wahl f\u00fcr die transparente Verklebung von Steinen, Natursteinen und Keramik. <\/p><p>Dieser transparente Klebstoff eignet sich auch hervorragend f\u00fcr das Verkleben von empfindlichen Oberfl\u00e4chen wie emailliertem und lackiertem Glas sowie f\u00fcr die transparente Montage von Spiegeln auf verschiedenen Substraten wie Keramik, Glas, Kunststoff, Edelstahl, Aluminium, Holz und Beton.<\/p><p>Seine Vielseitigkeit erstreckt sich auf verschiedene Anwendungen, wie das Verkleben in vertikalen Strukturen, die transparente Montage von Metallschienen, Fensterb\u00e4nken, Sockelleisten, Zierleisten und Treppenstufen. Geeignet f\u00fcr das transparente Verkleben von Hartschaum, aber auch f\u00fcr den Bau von Karosserien, Autos, Waggons, Containern, Metallstrukturen und Schiffsausr\u00fcstungen. Seine F\u00e4higkeit, verschiedene Materialien wie Holz, Holzwerkstoffe, Kunststoffe, Metalle und mineralische Oberfl\u00e4chen zu verkleben, macht es zu einer vielseitigen und transparenten Wahl f\u00fcr viele Anwendungen.  <\/p>\t\t\t\t\t\t\t\t<\/div>\n\t\t\t\t<\/div>\n\t\t\t\t\t<\/div>\n\t\t\t\t<\/div>\n\t\t<div class=\"elementor-element elementor-element-771989b e-flex e-con-boxed e-con e-parent\" data-id=\"771989b\" data-element_type=\"container\" data-e-type=\"container\" data-settings=\"{&quot;jet_parallax_layout_list&quot;:[],&quot;background_background&quot;:&quot;classic&quot;}\">\n\t\t\t\t\t<div class=\"e-con-inner\">\n\t\t<div class=\"elementor-element elementor-element-338acf0 e-grid e-con-boxed e-con e-child\" data-id=\"338acf0\" data-element_type=\"container\" data-e-type=\"container\" data-settings=\"{&quot;jet_parallax_layout_list&quot;:[]}\">\n\t\t\t\t\t<div class=\"e-con-inner\">\n\t\t\t\t<div class=\"elementor-element elementor-element-17ee62a elementor-widget elementor-widget-heading\" data-id=\"17ee62a\" data-element_type=\"widget\" data-e-type=\"widget\" data-widget_type=\"heading.default\">\n\t\t\t\t<div class=\"elementor-widget-container\">\n\t\t\t\t\t<h2 class=\"elementor-heading-title elementor-size-xl\">Merkmale<\/h2>\t\t\t\t<\/div>\n\t\t\t\t<\/div>\n\t\t\t\t\t<\/div>\n\t\t\t\t<\/div>\n\t\t<div class=\"elementor-element elementor-element-db7c283 e-grid e-con-boxed e-con e-child\" data-id=\"db7c283\" data-element_type=\"container\" data-e-type=\"container\" data-settings=\"{&quot;jet_parallax_layout_list&quot;:[]}\">\n\t\t\t\t\t<div class=\"e-con-inner\">\n\t\t\t\t<div class=\"elementor-element elementor-element-735f00f elementor-widget elementor-widget-text-editor\" data-id=\"735f00f\" data-element_type=\"widget\" data-e-type=\"widget\" data-widget_type=\"text-editor.default\">\n\t\t\t\t<div class=\"elementor-widget-container\">\n\t\t\t\t\t\t\t\t\t<p>Klar (f\u00fcr diskrete Collagen)<\/p><p>Sehr gute Haftung auf vielen Materialien<\/p><p>Geeignet f\u00fcr Naturstein<\/p><p>Haftet auch auf feuchten Untergr\u00fcnden<\/p><p>Elastisch<\/p><p>Ohne Silikon<\/p><p>Isocyanatfrei (gesundheitlich unbedenklich)<\/p>\t\t\t\t\t\t\t\t<\/div>\n\t\t\t\t<\/div>\n\t\t\t\t\t<\/div>\n\t\t\t\t<\/div>\n\t\t\t\t\t<\/div>\n\t\t\t\t<\/div>\n\t\t<div class=\"elementor-element elementor-element-4a25b30 e-flex e-con-boxed e-con e-parent\" data-id=\"4a25b30\" data-element_type=\"container\" data-e-type=\"container\" data-settings=\"{&quot;jet_parallax_layout_list&quot;:[],&quot;background_background&quot;:&quot;classic&quot;}\">\n\t\t\t\t\t<div class=\"e-con-inner\">\n\t\t<div class=\"elementor-element elementor-element-466cdbd e-grid e-con-boxed e-con e-child\" data-id=\"466cdbd\" data-element_type=\"container\" data-e-type=\"container\" data-settings=\"{&quot;jet_parallax_layout_list&quot;:[]}\">\n\t\t\t\t\t<div class=\"e-con-inner\">\n\t\t\t\t<div class=\"elementor-element elementor-element-329e687 elementor-widget elementor-widget-heading\" data-id=\"329e687\" data-element_type=\"widget\" data-e-type=\"widget\" data-widget_type=\"heading.default\">\n\t\t\t\t<div class=\"elementor-widget-container\">\n\t\t\t\t\t<h2 class=\"elementor-heading-title elementor-size-xl\">Farbe<\/h2>\t\t\t\t<\/div>\n\t\t\t\t<\/div>\n\t\t\t\t\t<\/div>\n\t\t\t\t<\/div>\n\t\t<div class=\"elementor-element elementor-element-b3a8c3d e-grid e-con-boxed e-con e-child\" data-id=\"b3a8c3d\" data-element_type=\"container\" data-e-type=\"container\" data-settings=\"{&quot;jet_parallax_layout_list&quot;:[]}\">\n\t\t\t\t\t<div class=\"e-con-inner\">\n\t\t\t\t<div class=\"elementor-element elementor-element-47565b3 elementor-widget elementor-widget-text-editor\" data-id=\"47565b3\" data-element_type=\"widget\" data-e-type=\"widget\" data-widget_type=\"text-editor.default\">\n\t\t\t\t<div class=\"elementor-widget-container\">\n\t\t\t\t\t\t\t\t\t<p>transparent<\/p>\t\t\t\t\t\t\t\t<\/div>\n\t\t\t\t<\/div>\n\t\t\t\t\t<\/div>\n\t\t\t\t<\/div>\n\t\t\t\t\t<\/div>\n\t\t\t\t<\/div>\n\t\t\t\t<\/div>\n\t\t","protected":false},"excerpt":{"rendered":"<p style=\"margin: 0cm; margin-bottom: .0001pt;\"><span style=\"font-family: Calibri, sans-serif;\"><span style=\"font-size: 14.6667px;\">Der lichtdurchl\u00e4ssige Hybridleim<\/span><\/span><\/p>\n<p>&nbsp;<\/p>\n","protected":false},"featured_media":16377,"template":"","meta":[],"product_brand":[],"product_cat":[1127],"product_tag":[],"class_list":{"0":"post-15008","1":"product","2":"type-product","3":"status-publish","4":"has-post-thumbnail","6":"product_cat-schnellreparaturset","8":"first","9":"instock","10":"taxable","11":"shipping-taxable","12":"purchasable","13":"product-type-simple"},"_links":{"self":[{"href":"https:\/\/www.finres-sa.com\/de\/wp-json\/wp\/v2\/product\/15008","targetHints":{"allow":["GET"]}}],"collection":[{"href":"https:\/\/www.finres-sa.com\/de\/wp-json\/wp\/v2\/product"}],"about":[{"href":"https:\/\/www.finres-sa.com\/de\/wp-json\/wp\/v2\/types\/product"}],"version-history":[{"count":0,"href":"https:\/\/www.finres-sa.com\/de\/wp-json\/wp\/v2\/product\/15008\/revisions"}],"wp:featuredmedia":[{"embeddable":true,"href":"https:\/\/www.finres-sa.com\/de\/wp-json\/wp\/v2\/media\/16377"}],"wp:attachment":[{"href":"https:\/\/www.finres-sa.com\/de\/wp-json\/wp\/v2\/media?parent=15008"}],"wp:term":[{"taxonomy":"product_brand","embeddable":true,"href":"https:\/\/www.finres-sa.com\/de\/wp-json\/wp\/v2\/product_brand?post=15008"},{"taxonomy":"product_cat","embeddable":true,"href":"https:\/\/www.finres-sa.com\/de\/wp-json\/wp\/v2\/product_cat?post=15008"},{"taxonomy":"product_tag","embeddable":true,"href":"https:\/\/www.finres-sa.com\/de\/wp-json\/wp\/v2\/product_tag?post=15008"}],"curies":[{"name":"wp","href":"https:\/\/api.w.org\/{rel}","templated":true}]}}