{"id":15016,"date":"2023-12-14T14:29:08","date_gmt":"2023-12-14T13:29:08","guid":{"rendered":"https:\/\/www.finres-sa.com\/product\/ottopur-op910\/"},"modified":"2025-12-15T13:12:07","modified_gmt":"2025-12-15T12:12:07","slug":"ottopur-op910","status":"publish","type":"product","link":"https:\/\/www.finres-sa.com\/de\/produkt\/ottopur-op910\/","title":{"rendered":"OttoPur OP910"},"content":{"rendered":"\t\t<div data-elementor-type=\"product-post\" data-elementor-id=\"15016\" class=\"elementor elementor-15016 elementor-11249\" data-elementor-post-type=\"product\">\n\t\t\t\t<div class=\"elementor-element elementor-element-47ba1b13 e-flex e-con-boxed e-con e-parent\" data-id=\"47ba1b13\" data-element_type=\"container\" data-e-type=\"container\" data-settings=\"{&quot;jet_parallax_layout_list&quot;:[]}\">\n\t\t\t\t\t<div class=\"e-con-inner\">\n\t\t\t\t<div class=\"elementor-element elementor-element-755920d0 elementor-widget elementor-widget-text-editor\" data-id=\"755920d0\" data-element_type=\"widget\" data-e-type=\"widget\" data-widget_type=\"text-editor.default\">\n\t\t\t\t<div class=\"elementor-widget-container\">\n\t\t\t\t\t\t\t\t\t<p>OTTOPUR 910 zeichnet sich durch seine Vielseitigkeit aus und bietet eine robuste Leistung in verschiedenen Bauanwendungen. Er ist besonders effektiv bei der Montage und Isolierung von Fenster- und T\u00fcrrahmen und sorgt f\u00fcr eine hochwertige W\u00e4rme- und Schallisolierung.<\/p>\n<p>Seine Funktionalit\u00e4t bei der Montage von Isolierungen f\u00fcr Innenw\u00e4nde macht es zu einer geeigneten Wahl f\u00fcr die Verbesserung der Energieeffizienz von Innenr\u00e4umen. Dar\u00fcber hinaus ist es aufgrund seiner F\u00e4higkeit, Hohlr\u00e4ume abzudichten, ein n\u00fctzliches Produkt, um die Dichtigkeit und thermische Kontinuit\u00e4t von Strukturen zu gew\u00e4hrleisten.<\/p>\n<p>OTTOPUR 910 findet auch Anwendung bei der Montage von Brunnenringen und Sch\u00e4chten f\u00fcr Hauskl\u00e4ranlagen und bietet eine zuverl\u00e4ssige L\u00f6sung f\u00fcr diese speziellen Anforderungen.<\/p>\n<p>Dieses Produkt wird besonders f\u00fcr d\u00fcnne Abdichtungen empfohlen und eignet sich auch hervorragend f\u00fcr die Verklebung von Polystyrol-Hartschaumplatten, wodurch die Normen f\u00fcr die Perimeterd\u00e4mmung nach DIN 4108-2 erf\u00fcllt werden. Diese Eigenschaft macht sie zu einer optimalen Wahl f\u00fcr eine effektive W\u00e4rmed\u00e4mmung.<\/p>\n<p>Zusammenfassend l\u00e4sst sich sagen, dass OTTOPUR 910 eine vielseitige L\u00f6sung ist, die verschiedene Bauanwendungen abdeckt, wobei der Schwerpunkt auf Wasserdichtigkeit und Energieeffizienz liegt.<\/p>\n<p style=\"margin: 0cm; margin-bottom: .0001pt;\">\n\t\t\t\t\t\t\t\t<\/div>\n\t\t\t\t<\/div>\n\t\t\t\t\t<\/div>\n\t\t\t\t<\/div>\n\t\t<div class=\"elementor-element elementor-element-771989b e-flex e-con-boxed e-con e-parent\" data-id=\"771989b\" data-element_type=\"container\" data-e-type=\"container\" data-settings=\"{&quot;jet_parallax_layout_list&quot;:[],&quot;background_background&quot;:&quot;classic&quot;}\">\n\t\t\t\t\t<div class=\"e-con-inner\">\n\t\t<div class=\"elementor-element elementor-element-338acf0 e-grid e-con-boxed e-con e-child\" data-id=\"338acf0\" data-element_type=\"container\" data-e-type=\"container\" data-settings=\"{&quot;jet_parallax_layout_list&quot;:[]}\">\n\t\t\t\t\t<div class=\"e-con-inner\">\n\t\t\t\t<div class=\"elementor-element elementor-element-17ee62a elementor-widget elementor-widget-heading\" data-id=\"17ee62a\" data-element_type=\"widget\" data-e-type=\"widget\" data-widget_type=\"heading.default\">\n\t\t\t\t<div class=\"elementor-widget-container\">\n\t\t\t\t\t<h2 class=\"elementor-heading-title elementor-size-medium\">Merkmale<\/h2>\t\t\t\t<\/div>\n\t\t\t\t<\/div>\n\t\t\t\t\t<\/div>\n\t\t\t\t<\/div>\n\t\t<div class=\"elementor-element elementor-element-db7c283 e-grid e-con-boxed e-con e-child\" data-id=\"db7c283\" data-element_type=\"container\" data-e-type=\"container\" data-settings=\"{&quot;jet_parallax_layout_list&quot;:[]}\">\n\t\t\t\t\t<div class=\"e-con-inner\">\n\t\t\t\t<div class=\"elementor-element elementor-element-735f00f elementor-widget elementor-widget-text-editor\" data-id=\"735f00f\" data-element_type=\"widget\" data-e-type=\"widget\" data-widget_type=\"text-editor.default\">\n\t\t\t\t<div class=\"elementor-widget-container\">\n\t\t\t\t\t\t\t\t\t<p>Sehr gute Schall- und W\u00e4rmed\u00e4mmung<\/p>\n<p>60 dB Schallisolierung gem\u00e4\u00df EN ISO 717-1<\/p>\n<p>Isolationskoeffizient 0,035 W\/mK nach DIN 52612<\/p>\n<p>Ergiebigkeit ca. 45l Schaum aus einer 750ml-Dose<\/p>\n<p>Kann nach ca. 30 Minuten abgeschnitten werden<\/p>\n<p>Kann nach ca. 3-5 Stunden belastet werden<\/p>\n\t\t\t\t\t\t\t\t<\/div>\n\t\t\t\t<\/div>\n\t\t\t\t\t<\/div>\n\t\t\t\t<\/div>\n\t\t\t\t\t<\/div>\n\t\t\t\t<\/div>\n\t\t\t\t<\/div>\n\t\t","protected":false},"excerpt":{"rendered":"<p style=\"margin: 0cm; margin-bottom: .0001pt;\"><span style=\"font-family: Calibri, sans-serif;\"><span style=\"font-size: 14.6667px;\">Dosierbarer Schaumstoff mit sehr guter Schall- und W\u00e4rmeisolierung.<\/span><\/span><\/p>\n<p>&nbsp;<\/p>\n","protected":false},"featured_media":16389,"template":"","meta":[],"product_brand":[],"product_cat":[937],"product_tag":[],"class_list":{"0":"post-15016","1":"product","2":"type-product","3":"status-publish","4":"has-post-thumbnail","6":"product_cat-polyurethaan-de","8":"first","9":"outofstock","10":"taxable","11":"shipping-taxable","12":"purchasable","13":"product-type-simple"},"_links":{"self":[{"href":"https:\/\/www.finres-sa.com\/de\/wp-json\/wp\/v2\/product\/15016","targetHints":{"allow":["GET"]}}],"collection":[{"href":"https:\/\/www.finres-sa.com\/de\/wp-json\/wp\/v2\/product"}],"about":[{"href":"https:\/\/www.finres-sa.com\/de\/wp-json\/wp\/v2\/types\/product"}],"version-history":[{"count":0,"href":"https:\/\/www.finres-sa.com\/de\/wp-json\/wp\/v2\/product\/15016\/revisions"}],"wp:featuredmedia":[{"embeddable":true,"href":"https:\/\/www.finres-sa.com\/de\/wp-json\/wp\/v2\/media\/16389"}],"wp:attachment":[{"href":"https:\/\/www.finres-sa.com\/de\/wp-json\/wp\/v2\/media?parent=15016"}],"wp:term":[{"taxonomy":"product_brand","embeddable":true,"href":"https:\/\/www.finres-sa.com\/de\/wp-json\/wp\/v2\/product_brand?post=15016"},{"taxonomy":"product_cat","embeddable":true,"href":"https:\/\/www.finres-sa.com\/de\/wp-json\/wp\/v2\/product_cat?post=15016"},{"taxonomy":"product_tag","embeddable":true,"href":"https:\/\/www.finres-sa.com\/de\/wp-json\/wp\/v2\/product_tag?post=15016"}],"curies":[{"name":"wp","href":"https:\/\/api.w.org\/{rel}","templated":true}]}}