{"id":15054,"date":"2023-06-26T18:14:11","date_gmt":"2023-06-26T16:14:11","guid":{"rendered":"https:\/\/www.finres-sa.com\/product\/jesmonite-ac730-kit\/"},"modified":"2026-02-25T14:08:00","modified_gmt":"2026-02-25T13:08:00","slug":"jesmonite-ac730-kit","status":"publish","type":"product","link":"https:\/\/www.finres-sa.com\/de\/produkt\/jesmonite-ac730-kit\/","title":{"rendered":"JESMONITE AC730 KIT"},"content":{"rendered":"\t\t<div data-elementor-type=\"product-post\" data-elementor-id=\"15054\" class=\"elementor elementor-15054 elementor-5446\" data-elementor-post-type=\"product\">\n\t\t\t\t<div class=\"elementor-element elementor-element-3293df31 e-flex e-con-boxed e-con e-parent\" data-id=\"3293df31\" data-element_type=\"container\" data-e-type=\"container\" data-settings=\"{&quot;jet_parallax_layout_list&quot;:[]}\">\n\t\t\t\t\t<div class=\"e-con-inner\">\n\t\t\t\t<div class=\"elementor-element elementor-element-1e7db3a elementor-widget elementor-widget-heading\" data-id=\"1e7db3a\" data-element_type=\"widget\" data-e-type=\"widget\" data-widget_type=\"heading.default\">\n\t\t\t\t<div class=\"elementor-widget-container\">\n\t\t\t\t\t<h2 class=\"elementor-heading-title elementor-size-large\">Jesmonite\u00ae AC730 Steineffekt: architektonischer Verbundwerkstoff<\/h2>\t\t\t\t<\/div>\n\t\t\t\t<\/div>\n\t\t\t\t<div class=\"elementor-element elementor-element-44196a3 elementor-widget elementor-widget-text-editor\" data-id=\"44196a3\" data-element_type=\"widget\" data-e-type=\"widget\" data-widget_type=\"text-editor.default\">\n\t\t\t\t<div class=\"elementor-widget-container\">\n\t\t\t\t\t\t\t\t\t<p data-pm-slice=\"1 1 []\">Jesmonite\u00ae AC730 ist ein schnell abbindender mineralischer Verbundwerkstoff, der auf einer zement\u00e4ren, polymer-modifizierten Basis formuliert ist.<br>Er erm\u00f6glicht die Reproduktion des authentischen Aussehens von Naturstein und bietet gleichzeitig eine leichte, leistungsstarke und dauerhafte Alternative zu herk\u00f6mmlichem Beton.<\/p><p>Alkalifrei formuliert, begrenzt es die Ausbl\u00fchungen, zeichnet sich durch eine geringe Alkalit\u00e4t und, nach Oberfl\u00e4chenbehandlung, durch eine geringe Permeabilit\u00e4t aus, was eine dauerhafte Farbstabilit\u00e4t gew\u00e4hrleistet.<\/p><p>Dieser von Finres vertriebene Artikel ist Teil eines umfassenden Services und bleibt mit anderen Produktreihen, wie Jesmonite AC100 und Jesmonite AC84 Harz, je nach Anforderungen an die Oberfl\u00e4chenbeschaffenheit oder mechanische Leistung, kompatibel.<\/p>\t\t\t\t\t\t\t\t<\/div>\n\t\t\t\t<\/div>\n\t\t\t\t\t<\/div>\n\t\t\t\t<\/div>\n\t\t<div class=\"elementor-element elementor-element-233a1d4 e-flex e-con-boxed e-con e-parent\" data-id=\"233a1d4\" data-element_type=\"container\" data-e-type=\"container\" data-settings=\"{&quot;jet_parallax_layout_list&quot;:[],&quot;background_background&quot;:&quot;classic&quot;}\">\n\t\t\t\t\t<div class=\"e-con-inner\">\n\t\t\t\t<div class=\"elementor-element elementor-element-b31cbe6 elementor-widget elementor-widget-heading\" data-id=\"b31cbe6\" data-element_type=\"widget\" data-e-type=\"widget\" data-widget_type=\"heading.default\">\n\t\t\t\t<div class=\"elementor-widget-container\">\n\t\t\t\t\t<h2 class=\"elementor-heading-title elementor-size-large\">Anwendungen von Jesmonite\u00ae AC730 Steineffekt<\/h2>\t\t\t\t<\/div>\n\t\t\t\t<\/div>\n\t\t\t\t<div class=\"elementor-element elementor-element-05e803e elementor-widget elementor-widget-heading\" data-id=\"05e803e\" data-element_type=\"widget\" data-e-type=\"widget\" data-widget_type=\"heading.default\">\n\t\t\t\t<div class=\"elementor-widget-container\">\n\t\t\t\t\t<h3 class=\"elementor-heading-title elementor-size-medium\">Guss von Dekorationsst\u00fccken<\/h3>\t\t\t\t<\/div>\n\t\t\t\t<\/div>\n\t\t\t\t<div class=\"elementor-element elementor-element-2cb2b6e elementor-widget elementor-widget-text-editor\" data-id=\"2cb2b6e\" data-element_type=\"widget\" data-e-type=\"widget\" data-widget_type=\"text-editor.default\">\n\t\t\t\t<div class=\"elementor-widget-container\">\n\t\t\t\t\t\t\t\t\t<ul data-pm-slice=\"3 3 []\"><li><p>Dekorative Gussartikel: Tabletts, Kerzenbeh\u00e4lter, Vasen, Schalen, Tischobjekte, Untersetzer<\/p><\/li><li><p>M\u00f6bel<\/p><\/li><li><p>Skulpturen<\/p><\/li><li><p>Gartenstatuen und -ornamente<\/p><\/li><li><p>Fassadenelemente und dekorative Verkleidungen<\/p><\/li><\/ul>\t\t\t\t\t\t\t\t<\/div>\n\t\t\t\t<\/div>\n\t\t\t\t<div class=\"elementor-element elementor-element-d327f23 elementor-widget elementor-widget-heading\" data-id=\"d327f23\" data-element_type=\"widget\" data-e-type=\"widget\" data-widget_type=\"heading.default\">\n\t\t\t\t<div class=\"elementor-widget-container\">\n\t\t\t\t\t<h3 class=\"elementor-heading-title elementor-size-medium\">Laminierung mit Glasfaserverst\u00e4rkung<\/h3>\t\t\t\t<\/div>\n\t\t\t\t<\/div>\n\t\t\t\t<div class=\"elementor-element elementor-element-22abb16 elementor-widget elementor-widget-text-editor\" data-id=\"22abb16\" data-element_type=\"widget\" data-e-type=\"widget\" data-widget_type=\"text-editor.default\">\n\t\t\t\t<div class=\"elementor-widget-container\">\n\t\t\t\t\t\t\t\t\t<p data-pm-slice=\"1 3 []\">Jesmonite\u00ae AC730 ist perfekt f\u00fcr d\u00fcnne, mit vierachsiger Glasfaser verst\u00e4rkte Strukturen geeignet und erm\u00f6glicht die Herstellung von:<\/p><ul><li><p>Architektonische Paneele<\/p><\/li><li><p>Wandverkleidungen<\/p><\/li><li><p>Leichte, selbsttragende Strukturen<\/p><\/li><li><p>Gro\u00dfformatige Elemente mit reduziertem Gewicht<\/p><\/li><\/ul>\t\t\t\t\t\t\t\t<\/div>\n\t\t\t\t<\/div>\n\t\t\t\t\t<\/div>\n\t\t\t\t<\/div>\n\t\t<div class=\"elementor-element elementor-element-59804b0 e-flex e-con-boxed e-con e-parent\" data-id=\"59804b0\" data-element_type=\"container\" data-e-type=\"container\" data-settings=\"{&quot;jet_parallax_layout_list&quot;:[],&quot;background_background&quot;:&quot;classic&quot;}\">\n\t\t\t\t\t<div class=\"e-con-inner\">\n\t\t\t\t<div class=\"elementor-element elementor-element-461651f elementor-widget elementor-widget-heading\" data-id=\"461651f\" data-element_type=\"widget\" data-e-type=\"widget\" data-widget_type=\"heading.default\">\n\t\t\t\t<div class=\"elementor-widget-container\">\n\t\t\t\t\t<h2 class=\"elementor-heading-title elementor-size-large\">Verarbeitungsbeschreibung von Jesmonite\u00ae AC730<\/h2>\t\t\t\t<\/div>\n\t\t\t\t<\/div>\n\t\t\t\t<div class=\"elementor-element elementor-element-dd81188 elementor-drop-cap-yes elementor-drop-cap-view-default elementor-widget elementor-widget-text-editor\" data-id=\"dd81188\" data-element_type=\"widget\" data-e-type=\"widget\" data-settings=\"{&quot;drop_cap&quot;:&quot;yes&quot;}\" data-widget_type=\"text-editor.default\">\n\t\t\t\t<div class=\"elementor-widget-container\">\n\t\t\t\t\t\t\t\t\t<ul><li>8 vorget\u00f6nte Mineralfarben, kompatibel mit der Zugabe von Pigmentpulvern<\/li><li>Geringer Schwund und ausgezeichnete Dimensionsstabilit\u00e4t<\/li><li>Hohe Druck- und Biegefestigkeit<\/li><li>Leichtes Material im Vergleich zu herk\u00f6mmlichem Beton<\/li><li>Sto\u00df- und witterungsbest\u00e4ndig<\/li><li>Kompatibel f\u00fcr Guss und Laminierung<\/li><li>L\u00f6semittel- und VOC-frei<\/li><li>Feuerbest\u00e4ndig \u2013 Klasse O<\/li><\/ul>\t\t\t\t\t\t\t\t<\/div>\n\t\t\t\t<\/div>\n\t\t\t\t\t<\/div>\n\t\t\t\t<\/div>\n\t\t<div class=\"elementor-element elementor-element-80f3e76 e-flex e-con-boxed e-con e-parent\" data-id=\"80f3e76\" data-element_type=\"container\" data-e-type=\"container\" data-settings=\"{&quot;jet_parallax_layout_list&quot;:[],&quot;background_background&quot;:&quot;classic&quot;}\">\n\t\t\t\t\t<div class=\"e-con-inner\">\n\t\t\t\t<div class=\"elementor-element elementor-element-7d005e6 elementor-widget elementor-widget-heading\" data-id=\"7d005e6\" data-element_type=\"widget\" data-e-type=\"widget\" data-widget_type=\"heading.default\">\n\t\t\t\t<div class=\"elementor-widget-container\">\n\t\t\t\t\t<h2 class=\"elementor-heading-title elementor-size-large\">Technische und \u00e4sthetische Vorteile<\/h2>\t\t\t\t<\/div>\n\t\t\t\t<\/div>\n\t\t\t\t<div class=\"elementor-element elementor-element-e847281 elementor-drop-cap-yes elementor-drop-cap-view-default elementor-widget elementor-widget-text-editor\" data-id=\"e847281\" data-element_type=\"widget\" data-e-type=\"widget\" data-settings=\"{&quot;drop_cap&quot;:&quot;yes&quot;}\" data-widget_type=\"text-editor.default\">\n\t\t\t\t<div class=\"elementor-widget-container\">\n\t\t\t\t\t\t\t\t\t<ol data-pm-slice=\"3 1 []\"><li><p><strong>Mengen und Verbrauch<\/strong><\/p><\/li><\/ol><ul><li><p>Vollguss: 2000 g \/ Liter<\/p><\/li><li><p>Laminierung: 2 kg \/ m\u00b2 \/ mm Dicke<\/p><\/li><\/ul><ol start=\"2\"><li><p><strong>Mischungsverh\u00e4ltnis<\/strong><\/p><\/li><\/ol><ul><li><p>Fl\u00fcssigkeit: 1<\/p><\/li><li><p>Pulver: 5<\/p><\/li><\/ul><p>Beispiel: 100 g Fl\u00fcssigkeit auf 500 g Pulver<\/p><ol start=\"3\"><li><p><strong>Mischung<\/strong><\/p><\/li><\/ol><ul><li><p>Geben Sie das Pulver schrittweise in die Fl\u00fcssigkeit<\/p><\/li><li><p>Mischen Sie mit einem flachen Spatel oder mit dem Jesmonite High Shear Mischer bei niedriger Geschwindigkeit und erh\u00f6hen Sie dann auf \u2248 1000 U\/min<\/p><\/li><li><p>Endg\u00fcltige Mischzeit: 30 bis 45 Sekunden<\/p><\/li><li><p>Abbindezeit: 20\u201325 Minuten<\/p><\/li><li><p>Achtung: keinen Mixer oder Schneebesen verwenden<\/p><\/li><\/ul><ol start=\"4\"><li><p><strong>1 Guss in eine Form<\/strong><\/p><\/li><\/ol><ul><li><p>Tragen Sie eine erste Schicht mit einem Pinsel auf alle zu bedeckenden Oberfl\u00e4chen auf<\/p><\/li><li><p>F\u00fcllen Sie die Form mit dem restlichen Jesmonite vollst\u00e4ndig auf<\/p><\/li><li><p>Klopfen Sie leicht auf die Formw\u00e4nde, um die Luftentweichung zu erleichtern<\/p><\/li><\/ul><ol start=\"4\"><li><p><strong>2 Laminierung mit vierachsiger Faser<\/strong><\/p><\/li><\/ol><ul><li><p>Auftragen eines Jesmonite Gelcoats <strong>(1 bis 2 mm)<\/strong><\/p><\/li><li><p>Laminierung in aufeinanderfolgenden Schichten<\/p><\/li><li><p>Empfohlene Enddicke: <strong>5 bis 6 mm<\/strong><\/p><\/li><li><p>Durchschnittliches Endgewicht: <strong>\u2248 12 kg\/m\u00b2<\/strong><\/p><\/li><\/ul><ol start=\"5\"><li><p><strong>Entformung und Aush\u00e4rtung<\/strong><\/p><\/li><\/ol><ul><li><p>Entformung: ca. 2 Stunden nach dem Guss<\/p><\/li><li><p>Trockenzeit<\/p><ul><li><p>\u00dcber 90 % der mechanischen Leistung werden in 24 h erreicht<\/p><\/li><li><p>Lagerung in einem warmen, trockenen und bel\u00fcfteten Bereich<\/p><\/li><li><p>Flach lagern, um Verformungen zu vermeiden<\/p><\/li><\/ul><\/li><\/ul><ol start=\"6\"><li><p><strong>Beizen zur Erzielung des Steineffekts<\/strong><\/p><\/li><\/ol><ul><li><p>Beizen nach mindestens 24 h<\/p><\/li><li><p>Salzs\u00e4ure: 1 bis 4 Minuten je nach gew\u00fcnschtem Effekt ODER wei\u00dfer Essig (Eintauchen \u2265 1 h)<\/p><\/li><li><p>Sp\u00fclen Sie sofort nach dem Beizen gr\u00fcndlich mit klarem Wasser ab<\/p><\/li><\/ul><ol start=\"7\"><li><p><strong>Schutz und Abdichtung<\/strong><\/p><\/li><\/ol><p>Jesmonite\u00ae AC730 ist nicht wasserdicht.<\/p><p>Achten Sie darauf, den geeigneten Lack je nach Art der Anwendung zu w\u00e4hlen.<\/p>\t\t\t\t\t\t\t\t<\/div>\n\t\t\t\t<\/div>\n\t\t\t\t\t<\/div>\n\t\t\t\t<\/div>\n\t\t<div class=\"elementor-element elementor-element-5cdbbaa e-flex e-con-boxed e-con e-child\" data-id=\"5cdbbaa\" data-element_type=\"container\" data-e-type=\"container\" data-settings=\"{&quot;background_background&quot;:&quot;classic&quot;,&quot;jet_parallax_layout_list&quot;:[]}\">\n\t\t\t\t\t<div class=\"e-con-inner\">\n\t\t\t\t<div class=\"elementor-element elementor-element-8693aa3 elementor-widget elementor-widget-heading\" data-id=\"8693aa3\" data-element_type=\"widget\" data-e-type=\"widget\" data-widget_type=\"heading.default\">\n\t\t\t\t<div class=\"elementor-widget-container\">\n\t\t\t\t\t<h2 class=\"elementor-heading-title elementor-size-default\">Rechner Jesmonite<\/h2>\t\t\t\t<\/div>\n\t\t\t\t<\/div>\n\t\t\t\t<div class=\"elementor-element elementor-element-f0dcd05 elementor-widget elementor-widget-text-editor\" data-id=\"f0dcd05\" data-element_type=\"widget\" data-e-type=\"widget\" data-widget_type=\"text-editor.default\">\n\t\t\t\t<div class=\"elementor-widget-container\">\n\t\t\t\t\t\t\t\t\t<p data-pm-slice=\"1 1 []\">Um die ben\u00f6tigten Mengen und Proportionen von Jesmonite zu berechnen, w\u00e4hlen Sie zuerst die entsprechende Produktreihe aus. Geben Sie dann an, ob Sie auf Basis einer Form oder eines Gussteils berechnen. Wenn Sie auf Basis einer Form berechnen, stellen Sie diese auf eine Waage, f\u00fcllen Sie sie mit Wasser und geben Sie die erhaltene Menge in den Rechner ein. Wenn Sie nach einem Gussteil berechnen, wiegen Sie das Teil und geben Sie die Information in den Rechner ein.    Dieser gibt Ihnen die Menge an Fl\u00fcssigkeit und Pulver an, die Sie f\u00fcr Ihr St\u00fcck ben\u00f6tigen.<\/p><p>Geben Sie einen Wert ein, um die Berechnung zu starten.<\/p>\t\t\t\t\t\t\t\t<\/div>\n\t\t\t\t<\/div>\n\t\t\t\t<div class=\"elementor-element elementor-element-6719c02 elementor-widget elementor-widget-shortcode\" data-id=\"6719c02\" data-element_type=\"widget\" data-e-type=\"widget\" data-widget_type=\"shortcode.default\">\n\t\t\t\t<div class=\"elementor-widget-container\">\n\t\t\t\t\t\t\t<div class=\"elementor-shortcode\"><div id=\"resin-calculator-1\" class=\"resin-calculator\"><select class=\"apo_nice\" id=\"product\" onchange=\"updateCalculations(1)\"><option value=\"AC100\">JESMONITE AC100<\/option><option value=\"AC730\">JESMONITE AC730 \/ AC84<\/option><\/select><select class=\"apo_nice\" id=\"calculation_mode\" onchange=\"updateCalculations(1)\"><option value=\"new_mold\">Neue Form<\/option><option value=\"existing_piece\">Vorhandenes St\u00fcck<\/option><option value=\"laminate\">Laminat<\/option><\/select><input class=\"apo_nice\" type=\"number\" id=\"input_value\" placeholder=\"ml oder gr eingeben\" onchange=\"updateCalculations(1)\" onblur=\"updateCalculations(1)\"><input style=\"display:none;\" class=\"apo_nice\" type=\"number\" id=\"input_laminateLength_value\" placeholder=\"L\u00e4nge in cm\" onchange=\"updateCalculations(1)\" onblur=\"updateCalculations(1)\"><input style=\"display:none;\" class=\"apo_nice\" type=\"number\" id=\"input_laminateWidtht_value\" placeholder=\"Breite in cm\" onchange=\"updateCalculations(1)\" onblur=\"updateCalculations(1)\"><input style=\"display:none;\" class=\"apo_nice\" type=\"number\" id=\"input_laminateHeightt_value\" placeholder=\"Dicke in mm\" onchange=\"updateCalculations(1)\" onblur=\"updateCalculations(1)\"><div class=\"apo_nice\" id=\"results\">Geben Sie einen Wert ein, um die Berechnung zu starten.<\/div><\/div><\/div>\n\t\t\t\t\t\t<\/div>\n\t\t\t\t<\/div>\n\t\t\t\t\t<\/div>\n\t\t\t\t<\/div>\n\t\t<div class=\"elementor-element elementor-element-a2b1f68 e-flex e-con-boxed e-con e-parent\" data-id=\"a2b1f68\" data-element_type=\"container\" data-e-type=\"container\" data-settings=\"{&quot;jet_parallax_layout_list&quot;:[],&quot;background_background&quot;:&quot;classic&quot;}\">\n\t\t\t\t\t<div class=\"e-con-inner\">\n\t\t\t\t<div class=\"elementor-element elementor-element-819092b elementor-widget elementor-widget-heading\" data-id=\"819092b\" data-element_type=\"widget\" data-e-type=\"widget\" data-widget_type=\"heading.default\">\n\t\t\t\t<div class=\"elementor-widget-container\">\n\t\t\t\t\t<h2 class=\"elementor-heading-title elementor-size-xl\">Zusatzstoffe<\/h2>\t\t\t\t<\/div>\n\t\t\t\t<\/div>\n\t\t\t\t<div class=\"elementor-element elementor-element-838c774 elementor-widget elementor-widget-text-editor\" data-id=\"838c774\" data-element_type=\"widget\" data-e-type=\"widget\" data-widget_type=\"text-editor.default\">\n\t\t\t\t<div class=\"elementor-widget-container\">\n\t\t\t\t\t\t\t\t\t<p data-pm-slice=\"1 1 []\"><a href=\"https:\/\/www.finres-sa.com\/de\/produkt\/jesmonite-selbstausloeser-ac730\/\" target=\"_blank\" rel=\"noopener noreferrer\"><strong>Der Retarder<\/strong><\/a> (Verz\u00f6gerer) zur Verl\u00e4ngerung der Verarbeitungszeit<\/p><p><a href=\"https:\/\/www.finres-sa.com\/de\/produkt\/thixotroper-jesmonit-ac100-ac200-ac300\/\" target=\"_blank\" rel=\"noopener noreferrer\"><strong>Das Thixotropiermittel<\/strong><\/a> (Verdickungsmittel) zur Anpassung der Viskosit\u00e4t der Mischung<\/p><p><a href=\"https:\/\/www.finres-sa.com\/de\/produkt\/jesmonite-flexiguard-sealer-ac730\/\" target=\"_blank\" rel=\"noopener noreferrer\"><strong>Der Flexiguard Sealer<\/strong><\/a> (Porenf\u00fcller) ist ein wirksames nat\u00fcrliches Abwehrmittel f\u00fcr den Kontakt mit Feuchtigkeit<\/p><p><a href=\"https:\/\/www.finres-sa.com\/de\/produkt\/penetrating-sealer-ac730\/\" target=\"_blank\" rel=\"noopener noreferrer\"><strong>Der Penetrating Sealer<\/strong><\/a> sch\u00fctzt AC730\/AC84 dauerhaft vor Flecken, Wasser und Staub<\/p><p><a href=\"https:\/\/www.finres-sa.com\/de\/produkt\/colortec\/\" target=\"_blank\" rel=\"noopener noreferrer\"><strong>Der Colortec<\/strong><\/a> (Mattlack) f\u00fcr ein mattes und wasserdichtes Finish<\/p><p><a href=\"https:\/\/www.finres-sa.com\/de\/produkt\/colorfresh\/\" target=\"_blank\" rel=\"noopener noreferrer\"><strong>Der Colorfresh<\/strong><\/a> (Glanzlack) wird auf eine trockene Oberfl\u00e4che aufgetragen, um dem Jesmonite AC100\/AC730\/AC84 Verbundwerkstoff ein gl\u00e4nzendes und wasserdichtes Finish zu verleihen. <\/p><p><a href=\"https:\/\/www.finres-sa.com\/de\/produkt\/jesmonite-quadriaxiale-faser\/\" target=\"_blank\" rel=\"noopener noreferrer\"><strong>Die Quadriaxialfaser ist eine Faser, die in der Natur vorkommt.<\/strong><\/a> (Verst\u00e4rkung) ist ein Glasfasergewebe, das in Laminierungsprozessen zur Herstellung von Paneelen verwendet wird.<\/p><p><a href=\"https:\/\/www.finres-sa.com\/de\/produkt\/jesmonite-fibre-pva\/#:~:text=syst%C3%A8mes%20de%20ciment.-,Il%20s'agit%20d'une%20fibre%20synth%C3%A9tique%20de%20polyvinylalcool%20dont,allongement%20et%20un%20module%20%C3%A9lev%C3%A9.\" target=\"_blank\" rel=\"noopener noreferrer\"><strong>PVA-Fasern<\/strong><\/a> (Verst\u00e4rkung) sind synthetische Fasern aus Polyvinylalkohol, die besonders f\u00fcr die Familie der zementhaltigen Materialien geeignet sind.<\/p><p><a href=\"https:\/\/www.finres-sa.com\/de\/produkt\/jesmonite-fiberglas-geschnitten\/\" target=\"_blank\" rel=\"noopener noreferrer\"><strong>Die 6 mm gehackten Fasern<\/strong><\/a> verleihen d\u00fcnnwandigen Gussteilen eine erh\u00f6hte Festigkeit. Eine k\u00fcrzere L\u00e4nge erm\u00f6glicht eine bessere Verteilung in der Mischung.<\/p><p><a href=\"https:\/\/www.finres-sa.com\/de\/produkt\/jesmonite-fiberglas-geschnitten\/\" target=\"_blank\" rel=\"noopener noreferrer\"><strong>Die 12 mm gehackten Fasern<\/strong><\/a> verleihen d\u00fcnnwandigen Gussteilen eine erh\u00f6hte Festigkeit. Eine l\u00e4ngere L\u00e4nge bietet eine bessere Zugfestigkeit.<\/p>\t\t\t\t\t\t\t\t<\/div>\n\t\t\t\t<\/div>\n\t\t\t\t\t<\/div>\n\t\t\t\t<\/div>\n\t\t\t\t<\/div>\n\t\t","protected":false},"excerpt":{"rendered":"<p data-pm-slice=\"1 1 []\">Der Verbundwerkstoff <strong>Jesmonite\u00ae AC730<\/strong> ist ein acrylpolymer-modifiziertes Zementsystem, das f\u00fcr glatte oder strukturierte Oberfl\u00e4chen mit einer mineralischen Optik \u00e4hnlich wie Naturstein entwickelt wurde.<\/p>\n<p>Er ist vielseitig einsetzbar und eignet sich sowohl f\u00fcr den Guss von Dekorationsobjekten als auch f\u00fcr die Herstellung von glasfaserverst\u00e4rkten Dekorelementen.<\/p>\n<p>Die <strong>Jesmonite\u00ae AC730<\/strong> Basen sind durchgef\u00e4rbt, um eine dauerhafte Farbhomogenit\u00e4t zu gew\u00e4hrleisten. Sie sind in acht von Natursteinen inspirierten Farbt\u00f6nen erh\u00e4ltlich:<br \/>\nPortland, Natural, Bathstone, Yellow Stone, White Marble, Silver Grey Granite, Terracotta und Charcoal. <\/p>\n","protected":false},"featured_media":36607,"template":"","meta":[],"product_brand":[],"product_cat":[919,1757],"product_tag":[925,897,899,960,924,923,944,943,961,922,898,928],"class_list":{"0":"post-15054","1":"product","2":"type-product","3":"status-publish","4":"has-post-thumbnail","6":"product_cat-jesmonite-de","7":"product_cat-jesmonite-ac730-de","8":"product_tag-beeld-de","9":"product_tag-decoratie-de","10":"product_tag-gieten-de","11":"product_tag-hohe-festigkeit","12":"product_tag-jesmoniet-de","13":"product_tag-milieuvriendelijk-de","14":"product_tag-schichtung","15":"product_tag-set","16":"product_tag-stein","17":"product_tag-stijf-de","18":"product_tag-toon-de","19":"product_tag-waterbestendig-de","21":"first","22":"instock","23":"taxable","24":"shipping-taxable","25":"purchasable","26":"product-type-variable"},"_links":{"self":[{"href":"https:\/\/www.finres-sa.com\/de\/wp-json\/wp\/v2\/product\/15054","targetHints":{"allow":["GET"]}}],"collection":[{"href":"https:\/\/www.finres-sa.com\/de\/wp-json\/wp\/v2\/product"}],"about":[{"href":"https:\/\/www.finres-sa.com\/de\/wp-json\/wp\/v2\/types\/product"}],"version-history":[{"count":3,"href":"https:\/\/www.finres-sa.com\/de\/wp-json\/wp\/v2\/product\/15054\/revisions"}],"predecessor-version":[{"id":36599,"href":"https:\/\/www.finres-sa.com\/de\/wp-json\/wp\/v2\/product\/15054\/revisions\/36599"}],"wp:featuredmedia":[{"embeddable":true,"href":"https:\/\/www.finres-sa.com\/de\/wp-json\/wp\/v2\/media\/36607"}],"wp:attachment":[{"href":"https:\/\/www.finres-sa.com\/de\/wp-json\/wp\/v2\/media?parent=15054"}],"wp:term":[{"taxonomy":"product_brand","embeddable":true,"href":"https:\/\/www.finres-sa.com\/de\/wp-json\/wp\/v2\/product_brand?post=15054"},{"taxonomy":"product_cat","embeddable":true,"href":"https:\/\/www.finres-sa.com\/de\/wp-json\/wp\/v2\/product_cat?post=15054"},{"taxonomy":"product_tag","embeddable":true,"href":"https:\/\/www.finres-sa.com\/de\/wp-json\/wp\/v2\/product_tag?post=15054"}],"curies":[{"name":"wp","href":"https:\/\/api.w.org\/{rel}","templated":true}]}}