{"id":15123,"date":"2023-06-26T18:14:36","date_gmt":"2023-06-26T16:14:36","guid":{"rendered":"https:\/\/www.finres-sa.com\/product\/schaum-pu-kit-h75\/"},"modified":"2026-01-12T16:19:58","modified_gmt":"2026-01-12T15:19:58","slug":"schaum-pu-kit-h75","status":"publish","type":"product","link":"https:\/\/www.finres-sa.com\/de\/produkt\/schaum-pu-kit-h75\/","title":{"rendered":"SCHAUM PU KIT H75"},"content":{"rendered":"\t\t<div data-elementor-type=\"product-post\" data-elementor-id=\"15123\" class=\"elementor elementor-15123\" data-elementor-post-type=\"product\">\n\t\t\t\t<div class=\"elementor-element elementor-element-c94e877 e-flex e-con-boxed e-con e-parent\" data-id=\"c94e877\" data-element_type=\"container\" data-e-type=\"container\" data-settings=\"{&quot;jet_parallax_layout_list&quot;:[]}\">\n\t\t\t\t\t<div class=\"e-con-inner\">\n\t\t\t\t<div class=\"elementor-element elementor-element-3ef9f557 elementor-widget elementor-widget-text-editor\" data-id=\"3ef9f557\" data-element_type=\"widget\" data-e-type=\"widget\" data-widget_type=\"text-editor.default\">\n\t\t\t\t<div class=\"elementor-widget-container\">\n\t\t\t\t\t\t\t\t\t<p><span style=\"color: #233c76;\">Polyurethanschaum mit fester Struktur.<\/span><\/p>\t\t\t\t\t\t\t\t<\/div>\n\t\t\t\t<\/div>\n\t\t\t\t\t<\/div>\n\t\t\t\t<\/div>\n\t\t<div class=\"elementor-element elementor-element-c1dc6ba e-flex e-con-boxed e-con e-parent\" data-id=\"c1dc6ba\" data-element_type=\"container\" data-e-type=\"container\" data-settings=\"{&quot;jet_parallax_layout_list&quot;:[],&quot;background_background&quot;:&quot;classic&quot;}\">\n\t\t\t\t\t<div class=\"e-con-inner\">\n\t\t<div class=\"elementor-element elementor-element-67d0f07 e-grid e-con-boxed e-con e-child\" data-id=\"67d0f07\" data-element_type=\"container\" data-e-type=\"container\" data-settings=\"{&quot;jet_parallax_layout_list&quot;:[]}\">\n\t\t\t\t\t<div class=\"e-con-inner\">\n\t\t\t\t<div class=\"elementor-element elementor-element-310de92 elementor-widget elementor-widget-heading\" data-id=\"310de92\" data-element_type=\"widget\" data-e-type=\"widget\" data-widget_type=\"heading.default\">\n\t\t\t\t<div class=\"elementor-widget-container\">\n\t\t\t\t\t<h2 class=\"elementor-heading-title elementor-size-xl\">Beschreibung<\/h2>\t\t\t\t<\/div>\n\t\t\t\t<\/div>\n\t\t\t\t<div class=\"elementor-element elementor-element-a786fde elementor-widget elementor-widget-heading\" data-id=\"a786fde\" data-element_type=\"widget\" data-e-type=\"widget\" data-widget_type=\"heading.default\">\n\t\t\t\t<div class=\"elementor-widget-container\">\n\t\t\t\t\t<h2 class=\"elementor-heading-title elementor-size-xl\">Anweisungen<\/h2>\t\t\t\t<\/div>\n\t\t\t\t<\/div>\n\t\t\t\t\t<\/div>\n\t\t\t\t<\/div>\n\t\t<div class=\"elementor-element elementor-element-9ce1061 e-grid e-con-boxed e-con e-child\" data-id=\"9ce1061\" data-element_type=\"container\" data-e-type=\"container\" data-settings=\"{&quot;jet_parallax_layout_list&quot;:[]}\">\n\t\t\t\t\t<div class=\"e-con-inner\">\n\t\t\t\t<div class=\"elementor-element elementor-element-0ed5086 elementor-widget elementor-widget-text-editor\" data-id=\"0ed5086\" data-element_type=\"widget\" data-e-type=\"widget\" data-widget_type=\"text-editor.default\">\n\t\t\t\t<div class=\"elementor-widget-container\">\n\t\t\t\t\t\t\t\t\t<p>PU-Schaum H75 ist ein Polyurethan-Strukturschaum mit einer harten Struktur und einer Hautbildung f\u00fcr Dekorationszwecke. Er ist stabiler und ideal f\u00fcr die Erstellung von Strukturen, die sp\u00e4ter bemalt werden sollen. <\/p><p>Verwendung zum Ausf\u00fcllen von Hohlr\u00e4umen oder Formen wie Booten, Reliefformen, Figuren oder Modellen. Mit H 75 kann Holz nachgeahmt werden, wenn es in eine Silikonform gegossen wird. Aufgrund seiner geschlossenen Zellstruktur, die f\u00fcr den langfristigen Kontakt mit Wasser geeignet ist, kann es gestrichen, geklebt, gef\u00fcllt, genagelt und geschraubt werden. Kann mit 5% PUR-Pigment gef\u00e4rbt werden. Achtung: Ergibt keine homogene Farbe. Wenn das Material dem Sonnenlicht ausgesetzt wird, kann es nach einer gewissen Zeit ausbleichen.     <\/p><p>Nach der Aush\u00e4rtung entsteht ein Schaum mit geschlossener Zellstruktur und Hautbildung mit einer Dichte von 75 kg\/m\u00b3.<\/p>\t\t\t\t\t\t\t\t<\/div>\n\t\t\t\t<\/div>\n\t\t\t\t<div class=\"elementor-element elementor-element-bd93485 elementor-widget elementor-widget-text-editor\" data-id=\"bd93485\" data-element_type=\"widget\" data-e-type=\"widget\" data-widget_type=\"text-editor.default\">\n\t\t\t\t<div class=\"elementor-widget-container\">\n\t\t\t\t\t\t\t\t\t<p>Vermischen Sie die einzelnen Bestandteile gut.<\/p><p>Mischen Sie die beiden Komponenten in einem Gewichtsverh\u00e4ltnis von 100\/145 und gie\u00dfen Sie die Mischung in die Form oder den Bereich, der gef\u00fcllt werden soll.<\/p><p>Die Topfzeit betr\u00e4gt etwa 60 Sekunden.<\/p><p>Die Ausdehnung betr\u00e4gt etwa 13 x das Volumen.<\/p><p>Trocknen nach 15 Min.<\/p><p>Nach 20 Minuten verformbar. und nach 12 Stunden vollst\u00e4ndig geheilt. <\/p><p>Die Verarbeitungstemperatur sollte zwischen 20\u00b0C und 25\u00b0C liegen.<\/p><p>Lagern Sie den Schaum zwischen 10\u00b0C und 25\u00b0C, da er frostempfindlich ist.<\/p><p>Das Mischen erfolgt vorzugsweise mit einem mechanischen Mischer.<\/p><p>Als Trennmittel empfehlen wir APW.<\/p>\t\t\t\t\t\t\t\t<\/div>\n\t\t\t\t<\/div>\n\t\t\t\t\t<\/div>\n\t\t\t\t<\/div>\n\t\t\t\t\t<\/div>\n\t\t\t\t<\/div>\n\t\t<div class=\"elementor-element elementor-element-4b9f9eb e-flex e-con-boxed e-con e-parent\" data-id=\"4b9f9eb\" data-element_type=\"container\" data-e-type=\"container\" data-settings=\"{&quot;jet_parallax_layout_list&quot;:[],&quot;background_background&quot;:&quot;classic&quot;}\">\n\t\t\t\t\t<div class=\"e-con-inner\">\n\t\t<div class=\"elementor-element elementor-element-1c9bb87 e-grid e-con-boxed e-con e-child\" data-id=\"1c9bb87\" data-element_type=\"container\" data-e-type=\"container\" data-settings=\"{&quot;jet_parallax_layout_list&quot;:[]}\">\n\t\t\t\t\t<div class=\"e-con-inner\">\n\t\t\t\t<div class=\"elementor-element elementor-element-e5a1b76 elementor-widget elementor-widget-heading\" data-id=\"e5a1b76\" data-element_type=\"widget\" data-e-type=\"widget\" data-widget_type=\"heading.default\">\n\t\t\t\t<div class=\"elementor-widget-container\">\n\t\t\t\t\t<h2 class=\"elementor-heading-title elementor-size-xl\">Sicherheit<\/h2>\t\t\t\t<\/div>\n\t\t\t\t<\/div>\n\t\t\t\t\t<\/div>\n\t\t\t\t<\/div>\n\t\t<div class=\"elementor-element elementor-element-8f0139d e-grid e-con-boxed e-con e-child\" data-id=\"8f0139d\" data-element_type=\"container\" data-e-type=\"container\" data-settings=\"{&quot;jet_parallax_layout_list&quot;:[]}\">\n\t\t\t\t\t<div class=\"e-con-inner\">\n\t\t\t\t<div class=\"elementor-element elementor-element-61790cd elementor-widget elementor-widget-text-editor\" data-id=\"61790cd\" data-element_type=\"widget\" data-e-type=\"widget\" data-widget_type=\"text-editor.default\">\n\t\t\t\t<div class=\"elementor-widget-container\">\n\t\t\t\t\t\t\t\t\t<p>Sorgen Sie immer f\u00fcr geeignete Schutzkleidung und Handschuhe. Vermeiden Sie langfristigen Hautkontakt. Achtung: Der Beh\u00e4lter kann unter Druck stehen. Reinigungsmittel f\u00fcr die Werkzeuge: M-Reiniger und f\u00fcr die H\u00e4nde: Slig-Handreiniger (Stockhausen-Seife).   <\/p>\t\t\t\t\t\t\t\t<\/div>\n\t\t\t\t<\/div>\n\t\t\t\t\t<\/div>\n\t\t\t\t<\/div>\n\t\t\t\t\t<\/div>\n\t\t\t\t<\/div>\n\t\t<div class=\"elementor-element elementor-element-3425478 e-flex e-con-boxed e-con e-child\" data-id=\"3425478\" data-element_type=\"container\" data-e-type=\"container\" data-settings=\"{&quot;background_background&quot;:&quot;classic&quot;,&quot;jet_parallax_layout_list&quot;:[]}\">\n\t\t\t\t\t<div class=\"e-con-inner\">\n\t\t\t\t<div class=\"elementor-element elementor-element-f344678 elementor-widget elementor-widget-heading\" data-id=\"f344678\" data-element_type=\"widget\" data-e-type=\"widget\" data-widget_type=\"heading.default\">\n\t\t\t\t<div class=\"elementor-widget-container\">\n\t\t\t\t\t<h2 class=\"elementor-heading-title elementor-size-default\">PU-Schaumstoff Calculator<\/h2>\t\t\t\t<\/div>\n\t\t\t\t<\/div>\n\t\t\t\t<div class=\"elementor-element elementor-element-6d07275 elementor-widget elementor-widget-text-editor\" data-id=\"6d07275\" data-element_type=\"widget\" data-e-type=\"widget\" data-widget_type=\"text-editor.default\">\n\t\t\t\t<div class=\"elementor-widget-container\">\n\t\t\t\t\t\t\t\t\t<p><span style=\"color: #233c76;\">Um die Mengen und Proportionen des Produkts zu berechnen, das Sie ben\u00f6tigen, geben Sie das Produkt und die Gr\u00f6\u00dfe der zu f\u00fcllenden Fl\u00e4che an.<\/span> <\/p>\t\t\t\t\t\t\t\t<\/div>\n\t\t\t\t<\/div>\n\t\t\t\t<div class=\"elementor-element elementor-element-c16c24b elementor-widget elementor-widget-shortcode\" data-id=\"c16c24b\" data-element_type=\"widget\" data-e-type=\"widget\" data-widget_type=\"shortcode.default\">\n\t\t\t\t<div class=\"elementor-widget-container\">\n\t\t\t\t\t\t\t<div class=\"elementor-shortcode\">\t\t<div id=\"pu-foam-calculator\">\n            <select class=\"apo_nice\" id=\"pu_foam_type\" onchange=\"updatePUFoamCalculations()\">\n                <option value=\"5000\">Schaumstoff H200<\/option>\n                <option value=\"13400\">Schaumstoff H75<\/option>\n                <option value=\"20000\">Schaumstoff HR<\/option>\n                <option value=\"6250\">Weichschaum X<\/option>\n                <option value=\"12500\">Weichschaum V<\/option>\n                <option value=\"20830\">Weichschaum III<\/option>\n                <option value=\"2500\">Weichschaum 25<\/option>\n            <\/select>\n            <input class=\"apo_nice\" type=\"number\" id=\"pu_length\" placeholder=\"L\u00e4nge (cm)\" onchange=\"updatePUFoamCalculations()\">\n            <input class=\"apo_nice\" type=\"number\" id=\"pu_width\" placeholder=\"Breite (cm)\" onchange=\"updatePUFoamCalculations()\">\n            <input class=\"apo_nice\" type=\"number\" id=\"pu_height\" placeholder=\"H\u00f6he (cm)\" onchange=\"updatePUFoamCalculations()\">\n            <div class=\"apo_nice\" id=\"pu_result\">Geben Sie einen Wert ein, um die Berechnung zu starten.<\/div>\n        <\/div>\n\t\t<\/div>\n\t\t\t\t\t\t<\/div>\n\t\t\t\t<\/div>\n\t\t\t\t\t<\/div>\n\t\t\t\t<\/div>\n\t\t\t\t<\/div>\n\t\t","protected":false},"excerpt":{"rendered":"<p>Polyurethanschaum mit harter Struktur<\/p>\n<p>PU-Schaum H75 ist ein Polyurethan-Strukturschaum mit einer harten Struktur und einer Hautbildung f\u00fcr Dekorationszwecke. Er ist stabiler und ideal f\u00fcr die Erstellung von Strukturen, die sp\u00e4ter bemalt werden sollen. <\/p>\n","protected":false},"featured_media":14353,"template":"","meta":[],"product_brand":[],"product_cat":[1735,937],"product_tag":[899,932,903,975,943,974,922],"class_list":{"0":"post-15123","1":"product","2":"type-product","3":"status-publish","4":"has-post-thumbnail","6":"product_cat-expansiver-polyurethanschaum","7":"product_cat-polyurethaan-de","8":"product_tag-gieten-de","9":"product_tag-isolatie-de","10":"product_tag-kunst-de","11":"product_tag-schaum","12":"product_tag-set","13":"product_tag-spezialeffekte","14":"product_tag-stijf-de","16":"first","17":"instock","18":"taxable","19":"shipping-taxable","20":"purchasable","21":"product-type-variable"},"_links":{"self":[{"href":"https:\/\/www.finres-sa.com\/de\/wp-json\/wp\/v2\/product\/15123","targetHints":{"allow":["GET"]}}],"collection":[{"href":"https:\/\/www.finres-sa.com\/de\/wp-json\/wp\/v2\/product"}],"about":[{"href":"https:\/\/www.finres-sa.com\/de\/wp-json\/wp\/v2\/types\/product"}],"version-history":[{"count":0,"href":"https:\/\/www.finres-sa.com\/de\/wp-json\/wp\/v2\/product\/15123\/revisions"}],"wp:featuredmedia":[{"embeddable":true,"href":"https:\/\/www.finres-sa.com\/de\/wp-json\/wp\/v2\/media\/14353"}],"wp:attachment":[{"href":"https:\/\/www.finres-sa.com\/de\/wp-json\/wp\/v2\/media?parent=15123"}],"wp:term":[{"taxonomy":"product_brand","embeddable":true,"href":"https:\/\/www.finres-sa.com\/de\/wp-json\/wp\/v2\/product_brand?post=15123"},{"taxonomy":"product_cat","embeddable":true,"href":"https:\/\/www.finres-sa.com\/de\/wp-json\/wp\/v2\/product_cat?post=15123"},{"taxonomy":"product_tag","embeddable":true,"href":"https:\/\/www.finres-sa.com\/de\/wp-json\/wp\/v2\/product_tag?post=15123"}],"curies":[{"name":"wp","href":"https:\/\/api.w.org\/{rel}","templated":true}]}}