{"id":15132,"date":"2023-06-26T18:14:36","date_gmt":"2023-06-26T16:14:36","guid":{"rendered":"https:\/\/www.finres-sa.com\/product\/schaum-pu-kit-h200\/"},"modified":"2026-01-12T16:20:14","modified_gmt":"2026-01-12T15:20:14","slug":"schaum-pu-kit-h200","status":"publish","type":"product","link":"https:\/\/www.finres-sa.com\/de\/produkt\/schaum-pu-kit-h200\/","title":{"rendered":"SCHAUM PU KIT H200"},"content":{"rendered":"\t\t<div data-elementor-type=\"product-post\" data-elementor-id=\"15132\" class=\"elementor elementor-15132\" data-elementor-post-type=\"product\">\n\t\t\t\t<div class=\"elementor-element elementor-element-6d320577 e-flex e-con-boxed e-con e-parent\" data-id=\"6d320577\" data-element_type=\"container\" data-e-type=\"container\" data-settings=\"{&quot;jet_parallax_layout_list&quot;:[]}\">\n\t\t\t\t\t<div class=\"e-con-inner\">\n\t\t\t\t<div class=\"elementor-element elementor-element-703ba990 elementor-widget elementor-widget-text-editor\" data-id=\"703ba990\" data-element_type=\"widget\" data-e-type=\"widget\" data-widget_type=\"text-editor.default\">\n\t\t\t\t<div class=\"elementor-widget-container\">\n\t\t\t\t\t\t\t\t\t<p><span style=\"color: #233c76;\">Polyurethanschaum mit harter Struktur<\/span><\/p>\t\t\t\t\t\t\t\t<\/div>\n\t\t\t\t<\/div>\n\t\t\t\t\t<\/div>\n\t\t\t\t<\/div>\n\t\t<div class=\"elementor-element elementor-element-04653c9 e-flex e-con-boxed e-con e-parent\" data-id=\"04653c9\" data-element_type=\"container\" data-e-type=\"container\" data-settings=\"{&quot;jet_parallax_layout_list&quot;:[],&quot;background_background&quot;:&quot;classic&quot;}\">\n\t\t\t\t\t<div class=\"e-con-inner\">\n\t\t<div class=\"elementor-element elementor-element-7dcc1aa e-grid e-con-boxed e-con e-child\" data-id=\"7dcc1aa\" data-element_type=\"container\" data-e-type=\"container\" data-settings=\"{&quot;jet_parallax_layout_list&quot;:[]}\">\n\t\t\t\t\t<div class=\"e-con-inner\">\n\t\t\t\t<div class=\"elementor-element elementor-element-1ccaf6c elementor-widget elementor-widget-heading\" data-id=\"1ccaf6c\" data-element_type=\"widget\" data-e-type=\"widget\" data-widget_type=\"heading.default\">\n\t\t\t\t<div class=\"elementor-widget-container\">\n\t\t\t\t\t<h2 class=\"elementor-heading-title elementor-size-xl\">Beschreibung<\/h2>\t\t\t\t<\/div>\n\t\t\t\t<\/div>\n\t\t\t\t<div class=\"elementor-element elementor-element-4c92f65 elementor-widget elementor-widget-heading\" data-id=\"4c92f65\" data-element_type=\"widget\" data-e-type=\"widget\" data-widget_type=\"heading.default\">\n\t\t\t\t<div class=\"elementor-widget-container\">\n\t\t\t\t\t<h2 class=\"elementor-heading-title elementor-size-xl\">Anweisungen<\/h2>\t\t\t\t<\/div>\n\t\t\t\t<\/div>\n\t\t\t\t\t<\/div>\n\t\t\t\t<\/div>\n\t\t<div class=\"elementor-element elementor-element-f9b9db5 e-grid e-con-boxed e-con e-child\" data-id=\"f9b9db5\" data-element_type=\"container\" data-e-type=\"container\" data-settings=\"{&quot;jet_parallax_layout_list&quot;:[]}\">\n\t\t\t\t\t<div class=\"e-con-inner\">\n\t\t\t\t<div class=\"elementor-element elementor-element-114b3d4 elementor-widget elementor-widget-text-editor\" data-id=\"114b3d4\" data-element_type=\"widget\" data-e-type=\"widget\" data-widget_type=\"text-editor.default\">\n\t\t\t\t<div class=\"elementor-widget-container\">\n\t\t\t\t\t\t\t\t\t<p>PU-Schaum H200 ist ein Polyurethan-Strukturschaum mit einer festen Struktur. Nach der Aush\u00e4rtung erh\u00e4lt man einen sehr harten Schaum mit einer geschlossenen Zellstruktur und einer Haut mit einer Dichte von 200 kg\/m\u00b3. FCKW-freies schwimmendes Mittel. Best\u00e4ndig gegen Chemikalien und S\u00e4uren.   <\/p><p>Um L\u00fccken oder Hohlformen zu f\u00fcllen. Holz kann mit H 200 nachgeahmt werden, wenn es z.B. in eine Silikonform gegossen wird. Wird auch in der Orthop\u00e4die zur Herstellung von Schuhleisten verwendet. F\u00fcr die Herstellung von Griffen. Aufgrund seiner geschlossenen Zellstruktur ist es f\u00fcr einen l\u00e4ngeren Kontakt mit Wasser geeignet. Kann gestrichen, geklebt, gef\u00fcllt, genagelt und geschraubt werden. Kann mit 5% PUR-Pigment gef\u00e4rbt werden. Achtung: Ergibt keine homogene Farbe. Bei Sonneneinstrahlung kann sich das Material nach einiger Zeit verf\u00e4rben. farblos-gelb 260 mPas ca. 1,09 gr\/cm\u00b3 6 Monate in geschlossener Verpackung fl\u00fcssig 20 0 kg\/m\u00b3         <\/p>\t\t\t\t\t\t\t\t<\/div>\n\t\t\t\t<\/div>\n\t\t\t\t<div class=\"elementor-element elementor-element-4712155 elementor-widget elementor-widget-text-editor\" data-id=\"4712155\" data-element_type=\"widget\" data-e-type=\"widget\" data-widget_type=\"text-editor.default\">\n\t\t\t\t<div class=\"elementor-widget-container\">\n\t\t\t\t\t\t\t\t\t<p>Mischen Sie die beiden Komponenten in einem Gewichtsverh\u00e4ltnis von 100\/100 und gie\u00dfen Sie sie in die Form oder den Bereich, der gef\u00fcllt werden soll.<\/p><p>Die Topfzeit betr\u00e4gt ca. 65 Sekunden.<\/p><p>Die Ausdehnung betr\u00e4gt etwa 5 x das Volumen.<\/p><p>Trocknen nach 15 Min.<\/p><p>Nach 20 Minuten verformbar. und nach 12 Stunden vollst\u00e4ndig ausgeh\u00e4rtet. <\/p><p>Die Verarbeitungstemperatur sollte zwischen 20\u00b0C und 25\u00b0C liegen.<\/p><p>Bewahren Sie den Schaum zwischen 10 und 25 \u00b0C auf.<\/p><p>Das Mischen erfolgt vorzugsweise mit einem mechanischen Mischer.<\/p><p>Als Trennmittel empfehlen wir APW.<\/p>\t\t\t\t\t\t\t\t<\/div>\n\t\t\t\t<\/div>\n\t\t\t\t\t<\/div>\n\t\t\t\t<\/div>\n\t\t\t\t\t<\/div>\n\t\t\t\t<\/div>\n\t\t<div class=\"elementor-element elementor-element-ea44681 e-flex e-con-boxed e-con e-parent\" data-id=\"ea44681\" data-element_type=\"container\" data-e-type=\"container\" data-settings=\"{&quot;jet_parallax_layout_list&quot;:[],&quot;background_background&quot;:&quot;classic&quot;}\">\n\t\t\t\t\t<div class=\"e-con-inner\">\n\t\t<div class=\"elementor-element elementor-element-7717b09 e-grid e-con-boxed e-con e-child\" data-id=\"7717b09\" data-element_type=\"container\" data-e-type=\"container\" data-settings=\"{&quot;jet_parallax_layout_list&quot;:[]}\">\n\t\t\t\t\t<div class=\"e-con-inner\">\n\t\t\t\t<div class=\"elementor-element elementor-element-740eb5d elementor-widget elementor-widget-heading\" data-id=\"740eb5d\" data-element_type=\"widget\" data-e-type=\"widget\" data-widget_type=\"heading.default\">\n\t\t\t\t<div class=\"elementor-widget-container\">\n\t\t\t\t\t<h2 class=\"elementor-heading-title elementor-size-xl\">Sicherheit<\/h2>\t\t\t\t<\/div>\n\t\t\t\t<\/div>\n\t\t\t\t\t<\/div>\n\t\t\t\t<\/div>\n\t\t<div class=\"elementor-element elementor-element-9e65bd3 e-grid e-con-boxed e-con e-child\" data-id=\"9e65bd3\" data-element_type=\"container\" data-e-type=\"container\" data-settings=\"{&quot;jet_parallax_layout_list&quot;:[]}\">\n\t\t\t\t\t<div class=\"e-con-inner\">\n\t\t\t\t<div class=\"elementor-element elementor-element-8e15aec elementor-widget elementor-widget-text-editor\" data-id=\"8e15aec\" data-element_type=\"widget\" data-e-type=\"widget\" data-widget_type=\"text-editor.default\">\n\t\t\t\t<div class=\"elementor-widget-container\">\n\t\t\t\t\t\t\t\t\t<p>Tragen Sie immer geeignete Schutzkleidung und Handschuhe. Vermeiden Sie langfristigen Hautkontakt. Achtung: Die Verpackung kann unter Druck stehen.  <\/p>\t\t\t\t\t\t\t\t<\/div>\n\t\t\t\t<\/div>\n\t\t\t\t\t<\/div>\n\t\t\t\t<\/div>\n\t\t\t\t\t<\/div>\n\t\t\t\t<\/div>\n\t\t<div class=\"elementor-element elementor-element-afbafeb e-flex e-con-boxed e-con e-child\" data-id=\"afbafeb\" data-element_type=\"container\" data-e-type=\"container\" data-settings=\"{&quot;background_background&quot;:&quot;classic&quot;,&quot;jet_parallax_layout_list&quot;:[]}\">\n\t\t\t\t\t<div class=\"e-con-inner\">\n\t\t\t\t<div class=\"elementor-element elementor-element-64c98dc elementor-widget elementor-widget-heading\" data-id=\"64c98dc\" data-element_type=\"widget\" data-e-type=\"widget\" data-widget_type=\"heading.default\">\n\t\t\t\t<div class=\"elementor-widget-container\">\n\t\t\t\t\t<h2 class=\"elementor-heading-title elementor-size-default\">PU-Schaumstoff Calculator<\/h2>\t\t\t\t<\/div>\n\t\t\t\t<\/div>\n\t\t\t\t<div class=\"elementor-element elementor-element-16e609b elementor-widget elementor-widget-text-editor\" data-id=\"16e609b\" data-element_type=\"widget\" data-e-type=\"widget\" data-widget_type=\"text-editor.default\">\n\t\t\t\t<div class=\"elementor-widget-container\">\n\t\t\t\t\t\t\t\t\t<p><span style=\"color: #233c76;\">Um die Mengen und Proportionen des Produkts zu berechnen, das Sie ben\u00f6tigen, geben Sie das Produkt und die Gr\u00f6\u00dfe der zu f\u00fcllenden Fl\u00e4che an.<\/span> <\/p>\t\t\t\t\t\t\t\t<\/div>\n\t\t\t\t<\/div>\n\t\t\t\t<div class=\"elementor-element elementor-element-12f4d8c elementor-widget elementor-widget-shortcode\" data-id=\"12f4d8c\" data-element_type=\"widget\" data-e-type=\"widget\" data-widget_type=\"shortcode.default\">\n\t\t\t\t<div class=\"elementor-widget-container\">\n\t\t\t\t\t\t\t<div class=\"elementor-shortcode\">\t\t<div id=\"pu-foam-calculator\">\n            <select class=\"apo_nice\" id=\"pu_foam_type\" onchange=\"updatePUFoamCalculations()\">\n                <option value=\"5000\">Schaumstoff H200<\/option>\n                <option value=\"13400\">Schaumstoff H75<\/option>\n                <option value=\"20000\">Schaumstoff HR<\/option>\n                <option value=\"6250\">Weichschaum X<\/option>\n                <option value=\"12500\">Weichschaum V<\/option>\n                <option value=\"20830\">Weichschaum III<\/option>\n                <option value=\"2500\">Weichschaum 25<\/option>\n            <\/select>\n            <input class=\"apo_nice\" type=\"number\" id=\"pu_length\" placeholder=\"L\u00e4nge (cm)\" onchange=\"updatePUFoamCalculations()\">\n            <input class=\"apo_nice\" type=\"number\" id=\"pu_width\" placeholder=\"Breite (cm)\" onchange=\"updatePUFoamCalculations()\">\n            <input class=\"apo_nice\" type=\"number\" id=\"pu_height\" placeholder=\"H\u00f6he (cm)\" onchange=\"updatePUFoamCalculations()\">\n            <div class=\"apo_nice\" id=\"pu_result\">Geben Sie einen Wert ein, um die Berechnung zu starten.<\/div>\n        <\/div>\n\t\t<\/div>\n\t\t\t\t\t\t<\/div>\n\t\t\t\t<\/div>\n\t\t\t\t\t<\/div>\n\t\t\t\t<\/div>\n\t\t\t\t<\/div>\n\t\t","protected":false},"excerpt":{"rendered":"<p>Polyurethanschaum mit harter Struktur<\/p>\n<p>PU-Schaum H200 ist ein Polyurethan-Strukturschaum mit einer festen Struktur. Nach der Aush\u00e4rtung erh\u00e4lt man einen sehr harten Schaum mit einer geschlossenen Zellstruktur und einer Haut mit einer Dichte von 200 kg\/m\u00b3. FCKW-freies schwimmendes Mittel. Best\u00e4ndig gegen Chemikalien und S\u00e4uren.   <\/p>\n","protected":false},"featured_media":15133,"template":"","meta":[],"product_brand":[],"product_cat":[1735,937],"product_tag":[899,932,903,975,943,974,922,928],"class_list":{"0":"post-15132","1":"product","2":"type-product","3":"status-publish","4":"has-post-thumbnail","6":"product_cat-expansiver-polyurethanschaum","7":"product_cat-polyurethaan-de","8":"product_tag-gieten-de","9":"product_tag-isolatie-de","10":"product_tag-kunst-de","11":"product_tag-schaum","12":"product_tag-set","13":"product_tag-spezialeffekte","14":"product_tag-stijf-de","15":"product_tag-waterbestendig-de","17":"first","18":"instock","19":"taxable","20":"shipping-taxable","21":"purchasable","22":"product-type-variable"},"_links":{"self":[{"href":"https:\/\/www.finres-sa.com\/de\/wp-json\/wp\/v2\/product\/15132","targetHints":{"allow":["GET"]}}],"collection":[{"href":"https:\/\/www.finres-sa.com\/de\/wp-json\/wp\/v2\/product"}],"about":[{"href":"https:\/\/www.finres-sa.com\/de\/wp-json\/wp\/v2\/types\/product"}],"version-history":[{"count":1,"href":"https:\/\/www.finres-sa.com\/de\/wp-json\/wp\/v2\/product\/15132\/revisions"}],"predecessor-version":[{"id":35167,"href":"https:\/\/www.finres-sa.com\/de\/wp-json\/wp\/v2\/product\/15132\/revisions\/35167"}],"wp:featuredmedia":[{"embeddable":true,"href":"https:\/\/www.finres-sa.com\/de\/wp-json\/wp\/v2\/media\/15133"}],"wp:attachment":[{"href":"https:\/\/www.finres-sa.com\/de\/wp-json\/wp\/v2\/media?parent=15132"}],"wp:term":[{"taxonomy":"product_brand","embeddable":true,"href":"https:\/\/www.finres-sa.com\/de\/wp-json\/wp\/v2\/product_brand?post=15132"},{"taxonomy":"product_cat","embeddable":true,"href":"https:\/\/www.finres-sa.com\/de\/wp-json\/wp\/v2\/product_cat?post=15132"},{"taxonomy":"product_tag","embeddable":true,"href":"https:\/\/www.finres-sa.com\/de\/wp-json\/wp\/v2\/product_tag?post=15132"}],"curies":[{"name":"wp","href":"https:\/\/api.w.org\/{rel}","templated":true}]}}