{"id":15193,"date":"2023-06-26T18:14:35","date_gmt":"2023-06-26T16:14:35","guid":{"rendered":"https:\/\/www.finres-sa.com\/product\/schaum-pu-weiches-kit-foam-iii\/"},"modified":"2026-04-20T11:52:17","modified_gmt":"2026-04-20T09:52:17","slug":"schaum-pu-weiches-kit-foam-iii","status":"publish","type":"product","link":"https:\/\/www.finres-sa.com\/de\/produkt\/schaum-pu-weiches-kit-foam-iii\/","title":{"rendered":"SCHAUM PU WEICHES KIT FOAM III"},"content":{"rendered":"\t\t<div data-elementor-type=\"product-post\" data-elementor-id=\"15193\" class=\"elementor elementor-15193 elementor-5508\" data-elementor-post-type=\"product\">\n\t\t\t\t<div class=\"elementor-element elementor-element-47c52eb7 e-flex e-con-boxed e-con e-parent\" data-id=\"47c52eb7\" data-element_type=\"container\" data-e-type=\"container\" data-settings=\"{&quot;jet_parallax_layout_list&quot;:[]}\">\n\t\t\t\t\t<div class=\"e-con-inner\">\n\t\t\t\t<div class=\"elementor-element elementor-element-55c4c320 elementor-widget elementor-widget-text-editor\" data-id=\"55c4c320\" data-element_type=\"widget\" data-e-type=\"widget\" data-widget_type=\"text-editor.default\">\n\t\t\t\t<div class=\"elementor-widget-container\">\n\t\t\t\t\t\t\t\t\t<p data-pm-slice=\"1 1 []\">Die Schaumstoffe der FlexFoam-iT!\u2122-Serie sind hochwertige Systeme, die innerhalb von 1 Minute expandieren und nach dem Aush\u00e4rten flexibel bleiben. Sie k\u00f6nnen f\u00fcr eine Vielzahl von Industrieprojekten, Spezialeffekten, Kunst und Kunsthandwerk verwendet werden, da sie in 4 verschiedenen Dichten erh\u00e4ltlich sind.<\/p><p>Flexfoam X Polyurethanschaum wird in Form von zwei Fl\u00fcssigkeiten angeboten, die zu gleichen Teilen gemischt und dann in eine Form gegossen werden.<\/p><p>Die Mischung kann in Volumen erfolgen, so dass Sie keine Waage ben\u00f6tigen, um sie zu verarbeiten.<\/p><p>Das Verh\u00e4ltnis betr\u00e4gt 1:1 und die niedrige Viskosit\u00e4t erm\u00f6glicht ein einfaches und homogenes Mischen. Nach 30 Sekunden beginnt die Mischung zu sch\u00e4umen und h\u00e4rtet schnell zu einem festen und flexiblen Schaum aus. <\/p><p>Die Ausdehnung eines Polyurethanschaums h\u00e4ngt von seiner Dichte ab. Je niedriger der Index ist, desto mehr dehnt sich der Schaum aus und die Ausdehnung ist gr\u00f6\u00dfer. Die Dichte des Schaums erm\u00f6glicht die Berechnung des ben\u00f6tigten F\u00fcllvolumens. <\/p><p> Aufgrund der unterschiedlichen Dichten sind weiche PU-Sch\u00e4ume ideal f\u00fcr die Herstellung von Kampfwerkzeugen (Schwerter, Messer, H\u00e4mmer usw.), industriellen Dichtungen, kundenspezifischen Polsterungen, aber auch als Reparaturmaterial f\u00fcr Sitze, f\u00fcr die Gestaltung von ma\u00dfgeschneiderten Transportbeh\u00e4ltern, falschen Filmrequisiten, K\u00f6rpern, Lebensmitteln oder anderen unglaublich realistischen Gegenst\u00e4nden.<\/p><p>Polyurethanprodukte und Polyurethansch\u00e4ume k\u00f6nnen mit den 9 Farbstoffen aus dem SO-Strong\u2122 Sortiment in der Masse pigmentiert werden.<\/p>\t\t\t\t\t\t\t\t<\/div>\n\t\t\t\t<\/div>\n\t\t\t\t\t<\/div>\n\t\t\t\t<\/div>\n\t\t<div class=\"elementor-element elementor-element-a984011 e-flex e-con-boxed e-con e-parent\" data-id=\"a984011\" data-element_type=\"container\" data-e-type=\"container\" data-settings=\"{&quot;jet_parallax_layout_list&quot;:[],&quot;background_background&quot;:&quot;classic&quot;}\">\n\t\t\t\t\t<div class=\"e-con-inner\">\n\t\t<div class=\"elementor-element elementor-element-aa79f3c e-grid e-con-boxed e-con e-child\" data-id=\"aa79f3c\" data-element_type=\"container\" data-e-type=\"container\" data-settings=\"{&quot;jet_parallax_layout_list&quot;:[]}\">\n\t\t\t\t\t<div class=\"e-con-inner\">\n\t\t\t\t<div class=\"elementor-element elementor-element-aa2e9b5 elementor-widget elementor-widget-heading\" data-id=\"aa2e9b5\" data-element_type=\"widget\" data-e-type=\"widget\" data-widget_type=\"heading.default\">\n\t\t\t\t<div class=\"elementor-widget-container\">\n\t\t\t\t\t<h2 class=\"elementor-heading-title elementor-size-xl\">Merkmale<\/h2>\t\t\t\t<\/div>\n\t\t\t\t<\/div>\n\t\t\t\t\t<\/div>\n\t\t\t\t<\/div>\n\t\t<div class=\"elementor-element elementor-element-adccd35 e-grid e-con-boxed e-con e-child\" data-id=\"adccd35\" data-element_type=\"container\" data-e-type=\"container\" data-settings=\"{&quot;jet_parallax_layout_list&quot;:[]}\">\n\t\t\t\t\t<div class=\"e-con-inner\">\n\t\t\t\t<div class=\"elementor-element elementor-element-4948369 elementor-widget elementor-widget-text-editor\" data-id=\"4948369\" data-element_type=\"widget\" data-e-type=\"widget\" data-widget_type=\"text-editor.default\">\n\t\t\t\t<div class=\"elementor-widget-container\">\n\t\t\t\t\t\t\t\t\t<p data-pm-slice=\"1 1 []\">Mischungsverh\u00e4ltnis in Volumen: 1:2, Mischungsverh\u00e4ltnis in Gewicht 100A : 200 B<\/p><p>Dichte: 48 kg\/m\u00b3<\/p><p>Ausdehnung: X15<\/p><p>Farbe: wei\u00dflich<\/p><p>Verarbeitungszeit: 35 Sek.<\/p><p>Entnahme aus der Form: 25 Min.<\/p><p>Vollst\u00e4ndige Polymerisation: 2 Stunden<\/p>\t\t\t\t\t\t\t\t<\/div>\n\t\t\t\t<\/div>\n\t\t\t\t\t<\/div>\n\t\t\t\t<\/div>\n\t\t\t\t\t<\/div>\n\t\t\t\t<\/div>\n\t\t<div class=\"elementor-element elementor-element-bf86ec7 e-flex e-con-boxed e-con e-parent\" data-id=\"bf86ec7\" data-element_type=\"container\" data-e-type=\"container\" data-settings=\"{&quot;jet_parallax_layout_list&quot;:[],&quot;background_background&quot;:&quot;classic&quot;}\">\n\t\t\t\t\t<div class=\"e-con-inner\">\n\t\t<div class=\"elementor-element elementor-element-8607e64 e-grid e-con-boxed e-con e-child\" data-id=\"8607e64\" data-element_type=\"container\" data-e-type=\"container\" data-settings=\"{&quot;jet_parallax_layout_list&quot;:[]}\">\n\t\t\t\t\t<div class=\"e-con-inner\">\n\t\t\t\t<div class=\"elementor-element elementor-element-587904c elementor-widget elementor-widget-heading\" data-id=\"587904c\" data-element_type=\"widget\" data-e-type=\"widget\" data-widget_type=\"heading.default\">\n\t\t\t\t<div class=\"elementor-widget-container\">\n\t\t\t\t\t<h2 class=\"elementor-heading-title elementor-size-xl\">Umsetzung<\/h2>\t\t\t\t<\/div>\n\t\t\t\t<\/div>\n\t\t\t\t\t<\/div>\n\t\t\t\t<\/div>\n\t\t<div class=\"elementor-element elementor-element-d83bd80 e-grid e-con-boxed e-con e-child\" data-id=\"d83bd80\" data-element_type=\"container\" data-e-type=\"container\" data-settings=\"{&quot;jet_parallax_layout_list&quot;:[]}\">\n\t\t\t\t\t<div class=\"e-con-inner\">\n\t\t\t\t<div class=\"elementor-element elementor-element-b491566 elementor-widget elementor-widget-text-editor\" data-id=\"b491566\" data-element_type=\"widget\" data-e-type=\"widget\" data-widget_type=\"text-editor.default\">\n\t\t\t\t<div class=\"elementor-widget-container\">\n\t\t\t\t\t\t\t\t\t<p data-pm-slice=\"1 1 []\"><strong>1 &#8211; Vorbereitung<\/strong><\/p><p>Oberfl\u00e4che: Stellen Sie sicher, dass die zu behandelnden Oberfl\u00e4chen sauber, trocken und frei von Staub, Fett und \u00d6l sind.<\/p><p>Temperatur: Bringen Sie den Schaum in einer Umgebung mit geringer Luftfeuchtigkeit bei einer Raumtemperatur von 23\u00b0C auf.<\/p><p>Schutz: Sch\u00fctzen Sie die umliegenden Bereiche mit Klebeband und Planen, um ein versehentliches \u00dcberlaufen zu verhindern.<\/p><p>Der Mischbeh\u00e4lter sollte gerade Seiten und einen flachen Boden haben. Die Mischst\u00e4bchen sollten flach und steif mit definierten Kanten sein, um die Seiten und den Boden Ihres Mischgef\u00e4\u00dfes abkratzen zu k\u00f6nnen. <\/p><p><strong>2- Trennmittel<\/strong><\/p><p>Polyurethanschaum hat eine starke Haftung auf vielen Oberfl\u00e4chen (Holz, Beton, Stein, Gips usw.), daher ist es notwendig, ein Trennmittel zu verwenden.<\/p><p>WARNUNG: Verwenden Sie kein Trennmittel auf Silikonbasis. Dadurch w\u00fcrde der Schaum zusammenfallen. <\/p><p><strong>3 &#8211; Mischungsverh\u00e4ltnis<\/strong><\/p><p>Mischungsverh\u00e4ltnis in Volumen: 1:1<\/p><p>Mischungsverh\u00e4ltnis in Gewicht: 105A : 100 B<\/p><p><strong>4 &#8211; Menge<\/strong><\/p><p>Verwenden Sie unseren Rechner am Ende der Seite, um die Menge des ben\u00f6tigten Schaums zu berechnen.<\/p><p><strong>5 &#8211; Vormischen und Mischen<\/strong><\/p><p>Sch\u00fctteln Sie die Flaschen in den Teilen A und B kr\u00e4ftig, bevor Sie sie \u00f6ffnen und verteilen.<\/p><p>Nachdem Sie die Menge an Schaumstoff berechnet und gewogen haben, die f\u00fcr die F\u00fcllung Ihrer Form erforderlich ist, gie\u00dfen Sie Komponente B in Komponente A. Die Komponente B wird in die Form gegossen und die Komponente A in die Form gegossen.<\/p><p>Mischen Sie schnell und bewusst mindestens 15 Sekunden lang. Achten Sie darauf, dass Sie die Seiten und den Boden des Mischgef\u00e4\u00dfes mehrmals abkratzen. <\/p><p>Denken Sie daran, dass diese Materialien schnell expandieren und aush\u00e4rten. Warten Sie nicht zu lange mit dem Einf\u00fcllen in die Form. <\/p><p><strong>6 &#8211; F\u00fcllen der Form<\/strong><\/p><p> Die besten Ergebnisse erzielen Sie, wenn Sie Ihre Mischung in einem einzigen Punkt am tiefsten Punkt des Eind\u00e4mmungsfeldes gie\u00dfen und die Mischung sich selbst nivellieren lassen.<\/p><p>Lassen Sie Raum im Containmentfeld, damit sich der Schaum entwickeln kann, wenn er sein Endvolumen erreicht.<\/p><p><strong>7 &#8211; Aush\u00e4rtung<\/strong><\/p><p>Lassen Sie den Schaum mindestens 30 Minuten lang aush\u00e4rten, bevor Sie ihn handhaben.<\/p><p>Die vollst\u00e4ndige Trocknung erfolgt nach 2 Stunden.<\/p><p><strong>8 &#8211; Rat<\/strong><\/p><p> Gro\u00dfes Volumen: Das Gie\u00dfen gro\u00dfer Mengen auf einmal in bestimmten Formkonfigurationen (z.B. zylindrisch) kann zu \u00dcberhitzung und Rissbildung f\u00fchren. Das Gie\u00dfen in Schichten kann dieses Problem l\u00f6sen. <\/p><p>Pigmentierung: Geben Sie den Farbstoff in Komponente A, mischen Sie kr\u00e4ftig und geben Sie dann Komponente B in die Mischung im Beh\u00e4lter.<\/p><p>F\u00e4llt Ihr Schaum in sich zusammen? Dies ist ein h\u00e4ufiges Ph\u00e4nomen, das mit K\u00e4lte oder einer falschen Mischung in Verbindung gebracht wird. <\/p><p><strong>9 &#8211; Lagerung<\/strong><\/p><p>Dieser Produkttyp hat eine begrenzte Haltbarkeit und sollte so bald wie m\u00f6glich aufgebraucht werden.<\/p><p><strong>10- Sicherheit<\/strong><\/p><p>sch\u00e4dlich beim Einatmen. sch\u00e4dlich beim Einatmen. <\/p><p> Tragen Sie eine Schutzbrille, lange \u00c4rmel und Handschuhe, um die Kontamination zu minimieren.<\/p><p>Kontakt mit der Haut und den Augen kann zu schweren Reizungen f\u00fchren.<\/p><p>Teil B (blaues Etikett) reizt die Augen und die Haut. L\u00e4ngeren oder wiederholten Kontakt mit der Haut vermeiden. <\/p><p>Teil A (gelbes Etikett) enth\u00e4lt Methylendiphenyldiisokant. Die D\u00e4mpfe, die bei Erhitzen oder Verspr\u00fchen erheblich sein k\u00f6nnen, k\u00f6nnen Lungensch\u00e4den und Sensibilisierung verursachen. Nur bei ausreichender Bel\u00fcftung verwenden.  <\/p>\t\t\t\t\t\t\t\t<\/div>\n\t\t\t\t<\/div>\n\t\t\t\t\t<\/div>\n\t\t\t\t<\/div>\n\t\t\t\t\t<\/div>\n\t\t\t\t<\/div>\n\t\t<div class=\"elementor-element elementor-element-280afa3 e-flex e-con-boxed e-con e-child\" data-id=\"280afa3\" data-element_type=\"container\" data-e-type=\"container\" data-settings=\"{&quot;background_background&quot;:&quot;classic&quot;,&quot;jet_parallax_layout_list&quot;:[]}\">\n\t\t\t\t\t<div class=\"e-con-inner\">\n\t\t\t\t<div class=\"elementor-element elementor-element-af16624 elementor-widget elementor-widget-heading\" data-id=\"af16624\" data-element_type=\"widget\" data-e-type=\"widget\" data-widget_type=\"heading.default\">\n\t\t\t\t<div class=\"elementor-widget-container\">\n\t\t\t\t\t<h2 class=\"elementor-heading-title elementor-size-default\">PU-Schaumstoff Calculator<\/h2>\t\t\t\t<\/div>\n\t\t\t\t<\/div>\n\t\t\t\t<div class=\"elementor-element elementor-element-dde7dab elementor-widget elementor-widget-text-editor\" data-id=\"dde7dab\" data-element_type=\"widget\" data-e-type=\"widget\" data-widget_type=\"text-editor.default\">\n\t\t\t\t<div class=\"elementor-widget-container\">\n\t\t\t\t\t\t\t\t\t<p><span style=\"color: #233c76;\">Um die Mengen und Proportionen des Produkts zu berechnen, das Sie ben\u00f6tigen, geben Sie das Produkt und die Gr\u00f6\u00dfe der zu f\u00fcllenden Fl\u00e4che an.<\/span> <\/p>\t\t\t\t\t\t\t\t<\/div>\n\t\t\t\t<\/div>\n\t\t\t\t<div class=\"elementor-element elementor-element-ab98b5b elementor-widget elementor-widget-shortcode\" data-id=\"ab98b5b\" data-element_type=\"widget\" data-e-type=\"widget\" data-widget_type=\"shortcode.default\">\n\t\t\t\t<div class=\"elementor-widget-container\">\n\t\t\t\t\t\t\t<div class=\"elementor-shortcode\">\t\t<div id=\"pu-foam-calculator\">\n            <select class=\"apo_nice\" id=\"pu_foam_type\" onchange=\"updatePUFoamCalculations()\">\n                <option value=\"5000\">Schaumstoff H200<\/option>\n                <option value=\"13400\">Schaumstoff H75<\/option>\n                <option value=\"20000\">Schaumstoff HR<\/option>\n                <option value=\"6250\">Weichschaum X<\/option>\n                <option value=\"12500\">Weichschaum V<\/option>\n                <option value=\"20830\">Weichschaum III<\/option>\n                <option value=\"2500\">Weichschaum 25<\/option>\n            <\/select>\n            <input class=\"apo_nice\" type=\"number\" id=\"pu_length\" placeholder=\"L\u00e4nge (cm)\" onchange=\"updatePUFoamCalculations()\">\n            <input class=\"apo_nice\" type=\"number\" id=\"pu_width\" placeholder=\"Breite (cm)\" onchange=\"updatePUFoamCalculations()\">\n            <input class=\"apo_nice\" type=\"number\" id=\"pu_height\" placeholder=\"H\u00f6he (cm)\" onchange=\"updatePUFoamCalculations()\">\n            <div class=\"apo_nice\" id=\"pu_result\">Geben Sie einen Wert ein, um die Berechnung zu starten.<\/div>\n        <\/div>\n\t\t<\/div>\n\t\t\t\t\t\t<\/div>\n\t\t\t\t<\/div>\n\t\t\t\t\t<\/div>\n\t\t\t\t<\/div>\n\t\t\t\t<\/div>\n\t\t","protected":false},"excerpt":{"rendered":"<p><span style=\"color: #ffffff;\">Die Schaumstoffe der FlexFoam-iT!\u2122-Serie sind weiche Schaumstoffe, die innerhalb von 1 Minute expandieren und f\u00fcr eine Vielzahl von handwerklichen Projekten, Spezialeffekten, Kunstwerken und M\u00f6beldesigns verwendet werden k\u00f6nnen. Sie werden in Form von zwei Fl\u00fcssigkeiten angeboten, wobei die Basis mit dem Katalysator gemischt und in eine Form gegossen werden muss.<\/span><\/p>\n","protected":false},"featured_media":15194,"template":"","meta":[],"product_brand":[],"product_cat":[1735,896,937],"product_tag":[899,903,975,943,974,969],"class_list":{"0":"post-15193","1":"product","2":"type-product","3":"status-publish","4":"has-post-thumbnail","6":"product_cat-expansiver-polyurethanschaum","7":"product_cat-gietvormen-en-siliconen-de","8":"product_cat-polyurethaan-de","9":"product_tag-gieten-de","10":"product_tag-kunst-de","11":"product_tag-schaum","12":"product_tag-set","13":"product_tag-spezialeffekte","14":"product_tag-weich","16":"first","17":"instock","18":"taxable","19":"shipping-taxable","20":"purchasable","21":"product-type-variable"},"_links":{"self":[{"href":"https:\/\/www.finres-sa.com\/de\/wp-json\/wp\/v2\/product\/15193","targetHints":{"allow":["GET"]}}],"collection":[{"href":"https:\/\/www.finres-sa.com\/de\/wp-json\/wp\/v2\/product"}],"about":[{"href":"https:\/\/www.finres-sa.com\/de\/wp-json\/wp\/v2\/types\/product"}],"version-history":[{"count":1,"href":"https:\/\/www.finres-sa.com\/de\/wp-json\/wp\/v2\/product\/15193\/revisions"}],"predecessor-version":[{"id":37333,"href":"https:\/\/www.finres-sa.com\/de\/wp-json\/wp\/v2\/product\/15193\/revisions\/37333"}],"wp:featuredmedia":[{"embeddable":true,"href":"https:\/\/www.finres-sa.com\/de\/wp-json\/wp\/v2\/media\/15194"}],"wp:attachment":[{"href":"https:\/\/www.finres-sa.com\/de\/wp-json\/wp\/v2\/media?parent=15193"}],"wp:term":[{"taxonomy":"product_brand","embeddable":true,"href":"https:\/\/www.finres-sa.com\/de\/wp-json\/wp\/v2\/product_brand?post=15193"},{"taxonomy":"product_cat","embeddable":true,"href":"https:\/\/www.finres-sa.com\/de\/wp-json\/wp\/v2\/product_cat?post=15193"},{"taxonomy":"product_tag","embeddable":true,"href":"https:\/\/www.finres-sa.com\/de\/wp-json\/wp\/v2\/product_tag?post=15193"}],"curies":[{"name":"wp","href":"https:\/\/api.w.org\/{rel}","templated":true}]}}