{"id":15241,"date":"2024-03-22T10:30:36","date_gmt":"2024-03-22T09:30:36","guid":{"rendered":"https:\/\/www.finres-sa.com\/product\/glassroxx-metallisch\/"},"modified":"2026-03-19T15:17:28","modified_gmt":"2026-03-19T14:17:28","slug":"glassroxx-metallisch","status":"publish","type":"product","link":"https:\/\/www.finres-sa.com\/de\/produkt\/glassroxx-metallisch\/","title":{"rendered":"GLASSROXX &#8211; Metallisch 150g"},"content":{"rendered":"\t\t<div data-elementor-type=\"product-post\" data-elementor-id=\"15241\" class=\"elementor elementor-15241 elementor-13654\" data-elementor-post-type=\"product\">\n\t\t\t\t<div class=\"elementor-element elementor-element-38a9ba8 e-flex e-con-boxed e-con e-parent\" data-id=\"38a9ba8\" data-element_type=\"container\" data-e-type=\"container\" data-settings=\"{&quot;jet_parallax_layout_list&quot;:[]}\">\n\t\t\t\t\t<div class=\"e-con-inner\">\n\t\t\t\t<div class=\"elementor-element elementor-element-7453465 elementor-widget elementor-widget-text-editor\" data-id=\"7453465\" data-element_type=\"widget\" data-e-type=\"widget\" data-widget_type=\"text-editor.default\">\n\t\t\t\t<div class=\"elementor-widget-container\">\n\t\t\t\t\t\t\t\t\t<p><span style=\"color: #233c76;\">Glassroxx sind Glasperlen, die vollst\u00e4ndig aus recyceltem Glas hergestellt werden. Diese Granulate sind mit nachhaltigen organischen Pigmenten auf Wasserbasis gef\u00e4rbt und verleihen selbst den kreativsten Projekten eine spannende Dimension. <\/span><\/p><p><span style=\"color: #233c76;\">Dieses Produkt zeichnet sich durch einen vollst\u00e4ndig zirkul\u00e4ren Lebenszyklus aus und bietet somit eine gute Alternative zu Glitter, der weniger umweltfreundlich ist.<\/span><\/p><p><span style=\"color: #233c76;\">Glasperlen bieten unendliche M\u00f6glichkeiten zum Experimentieren und Personalisieren, egal ob sie f\u00fcr die Herstellung von Schmuck, Innendekoration, Skulpturen oder Harzkunst verwendet werden. Die Transparenz und die Brechung des Lichts erzeugen ein dynamisches Spiel der Reflexionen, das dem fertigen Werk Tiefe und Glanz verleiht. <\/span><\/p><p><span style=\"color: #233c76;\">Sch\u00f6n, aber nicht nur sch\u00f6n! Neben ihrer \u00e4sthetischen Attraktivit\u00e4t tragen die in das Harz eingedrungenen Glasperlen auch zur strukturellen Integrit\u00e4t des Endprodukts bei. Dies macht Ihre Arbeiten widerstandsf\u00e4higer und langlebiger.  <\/span><\/p>\t\t\t\t\t\t\t\t<\/div>\n\t\t\t\t<\/div>\n\t\t\t\t\t<\/div>\n\t\t\t\t<\/div>\n\t\t<div class=\"elementor-element elementor-element-e04864a e-flex e-con-boxed e-con e-parent\" data-id=\"e04864a\" data-element_type=\"container\" data-e-type=\"container\" data-settings=\"{&quot;jet_parallax_layout_list&quot;:[],&quot;background_background&quot;:&quot;classic&quot;}\">\n\t\t\t\t\t<div class=\"e-con-inner\">\n\t\t<div class=\"elementor-element elementor-element-9d2be33 e-grid e-con-boxed e-con e-child\" data-id=\"9d2be33\" data-element_type=\"container\" data-e-type=\"container\" data-settings=\"{&quot;jet_parallax_layout_list&quot;:[]}\">\n\t\t\t\t\t<div class=\"e-con-inner\">\n\t\t<div class=\"elementor-element elementor-element-a4f475a e-con-full e-flex e-con e-child\" data-id=\"a4f475a\" data-element_type=\"container\" data-e-type=\"container\" data-settings=\"{&quot;jet_parallax_layout_list&quot;:[]}\">\n\t\t\t\t<div class=\"elementor-element elementor-element-2237723 elementor-widget elementor-widget-heading\" data-id=\"2237723\" data-element_type=\"widget\" data-e-type=\"widget\" data-widget_type=\"heading.default\">\n\t\t\t\t<div class=\"elementor-widget-container\">\n\t\t\t\t\t<h2 class=\"elementor-heading-title elementor-size-large\">Caract\u00e9ristiques<\/h2>\t\t\t\t<\/div>\n\t\t\t\t<\/div>\n\t\t\t\t<div class=\"elementor-element elementor-element-8fabfc2 elementor-widget elementor-widget-text-editor\" data-id=\"8fabfc2\" data-element_type=\"widget\" data-e-type=\"widget\" data-widget_type=\"text-editor.default\">\n\t\t\t\t<div class=\"elementor-widget-container\">\n\t\t\t\t\t\t\t\t\t<p>10 coloris<\/p><p>Produit circulaire<\/p><p>Inoffensif pour la sant\u00e9<\/p><p>Non coupant<\/p><p>Compatible avec la\u00a0 jesmonite, les r\u00e9sines acryliques et \u00a0synth\u00e9tiques<\/p>\t\t\t\t\t\t\t\t<\/div>\n\t\t\t\t<\/div>\n\t\t\t\t<\/div>\n\t\t<div class=\"elementor-element elementor-element-1ba82ee e-con-full e-flex e-con e-child\" data-id=\"1ba82ee\" data-element_type=\"container\" data-e-type=\"container\" data-settings=\"{&quot;jet_parallax_layout_list&quot;:[]}\">\n\t\t\t\t<div class=\"elementor-element elementor-element-86cafff elementor-widget elementor-widget-heading\" data-id=\"86cafff\" data-element_type=\"widget\" data-e-type=\"widget\" data-widget_type=\"heading.default\">\n\t\t\t\t<div class=\"elementor-widget-container\">\n\t\t\t\t\t<h2 class=\"elementor-heading-title elementor-size-large\">Mise en oeuvre<\/h2>\t\t\t\t<\/div>\n\t\t\t\t<\/div>\n\t\t\t\t<div class=\"elementor-element elementor-element-d46cdf4 elementor-widget elementor-widget-text-editor\" data-id=\"d46cdf4\" data-element_type=\"widget\" data-e-type=\"widget\" data-widget_type=\"text-editor.default\">\n\t\t\t\t<div class=\"elementor-widget-container\">\n\t\t\t\t\t\t\t\t\t<p>Choisissez la r\u00e9sine adapt\u00e9e \u00e0 votre projet et suivez les recommandations du fabricant pour le\u00a0 ratio de m\u00e9lange avec son durcisseur.<\/p><p>Ajoutez\u00a0 les glassroxx dans la r\u00e9sine puis m\u00e9langez d\u00e9licatement afin de limiter l&#8217;incorporation de bulles d&#8217;air.<\/p><p>Versez le m\u00e9lange dans votre moule ou sur la surface de travail.<\/p><p>Laissez s\u00e9cher et durcir selon le temps recommand\u00e9.<\/p><p>D\u00e9moulez ou finalisez votre cr\u00e9ation selon vos pr\u00e9f\u00e9rences:<\/p><p>Employ\u00e9 avec de la \u00a0jesmonite, la surface devra \u00eatre ponc\u00e9e pour r\u00e9veler la pr\u00e9sence des glassroxx et l&#8217;utilisation d&#8217;une protection brillante rehaussera l&#8217;intensit\u00e9 de ses couleurs.<\/p><p>Nettoyage: Il est n\u00e9cessaire de pr\u00e9-laver vos accessoires\u00a0 dans un seau \u00e0 part\u00a0 afin d\u2019\u00e9viter d&#8217;obstruer vos canalisations.<\/p>\t\t\t\t\t\t\t\t<\/div>\n\t\t\t\t<\/div>\n\t\t\t\t<\/div>\n\t\t\t\t\t<\/div>\n\t\t\t\t<\/div>\n\t\t\t\t\t<\/div>\n\t\t\t\t<\/div>\n\t\t\t\t<\/div>\n\t\t","protected":false},"excerpt":{"rendered":"<p><span style=\"color: #ffffff;\">Glassroxx sind Glasperlen, die vollst\u00e4ndig aus recyceltem Glas hergestellt werden und deren zahlreiche Farben von nachhaltigen, wasserbasierten organischen Pigmenten stammen.<\/span><\/p>\n<p><span style=\"color: #ffffff;\">Die Zugabe von Glasperlen zum Harz erm\u00f6glicht eine wundersch\u00f6ne und einzigartige Oberfl\u00e4che f\u00fcr verschiedene kreative Projekte, wie Schmuck, Kunstwerke und andere Dekorationsgegenst\u00e4nde.<\/span><\/p>\n","protected":false},"featured_media":15242,"template":"","meta":[],"product_brand":[],"product_cat":[919,1000,1627,921],"product_tag":[],"class_list":{"0":"post-15241","1":"product","2":"type-product","3":"status-publish","4":"has-post-thumbnail","6":"product_cat-jesmonite-de","7":"product_cat-neuheiten","8":"product_cat-pigmente-und-fullstoffe","9":"product_cat-pigmenten-und-zusatzstoffen","11":"first","12":"instock","13":"taxable","14":"shipping-taxable","15":"purchasable","16":"product-type-variable"},"_links":{"self":[{"href":"https:\/\/www.finres-sa.com\/de\/wp-json\/wp\/v2\/product\/15241","targetHints":{"allow":["GET"]}}],"collection":[{"href":"https:\/\/www.finres-sa.com\/de\/wp-json\/wp\/v2\/product"}],"about":[{"href":"https:\/\/www.finres-sa.com\/de\/wp-json\/wp\/v2\/types\/product"}],"version-history":[{"count":2,"href":"https:\/\/www.finres-sa.com\/de\/wp-json\/wp\/v2\/product\/15241\/revisions"}],"predecessor-version":[{"id":37727,"href":"https:\/\/www.finres-sa.com\/de\/wp-json\/wp\/v2\/product\/15241\/revisions\/37727"}],"wp:featuredmedia":[{"embeddable":true,"href":"https:\/\/www.finres-sa.com\/de\/wp-json\/wp\/v2\/media\/15242"}],"wp:attachment":[{"href":"https:\/\/www.finres-sa.com\/de\/wp-json\/wp\/v2\/media?parent=15241"}],"wp:term":[{"taxonomy":"product_brand","embeddable":true,"href":"https:\/\/www.finres-sa.com\/de\/wp-json\/wp\/v2\/product_brand?post=15241"},{"taxonomy":"product_cat","embeddable":true,"href":"https:\/\/www.finres-sa.com\/de\/wp-json\/wp\/v2\/product_cat?post=15241"},{"taxonomy":"product_tag","embeddable":true,"href":"https:\/\/www.finres-sa.com\/de\/wp-json\/wp\/v2\/product_tag?post=15241"}],"curies":[{"name":"wp","href":"https:\/\/api.w.org\/{rel}","templated":true}]}}