{"id":15244,"date":"2024-04-24T15:16:59","date_gmt":"2024-04-24T13:16:59","guid":{"rendered":"https:\/\/www.finres-sa.com\/product\/glassroxx-farben\/"},"modified":"2026-04-24T16:03:00","modified_gmt":"2026-04-24T14:03:00","slug":"glassroxx-farben","status":"publish","type":"product","link":"https:\/\/www.finres-sa.com\/de\/produkt\/glassroxx-farben\/","title":{"rendered":"GLASSROXX &#8211; FARBEN 150g"},"content":{"rendered":"\t\t<div data-elementor-type=\"product-post\" data-elementor-id=\"15244\" class=\"elementor elementor-15244 elementor-13400\" data-elementor-post-type=\"product\">\n\t\t\t\t<div class=\"elementor-element elementor-element-bacba2f e-flex e-con-boxed e-con e-parent\" data-id=\"bacba2f\" data-element_type=\"container\" data-e-type=\"container\" data-settings=\"{&quot;jet_parallax_layout_list&quot;:[]}\">\n\t\t\t\t\t<div class=\"e-con-inner\">\n\t\t\t\t<div class=\"elementor-element elementor-element-fbc70d3 elementor-widget elementor-widget-text-editor\" data-id=\"fbc70d3\" data-element_type=\"widget\" data-e-type=\"widget\" data-widget_type=\"text-editor.default\">\n\t\t\t\t<div class=\"elementor-widget-container\">\n\t\t\t\t\t\t\t\t\t<p><span style=\"color: #233c76;\">Glassroxx sind Glasperlen, die vollst\u00e4ndig aus recyceltem Glas hergestellt werden. Diese Granulate sind mit nachhaltigen organischen Pigmenten auf Wasserbasis gef\u00e4rbt und verleihen selbst den kreativsten Projekten eine spannende Dimension. <\/span><\/p><p><span style=\"color: #233c76;\">Dieses Produkt zeichnet sich durch einen vollst\u00e4ndig zirkul\u00e4ren Lebenszyklus aus und bietet somit eine gute Alternative zu Glitter, der weniger umweltfreundlich ist.<\/span><\/p><p><span style=\"color: #233c76;\">Glasperlen bieten unendliche M\u00f6glichkeiten zum Experimentieren und Personalisieren, egal ob sie f\u00fcr die Herstellung von Schmuck, Innendekoration, Skulpturen oder Harzkunst verwendet werden. Die Transparenz und die Brechung des Lichts erzeugen ein dynamisches Spiel der Reflexionen, das dem fertigen Werk Tiefe und Glanz verleiht. <\/span><\/p><p><span style=\"color: #233c76;\">Sch\u00f6n, aber nicht nur sch\u00f6n! Neben ihrer \u00e4sthetischen Attraktivit\u00e4t tragen die in das Harz eingedrungenen Glasperlen auch zur strukturellen Integrit\u00e4t des Endprodukts bei. Dies macht Ihre Arbeiten widerstandsf\u00e4higer und langlebiger.  <\/span><\/p>\t\t\t\t\t\t\t\t<\/div>\n\t\t\t\t<\/div>\n\t\t\t\t\t<\/div>\n\t\t\t\t<\/div>\n\t\t<div class=\"elementor-element elementor-element-92c0dc1 e-flex e-con-boxed e-con e-parent\" data-id=\"92c0dc1\" data-element_type=\"container\" data-e-type=\"container\" data-settings=\"{&quot;jet_parallax_layout_list&quot;:[],&quot;background_background&quot;:&quot;classic&quot;}\">\n\t\t\t\t\t<div class=\"e-con-inner\">\n\t\t<div class=\"elementor-element elementor-element-647dd46 e-grid e-con-boxed e-con e-child\" data-id=\"647dd46\" data-element_type=\"container\" data-e-type=\"container\" data-settings=\"{&quot;jet_parallax_layout_list&quot;:[]}\">\n\t\t\t\t\t<div class=\"e-con-inner\">\n\t\t<div class=\"elementor-element elementor-element-4b71832 e-con-full e-flex e-con e-child\" data-id=\"4b71832\" data-element_type=\"container\" data-e-type=\"container\" data-settings=\"{&quot;jet_parallax_layout_list&quot;:[]}\">\n\t\t\t\t<div class=\"elementor-element elementor-element-030781e elementor-widget elementor-widget-heading\" data-id=\"030781e\" data-element_type=\"widget\" data-e-type=\"widget\" data-widget_type=\"heading.default\">\n\t\t\t\t<div class=\"elementor-widget-container\">\n\t\t\t\t\t<h2 class=\"elementor-heading-title elementor-size-large\">Technische Eigenschaften<\/h2>\t\t\t\t<\/div>\n\t\t\t\t<\/div>\n\t\t\t\t<div class=\"elementor-element elementor-element-f94c167 elementor-widget elementor-widget-text-editor\" data-id=\"f94c167\" data-element_type=\"widget\" data-e-type=\"widget\" data-widget_type=\"text-editor.default\">\n\t\t\t\t<div class=\"elementor-widget-container\">\n\t\t\t\t\t\t\t\t\t<p>10 Farben<\/p><p>Kreisf\u00f6rmiges Produkt<\/p><p>Gesundheitlich unbedenklich<\/p><p>Nicht scharfkantig<\/p><p>Kompatibel mit Jesmonit, Acryl- und Kunstharzen<\/p>\t\t\t\t\t\t\t\t<\/div>\n\t\t\t\t<\/div>\n\t\t\t\t<\/div>\n\t\t<div class=\"elementor-element elementor-element-df37c74 e-con-full e-flex e-con e-child\" data-id=\"df37c74\" data-element_type=\"container\" data-e-type=\"container\" data-settings=\"{&quot;jet_parallax_layout_list&quot;:[]}\">\n\t\t\t\t<div class=\"elementor-element elementor-element-c95aab5 elementor-widget elementor-widget-heading\" data-id=\"c95aab5\" data-element_type=\"widget\" data-e-type=\"widget\" data-widget_type=\"heading.default\">\n\t\t\t\t<div class=\"elementor-widget-container\">\n\t\t\t\t\t<h2 class=\"elementor-heading-title elementor-size-large\">Anwendung und Verarbeitung<\/h2>\t\t\t\t<\/div>\n\t\t\t\t<\/div>\n\t\t\t\t<div class=\"elementor-element elementor-element-3afb899 elementor-widget elementor-widget-text-editor\" data-id=\"3afb899\" data-element_type=\"widget\" data-e-type=\"widget\" data-widget_type=\"text-editor.default\">\n\t\t\t\t<div class=\"elementor-widget-container\">\n\t\t\t\t\t\t\t\t\t<p>W\u00e4hlen Sie das richtige Harz f\u00fcr Ihr Projekt und befolgen Sie die Empfehlungen des Herstellers f\u00fcr das Mischungsverh\u00e4ltnis mit seinem H\u00e4rter.<\/p><p>Geben Sie die glassroxx in das Harz und mischen Sie vorsichtig, damit keine Luftblasen eingeschlossen werden.<\/p><p>Gie\u00dfen Sie die Mischung in Ihre Form oder auf die Arbeitsfl\u00e4che.<\/p><p>Lassen Sie das Material in der empfohlenen Zeit trocknen und aush\u00e4rten.<\/p><p>Nehmen Sie Ihre Kreation aus der Form oder stellen Sie sie nach Belieben fertig:<\/p><p>Bei der Verwendung mit Jesmonit muss die Oberfl\u00e4che geschliffen werden, um das Vorhandensein von glassroxx zu zeigen, und die Verwendung eines gl\u00e4nzenden Schutzes erh\u00f6ht die Intensit\u00e4t der Farben.<\/p><p>Reinigung: Es ist notwendig, das Zubeh\u00f6r in einem separaten Eimer vorzuwaschen, um eine Verstopfung der Abfl\u00fcsse zu vermeiden.<\/p>\t\t\t\t\t\t\t\t<\/div>\n\t\t\t\t<\/div>\n\t\t\t\t<\/div>\n\t\t\t\t\t<\/div>\n\t\t\t\t<\/div>\n\t\t\t\t\t<\/div>\n\t\t\t\t<\/div>\n\t\t\t\t<\/div>\n\t\t","protected":false},"excerpt":{"rendered":"<p>glassroxx sind Glasperlen, die vollst\u00e4ndig aus recyceltem Glas hergestellt werden und deren vielf\u00e4ltige Farben aus nachhaltigen, wasserbasierten Bio-Pigmenten gewonnen werden.<\/p>\n<p>Die Zugabe von Glasperlen zu Harz schafft ein wundersch\u00f6nes und einzigartiges Finish f\u00fcr diverse kreative Projekte wie Schmuck, Kunstwerke und andere Dekorationsartikel.<\/p>\n","protected":false},"featured_media":15250,"template":"","meta":[],"product_brand":[],"product_cat":[919,1627,921],"product_tag":[],"class_list":{"0":"post-15244","1":"product","2":"type-product","3":"status-publish","4":"has-post-thumbnail","6":"product_cat-jesmonite-de","7":"product_cat-pigmente-und-fullstoffe","8":"product_cat-pigmenten-und-zusatzstoffen","10":"first","11":"instock","12":"taxable","13":"shipping-taxable","14":"purchasable","15":"product-type-variable"},"_links":{"self":[{"href":"https:\/\/www.finres-sa.com\/de\/wp-json\/wp\/v2\/product\/15244","targetHints":{"allow":["GET"]}}],"collection":[{"href":"https:\/\/www.finres-sa.com\/de\/wp-json\/wp\/v2\/product"}],"about":[{"href":"https:\/\/www.finres-sa.com\/de\/wp-json\/wp\/v2\/types\/product"}],"version-history":[{"count":1,"href":"https:\/\/www.finres-sa.com\/de\/wp-json\/wp\/v2\/product\/15244\/revisions"}],"predecessor-version":[{"id":39259,"href":"https:\/\/www.finres-sa.com\/de\/wp-json\/wp\/v2\/product\/15244\/revisions\/39259"}],"wp:featuredmedia":[{"embeddable":true,"href":"https:\/\/www.finres-sa.com\/de\/wp-json\/wp\/v2\/media\/15250"}],"wp:attachment":[{"href":"https:\/\/www.finres-sa.com\/de\/wp-json\/wp\/v2\/media?parent=15244"}],"wp:term":[{"taxonomy":"product_brand","embeddable":true,"href":"https:\/\/www.finres-sa.com\/de\/wp-json\/wp\/v2\/product_brand?post=15244"},{"taxonomy":"product_cat","embeddable":true,"href":"https:\/\/www.finres-sa.com\/de\/wp-json\/wp\/v2\/product_cat?post=15244"},{"taxonomy":"product_tag","embeddable":true,"href":"https:\/\/www.finres-sa.com\/de\/wp-json\/wp\/v2\/product_tag?post=15244"}],"curies":[{"name":"wp","href":"https:\/\/api.w.org\/{rel}","templated":true}]}}