{"id":16045,"date":"2024-02-15T14:26:58","date_gmt":"2024-02-15T13:26:58","guid":{"rendered":"https:\/\/www.finres-sa.com\/product\/glaenzendes-lackspray-fuer-acrylharze\/"},"modified":"2026-02-13T14:08:33","modified_gmt":"2026-02-13T13:08:33","slug":"glaenzendes-lackspray-fuer-acrylharze","status":"publish","type":"product","link":"https:\/\/www.finres-sa.com\/de\/produkt\/glaenzendes-lackspray-fuer-acrylharze\/","title":{"rendered":"GLANZLACK als Spray f\u00fcr Acrylharz"},"content":{"rendered":"\t\t<div data-elementor-type=\"product-post\" data-elementor-id=\"16045\" class=\"elementor elementor-16045 elementor-12448\" data-elementor-post-type=\"product\">\n\t\t\t\t<div class=\"elementor-element elementor-element-47ba1b13 e-flex e-con-boxed e-con e-parent\" data-id=\"47ba1b13\" data-element_type=\"container\" data-e-type=\"container\" data-settings=\"{&quot;jet_parallax_layout_list&quot;:[]}\">\n\t\t\t\t\t<div class=\"e-con-inner\">\n\t\t\t\t<div class=\"elementor-element elementor-element-755920d0 elementor-widget elementor-widget-text-editor\" data-id=\"755920d0\" data-element_type=\"widget\" data-e-type=\"widget\" data-widget_type=\"text-editor.default\">\n\t\t\t\t<div class=\"elementor-widget-container\">\n\t\t\t\t\t\t\t\t\t<p>Ein Glanzlack bietet ein gl\u00e4nzendes, reflektierendes Finish, das das allgemeine Erscheinungsbild der Oberfl\u00e4che versch\u00f6nert.<\/p><p>Es wird die Farben intensivieren und Glanz und Tiefe hinzuf\u00fcgen, um Ihre Arbeiten lebendiger und fesselnder zu machen.<\/p><p>Dieser Spr\u00fchlack ist eine vielseitige L\u00f6sung, die nicht nur f\u00fcr ein gepflegtes Finish sorgt, sondern auch eine Schutzbarriere auf der Oberfl\u00e4che bildet, die sie vor Kratzern, Staub und anderen Umweltfaktoren sch\u00fctzt.<\/p><p>Diese Schutzschicht hilft, die Integrit\u00e4t und Langlebigkeit Ihrer Arbeiten zu bewahren.<\/p><p>Gl\u00e4nzende Spr\u00fchlacke k\u00f6nnen auf eine breite Palette von Oberfl\u00e4chen aufgetragen werden, einschlie\u00dflich Holz, Papier, Leinwand, Acrylharze etc.<\/p><p> <\/p>\t\t\t\t\t\t\t\t<\/div>\n\t\t\t\t<\/div>\n\t\t\t\t\t<\/div>\n\t\t\t\t<\/div>\n\t\t<div class=\"elementor-element elementor-element-771989b e-flex e-con-boxed e-con e-parent\" data-id=\"771989b\" data-element_type=\"container\" data-e-type=\"container\" data-settings=\"{&quot;jet_parallax_layout_list&quot;:[],&quot;background_background&quot;:&quot;classic&quot;}\">\n\t\t\t\t\t<div class=\"e-con-inner\">\n\t\t<div class=\"elementor-element elementor-element-338acf0 e-grid e-con-boxed e-con e-child\" data-id=\"338acf0\" data-element_type=\"container\" data-e-type=\"container\" data-settings=\"{&quot;jet_parallax_layout_list&quot;:[]}\">\n\t\t\t\t\t<div class=\"e-con-inner\">\n\t\t\t\t<div class=\"elementor-element elementor-element-17ee62a elementor-widget elementor-widget-heading\" data-id=\"17ee62a\" data-element_type=\"widget\" data-e-type=\"widget\" data-widget_type=\"heading.default\">\n\t\t\t\t<div class=\"elementor-widget-container\">\n\t\t\t\t\t<h2 class=\"elementor-heading-title elementor-size-xl\">Merkmale<\/h2>\t\t\t\t<\/div>\n\t\t\t\t<\/div>\n\t\t\t\t\t<\/div>\n\t\t\t\t<\/div>\n\t\t<div class=\"elementor-element elementor-element-db7c283 e-grid e-con-boxed e-con e-child\" data-id=\"db7c283\" data-element_type=\"container\" data-e-type=\"container\" data-settings=\"{&quot;jet_parallax_layout_list&quot;:[]}\">\n\t\t\t\t\t<div class=\"e-con-inner\">\n\t\t\t\t<div class=\"elementor-element elementor-element-735f00f elementor-widget elementor-widget-text-editor\" data-id=\"735f00f\" data-element_type=\"widget\" data-e-type=\"widget\" data-widget_type=\"text-editor.default\">\n\t\t\t\t<div class=\"elementor-widget-container\">\n\t\t\t\t\t\t\t\t\t<p>Verst\u00e4rkt die Farbe<strong>   <\/strong><\/p><p>Einfach zu verwenden<\/p><p>Sehr schnell trocknend<\/p><p>Wasserabweisend<\/p><p>Spraydose 150 ml<\/p><p>F\u00fcr ein gl\u00e4nzendes Finish<\/p>\t\t\t\t\t\t\t\t<\/div>\n\t\t\t\t<\/div>\n\t\t\t\t\t<\/div>\n\t\t\t\t<\/div>\n\t\t\t\t\t<\/div>\n\t\t\t\t<\/div>\n\t\t<div class=\"elementor-element elementor-element-e63985d e-flex e-con-boxed e-con e-parent\" data-id=\"e63985d\" data-element_type=\"container\" data-e-type=\"container\" data-settings=\"{&quot;jet_parallax_layout_list&quot;:[],&quot;background_background&quot;:&quot;classic&quot;}\">\n\t\t\t\t\t<div class=\"e-con-inner\">\n\t\t<div class=\"elementor-element elementor-element-8e0a2d7 e-grid e-con-boxed e-con e-child\" data-id=\"8e0a2d7\" data-element_type=\"container\" data-e-type=\"container\" data-settings=\"{&quot;jet_parallax_layout_list&quot;:[]}\">\n\t\t\t\t\t<div class=\"e-con-inner\">\n\t\t\t\t<div class=\"elementor-element elementor-element-686d5a0 elementor-widget elementor-widget-heading\" data-id=\"686d5a0\" data-element_type=\"widget\" data-e-type=\"widget\" data-widget_type=\"heading.default\">\n\t\t\t\t<div class=\"elementor-widget-container\">\n\t\t\t\t\t<h2 class=\"elementor-heading-title elementor-size-xl\">Umsetzung<\/h2>\t\t\t\t<\/div>\n\t\t\t\t<\/div>\n\t\t\t\t\t<\/div>\n\t\t\t\t<\/div>\n\t\t<div class=\"elementor-element elementor-element-ca02bf2 e-grid e-con-boxed e-con e-child\" data-id=\"ca02bf2\" data-element_type=\"container\" data-e-type=\"container\" data-settings=\"{&quot;jet_parallax_layout_list&quot;:[]}\">\n\t\t\t\t\t<div class=\"e-con-inner\">\n\t\t\t\t<div class=\"elementor-element elementor-element-8879aee elementor-widget elementor-widget-text-editor\" data-id=\"8879aee\" data-element_type=\"widget\" data-e-type=\"widget\" data-widget_type=\"text-editor.default\">\n\t\t\t\t<div class=\"elementor-widget-container\">\n\t\t\t\t\t\t\t\t\t<p>Stellen Sie sicher, dass die zu behandelnde Oberfl\u00e4che sauber, trocken und frei von Staub oder anderen Spuren von Luftverschmutzung ist.<\/p><p>Verwenden Sie ein Tuch, Zeitungspapier oder Malerkrepp, um die umliegenden Oberfl\u00e4chen vor Spritzern zu sch\u00fctzen.<\/p><p>Sch\u00fctteln Sie die Spr\u00fchflasche 1 bis 2 Minuten lang kr\u00e4ftig, um sicherzustellen, dass der Lack gut gemischt ist.<\/p><p>Halten Sie die Spr\u00fchflasche 20 cm von der Oberfl\u00e4che entfernt und halten Sie sie in einem konstanten Abstand, um eine gleichm\u00e4\u00dfige Abdeckung zu gew\u00e4hrleisten.<\/p><p>\u00dcben Sie Druck auf den D\u00fcsenkopf aus, indem Sie mit der Hand von links nach rechts streichen, dann einen zweiten Druck aus\u00fcben, indem Sie von rechts nach links streichen und so weiter.<\/p><p>Sie sollten ein &#8220;pschitt&#8221; pro Richtungs\u00e4nderung h\u00f6ren, also nacheinander &#8220;pschitt, pschitt, pschitt&#8221; statt eines kontinuierlichen &#8220;pschiiiiiiiiiitt&#8221;, das vermeidet unsch\u00f6ne Ausl\u00e4ufer oder Aufw\u00f6lbungen.<\/p><p>Spr\u00fchen Sie den Lack in d\u00fcnnen, gleichm\u00e4\u00dfigen Schichten auf. Beginnen Sie mit einer leichten Schicht und lassen Sie diese einige Minuten trocknen, bevor Sie weitere Schichten auftragen. Dies sorgt f\u00fcr einen glatten Abschluss.  <\/p><p>Achten Sie auf die Ecken und Kanten, um eine ungleichm\u00e4\u00dfige Anwendung zu vermeiden.<\/p><p>Nachdem der Lack vollst\u00e4ndig getrocknet ist, k\u00f6nnen Sie eventuelle Unvollkommenheiten korrigieren, indem Sie die Oberfl\u00e4che mit einem relativ feink\u00f6rnigen Sandpapier leicht abschleifen.<\/p><p style=\"margin: 0cm; margin-bottom: .0001pt;\">Um zu verhindern, dass der Lack eintrocknet und die D\u00fcse verstopft, drehen Sie die Spraydose nach der Verwendung des Lacksprays mit dem Kopf nach unten und dr\u00fccken Sie die D\u00fcse f\u00fcr 2 Sekunden, um den restlichen Lack aus der D\u00fcse zu entfernen.<\/p>\t\t\t\t\t\t\t\t<\/div>\n\t\t\t\t<\/div>\n\t\t\t\t\t<\/div>\n\t\t\t\t<\/div>\n\t\t\t\t\t<\/div>\n\t\t\t\t<\/div>\n\t\t<div class=\"elementor-element elementor-element-2979e93 e-flex e-con-boxed e-con e-parent\" data-id=\"2979e93\" data-element_type=\"container\" data-e-type=\"container\" data-settings=\"{&quot;jet_parallax_layout_list&quot;:[],&quot;background_background&quot;:&quot;classic&quot;}\">\n\t\t\t\t\t<div class=\"e-con-inner\">\n\t\t\t\t<div class=\"elementor-element elementor-element-ca04fb8 elementor-widget elementor-widget-heading\" data-id=\"ca04fb8\" data-element_type=\"widget\" data-e-type=\"widget\" data-widget_type=\"heading.default\">\n\t\t\t\t<div class=\"elementor-widget-container\">\n\t\t\t\t\t<h2 class=\"elementor-heading-title elementor-size-xl\">Sicherheit<\/h2>\t\t\t\t<\/div>\n\t\t\t\t<\/div>\n\t\t\t\t<div class=\"elementor-element elementor-element-862962c elementor-widget elementor-widget-text-editor\" data-id=\"862962c\" data-element_type=\"widget\" data-e-type=\"widget\" data-widget_type=\"text-editor.default\">\n\t\t\t\t<div class=\"elementor-widget-container\">\n\t\t\t\t\t\t\t\t\t<p>Verwenden Sie es in einem bel\u00fcfteten Raum.<\/p>\t\t\t\t\t\t\t\t<\/div>\n\t\t\t\t<\/div>\n\t\t\t\t\t<\/div>\n\t\t\t\t<\/div>\n\t\t\t\t<\/div>\n\t\t","protected":false},"excerpt":{"rendered":"<p style=\"margin: 0cm; margin-bottom: .0001pt;\">Gl\u00e4nzender Lackspray, um Ihre Kreationen aus Jesmonit zu veredeln.<\/p>\n","protected":false},"featured_media":16324,"template":"","meta":[],"product_brand":[],"product_cat":[919,1569],"product_tag":[933,932,903,931,930,928],"class_list":{"0":"post-16045","1":"product","2":"type-product","3":"status-publish","4":"has-post-thumbnail","6":"product_cat-jesmonite-de","7":"product_cat-zusatzstoffe","8":"product_tag-bescherming-de","9":"product_tag-isolatie-de","10":"product_tag-kunst-de","11":"product_tag-lack","12":"product_tag-transparent-de","13":"product_tag-waterbestendig-de","15":"first","16":"instock","17":"taxable","18":"shipping-taxable","19":"purchasable","20":"product-type-simple"},"_links":{"self":[{"href":"https:\/\/www.finres-sa.com\/de\/wp-json\/wp\/v2\/product\/16045","targetHints":{"allow":["GET"]}}],"collection":[{"href":"https:\/\/www.finres-sa.com\/de\/wp-json\/wp\/v2\/product"}],"about":[{"href":"https:\/\/www.finres-sa.com\/de\/wp-json\/wp\/v2\/types\/product"}],"version-history":[{"count":1,"href":"https:\/\/www.finres-sa.com\/de\/wp-json\/wp\/v2\/product\/16045\/revisions"}],"predecessor-version":[{"id":35194,"href":"https:\/\/www.finres-sa.com\/de\/wp-json\/wp\/v2\/product\/16045\/revisions\/35194"}],"wp:featuredmedia":[{"embeddable":true,"href":"https:\/\/www.finres-sa.com\/de\/wp-json\/wp\/v2\/media\/16324"}],"wp:attachment":[{"href":"https:\/\/www.finres-sa.com\/de\/wp-json\/wp\/v2\/media?parent=16045"}],"wp:term":[{"taxonomy":"product_brand","embeddable":true,"href":"https:\/\/www.finres-sa.com\/de\/wp-json\/wp\/v2\/product_brand?post=16045"},{"taxonomy":"product_cat","embeddable":true,"href":"https:\/\/www.finres-sa.com\/de\/wp-json\/wp\/v2\/product_cat?post=16045"},{"taxonomy":"product_tag","embeddable":true,"href":"https:\/\/www.finres-sa.com\/de\/wp-json\/wp\/v2\/product_tag?post=16045"}],"curies":[{"name":"wp","href":"https:\/\/api.w.org\/{rel}","templated":true}]}}