{"id":16371,"date":"2023-12-14T15:24:07","date_gmt":"2023-12-14T14:24:07","guid":{"rendered":"https:\/\/www.finres-sa.com\/product\/skelett-handpistole\/"},"modified":"2026-03-16T16:22:41","modified_gmt":"2026-03-16T15:22:41","slug":"skelett-handpistole","status":"publish","type":"product","link":"https:\/\/www.finres-sa.com\/de\/produkt\/skelett-handpistole\/","title":{"rendered":"SKELETTPUSTOLE"},"content":{"rendered":"\t\t<div data-elementor-type=\"product-post\" data-elementor-id=\"16371\" class=\"elementor elementor-16371 elementor-11308\" data-elementor-post-type=\"product\">\n\t\t\t\t<div class=\"elementor-element elementor-element-771989b e-flex e-con-boxed e-con e-parent\" data-id=\"771989b\" data-element_type=\"container\" data-e-type=\"container\" data-settings=\"{&quot;jet_parallax_layout_list&quot;:[],&quot;background_background&quot;:&quot;classic&quot;}\">\n\t\t\t\t\t<div class=\"e-con-inner\">\n\t\t<div class=\"elementor-element elementor-element-338acf0 e-grid e-con-boxed e-con e-child\" data-id=\"338acf0\" data-element_type=\"container\" data-e-type=\"container\" data-settings=\"{&quot;jet_parallax_layout_list&quot;:[]}\">\n\t\t\t\t\t<div class=\"e-con-inner\">\n\t\t\t\t<div class=\"elementor-element elementor-element-17ee62a elementor-widget elementor-widget-heading\" data-id=\"17ee62a\" data-element_type=\"widget\" data-e-type=\"widget\" data-widget_type=\"heading.default\">\n\t\t\t\t<div class=\"elementor-widget-container\">\n\t\t\t\t\t<h2 class=\"elementor-heading-title elementor-size-xl\">Merkmale<\/h2>\t\t\t\t<\/div>\n\t\t\t\t<\/div>\n\t\t\t\t\t<\/div>\n\t\t\t\t<\/div>\n\t\t<div class=\"elementor-element elementor-element-db7c283 e-grid e-con-boxed e-con e-child\" data-id=\"db7c283\" data-element_type=\"container\" data-e-type=\"container\" data-settings=\"{&quot;jet_parallax_layout_list&quot;:[]}\">\n\t\t\t\t\t<div class=\"e-con-inner\">\n\t\t\t\t<div class=\"elementor-element elementor-element-735f00f elementor-widget elementor-widget-text-editor\" data-id=\"735f00f\" data-element_type=\"widget\" data-e-type=\"widget\" data-widget_type=\"text-editor.default\">\n\t\t\t\t<div class=\"elementor-widget-container\">\n\t\t\t\t\t\t\t\t\t<p>Robuste Skelettpistole f\u00fcr 280\/290\/300\/310ml Kartuschen<\/p><p>Mit geh\u00e4rtetem Druckstift und Leiterhaken<\/p><p>f\u00fcr Acrylate, Hybride, Polyurethane und Silikone mit mittlerer bis niedriger Viskosit\u00e4t<\/p><p>Permanente Nachstellung und Endanschlag<\/p>\t\t\t\t\t\t\t\t<\/div>\n\t\t\t\t<\/div>\n\t\t\t\t\t<\/div>\n\t\t\t\t<\/div>\n\t\t\t\t\t<\/div>\n\t\t\t\t<\/div>\n\t\t\t\t<\/div>\n\t\t","protected":false},"excerpt":{"rendered":"<p>Merkmale Robuste Skelettpistole f\u00fcr 280\/290\/300\/310ml Kartuschen Mit geh\u00e4rtetem Druckstift und Leiterhaken f\u00fcr Acrylate, Hybride, Polyurethane und Silikone mit mittlerer bis niedriger Viskosit\u00e4t Permanente Nachstellung und Endanschlag<\/p>\n","protected":false},"featured_media":16361,"template":"","meta":[],"product_brand":[],"product_cat":[934],"product_tag":[],"class_list":{"0":"post-16371","1":"product","2":"type-product","3":"status-publish","4":"has-post-thumbnail","6":"product_cat-gereedschap-in-zubehor","8":"first","9":"instock","10":"taxable","11":"shipping-taxable","12":"purchasable","13":"product-type-simple"},"_links":{"self":[{"href":"https:\/\/www.finres-sa.com\/de\/wp-json\/wp\/v2\/product\/16371","targetHints":{"allow":["GET"]}}],"collection":[{"href":"https:\/\/www.finres-sa.com\/de\/wp-json\/wp\/v2\/product"}],"about":[{"href":"https:\/\/www.finres-sa.com\/de\/wp-json\/wp\/v2\/types\/product"}],"version-history":[{"count":1,"href":"https:\/\/www.finres-sa.com\/de\/wp-json\/wp\/v2\/product\/16371\/revisions"}],"predecessor-version":[{"id":37275,"href":"https:\/\/www.finres-sa.com\/de\/wp-json\/wp\/v2\/product\/16371\/revisions\/37275"}],"wp:featuredmedia":[{"embeddable":true,"href":"https:\/\/www.finres-sa.com\/de\/wp-json\/wp\/v2\/media\/16361"}],"wp:attachment":[{"href":"https:\/\/www.finres-sa.com\/de\/wp-json\/wp\/v2\/media?parent=16371"}],"wp:term":[{"taxonomy":"product_brand","embeddable":true,"href":"https:\/\/www.finres-sa.com\/de\/wp-json\/wp\/v2\/product_brand?post=16371"},{"taxonomy":"product_cat","embeddable":true,"href":"https:\/\/www.finres-sa.com\/de\/wp-json\/wp\/v2\/product_cat?post=16371"},{"taxonomy":"product_tag","embeddable":true,"href":"https:\/\/www.finres-sa.com\/de\/wp-json\/wp\/v2\/product_tag?post=16371"}],"curies":[{"name":"wp","href":"https:\/\/api.w.org\/{rel}","templated":true}]}}