{"id":16402,"date":"2023-12-14T13:51:30","date_gmt":"2023-12-14T12:51:30","guid":{"rendered":"https:\/\/www.finres-sa.com\/product\/ottoseal-s110\/"},"modified":"2025-12-15T13:12:27","modified_gmt":"2025-12-15T12:12:27","slug":"ottoseal-s110","status":"publish","type":"product","link":"https:\/\/www.finres-sa.com\/de\/produkt\/ottoseal-s110\/","title":{"rendered":"OTTOSEAL S110"},"content":{"rendered":"\t\t<div data-elementor-type=\"product-post\" data-elementor-id=\"16402\" class=\"elementor elementor-16402 elementor-11222\" data-elementor-post-type=\"product\">\n\t\t\t\t<div class=\"elementor-element elementor-element-47ba1b13 e-flex e-con-boxed e-con e-parent\" data-id=\"47ba1b13\" data-element_type=\"container\" data-e-type=\"container\" data-settings=\"{&quot;jet_parallax_layout_list&quot;:[]}\">\n\t\t\t\t\t<div class=\"e-con-inner\">\n\t\t\t\t<div class=\"elementor-element elementor-element-755920d0 elementor-widget elementor-widget-text-editor\" data-id=\"755920d0\" data-element_type=\"widget\" data-e-type=\"widget\" data-widget_type=\"text-editor.default\">\n\t\t\t\t<div class=\"elementor-widget-container\">\n\t\t\t\t\t\t\t\t\t<p>OTTOSEAL S110 ist ein Einkomponenten-Silikondichtstoff, der entwickelt wurde, um die unterschiedlichen Anforderungen an Dehnungs- und Anschlussfugen von Betonfertigteilen effektiv zu erf\u00fcllen. Seine spezielle Formulierung macht es zu einer geeigneten Wahl f\u00fcr die Abdichtung von Fassadenfugen und Metallkonstruktionen, die einen zuverl\u00e4ssigen Schutz vor \u00e4u\u00dferen Einfl\u00fcssen und Wassereintritt bieten. <\/p><p>Dieser Silikonkitt eignet sich auch f\u00fcr Anschlussfugen von Fenstern, T\u00fcren aus Holz, Metall oder Kunststoff. Seine starke Haftf\u00e4higkeit gew\u00e4hrleistet eine effektive Versiegelung von Glasprofilen, Rahmen und Dehnungsfugen im Sanit\u00e4rbereich. Seine Flexibilit\u00e4t erm\u00f6glicht es, den strukturellen Bewegungen zu folgen, was eine erh\u00f6hte Haltbarkeit unter wechselnden Bedingungen gew\u00e4hrleistet.  <\/p><p>OTTOSEAL S110 ist leicht zu verarbeiten und temperaturbest\u00e4ndig. Es ist eine zuverl\u00e4ssige Wahl f\u00fcr die Bauindustrie und bietet eine hervorragende Leistung bei der Herstellung und Erhaltung von wichtigen Fugen in verschiedenen Anwendungen.<\/p><p style=\"margin: 0cm; margin-bottom: .0001pt;\"> <\/p>\t\t\t\t\t\t\t\t<\/div>\n\t\t\t\t<\/div>\n\t\t\t\t\t<\/div>\n\t\t\t\t<\/div>\n\t\t<div class=\"elementor-element elementor-element-771989b e-flex e-con-boxed e-con e-parent\" data-id=\"771989b\" data-element_type=\"container\" data-e-type=\"container\" data-settings=\"{&quot;jet_parallax_layout_list&quot;:[],&quot;background_background&quot;:&quot;classic&quot;}\">\n\t\t\t\t\t<div class=\"e-con-inner\">\n\t\t<div class=\"elementor-element elementor-element-338acf0 e-grid e-con-boxed e-con e-child\" data-id=\"338acf0\" data-element_type=\"container\" data-e-type=\"container\" data-settings=\"{&quot;jet_parallax_layout_list&quot;:[]}\">\n\t\t\t\t\t<div class=\"e-con-inner\">\n\t\t\t\t<div class=\"elementor-element elementor-element-17ee62a elementor-widget elementor-widget-heading\" data-id=\"17ee62a\" data-element_type=\"widget\" data-e-type=\"widget\" data-widget_type=\"heading.default\">\n\t\t\t\t<div class=\"elementor-widget-container\">\n\t\t\t\t\t<h2 class=\"elementor-heading-title elementor-size-xl\">Merkmale<\/h2>\t\t\t\t<\/div>\n\t\t\t\t<\/div>\n\t\t\t\t\t<\/div>\n\t\t\t\t<\/div>\n\t\t<div class=\"elementor-element elementor-element-db7c283 e-grid e-con-boxed e-con e-child\" data-id=\"db7c283\" data-element_type=\"container\" data-e-type=\"container\" data-settings=\"{&quot;jet_parallax_layout_list&quot;:[]}\">\n\t\t\t\t\t<div class=\"e-con-inner\">\n\t\t\t\t<div class=\"elementor-element elementor-element-735f00f elementor-widget elementor-widget-text-editor\" data-id=\"735f00f\" data-element_type=\"widget\" data-e-type=\"widget\" data-widget_type=\"text-editor.default\">\n\t\t\t\t<div class=\"elementor-widget-container\">\n\t\t\t\t\t\t\t\t\t<p>Hochgradig abriebfest und streifenfrei, gem\u00e4\u00df ift-Richtlinie VE-04\/2<\/p><p>Enth\u00e4lt ein Fungizid<\/p><p>Kompatibel mit PVB-Folien, die den Kriterien der IFT-Richtlinie DI-02\/1 entsprechen.<\/p><p>Nicht korrosiv<\/p><p>Sehr gute Haftung auf vielen Untergr\u00fcnden, auch ohne Grundierung<\/p><p>Kann nach DIN 52452 gestrichen werden (kann nicht vollst\u00e4ndig gestrichen werden).<\/p><p>Sehr gute Best\u00e4ndigkeit gegen Witterung, Alterung und UV-Strahlung<\/p>\t\t\t\t\t\t\t\t<\/div>\n\t\t\t\t<\/div>\n\t\t\t\t\t<\/div>\n\t\t\t\t<\/div>\n\t\t\t\t\t<\/div>\n\t\t\t\t<\/div>\n\t\t<div class=\"elementor-element elementor-element-4a25b30 e-flex e-con-boxed e-con e-parent\" data-id=\"4a25b30\" data-element_type=\"container\" data-e-type=\"container\" data-settings=\"{&quot;jet_parallax_layout_list&quot;:[],&quot;background_background&quot;:&quot;classic&quot;}\">\n\t\t\t\t\t<div class=\"e-con-inner\">\n\t\t<div class=\"elementor-element elementor-element-466cdbd e-grid e-con-boxed e-con e-child\" data-id=\"466cdbd\" data-element_type=\"container\" data-e-type=\"container\" data-settings=\"{&quot;jet_parallax_layout_list&quot;:[]}\">\n\t\t\t\t\t<div class=\"e-con-inner\">\n\t\t\t\t<div class=\"elementor-element elementor-element-329e687 elementor-widget elementor-widget-heading\" data-id=\"329e687\" data-element_type=\"widget\" data-e-type=\"widget\" data-widget_type=\"heading.default\">\n\t\t\t\t<div class=\"elementor-widget-container\">\n\t\t\t\t\t<h2 class=\"elementor-heading-title elementor-size-xl\">Farbe<\/h2>\t\t\t\t<\/div>\n\t\t\t\t<\/div>\n\t\t\t\t\t<\/div>\n\t\t\t\t<\/div>\n\t\t<div class=\"elementor-element elementor-element-b3a8c3d e-grid e-con-boxed e-con e-child\" data-id=\"b3a8c3d\" data-element_type=\"container\" data-e-type=\"container\" data-settings=\"{&quot;jet_parallax_layout_list&quot;:[]}\">\n\t\t\t\t\t<div class=\"e-con-inner\">\n\t\t\t\t<div class=\"elementor-element elementor-element-47565b3 elementor-widget elementor-widget-text-editor\" data-id=\"47565b3\" data-element_type=\"widget\" data-e-type=\"widget\" data-widget_type=\"text-editor.default\">\n\t\t\t\t<div class=\"elementor-widget-container\">\n\t\t\t\t\t\t\t\t\t<p>RAL 7016<\/p>\t\t\t\t\t\t\t\t<\/div>\n\t\t\t\t<\/div>\n\t\t\t\t\t<\/div>\n\t\t\t\t<\/div>\n\t\t\t\t\t<\/div>\n\t\t\t\t<\/div>\n\t\t\t\t<\/div>\n\t\t","protected":false},"excerpt":{"rendered":"<p style=\"margin: 0cm; margin-bottom: .0001pt;\"><span style=\"font-family: Calibri, sans-serif;\"><span style=\"font-size: 14.6667px;\">Das neutrale Premium-Silikon f\u00fcr das Bauwesen.  <\/span><\/span><\/p>\n<p style=\"margin: 0cm; margin-bottom: .0001pt;\"><span style=\"font-family: Calibri, sans-serif;\"><span style=\"font-size: 14.6667px;\">RAL 7016<\/span><\/span><\/p>\n<p>&nbsp;<\/p>\n","protected":false},"featured_media":16395,"template":"","meta":[],"product_brand":[],"product_cat":[1127],"product_tag":[933,932,903,931,930,928],"class_list":{"0":"post-16402","1":"product","2":"type-product","3":"status-publish","4":"has-post-thumbnail","6":"product_cat-schnellreparaturset","7":"product_tag-bescherming-de","8":"product_tag-isolatie-de","9":"product_tag-kunst-de","10":"product_tag-lack","11":"product_tag-transparent-de","12":"product_tag-waterbestendig-de","14":"first","15":"instock","16":"taxable","17":"shipping-taxable","18":"purchasable","19":"product-type-simple"},"_links":{"self":[{"href":"https:\/\/www.finres-sa.com\/de\/wp-json\/wp\/v2\/product\/16402","targetHints":{"allow":["GET"]}}],"collection":[{"href":"https:\/\/www.finres-sa.com\/de\/wp-json\/wp\/v2\/product"}],"about":[{"href":"https:\/\/www.finres-sa.com\/de\/wp-json\/wp\/v2\/types\/product"}],"version-history":[{"count":0,"href":"https:\/\/www.finres-sa.com\/de\/wp-json\/wp\/v2\/product\/16402\/revisions"}],"wp:featuredmedia":[{"embeddable":true,"href":"https:\/\/www.finres-sa.com\/de\/wp-json\/wp\/v2\/media\/16395"}],"wp:attachment":[{"href":"https:\/\/www.finres-sa.com\/de\/wp-json\/wp\/v2\/media?parent=16402"}],"wp:term":[{"taxonomy":"product_brand","embeddable":true,"href":"https:\/\/www.finres-sa.com\/de\/wp-json\/wp\/v2\/product_brand?post=16402"},{"taxonomy":"product_cat","embeddable":true,"href":"https:\/\/www.finres-sa.com\/de\/wp-json\/wp\/v2\/product_cat?post=16402"},{"taxonomy":"product_tag","embeddable":true,"href":"https:\/\/www.finres-sa.com\/de\/wp-json\/wp\/v2\/product_tag?post=16402"}],"curies":[{"name":"wp","href":"https:\/\/api.w.org\/{rel}","templated":true}]}}