{"id":16446,"date":"2023-06-26T18:20:16","date_gmt":"2023-06-26T16:20:16","guid":{"rendered":"https:\/\/www.finres-sa.com\/product\/g-super\/"},"modified":"2026-04-07T11:27:19","modified_gmt":"2026-04-07T09:27:19","slug":"g-super","status":"publish","type":"product","link":"https:\/\/www.finres-sa.com\/de\/produkt\/g-super\/","title":{"rendered":"KERAMISCHER GIPS &#8211; G SUPER"},"content":{"rendered":"\t\t<div data-elementor-type=\"product-post\" data-elementor-id=\"16446\" class=\"elementor elementor-16446 elementor-5919\" data-elementor-post-type=\"product\">\n\t\t\t\t<div class=\"elementor-element elementor-element-2041bfb1 e-flex e-con-boxed e-con e-parent\" data-id=\"2041bfb1\" data-element_type=\"container\" data-e-type=\"container\" data-settings=\"{&quot;jet_parallax_layout_list&quot;:[]}\">\n\t\t\t\t\t<div class=\"e-con-inner\">\n\t\t\t\t<div class=\"elementor-element elementor-element-59d749dc elementor-widget elementor-widget-text-editor\" data-id=\"59d749dc\" data-element_type=\"widget\" data-e-type=\"widget\" data-widget_type=\"text-editor.default\">\n\t\t\t\t<div class=\"elementor-widget-container\">\n\t\t\t\t\t\t\t\t\t<p style=\"margin: 0cm; margin-bottom: .0001pt;\">Dieser synthetische Gips ist ein schnell abbindender Gie\u00dfputz.<\/p><p style=\"margin: 0cm; margin-bottom: .0001pt;\">Er wird f\u00fcr das Gie\u00dfen von Skulpturen, Ornamenten und anderen Gipsteilen in der Industrie und im medizinischen Bereich verwendet.<\/p><p style=\"margin: 0cm; margin-bottom: .0001pt;\">Die Struktur des gegossenen Materials ist \u00e4hnlich wie die von Porzellan.<\/p><p style=\"margin: 0cm; margin-bottom: .0001pt;\">Die hohe Bruchfestigkeit, die gro\u00dfe H\u00e4rte und die feine Reproduktion machen ihn zum idealen Gussmaterial f\u00fcr alle Ihre Teile, egal wie zerbrechlich sie sind.<\/p><p style=\"margin: 0cm; margin-bottom: .0001pt;\"> <\/p><p style=\"margin: 0cm; margin-bottom: .0001pt;\">Ein weiteres Plus: Dieser Porzellangips stammt aus einem umweltfreundlichen synthetischen Gyspe.<\/p><p style=\"margin: 0cm; margin-bottom: .0001pt;\"> <\/p>\t\t\t\t\t\t\t\t<\/div>\n\t\t\t\t<\/div>\n\t\t\t\t\t<\/div>\n\t\t\t\t<\/div>\n\t\t<div class=\"elementor-element elementor-element-68bc7a6 e-flex e-con-boxed e-con e-parent\" data-id=\"68bc7a6\" data-element_type=\"container\" data-e-type=\"container\" data-settings=\"{&quot;jet_parallax_layout_list&quot;:[],&quot;background_background&quot;:&quot;classic&quot;}\">\n\t\t\t\t\t<div class=\"e-con-inner\">\n\t\t<div class=\"elementor-element elementor-element-667f6a9 e-grid e-con-boxed e-con e-child\" data-id=\"667f6a9\" data-element_type=\"container\" data-e-type=\"container\" data-settings=\"{&quot;jet_parallax_layout_list&quot;:[]}\">\n\t\t\t\t\t<div class=\"e-con-inner\">\n\t\t\t\t<div class=\"elementor-element elementor-element-74cad8f elementor-widget elementor-widget-heading\" data-id=\"74cad8f\" data-element_type=\"widget\" data-e-type=\"widget\" data-widget_type=\"heading.default\">\n\t\t\t\t<div class=\"elementor-widget-container\">\n\t\t\t\t\t<h2 class=\"elementor-heading-title elementor-size-xl\">Technische Eigenschaften<\/h2>\t\t\t\t<\/div>\n\t\t\t\t<\/div>\n\t\t\t\t<div class=\"elementor-element elementor-element-cdbc31b elementor-widget elementor-widget-heading\" data-id=\"cdbc31b\" data-element_type=\"widget\" data-e-type=\"widget\" data-widget_type=\"heading.default\">\n\t\t\t\t<div class=\"elementor-widget-container\">\n\t\t\t\t\t<h2 class=\"elementor-heading-title elementor-size-xl\">Anwendung<\/h2>\t\t\t\t<\/div>\n\t\t\t\t<\/div>\n\t\t\t\t\t<\/div>\n\t\t\t\t<\/div>\n\t\t<div class=\"elementor-element elementor-element-f76c069 e-grid e-con-boxed e-con e-child\" data-id=\"f76c069\" data-element_type=\"container\" data-e-type=\"container\" data-settings=\"{&quot;jet_parallax_layout_list&quot;:[]}\">\n\t\t\t\t\t<div class=\"e-con-inner\">\n\t\t\t\t<div class=\"elementor-element elementor-element-76acce9 elementor-widget elementor-widget-text-editor\" data-id=\"76acce9\" data-element_type=\"widget\" data-e-type=\"widget\" data-widget_type=\"text-editor.default\">\n\t\t\t\t<div class=\"elementor-widget-container\">\n\t\t\t\t\t\t\t\t\t<p style=\"margin: 0cm; margin-bottom: .0001pt;\">Mischungsverh\u00e4ltnis nach Gewicht: 4 kg : 1 lt<\/p><p style=\"margin: 0cm; margin-bottom: .0001pt;\"> <\/p><p style=\"margin: 0cm; margin-bottom: .0001pt;\">Mischungsverh\u00e4ltnis in Volumen: 3 lt : 1 lt<\/p><p style=\"margin: 0cm; margin-bottom: .0001pt;\"> <\/p><p style=\"margin: 0cm; margin-bottom: .0001pt;\">Volumen der Mischung: 2,4 lt<\/p><p style=\"margin: 0cm; margin-bottom: .0001pt;\"> <\/p><p style=\"margin: 0cm; margin-bottom: .0001pt;\">Verarbeitungszeit: 6 Min.<\/p><p style=\"margin: 0cm; margin-bottom: .0001pt;\"> <\/p><p style=\"margin: 0cm; margin-bottom: .0001pt;\">Verbindungsdauer: 10 min<\/p><p style=\"margin: 0cm; margin-bottom: .0001pt;\"> <\/p><p style=\"margin: 0cm; margin-bottom: .0001pt;\">H\u00e4rte: \u00fcber 300 N\/mm\u00b2.<\/p><p style=\"margin: 0cm; margin-bottom: .0001pt;\"> <\/p><p style=\"margin: 0cm; margin-bottom: .0001pt;\">Farbe: wei\u00df<\/p><p style=\"margin: 0cm; margin-bottom: .0001pt;\"> <\/p><p style=\"margin: 0cm; margin-bottom: .0001pt;\">Aufbewahrung: Mindestens 12 Monate in einer dampfdichten Verpackung. Schreckt vor Feuchtigkeit ab. <\/p><p style=\"margin: 0cm; margin-bottom: .0001pt;\"> <\/p><p style=\"margin: 0cm; margin-bottom: .0001pt;\">Staffelpreis bei Bestellung von : 100 kg (4 x 25 kg), oder eine Palette von 1000 kg (40 x 25 kg).<\/p>\t\t\t\t\t\t\t\t<\/div>\n\t\t\t\t<\/div>\n\t\t\t\t<div class=\"elementor-element elementor-element-e82a38d elementor-widget elementor-widget-text-editor\" data-id=\"e82a38d\" data-element_type=\"widget\" data-e-type=\"widget\" data-widget_type=\"text-editor.default\">\n\t\t\t\t<div class=\"elementor-widget-container\">\n\t\t\t\t\t\t\t\t\t<p>Industrieller Sektor<\/p><p>Medizinischer Sektor<\/p><p>K\u00fcnstlerischer Sektor<\/p>\t\t\t\t\t\t\t\t<\/div>\n\t\t\t\t<\/div>\n\t\t\t\t\t<\/div>\n\t\t\t\t<\/div>\n\t\t\t\t\t<\/div>\n\t\t\t\t<\/div>\n\t\t<div class=\"elementor-element elementor-element-7614641 e-flex e-con-boxed e-con e-parent\" data-id=\"7614641\" data-element_type=\"container\" data-e-type=\"container\" data-settings=\"{&quot;jet_parallax_layout_list&quot;:[],&quot;background_background&quot;:&quot;classic&quot;}\">\n\t\t\t\t\t<div class=\"e-con-inner\">\n\t\t<div class=\"elementor-element elementor-element-b5512e3 e-grid e-con-boxed e-con e-child\" data-id=\"b5512e3\" data-element_type=\"container\" data-e-type=\"container\" data-settings=\"{&quot;jet_parallax_layout_list&quot;:[]}\">\n\t\t\t\t\t<div class=\"e-con-inner\">\n\t\t\t\t<div class=\"elementor-element elementor-element-f6ae646 elementor-widget elementor-widget-heading\" data-id=\"f6ae646\" data-element_type=\"widget\" data-e-type=\"widget\" data-widget_type=\"heading.default\">\n\t\t\t\t<div class=\"elementor-widget-container\">\n\t\t\t\t\t<h2 class=\"elementor-heading-title elementor-size-xl\">Anwendung und Verarbeitung<\/h2>\t\t\t\t<\/div>\n\t\t\t\t<\/div>\n\t\t\t\t<div class=\"elementor-element elementor-element-918535a elementor-widget elementor-widget-heading\" data-id=\"918535a\" data-element_type=\"widget\" data-e-type=\"widget\" data-widget_type=\"heading.default\">\n\t\t\t\t<div class=\"elementor-widget-container\">\n\t\t\t\t\t<h2 class=\"elementor-heading-title elementor-size-xl\">Produktvorteile<\/h2>\t\t\t\t<\/div>\n\t\t\t\t<\/div>\n\t\t\t\t\t<\/div>\n\t\t\t\t<\/div>\n\t\t<div class=\"elementor-element elementor-element-233cca8 e-grid e-con-boxed e-con e-child\" data-id=\"233cca8\" data-element_type=\"container\" data-e-type=\"container\" data-settings=\"{&quot;jet_parallax_layout_list&quot;:[]}\">\n\t\t\t\t\t<div class=\"e-con-inner\">\n\t\t\t\t<div class=\"elementor-element elementor-element-5e8817d elementor-widget elementor-widget-text-editor\" data-id=\"5e8817d\" data-element_type=\"widget\" data-e-type=\"widget\" data-widget_type=\"text-editor.default\">\n\t\t\t\t<div class=\"elementor-widget-container\">\n\t\t\t\t\t\t\t\t\t<p style=\"margin: 0cm; margin-bottom: .0001pt;\">Das Anmischverh\u00e4ltnis von G super betr\u00e4gt 4 kg Pulver zu 1 lt Wasser.<\/p><p style=\"margin: 0cm; margin-bottom: .0001pt;\">Messen Sie die genaue Menge an Wasser und Gips ab und geben Sie das Pulver in das Wasser, lassen Sie es einweichen und r\u00fchren Sie es dann ca. 1 Minute lang gr\u00fcndlich um, wobei Sie darauf achten, dass keine Luftblasen entstehen.<\/p><p style=\"margin: 0cm; margin-bottom: .0001pt;\">F\u00fcr gr\u00f6\u00dfere Mengen ben\u00f6tigen Sie eine mechanische Hilfe.<\/p><p style=\"margin: 0cm; margin-bottom: .0001pt;\">Nachdem Sie sichergestellt haben, dass die Form dicht ist, gie\u00dfen Sie die fl\u00fcssige Mischung in einem d\u00fcnnen Strahl in die Mitte der Form, bis die Oberfl\u00e4che vollst\u00e4ndig bedeckt ist.<\/p><p style=\"margin: 0cm; margin-bottom: .0001pt;\">Sobald die Oberfl\u00e4che der Schalung mit einer blasenfreien Schicht bedeckt ist, kann der Rest der Mischung schneller gegossen werden.<\/p><p style=\"margin: 0cm; margin-bottom: .0001pt;\">Etwa 20 Minuten. Nach dem Gie\u00dfen kann das Relief oder Modell aus der Form genommen werden. <\/p><p style=\"margin: 0cm; margin-bottom: .0001pt;\">Legen Sie das frisch aus der Form genommene St\u00fcck auf h\u00f6lzerne T\u00fcrme.<\/p><p style=\"margin: 0cm; margin-bottom: .0001pt;\">Nachdem das Werkst\u00fcck vollst\u00e4ndig ausgeh\u00e4rtet ist (+\/- 8:00), kann die Oberfl\u00e4che wie gew\u00fcnscht bearbeitet werden.<\/p>\t\t\t\t\t\t\t\t<\/div>\n\t\t\t\t<\/div>\n\t\t\t\t<div class=\"elementor-element elementor-element-d63edf5 elementor-widget elementor-widget-text-editor\" data-id=\"d63edf5\" data-element_type=\"widget\" data-e-type=\"widget\" data-widget_type=\"text-editor.default\">\n\t\t\t\t<div class=\"elementor-widget-container\">\n\t\t\t\t\t\t\t\t\t<p>Exakte Wiedergabe selbst der feinsten Details.<\/p><p>Porzellan\u00e4hnliche Struktur, Brennen und Trocknen nicht erforderlich<\/p><p>Schnelligkeit der Aufnahme.<\/p><p>Sehr hohe H\u00e4rte und bruchfest.<\/p><p>Oberfl\u00e4chenbehandlung mit allen handels\u00fcblichen Farben m\u00f6glich<\/p><p>Ist nicht sch\u00e4dlich f\u00fcr die Haut oder die Gesundheit<\/p>\t\t\t\t\t\t\t\t<\/div>\n\t\t\t\t<\/div>\n\t\t\t\t\t<\/div>\n\t\t\t\t<\/div>\n\t\t\t\t\t<\/div>\n\t\t\t\t<\/div>\n\t\t<div class=\"elementor-element elementor-element-4dc1342 e-flex e-con-boxed e-con e-parent\" data-id=\"4dc1342\" data-element_type=\"container\" data-e-type=\"container\" data-settings=\"{&quot;jet_parallax_layout_list&quot;:[],&quot;background_background&quot;:&quot;classic&quot;}\">\n\t\t\t\t\t<div class=\"e-con-inner\">\n\t\t\t\t<div class=\"elementor-element elementor-element-5824553 elementor-widget elementor-widget-heading\" data-id=\"5824553\" data-element_type=\"widget\" data-e-type=\"widget\" data-widget_type=\"heading.default\">\n\t\t\t\t<div class=\"elementor-widget-container\">\n\t\t\t\t\t<h2 class=\"elementor-heading-title elementor-size-xl\">Sicherheit<\/h2>\t\t\t\t<\/div>\n\t\t\t\t<\/div>\n\t\t\t\t<div class=\"elementor-element elementor-element-7ddb98d elementor-widget elementor-widget-text-editor\" data-id=\"7ddb98d\" data-element_type=\"widget\" data-e-type=\"widget\" data-widget_type=\"text-editor.default\">\n\t\t\t\t<div class=\"elementor-widget-container\">\n\t\t\t\t\t\t\t\t\t<p>Ist nicht sch\u00e4dlich f\u00fcr die Haut oder die Gesundheit.<\/p>\t\t\t\t\t\t\t\t<\/div>\n\t\t\t\t<\/div>\n\t\t\t\t\t<\/div>\n\t\t\t\t<\/div>\n\t\t\t\t<\/div>\n\t\t","protected":false},"excerpt":{"rendered":"<p style=\"margin: 0cm; margin-bottom: .0001pt;\"><span style=\"font-size: 11.0pt; font-family: 'Calibri',sans-serif;\">G Super ist ein keramischer Gie\u00dfputz.<\/span><\/p>\n<p style=\"margin: 0cm; margin-bottom: .0001pt;\"><span style=\"font-size: 11.0pt; font-family: 'Calibri',sans-serif;\">Seine feine Reproduktion, seine hohe Festigkeit und die Reinheit seiner Farbe machen ihn zu einem au\u00dfergew\u00f6hnlichen Gips.<\/span><\/p>\n","protected":false},"featured_media":16428,"template":"","meta":[],"product_brand":[],"product_cat":[896,1660],"product_tag":[925,900,897,942,899,903,901,922],"class_list":{"0":"post-16446","1":"product","2":"type-product","3":"status-publish","4":"has-post-thumbnail","6":"product_cat-gietvormen-en-siliconen-de","7":"product_cat-gips-und-bander","8":"product_tag-beeld-de","9":"product_tag-cast-de","10":"product_tag-decoratie-de","11":"product_tag-feinheit","12":"product_tag-gieten-de","13":"product_tag-kunst-de","14":"product_tag-prototyp","15":"product_tag-stijf-de","17":"first","18":"instock","19":"taxable","20":"shipping-taxable","21":"purchasable","22":"product-type-variable"},"_links":{"self":[{"href":"https:\/\/www.finres-sa.com\/de\/wp-json\/wp\/v2\/product\/16446","targetHints":{"allow":["GET"]}}],"collection":[{"href":"https:\/\/www.finres-sa.com\/de\/wp-json\/wp\/v2\/product"}],"about":[{"href":"https:\/\/www.finres-sa.com\/de\/wp-json\/wp\/v2\/types\/product"}],"version-history":[{"count":2,"href":"https:\/\/www.finres-sa.com\/de\/wp-json\/wp\/v2\/product\/16446\/revisions"}],"predecessor-version":[{"id":38316,"href":"https:\/\/www.finres-sa.com\/de\/wp-json\/wp\/v2\/product\/16446\/revisions\/38316"}],"wp:featuredmedia":[{"embeddable":true,"href":"https:\/\/www.finres-sa.com\/de\/wp-json\/wp\/v2\/media\/16428"}],"wp:attachment":[{"href":"https:\/\/www.finres-sa.com\/de\/wp-json\/wp\/v2\/media?parent=16446"}],"wp:term":[{"taxonomy":"product_brand","embeddable":true,"href":"https:\/\/www.finres-sa.com\/de\/wp-json\/wp\/v2\/product_brand?post=16446"},{"taxonomy":"product_cat","embeddable":true,"href":"https:\/\/www.finres-sa.com\/de\/wp-json\/wp\/v2\/product_cat?post=16446"},{"taxonomy":"product_tag","embeddable":true,"href":"https:\/\/www.finres-sa.com\/de\/wp-json\/wp\/v2\/product_tag?post=16446"}],"curies":[{"name":"wp","href":"https:\/\/api.w.org\/{rel}","templated":true}]}}