{"id":16509,"date":"2023-06-26T18:18:40","date_gmt":"2023-06-26T16:18:40","guid":{"rendered":"https:\/\/www.finres-sa.com\/product\/paste-calcast-100\/"},"modified":"2026-03-16T16:28:17","modified_gmt":"2026-03-16T15:28:17","slug":"paste-calcast-100","status":"publish","type":"product","link":"https:\/\/www.finres-sa.com\/de\/produkt\/paste-calcast-100\/","title":{"rendered":"CALCAST 100 GIPSABDRUCK"},"content":{"rendered":"\t\t<div data-elementor-type=\"product-post\" data-elementor-id=\"16509\" class=\"elementor elementor-16509 elementor-5863\" data-elementor-post-type=\"product\">\n\t\t\t\t<div class=\"elementor-element elementor-element-516f2626 e-flex e-con-boxed e-con e-parent\" data-id=\"516f2626\" data-element_type=\"container\" data-e-type=\"container\" data-settings=\"{&quot;jet_parallax_layout_list&quot;:[]}\">\n\t\t\t\t\t<div class=\"e-con-inner\">\n\t\t\t\t<div class=\"elementor-element elementor-element-1c3991cd elementor-widget elementor-widget-text-editor\" data-id=\"1c3991cd\" data-element_type=\"widget\" data-e-type=\"widget\" data-widget_type=\"text-editor.default\">\n\t\t\t\t<div class=\"elementor-widget-container\">\n\t\t\t\t\t\t\t\t\t<p>Calcast 100 wurde als multifunktionaler Gips entwickelt, der als F\u00fcllmaterial und als Material f\u00fcr die Herstellung einer Form verwendet werden kann.<\/p><p>Es kann f\u00fcr die Schaffung von architektonischen und dekorativen Ornamenten, f\u00fcr Rahmen, Strukturverkleidungen, als Stuckputz oder f\u00fcr die Herstellung von kreativen Objekten aller Art verwendet werden.<\/p><p>Dieser Gips eignet sich sehr gut f\u00fcr die Herstellung von Formen. F\u00fcr einen Lehmguss zum Beispiel, wegen der hohen Feuchtigkeitsaufnahme von \u00df-Gips. Oder f\u00fcr die Herstellung von Gussformen f\u00fcr Bronzeteile.  <\/p><p>Sie k\u00f6nnen es auch zum Gie\u00dfen von Zement und \u00e4hnlichen Produkten verwenden und es anschlie\u00dfend zuschneiden.<\/p><p>F\u00fcr eine bessere mechanische Festigkeit k\u00f6nnen Sie Ihren Gips mit Jutegewebe oder Filasse verst\u00e4rken.  <a href=\"https:\/\/www.finres-sa.com\/de\/produkt\/sisalfaser\/\">https:\/\/www.finres-sa.com\/product\/filasse-de-sisal\/<\/a><\/p><p>Wenn Sie Gips in eine Gipsform gie\u00dfen m\u00f6chten, bedecken Sie diese mit Schmierseife, damit sie sich leichter aus der Form l\u00f6sen l\u00e4sst.<\/p>\t\t\t\t\t\t\t\t<\/div>\n\t\t\t\t<\/div>\n\t\t\t\t\t<\/div>\n\t\t\t\t<\/div>\n\t\t<div class=\"elementor-element elementor-element-41e87c5 e-flex e-con-boxed e-con e-parent\" data-id=\"41e87c5\" data-element_type=\"container\" data-e-type=\"container\" data-settings=\"{&quot;jet_parallax_layout_list&quot;:[],&quot;background_background&quot;:&quot;classic&quot;}\">\n\t\t\t\t\t<div class=\"e-con-inner\">\n\t\t<div class=\"elementor-element elementor-element-d5e9c95 e-grid e-con-boxed e-con e-child\" data-id=\"d5e9c95\" data-element_type=\"container\" data-e-type=\"container\" data-settings=\"{&quot;jet_parallax_layout_list&quot;:[]}\">\n\t\t\t\t\t<div class=\"e-con-inner\">\n\t\t\t\t<div class=\"elementor-element elementor-element-0528a12 elementor-widget elementor-widget-heading\" data-id=\"0528a12\" data-element_type=\"widget\" data-e-type=\"widget\" data-widget_type=\"heading.default\">\n\t\t\t\t<div class=\"elementor-widget-container\">\n\t\t\t\t\t<h2 class=\"elementor-heading-title elementor-size-xl\">Merkmale<\/h2>\t\t\t\t<\/div>\n\t\t\t\t<\/div>\n\t\t\t\t<div class=\"elementor-element elementor-element-b599b8c elementor-widget elementor-widget-heading\" data-id=\"b599b8c\" data-element_type=\"widget\" data-e-type=\"widget\" data-widget_type=\"heading.default\">\n\t\t\t\t<div class=\"elementor-widget-container\">\n\t\t\t\t\t<h2 class=\"elementor-heading-title elementor-size-xl\">Umsetzung<\/h2>\t\t\t\t<\/div>\n\t\t\t\t<\/div>\n\t\t\t\t\t<\/div>\n\t\t\t\t<\/div>\n\t\t<div class=\"elementor-element elementor-element-30ad770 e-grid e-con-boxed e-con e-child\" data-id=\"30ad770\" data-element_type=\"container\" data-e-type=\"container\" data-settings=\"{&quot;jet_parallax_layout_list&quot;:[]}\">\n\t\t\t\t\t<div class=\"e-con-inner\">\n\t\t\t\t<div class=\"elementor-element elementor-element-e6507ac elementor-widget elementor-widget-text-editor\" data-id=\"e6507ac\" data-element_type=\"widget\" data-e-type=\"widget\" data-widget_type=\"text-editor.default\">\n\t\t\t\t<div class=\"elementor-widget-container\">\n\t\t\t\t\t\t\t\t\t<p>Mischungsverh\u00e4ltnis: 18 Liter Wasser auf 25 kg Gips (720 ml auf 1 kg)<br>Verarbeitungszeit: 10 Minuten<br>Beginn der Aush\u00e4rtung: ca. 15 Min.<br>Ende der Aush\u00e4rtung: ca. 35 Min.<br>Farbe: wei\u00df<br>Druckfestigkeit nach 28 Tagen: 12 MPa<br>Lagerung: bei Raumtemperatur, vor Feuchtigkeit gesch\u00fctzt<\/p>\t\t\t\t\t\t\t\t<\/div>\n\t\t\t\t<\/div>\n\t\t\t\t<div class=\"elementor-element elementor-element-833908a elementor-widget elementor-widget-text-editor\" data-id=\"833908a\" data-element_type=\"widget\" data-e-type=\"widget\" data-widget_type=\"text-editor.default\">\n\t\t\t\t<div class=\"elementor-widget-container\">\n\t\t\t\t\t\t\t\t\t<p>Das Anmischverh\u00e4ltnis von Calcast 100 betr\u00e4gt 18 Liter Wasser pro 25 kg Gips, d.h. 720 ml pro 100 g Gips.<\/p><p>Messen Sie die genaue Menge an Wasser und Gips ab und streuen Sie das Pulver in das Wasser.<\/p><p>Lassen Sie es f\u00fcr einige Minuten oder l\u00e4nger einweichen, je nach Art der Ma\u00dfnahme.<\/p><p>Mischen Sie dann gr\u00fcndlich. Gr\u00f6\u00dfere Mengen k\u00f6nnen mit mechanischen Mitteln gemischt werden. <\/p><p>Nachdem Sie sichergestellt haben, dass die Form dicht ist, gie\u00dfen Sie die homogene Mischung.<\/p><p>Um die Bildung von Luftblasen zu vermeiden, gie\u00dfen Sie die Mischung in einem d\u00fcnnen Strahl in die Form.<\/p><p>Die Entnahme aus der Form kann je nach Raumtemperatur einige Stunden dauern.<\/p>\t\t\t\t\t\t\t\t<\/div>\n\t\t\t\t<\/div>\n\t\t\t\t\t<\/div>\n\t\t\t\t<\/div>\n\t\t\t\t\t<\/div>\n\t\t\t\t<\/div>\n\t\t<div class=\"elementor-element elementor-element-5f17856 e-flex e-con-boxed e-con e-parent\" data-id=\"5f17856\" data-element_type=\"container\" data-e-type=\"container\" data-settings=\"{&quot;jet_parallax_layout_list&quot;:[],&quot;background_background&quot;:&quot;classic&quot;}\">\n\t\t\t\t\t<div class=\"e-con-inner\">\n\t\t\t\t<div class=\"elementor-element elementor-element-7c1a389 elementor-widget elementor-widget-heading\" data-id=\"7c1a389\" data-element_type=\"widget\" data-e-type=\"widget\" data-widget_type=\"heading.default\">\n\t\t\t\t<div class=\"elementor-widget-container\">\n\t\t\t\t\t<h2 class=\"elementor-heading-title elementor-size-xl\">Sicherheit<\/h2>\t\t\t\t<\/div>\n\t\t\t\t<\/div>\n\t\t\t\t<div class=\"elementor-element elementor-element-7e6aacb elementor-widget elementor-widget-text-editor\" data-id=\"7e6aacb\" data-element_type=\"widget\" data-e-type=\"widget\" data-widget_type=\"text-editor.default\">\n\t\t\t\t<div class=\"elementor-widget-container\">\n\t\t\t\t\t\t\t\t\t<p>Das Produkt ist unter normalen Gebrauchsbedingungen nicht sch\u00e4dlich und enth\u00e4lt keine umweltsch\u00e4dlichen Substanzen. Tragen Sie w\u00e4hrend des Gebrauchs Schutzkleidung. Bei Ber\u00fchrung mit der Haut oder den Augen mit Wasser sp\u00fclen und ggf. einen Arzt aufsuchen.  <\/p>\t\t\t\t\t\t\t\t<\/div>\n\t\t\t\t<\/div>\n\t\t\t\t\t<\/div>\n\t\t\t\t<\/div>\n\t\t\t\t<\/div>\n\t\t","protected":false},"excerpt":{"rendered":"<p>Calcast 100 ist ein extrem feiner wei\u00dfer Gips, der aus nat\u00fcrlichem Gips hergestellt wird. Dieser \u00df-Halbhydratgips eignet sich f\u00fcr die Herstellung von Kunstobjekten, dekorativen Elementen und ist f\u00fcr allgemeine Gussanwendungen geeignet. <\/p>\n","protected":false},"featured_media":16505,"template":"","meta":[],"product_brand":[],"product_cat":[896,1660],"product_tag":[925,900,897,899,903,901,1016],"class_list":{"0":"post-16509","1":"product","2":"type-product","3":"status-publish","4":"has-post-thumbnail","6":"product_cat-gietvormen-en-siliconen-de","7":"product_cat-gips-und-bander","8":"product_tag-beeld-de","9":"product_tag-cast-de","10":"product_tag-decoratie-de","11":"product_tag-gieten-de","12":"product_tag-kunst-de","13":"product_tag-prototyp","14":"product_tag-verstarkung","16":"first","17":"instock","18":"taxable","19":"shipping-taxable","20":"purchasable","21":"product-type-variable"},"_links":{"self":[{"href":"https:\/\/www.finres-sa.com\/de\/wp-json\/wp\/v2\/product\/16509","targetHints":{"allow":["GET"]}}],"collection":[{"href":"https:\/\/www.finres-sa.com\/de\/wp-json\/wp\/v2\/product"}],"about":[{"href":"https:\/\/www.finres-sa.com\/de\/wp-json\/wp\/v2\/types\/product"}],"version-history":[{"count":1,"href":"https:\/\/www.finres-sa.com\/de\/wp-json\/wp\/v2\/product\/16509\/revisions"}],"predecessor-version":[{"id":36326,"href":"https:\/\/www.finres-sa.com\/de\/wp-json\/wp\/v2\/product\/16509\/revisions\/36326"}],"wp:featuredmedia":[{"embeddable":true,"href":"https:\/\/www.finres-sa.com\/de\/wp-json\/wp\/v2\/media\/16505"}],"wp:attachment":[{"href":"https:\/\/www.finres-sa.com\/de\/wp-json\/wp\/v2\/media?parent=16509"}],"wp:term":[{"taxonomy":"product_brand","embeddable":true,"href":"https:\/\/www.finres-sa.com\/de\/wp-json\/wp\/v2\/product_brand?post=16509"},{"taxonomy":"product_cat","embeddable":true,"href":"https:\/\/www.finres-sa.com\/de\/wp-json\/wp\/v2\/product_cat?post=16509"},{"taxonomy":"product_tag","embeddable":true,"href":"https:\/\/www.finres-sa.com\/de\/wp-json\/wp\/v2\/product_tag?post=16509"}],"curies":[{"name":"wp","href":"https:\/\/api.w.org\/{rel}","templated":true}]}}