{"id":16543,"date":"2023-06-26T18:20:16","date_gmt":"2023-06-26T16:20:16","guid":{"rendered":"https:\/\/www.finres-sa.com\/product\/finsil-134-thixo-polykondensation\/"},"modified":"2025-08-20T15:53:10","modified_gmt":"2025-08-20T13:53:10","slug":"finsil-134-thixo-polykondensation","status":"publish","type":"product","link":"https:\/\/www.finres-sa.com\/de\/produkt\/finsil-134-thixo-polykondensation\/","title":{"rendered":"FEINGOSIL THIXO Silikon-Polykondensation"},"content":{"rendered":"\t\t<div data-elementor-type=\"product-post\" data-elementor-id=\"16543\" class=\"elementor elementor-16543 elementor-5922\" data-elementor-post-type=\"product\">\n\t\t\t\t<div class=\"elementor-element elementor-element-518e98c9 e-flex e-con-boxed e-con e-parent\" data-id=\"518e98c9\" data-element_type=\"container\" data-e-type=\"container\" data-settings=\"{&quot;jet_parallax_layout_list&quot;:[]}\">\n\t\t\t\t\t<div class=\"e-con-inner\">\n\t\t\t\t<div class=\"elementor-element elementor-element-7721b537 elementor-widget elementor-widget-text-editor\" data-id=\"7721b537\" data-element_type=\"widget\" data-e-type=\"widget\" data-widget_type=\"text-editor.default\">\n\t\t\t\t<div class=\"elementor-widget-container\">\n\t\t\t\t\t\t\t\t\t<p><span style=\"color: #233c76;\">Ein thixotropes Mittel ist ein Zusatzstoff, der dem Silikon zugesetzt wird, um die Viskosit\u00e4t der Mischung zu kontrollieren.<\/span><\/p><p><span style=\"color: #233c76;\">Die Zugabe eines Thixotropiermittels erm\u00f6glicht es, ein fl\u00fcssiges Silikon in eine Paste oder ein Gel umzuwandeln, wodurch die Anwendung auf vertikalen oder \u00fcberh\u00e4ngenden Oberfl\u00e4chen ohne Ablaufen erleichtert wird.<\/span><\/p><p><span style=\"color: #233c76;\">Hinweis: F\u00fcr Produkte externer Herkunft wird ein vorheriger Kompatibilit\u00e4tstest empfohlen.<\/span><\/p>\t\t\t\t\t\t\t\t<\/div>\n\t\t\t\t<\/div>\n\t\t\t\t\t<\/div>\n\t\t\t\t<\/div>\n\t\t<div class=\"elementor-element elementor-element-c749217 e-flex e-con-boxed e-con e-parent\" data-id=\"c749217\" data-element_type=\"container\" data-e-type=\"container\" data-settings=\"{&quot;jet_parallax_layout_list&quot;:[],&quot;background_background&quot;:&quot;classic&quot;}\">\n\t\t\t\t\t<div class=\"e-con-inner\">\n\t\t<div class=\"elementor-element elementor-element-9578ab9 e-grid e-con-boxed e-con e-child\" data-id=\"9578ab9\" data-element_type=\"container\" data-e-type=\"container\" data-settings=\"{&quot;jet_parallax_layout_list&quot;:[]}\">\n\t\t\t\t\t<div class=\"e-con-inner\">\n\t\t\t\t<div class=\"elementor-element elementor-element-0035652 elementor-widget elementor-widget-text-editor\" data-id=\"0035652\" data-element_type=\"widget\" data-e-type=\"widget\" data-widget_type=\"text-editor.default\">\n\t\t\t\t<div class=\"elementor-widget-container\">\n\t\t\t\t\t\t\t\t\t<h3><span style=\"color: #233c76;\">Merkmale<\/span><\/h3><p>Zugabe: 3 bis 5 %<\/p><p>Aussehen: klares bis undurchsichtiges halbviskoses Gel<\/p><p>Kompatibilit\u00e4t: Silikon Feingosil <a href=\"https:\/\/www.finres-sa.com\/de\/produkt\/rtv-silikon-fuer-abformungen-extra-weich-feingosil-105\/\">105<\/a>\/<a href=\"https:\/\/www.finres-sa.com\/de\/produkt\/rtv-silikon-zum-giessen-feingosil-120\/\">120<\/a>\/MM903\/922 <\/p><p>Haltbarkeit: 12 Monate ab Produktionsdatum<\/p><p>Lagerung: Muss in der Originalverpackung zwischen 15 und 25\u00b0C gelagert werden.<\/p>\t\t\t\t\t\t\t\t<\/div>\n\t\t\t\t<\/div>\n\t\t\t\t<div class=\"elementor-element elementor-element-04fa087 elementor-widget elementor-widget-text-editor\" data-id=\"04fa087\" data-element_type=\"widget\" data-e-type=\"widget\" data-widget_type=\"text-editor.default\">\n\t\t\t\t<div class=\"elementor-widget-container\">\n\t\t\t\t\t\t\t\t\t<h3><span style=\"color: #233c76;\">Umsetzung  <\/span><\/h3><p><strong>1. Vorbereitung<\/strong>:<\/p><p>Mischen Sie das Silikon mit der vom Hersteller empfohlenen Menge an <u>Katalysator<\/u>. <\/p><p><strong>2. Zugabe des Thixotropiermittels<\/strong>:<\/p><p>Wenn die Mischung homogen ist, f\u00fcgen Sie zwischen 3 und 5 % Thixotropiermittel hinzu, je nach erforderlichem Thixotropiegrad. <\/p><p><strong>3. Anwendung<\/strong>:<\/p><p>Je nach der erreichten Viskosit\u00e4t k\u00f6nnen Sie das Material mit einem Spachtel oder einer B\u00fcrste auftragen.<\/p><p>Die stark verdickte Textur sorgt daf\u00fcr, dass sie sich perfekt an vertikalen oder schr\u00e4gen Oberfl\u00e4chen festh\u00e4lt, ohne abzuflie\u00dfen.<\/p><p><strong>4. Aush\u00e4rtung<\/strong>:<\/p><p>Die Aush\u00e4rtezeit wird durch die Wahl des Katalysators (slow oder fast) bestimmt.<\/p><p>Im Allgemeinen wird empfohlen, 24 Stunden zu warten, bevor eine erste Gie\u00dfung vorgenommen wird, und 48 Stunden, wenn es sich um Epoxid-, Polyester- oder Polyurethansysteme handelt.<\/p>\t\t\t\t\t\t\t\t<\/div>\n\t\t\t\t<\/div>\n\t\t\t\t\t<\/div>\n\t\t\t\t<\/div>\n\t\t\t\t\t<\/div>\n\t\t\t\t<\/div>\n\t\t\t\t<\/div>\n\t\t","protected":false},"excerpt":{"rendered":"<p><span style=\"color: #ffffff;\">Thixotropiermittel f\u00fcr kondensationsvernetzende Silikone.<\/span><\/p>\n<p><span style=\"color: #ffffff;\">Dieser Zusatzstoff verwandelt fl\u00fcssiges Silikon in eine dicke Paste, um vertikale Anwendungen ohne Ablaufen zu erm\u00f6glichen.<\/span><\/p>\n","protected":false},"featured_media":26099,"template":"","meta":[],"product_brand":[],"product_cat":[1492,1662],"product_tag":[927,900,897,899,903,902,969],"class_list":{"0":"post-16543","1":"product","2":"type-product","3":"status-publish","4":"has-post-thumbnail","6":"product_cat-formsilikon","7":"product_cat-thixotropes-verdickungsmittel","8":"product_tag-additief-de","9":"product_tag-cast-de","10":"product_tag-decoratie-de","11":"product_tag-gieten-de","12":"product_tag-kunst-de","13":"product_tag-siliconen-de","14":"product_tag-weich","16":"first","17":"instock","18":"taxable","19":"shipping-taxable","20":"purchasable","21":"product-type-variable"},"_links":{"self":[{"href":"https:\/\/www.finres-sa.com\/de\/wp-json\/wp\/v2\/product\/16543","targetHints":{"allow":["GET"]}}],"collection":[{"href":"https:\/\/www.finres-sa.com\/de\/wp-json\/wp\/v2\/product"}],"about":[{"href":"https:\/\/www.finres-sa.com\/de\/wp-json\/wp\/v2\/types\/product"}],"version-history":[{"count":0,"href":"https:\/\/www.finres-sa.com\/de\/wp-json\/wp\/v2\/product\/16543\/revisions"}],"wp:featuredmedia":[{"embeddable":true,"href":"https:\/\/www.finres-sa.com\/de\/wp-json\/wp\/v2\/media\/26099"}],"wp:attachment":[{"href":"https:\/\/www.finres-sa.com\/de\/wp-json\/wp\/v2\/media?parent=16543"}],"wp:term":[{"taxonomy":"product_brand","embeddable":true,"href":"https:\/\/www.finres-sa.com\/de\/wp-json\/wp\/v2\/product_brand?post=16543"},{"taxonomy":"product_cat","embeddable":true,"href":"https:\/\/www.finres-sa.com\/de\/wp-json\/wp\/v2\/product_cat?post=16543"},{"taxonomy":"product_tag","embeddable":true,"href":"https:\/\/www.finres-sa.com\/de\/wp-json\/wp\/v2\/product_tag?post=16543"}],"curies":[{"name":"wp","href":"https:\/\/api.w.org\/{rel}","templated":true}]}}