{"id":16808,"date":"2024-06-07T11:17:21","date_gmt":"2024-06-07T09:17:21","guid":{"rendered":"https:\/\/www.finres-sa.com\/product\/cavex-alginate\/"},"modified":"2026-03-16T16:09:20","modified_gmt":"2026-03-16T15:09:20","slug":"cavex-alginate","status":"publish","type":"product","link":"https:\/\/www.finres-sa.com\/de\/produkt\/cavex-alginate\/","title":{"rendered":"CAVEX Alginat Entdecker"},"content":{"rendered":"\t\t<div data-elementor-type=\"product-post\" data-elementor-id=\"16808\" class=\"elementor elementor-16808 elementor-16793\" data-elementor-post-type=\"product\">\n\t\t\t\t<div class=\"elementor-element elementor-element-3a7cde32 e-flex e-con-boxed e-con e-parent\" data-id=\"3a7cde32\" data-element_type=\"container\" data-e-type=\"container\" data-settings=\"{&quot;jet_parallax_layout_list&quot;:[]}\">\n\t\t\t\t\t<div class=\"e-con-inner\">\n\t\t\t\t<div class=\"elementor-element elementor-element-10d221aa elementor-widget elementor-widget-text-editor\" data-id=\"10d221aa\" data-element_type=\"widget\" data-e-type=\"widget\" data-widget_type=\"text-editor.default\">\n\t\t\t\t<div class=\"elementor-widget-container\">\n\t\t\t\t\t\t\t\t\t<p data-pm-slice=\"1 1 []\"><span style=\"color: #233c74;\">Cavex CleverCast Premium Alginat basiert auf einer einzigartigen Kombination von Zutaten h\u00f6chster Qualit\u00e4t, um eine ausgezeichnete Reproduktion des K\u00f6rpers, empfindlicher Objekte oder organischer Materialien (Fr\u00fcchte, Pflanzen, etc.) zu bieten.<\/span><\/p><p><span style=\"color: #233c74;\">Formalginat ist ein hydrophiles Polymer, das aus getrockneten und gemahlenen Algen gewonnen wird.<\/span><\/p><p><span style=\"color: #233c74;\">Es ist ein feines, graues Pulver, das mit Wasser vermischt wird. Wenn es mit Wasser in Ber\u00fchrung kommt, wird das Alginat langsam dicker und geliert. Die resultierende Paste ist ungiftig, hypoallergen und kann sicher direkt auf die Haut aufgetragen werden.  <\/span><\/p><p><span style=\"color: #233c74;\">Alginat ist einfach zu verwenden und dank der kurzen Verarbeitungszeit kann ein Abdruck in nur wenigen Minuten erstellt werden, sei es die Hand oder der Fu\u00df Ihres Babys, der Abdruck Ihres Haustiers oder einfach zerbrechliche Alltagsgegenst\u00e4nde.<\/span><\/p><p><span style=\"color: #233c74;\">Cavex Alginat \u00e4hnelt dem rosa Alginat, wird aber bei Kontakt mit Wasser gr\u00fcn und verstr\u00f6mt einen herrlichen Minzduft.<\/span><\/p><p><span style=\"color: #233c74;\">Beeilen Sie sich, legen Sie es in Ihren Warenkorb, um es endlich auszuprobieren.<\/span><\/p>\t\t\t\t\t\t\t\t<\/div>\n\t\t\t\t<\/div>\n\t\t\t\t\t<\/div>\n\t\t\t\t<\/div>\n\t\t<div class=\"elementor-element elementor-element-2d17708 e-flex e-con-boxed e-con e-parent\" data-id=\"2d17708\" data-element_type=\"container\" data-e-type=\"container\" data-settings=\"{&quot;jet_parallax_layout_list&quot;:[],&quot;background_background&quot;:&quot;classic&quot;}\">\n\t\t\t\t\t<div class=\"e-con-inner\">\n\t\t\t\t<div class=\"elementor-element elementor-element-1730abd elementor-widget elementor-widget-heading\" data-id=\"1730abd\" data-element_type=\"widget\" data-e-type=\"widget\" data-widget_type=\"heading.default\">\n\t\t\t\t<div class=\"elementor-widget-container\">\n\t\t\t\t\t<h2 class=\"elementor-heading-title elementor-size-xl\">Technische Eigenschaften<\/h2>\t\t\t\t<\/div>\n\t\t\t\t<\/div>\n\t\t\t\t<div class=\"elementor-element elementor-element-0fa58e6 elementor-widget elementor-widget-text-editor\" data-id=\"0fa58e6\" data-element_type=\"widget\" data-e-type=\"widget\" data-widget_type=\"text-editor.default\">\n\t\t\t\t<div class=\"elementor-widget-container\">\n\t\t\t\t\t\t\t\t\t<p data-pm-slice=\"1 1 []\">Erh\u00e4ltlich in 2 Abbindezeiten: normal = 3\u2032 und langsam = 7\u2032. <strong>          <\/strong><\/p><p>Flexibles Mischungsverh\u00e4ltnis<\/p><p>Cremeartige Konsistenz<\/p><p>Sehr hohe Genauigkeit<\/p><p>Auf allen K\u00f6rperteilen anwendbar<\/p><p>Kompatibel mit Gips und PU-Harz F23<\/p><p>Farbe: grau als Pulver, gr\u00fcn in Kontakt mit Wasser<\/p><p>Nicht toxisch und nicht allergen<\/p>\t\t\t\t\t\t\t\t<\/div>\n\t\t\t\t<\/div>\n\t\t\t\t\t<\/div>\n\t\t\t\t<\/div>\n\t\t<div class=\"elementor-element elementor-element-7e9ea5e e-flex e-con-boxed e-con e-parent\" data-id=\"7e9ea5e\" data-element_type=\"container\" data-e-type=\"container\" data-settings=\"{&quot;jet_parallax_layout_list&quot;:[],&quot;background_background&quot;:&quot;classic&quot;}\">\n\t\t\t\t\t<div class=\"e-con-inner\">\n\t\t\t\t<div class=\"elementor-element elementor-element-6b096b2 elementor-widget elementor-widget-heading\" data-id=\"6b096b2\" data-element_type=\"widget\" data-e-type=\"widget\" data-widget_type=\"heading.default\">\n\t\t\t\t<div class=\"elementor-widget-container\">\n\t\t\t\t\t<h2 class=\"elementor-heading-title elementor-size-xl\">Mischung und Anwendung<\/h2>\t\t\t\t<\/div>\n\t\t\t\t<\/div>\n\t\t\t\t<div class=\"elementor-element elementor-element-518d328 elementor-widget elementor-widget-text-editor\" data-id=\"518d328\" data-element_type=\"widget\" data-e-type=\"widget\" data-widget_type=\"text-editor.default\">\n\t\t\t\t<div class=\"elementor-widget-container\">\n\t\t\t\t\t\t\t\t\t<p><strong>1.Vorbereitung<\/strong><\/p><p>Bereiten Sie das zu gie\u00dfende Objekt oder die zu gie\u00dfende Oberfl\u00e4che vor und stellen Sie sicher, dass sie sauber ist.<\/p><p>Bei der Anwendung auf stark behaarter Haut ist ein Schutz erforderlich.<\/p><p><strong>2.Mischungsverh\u00e4ltnis<\/strong><\/p><p>Flexibles Mischungsverh\u00e4ltnis, bereiten Sie die ben\u00f6tigte Menge je nach Gr\u00f6\u00dfe des zu formenden Objekts vor.<\/p><p>Kleine Drucke: 1 Teil Pulver auf 1 oder 2 Teile Wasser<\/p><p>Gro\u00dfe Drucke: 1 Teil Pulver auf 3 oder 4 Teile Wasser<\/p><p><strong>3. Mischung<\/strong><\/p><p>Messen Sie die erforderliche Wassermenge ab und geben Sie 1\/3 des Pulvers hinein.<\/p><p>Kneten Sie die erste Mischung gut durch, bevor Sie die restlichen 2\/3 des Pulvers hinzuf\u00fcgen. Das Mischen kann von Hand oder mit Hilfe eines mechanischen Werkzeugs erfolgen. Die Mischzeit h\u00e4ngt von der gew\u00e4hlten Methode ab, in jedem Fall ist es wichtig, eine klumpenfreie L\u00f6sung zu erhalten. <\/p><p>Wenn die Mischung vollkommen homogen ist, ist das Alginat gebrauchsfertig.<\/p><p>Die Arbeitszeit h\u00e4ngt sowohl von der Wahl des Alginats als auch von der Wassertemperatur ab, je w\u00e4rmer das Wasser, desto schneller die Aush\u00e4rtung.<\/p><p><strong>4. Formgebung<\/strong><\/p><p>Tauchen Sie das zu reproduzierende Objekt f\u00fcr einige Minuten unter Wasser. Wenn das Material ausgeh\u00e4rtet ist, entnehmen Sie es vorsichtig.<\/p><p>Sie k\u00f6nnen das Alginat in mehreren Schichten auf das Gesicht oder auf eine beliebige Oberfl\u00e4che auftragen.<\/p><p>In diesem Fall ist es notwendig, eine Gipsschale zu erstellen, um sie zu st\u00fctzen.<\/p><p>Hierf\u00fcr ben\u00f6tigen Sie Gipsbinden, die Sie zuvor auf die erforderliche L\u00e4nge zugeschnitten haben.<\/p><p>Nachdem Sie sie angefeuchtet haben, legen Sie sie direkt auf das gelierte Alginat und wiederholen Sie den Vorgang, bis Sie eine ausreichend feste Schale erhalten haben.<\/p><p><strong>5.Prise<\/strong><\/p><p>Lassen Sie das Alginat abbinden: Die Abbindezeit h\u00e4ngt von der Art des verwendeten Alginats ab und betr\u00e4gt in der Regel zwischen 3 und 5 Minuten. Das Alginat ist ausgeh\u00e4rtet, wenn es sich fest und elastisch anf\u00fchlt und Sie den Gegenstand oder das K\u00f6rperteil vorsichtig aus der Form nehmen k\u00f6nnen. <\/p><p><strong>6.Verwendung der Form<\/strong><\/p><p>Verwenden Sie die Form sofort oder in den n\u00e4chsten Stunden, da das Wasser verdunstet und die Form langsam schrumpft.<\/p><p>Je n\u00e4her sich die Form an einer W\u00e4rmequelle befindet, desto schneller verdampft sie.<\/p><p>Die Abz\u00fcge k\u00f6nnen in <a href=\"https:\/\/www.finres-sa.com\/de\/produkt\/paste-calcast-100\/\" target=\"_blank\" rel=\"noopener noreferrer\">Gips<\/a>,<a href=\"https:\/\/www.finres-sa.com\/de\/produkt\/synthesegips-g-super-copie\/\" target=\"_blank\" rel=\"noopener noreferrer\">synthetischem<\/a><a href=\"https:\/\/www.finres-sa.com\/de\/produkt\/g-super\/\" target=\"_blank\" rel=\"noopener noreferrer\"> Gips <\/a>, Wachs oder mit unserem <a href=\"https:\/\/www.finres-sa.com\/de\/produkt\/fast-cast-axson-f23-7-8min-kit\/\" target=\"_blank\" rel=\"noopener noreferrer\">Polyurethanharz F23<\/a> hergestellt werden.<\/p><p><strong>7. Entformung<\/strong><\/p><p>Rei\u00dfen Sie die Alginatform vorsichtig auf, um die Probe zu l\u00f6sen.<\/p><p>Die Form ist nicht wiederverwendbar.<\/p><p><strong>8. Lagerung<\/strong><\/p><p>3 Jahre haltbar, wenn es vor Feuchtigkeit gesch\u00fctzt ist.<\/p>\t\t\t\t\t\t\t\t<\/div>\n\t\t\t\t<\/div>\n\t\t\t\t\t<\/div>\n\t\t\t\t<\/div>\n\t\t\t\t<\/div>\n\t\t","protected":false},"excerpt":{"rendered":"<p data-pm-slice=\"1 1 []\"><span style=\"color: #ffffff;\">Gie\u00dfalginat ist ein nat\u00fcrliches Produkt, das sich f\u00fcr alle Abdr\u00fccke auf dem K\u00f6rper eignet. Mit Wasser vermischt bietet dieses Algenpulver eine perfekte Reproduktion der feinsten Details. Die Abz\u00fcge k\u00f6nnen dann in Gips, synthetischem Gips, Wachs oder mit unserem Polyurethanharz F23 abgezogen werden.<\/span><\/p>\n","protected":false},"featured_media":26336,"template":"","meta":[],"product_brand":[],"product_cat":[896,1659,1000,1807],"product_tag":[],"class_list":{"0":"post-16808","1":"product","2":"type-product","3":"status-publish","4":"has-post-thumbnail","6":"product_cat-gietvormen-en-siliconen-de","7":"product_cat-hautabformung","8":"product_cat-neuheiten","9":"product_cat-sonderangebote","11":"first","12":"instock","13":"taxable","14":"shipping-taxable","15":"purchasable","16":"product-type-variable"},"_links":{"self":[{"href":"https:\/\/www.finres-sa.com\/de\/wp-json\/wp\/v2\/product\/16808","targetHints":{"allow":["GET"]}}],"collection":[{"href":"https:\/\/www.finres-sa.com\/de\/wp-json\/wp\/v2\/product"}],"about":[{"href":"https:\/\/www.finres-sa.com\/de\/wp-json\/wp\/v2\/types\/product"}],"version-history":[{"count":2,"href":"https:\/\/www.finres-sa.com\/de\/wp-json\/wp\/v2\/product\/16808\/revisions"}],"predecessor-version":[{"id":37259,"href":"https:\/\/www.finres-sa.com\/de\/wp-json\/wp\/v2\/product\/16808\/revisions\/37259"}],"wp:featuredmedia":[{"embeddable":true,"href":"https:\/\/www.finres-sa.com\/de\/wp-json\/wp\/v2\/media\/26336"}],"wp:attachment":[{"href":"https:\/\/www.finres-sa.com\/de\/wp-json\/wp\/v2\/media?parent=16808"}],"wp:term":[{"taxonomy":"product_brand","embeddable":true,"href":"https:\/\/www.finres-sa.com\/de\/wp-json\/wp\/v2\/product_brand?post=16808"},{"taxonomy":"product_cat","embeddable":true,"href":"https:\/\/www.finres-sa.com\/de\/wp-json\/wp\/v2\/product_cat?post=16808"},{"taxonomy":"product_tag","embeddable":true,"href":"https:\/\/www.finres-sa.com\/de\/wp-json\/wp\/v2\/product_tag?post=16808"}],"curies":[{"name":"wp","href":"https:\/\/api.w.org\/{rel}","templated":true}]}}