{"id":16867,"date":"2023-06-26T18:14:11","date_gmt":"2023-06-26T16:14:11","guid":{"rendered":"https:\/\/www.finres-sa.com\/product\/jesmonite-selbstausloeser-ac730\/"},"modified":"2025-08-25T10:19:35","modified_gmt":"2025-08-25T08:19:35","slug":"jesmonite-selbstausloeser-ac730","status":"publish","type":"product","link":"https:\/\/www.finres-sa.com\/de\/produkt\/jesmonite-selbstausloeser-ac730\/","title":{"rendered":"JESMONITE\u00ae Verz\u00f6gerer AC730"},"content":{"rendered":"<p><span style=\"background-color: rgba(255, 255, 255, 0); color: var(--body_typography-color); font-family: var(--body_typography-font-family); font-size: var(--body_typography-font-size); font-style: var(--body_typography-font-style,normal); font-weight: var(--body_typography-font-weight); letter-spacing: var(--body_typography-letter-spacing);\">M\u00fcssen Sie die Verarbeitungszeit Ihrer Jesmonite-Materialien verl\u00e4ngern? Die Aush\u00e4rtungszeiten aller Jesmonite-Verbundmaterialien k\u00f6nnen durch die Zugabe eines Verz\u00f6gerers verl\u00e4ngert werden.  Es gibt einen Verz\u00f6gerer f\u00fcr die Materialien AC100 und AC300 und einen separaten Verz\u00f6gerer f\u00fcr die zementbasierten Materialien AC730. Bitte beachten Sie, dass der Endnutzer die Tests in der Werkstattumgebung durchf\u00fchren muss, da extreme Temperaturen und Luftfeuchtigkeit die Einstellungszeiten beeinflussen k\u00f6nnen. Die Zugaberaten finden Sie in den Anleitungen der verschiedenen Kompositmaterialien.<\/span><\/p>\n<p>Ben\u00f6tigen Sie weitere Informationen? Besuchen Sie die Produktseite<a href=\"https:\/\/www.finres-sa.com\/de\/marke\/jesmonite\/\"> Jesmonite<\/a> <\/p>\n","protected":false},"excerpt":{"rendered":"<p>Verl\u00e4ngern Sie die Verarbeitungszeit Ihrer Jesmonite AC730 Produkte dank des Verz\u00f6gerers!<\/p>\n","protected":false},"featured_media":16869,"template":"","meta":[],"product_brand":[],"product_cat":[919,1569],"product_tag":[927,925,897,899,924,923,944,922,898],"class_list":{"0":"post-16867","1":"product","2":"type-product","3":"status-publish","4":"has-post-thumbnail","6":"product_cat-jesmonite-de","7":"product_cat-zusatzstoffe","8":"product_tag-additief-de","9":"product_tag-beeld-de","10":"product_tag-decoratie-de","11":"product_tag-gieten-de","12":"product_tag-jesmoniet-de","13":"product_tag-milieuvriendelijk-de","14":"product_tag-schichtung","15":"product_tag-stijf-de","16":"product_tag-toon-de","18":"first","19":"instock","20":"taxable","21":"shipping-taxable","22":"purchasable","23":"product-type-variable"},"_links":{"self":[{"href":"https:\/\/www.finres-sa.com\/de\/wp-json\/wp\/v2\/product\/16867","targetHints":{"allow":["GET"]}}],"collection":[{"href":"https:\/\/www.finres-sa.com\/de\/wp-json\/wp\/v2\/product"}],"about":[{"href":"https:\/\/www.finres-sa.com\/de\/wp-json\/wp\/v2\/types\/product"}],"version-history":[{"count":0,"href":"https:\/\/www.finres-sa.com\/de\/wp-json\/wp\/v2\/product\/16867\/revisions"}],"wp:featuredmedia":[{"embeddable":true,"href":"https:\/\/www.finres-sa.com\/de\/wp-json\/wp\/v2\/media\/16869"}],"wp:attachment":[{"href":"https:\/\/www.finres-sa.com\/de\/wp-json\/wp\/v2\/media?parent=16867"}],"wp:term":[{"taxonomy":"product_brand","embeddable":true,"href":"https:\/\/www.finres-sa.com\/de\/wp-json\/wp\/v2\/product_brand?post=16867"},{"taxonomy":"product_cat","embeddable":true,"href":"https:\/\/www.finres-sa.com\/de\/wp-json\/wp\/v2\/product_cat?post=16867"},{"taxonomy":"product_tag","embeddable":true,"href":"https:\/\/www.finres-sa.com\/de\/wp-json\/wp\/v2\/product_tag?post=16867"}],"curies":[{"name":"wp","href":"https:\/\/api.w.org\/{rel}","templated":true}]}}