{"id":16882,"date":"2023-06-26T18:14:10","date_gmt":"2023-06-26T16:14:10","guid":{"rendered":"https:\/\/www.finres-sa.com\/product\/jesmonite-selbstausloeser-ac100-ac300\/"},"modified":"2026-02-13T15:49:53","modified_gmt":"2026-02-13T14:49:53","slug":"jesmonite-selbstausloeser-ac100-ac300","status":"publish","type":"product","link":"https:\/\/www.finres-sa.com\/de\/produkt\/jesmonite-selbstausloeser-ac100-ac300\/","title":{"rendered":"JESMONITE SELBSTAUSL\u00d6SER AC100\/AC300"},"content":{"rendered":"\t\t<div data-elementor-type=\"product-post\" data-elementor-id=\"16882\" class=\"elementor elementor-16882 elementor-5439\" data-elementor-post-type=\"product\">\n\t\t\t\t<div class=\"elementor-element elementor-element-ae0ab55 e-flex e-con-boxed e-con e-parent\" data-id=\"ae0ab55\" data-element_type=\"container\" data-e-type=\"container\" data-settings=\"{&quot;jet_parallax_layout_list&quot;:[]}\">\n\t\t\t\t\t<div class=\"e-con-inner\">\n\t\t\t\t<div class=\"elementor-element elementor-element-6b6ac15 elementor-widget elementor-widget-text-editor\" data-id=\"6b6ac15\" data-element_type=\"widget\" data-e-type=\"widget\" data-widget_type=\"text-editor.default\">\n\t\t\t\t<div class=\"elementor-widget-container\">\n\t\t\t\t\t\t\t\t\t<p><span style=\"color: #233c76;\">Der Verz\u00f6gerer ist ein pr\u00e4zise formulierter Zusatzstoff, der die Abbindezeit der Verbundstoffe Jesmonite AC100\/200\/300 verlangsamt.<\/span><\/p><p><span style=\"color: #233c76;\">Es ist perfekt f\u00fcr gro\u00dfe und komplexe Anwendungen geeignet und erm\u00f6glicht eine kontrollierte Verl\u00e4ngerung der Bearbeitungszeit, ohne die Oberfl\u00e4chenbeschaffenheit oder die mechanische Leistung des Materials zu beeintr\u00e4chtigen. <\/span><\/p><p><span style=\"color: #233c76;\">Die Flexibilit\u00e4t der Nutzung erm\u00f6glicht es, das Tempo der Umsetzung sowohl an technische als auch an klimatische Bedingungen anzupassen. <\/span><\/p><p><span style=\"color: #233c76;\">Der Verz\u00f6gerer ist besonders in den Sommermonaten zu empfehlen, da er die durch die Hitze verursachte Beschleunigung des Abbindeprozesses ausgleicht und so einen optimalen und konstanten Arbeitskomfort bietet.<\/span><\/p><p> <\/p>\t\t\t\t\t\t\t\t<\/div>\n\t\t\t\t<\/div>\n\t\t\t\t\t<\/div>\n\t\t\t\t<\/div>\n\t\t<div class=\"elementor-element elementor-element-c8457cd e-flex e-con-boxed e-con e-parent\" data-id=\"c8457cd\" data-element_type=\"container\" data-e-type=\"container\" data-settings=\"{&quot;jet_parallax_layout_list&quot;:[],&quot;background_background&quot;:&quot;classic&quot;}\">\n\t\t\t\t\t<div class=\"e-con-inner\">\n\t\t\t\t<div class=\"elementor-element elementor-element-58abd3e elementor-widget elementor-widget-heading\" data-id=\"58abd3e\" data-element_type=\"widget\" data-e-type=\"widget\" data-widget_type=\"heading.default\">\n\t\t\t\t<div class=\"elementor-widget-container\">\n\t\t\t\t\t<h2 class=\"elementor-heading-title elementor-size-xl\">Merkmale<\/h2>\t\t\t\t<\/div>\n\t\t\t\t<\/div>\n\t\t\t\t<div class=\"elementor-element elementor-element-f3f6a4c elementor-widget elementor-widget-text-editor\" data-id=\"f3f6a4c\" data-element_type=\"widget\" data-e-type=\"widget\" data-widget_type=\"text-editor.default\">\n\t\t\t\t<div class=\"elementor-widget-container\">\n\t\t\t\t\t\t\t\t\t<p>\u2696\ufe0f Mischungsverh\u00e4ltnis: 2 bis 8 Gramm pro Kilo <u>Fl\u00fcssigkeit<\/u><\/p><p>\ud83c\udf3f L\u00f6semittel- und VOC-frei <\/p><p>\u23f1 Bis zu 45 Min. Arbeitszeit  <\/p><p>\ud83d\udca7 Aufrechterhaltung der physikalischen Eigenschaften<\/p>\t\t\t\t\t\t\t\t<\/div>\n\t\t\t\t<\/div>\n\t\t\t\t\t<\/div>\n\t\t\t\t<\/div>\n\t\t<div class=\"elementor-element elementor-element-715b5c3 e-flex e-con-boxed e-con e-parent\" data-id=\"715b5c3\" data-element_type=\"container\" data-e-type=\"container\" data-settings=\"{&quot;jet_parallax_layout_list&quot;:[],&quot;background_background&quot;:&quot;classic&quot;}\">\n\t\t\t\t\t<div class=\"e-con-inner\">\n\t\t\t\t<div class=\"elementor-element elementor-element-d01a527 elementor-widget elementor-widget-heading\" data-id=\"d01a527\" data-element_type=\"widget\" data-e-type=\"widget\" data-widget_type=\"heading.default\">\n\t\t\t\t<div class=\"elementor-widget-container\">\n\t\t\t\t\t<h2 class=\"elementor-heading-title elementor-size-xl\">Umsetzung<\/h2>\t\t\t\t<\/div>\n\t\t\t\t<\/div>\n\t\t\t\t<div class=\"elementor-element elementor-element-6e3f179 elementor-widget elementor-widget-text-editor\" data-id=\"6e3f179\" data-element_type=\"widget\" data-e-type=\"widget\" data-widget_type=\"text-editor.default\">\n\t\t\t\t<div class=\"elementor-widget-container\">\n\t\t\t\t\t\t\t\t\t<p><strong>1. Mischungsverh\u00e4ltnis<\/strong><\/p><p>F\u00fcgen Sie zwischen 2 und 8 Gramm Verz\u00f6gerer pro Kilogramm Fl\u00fcssigkeit Jesmonite hinzu, bevor Sie das Basispulver einarbeiten. Die genaue Menge h\u00e4ngt vom gew\u00fcnschten Verz\u00f6gerungsgrad und den spezifischen Projektanforderungen ab. <\/p><p><strong>2. Topfzeit<\/strong><\/p><p>Die erzielte Arbeitszeit h\u00e4ngt von mehreren Faktoren ab:<\/p><ul><li>Dosierung des Selbstausl\u00f6sers<\/li><li>Raumtemperatur<\/li><li>Volumen und Masse der Schmelze<\/li><\/ul><p>Es wird dringend empfohlen, einen vorherigen Test durchzuf\u00fchren, um das Arbeitsfenster unter Ihren spezifischen Produktionsbedingungen genau zu bestimmen.<\/p><p><strong>Hinweis: <\/strong>Eine \u00dcberdosierung kann die mechanischen Eigenschaften beeintr\u00e4chtigen oder die Trocknungszeit verl\u00e4ngern. Daher ist es wichtig, dass die Rezeptur sorgf\u00e4ltig auf die Anwendungsbedingungen und die Art des Werkst\u00fccks abgestimmt wird. <\/p>\t\t\t\t\t\t\t\t<\/div>\n\t\t\t\t<\/div>\n\t\t\t\t\t<\/div>\n\t\t\t\t<\/div>\n\t\t\t\t<\/div>\n\t\t","protected":false},"excerpt":{"rendered":"<p><span style=\"color: #ffffff;\">Der Abbindeverz\u00f6gerer erm\u00f6glicht es, die Verarbeitungszeit von Jesmonite zu verl\u00e4ngern, ohne die endg\u00fcltigen Eigenschaften des Produkts zu beeintr\u00e4chtigen.<\/span><\/p>\n","protected":false},"featured_media":16883,"template":"","meta":[],"product_brand":[],"product_cat":[919,1569],"product_tag":[927,925,897,899,924,923,944,922,898],"class_list":{"0":"post-16882","1":"product","2":"type-product","3":"status-publish","4":"has-post-thumbnail","6":"product_cat-jesmonite-de","7":"product_cat-zusatzstoffe","8":"product_tag-additief-de","9":"product_tag-beeld-de","10":"product_tag-decoratie-de","11":"product_tag-gieten-de","12":"product_tag-jesmoniet-de","13":"product_tag-milieuvriendelijk-de","14":"product_tag-schichtung","15":"product_tag-stijf-de","16":"product_tag-toon-de","18":"first","19":"instock","20":"taxable","21":"shipping-taxable","22":"purchasable","23":"product-type-variable"},"_links":{"self":[{"href":"https:\/\/www.finres-sa.com\/de\/wp-json\/wp\/v2\/product\/16882","targetHints":{"allow":["GET"]}}],"collection":[{"href":"https:\/\/www.finres-sa.com\/de\/wp-json\/wp\/v2\/product"}],"about":[{"href":"https:\/\/www.finres-sa.com\/de\/wp-json\/wp\/v2\/types\/product"}],"version-history":[{"count":1,"href":"https:\/\/www.finres-sa.com\/de\/wp-json\/wp\/v2\/product\/16882\/revisions"}],"predecessor-version":[{"id":36380,"href":"https:\/\/www.finres-sa.com\/de\/wp-json\/wp\/v2\/product\/16882\/revisions\/36380"}],"wp:featuredmedia":[{"embeddable":true,"href":"https:\/\/www.finres-sa.com\/de\/wp-json\/wp\/v2\/media\/16883"}],"wp:attachment":[{"href":"https:\/\/www.finres-sa.com\/de\/wp-json\/wp\/v2\/media?parent=16882"}],"wp:term":[{"taxonomy":"product_brand","embeddable":true,"href":"https:\/\/www.finres-sa.com\/de\/wp-json\/wp\/v2\/product_brand?post=16882"},{"taxonomy":"product_cat","embeddable":true,"href":"https:\/\/www.finres-sa.com\/de\/wp-json\/wp\/v2\/product_cat?post=16882"},{"taxonomy":"product_tag","embeddable":true,"href":"https:\/\/www.finres-sa.com\/de\/wp-json\/wp\/v2\/product_tag?post=16882"}],"curies":[{"name":"wp","href":"https:\/\/api.w.org\/{rel}","templated":true}]}}