{"id":17006,"date":"2024-06-14T09:51:40","date_gmt":"2024-06-14T07:51:40","guid":{"rendered":"https:\/\/www.finres-sa.com\/product\/handschleifblock\/"},"modified":"2026-02-13T13:47:37","modified_gmt":"2026-02-13T12:47:37","slug":"handschleifblock","status":"publish","type":"product","link":"https:\/\/www.finres-sa.com\/de\/produkt\/handschleifblock\/","title":{"rendered":"HANDSCHLEIFBLOCK"},"content":{"rendered":"\t\t<div data-elementor-type=\"product-post\" data-elementor-id=\"17006\" class=\"elementor elementor-17006 elementor-16988\" data-elementor-post-type=\"product\">\n\t\t\t\t<div class=\"elementor-element elementor-element-4261aa8 e-flex e-con-boxed e-con e-parent\" data-id=\"4261aa8\" data-element_type=\"container\" data-e-type=\"container\" data-settings=\"{&quot;jet_parallax_layout_list&quot;:[],&quot;background_background&quot;:&quot;classic&quot;}\">\n\t\t\t\t\t<div class=\"e-con-inner\">\n\t\t\t\t<div class=\"elementor-element elementor-element-5b7770e elementor-widget elementor-widget-heading\" data-id=\"5b7770e\" data-element_type=\"widget\" data-e-type=\"widget\" data-widget_type=\"heading.default\">\n\t\t\t\t<div class=\"elementor-widget-container\">\n\t\t\t\t\t<h2 class=\"elementor-heading-title elementor-size-xl\">Merkmale<\/h2>\t\t\t\t<\/div>\n\t\t\t\t<\/div>\n\t\t\t\t<div class=\"elementor-element elementor-element-5011c89 elementor-widget elementor-widget-text-editor\" data-id=\"5011c89\" data-element_type=\"widget\" data-e-type=\"widget\" data-widget_type=\"text-editor.default\">\n\t\t\t\t<div class=\"elementor-widget-container\">\n\t\t\t\t\t\t\t\t\t<p style=\"margin: 0cm; margin-bottom: .0001pt;\"><span style=\"font-size: 11.0pt; font-family: 'Calibri',sans-serif;\">4 Gr\u00f6\u00dfen: \u00d849mm, \u00d873mm, \u00d8104mm, 135x71mm<\/span><\/p><p style=\"margin: 0cm; margin-bottom: .0001pt;\"><span style=\"font-size: 11.0pt; font-family: 'Calibri',sans-serif;\">2 K\u00f6rnungen: P80 (starker Abrieb) &amp; P150 (Gl\u00e4tte)<\/span><\/p><p style=\"margin: 0cm; margin-bottom: .0001pt;\"><span style=\"font-size: 11.0pt; font-family: 'Calibri',sans-serif;\">Verkauft ohne das <a href=\"https:\/\/www.finres-sa.com\/de\/produkt\/sandpapier-fuer-schleifbloecke\/\"><b>Schleifpapier<\/b><\/a>  <\/span><\/p><p style=\"margin: 0cm; margin-bottom: .0001pt;\"><span style=\"font-size: 11.0pt; font-family: 'Calibri',sans-serif;\">Klettsystem f\u00fcr einen schnellen Wechsel der Schleifmittel.<\/span><\/p>\t\t\t\t\t\t\t\t<\/div>\n\t\t\t\t<\/div>\n\t\t\t\t\t<\/div>\n\t\t\t\t<\/div>\n\t\t<div class=\"elementor-element elementor-element-c804c70 e-flex e-con-boxed e-con e-parent\" data-id=\"c804c70\" data-element_type=\"container\" data-e-type=\"container\" data-settings=\"{&quot;jet_parallax_layout_list&quot;:[],&quot;background_background&quot;:&quot;classic&quot;}\">\n\t\t\t\t\t<div class=\"e-con-inner\">\n\t\t\t\t<div class=\"elementor-element elementor-element-8ef506b elementor-widget elementor-widget-heading\" data-id=\"8ef506b\" data-element_type=\"widget\" data-e-type=\"widget\" data-widget_type=\"heading.default\">\n\t\t\t\t<div class=\"elementor-widget-container\">\n\t\t\t\t\t<h2 class=\"elementor-heading-title elementor-size-xl\">Vorteile<\/h2>\t\t\t\t<\/div>\n\t\t\t\t<\/div>\n\t\t\t\t<div class=\"elementor-element elementor-element-8678798 elementor-widget elementor-widget-text-editor\" data-id=\"8678798\" data-element_type=\"widget\" data-e-type=\"widget\" data-widget_type=\"text-editor.default\">\n\t\t\t\t<div class=\"elementor-widget-container\">\n\t\t\t\t\t\t\t\t\t<p style=\"margin: 0cm; margin-bottom: .0001pt;\"><span style=\"font-size: 11.0pt; font-family: 'Calibri',sans-serif;\">Abmessungen: Erh\u00e4ltlich in verschiedenen Gr\u00f6\u00dfen, um Ihren Schleifanforderungen gerecht zu werden.<\/span><\/p><p style=\"margin: 0cm; margin-bottom: .0001pt;\"><span style=\"font-size: 11.0pt; font-family: 'Calibri',sans-serif;\">Pr\u00e4zision: erm\u00f6glicht ein gleichm\u00e4\u00dfiges und pr\u00e4zises Schleifen, selbst an schwer zug\u00e4nglichen Stellen.<\/span><\/p><p style=\"margin: 0cm; margin-bottom: .0001pt;\"><span style=\"font-size: 11.0pt; font-family: 'Calibri',sans-serif;\">Langlebigkeit: Entwickelt, um einer intensiven Nutzung standzuhalten und eine lange Lebensdauer des Produkts zu gew\u00e4hrleisten.<\/span><\/p><p style=\"margin: 0cm; margin-bottom: .0001pt;\"><span style=\"font-size: 11.0pt; font-family: 'Calibri',sans-serif;\">Kompatibilit\u00e4t: geeignet f\u00fcr Trocken- und Nassschliff.<\/span><\/p><p style=\"margin: 0cm; margin-bottom: .0001pt;\"><span style=\"font-size: 11.0pt; font-family: 'Calibri',sans-serif;\">Benutzerkomfort: Das ergonomische Design minimiert die Erm\u00fcdung der H\u00e4nde und maximiert den Komfort bei l\u00e4ngerem Gebrauch.<\/span><\/p>\t\t\t\t\t\t\t\t<\/div>\n\t\t\t\t<\/div>\n\t\t\t\t\t<\/div>\n\t\t\t\t<\/div>\n\t\t\t\t<\/div>\n\t\t","protected":false},"excerpt":{"rendered":"<p style=\"margin: 0cm; margin-bottom: .0001pt;\"><span style=\"font-size: 11pt; font-family: Calibri, sans-serif; color: #ffffff;\">Die Schleifbl\u00f6cke sind ergonomisch geformt und einfach zu benutzen. Sie liegen gut in der Hand und sorgen f\u00fcr eine optimale Pr\u00e4zision.<\/span><\/p>\n","protected":false},"featured_media":26324,"template":"","meta":[],"product_brand":[],"product_cat":[934,919,1000,1631],"product_tag":[],"class_list":{"0":"post-17006","1":"product","2":"type-product","3":"status-publish","4":"has-post-thumbnail","6":"product_cat-gereedschap-in-zubehor","7":"product_cat-jesmonite-de","8":"product_cat-neuheiten","9":"product_cat-zubehor","11":"first","12":"instock","13":"taxable","14":"shipping-taxable","15":"purchasable","16":"product-type-variable"},"_links":{"self":[{"href":"https:\/\/www.finres-sa.com\/de\/wp-json\/wp\/v2\/product\/17006","targetHints":{"allow":["GET"]}}],"collection":[{"href":"https:\/\/www.finres-sa.com\/de\/wp-json\/wp\/v2\/product"}],"about":[{"href":"https:\/\/www.finres-sa.com\/de\/wp-json\/wp\/v2\/types\/product"}],"version-history":[{"count":1,"href":"https:\/\/www.finres-sa.com\/de\/wp-json\/wp\/v2\/product\/17006\/revisions"}],"predecessor-version":[{"id":36289,"href":"https:\/\/www.finres-sa.com\/de\/wp-json\/wp\/v2\/product\/17006\/revisions\/36289"}],"wp:featuredmedia":[{"embeddable":true,"href":"https:\/\/www.finres-sa.com\/de\/wp-json\/wp\/v2\/media\/26324"}],"wp:attachment":[{"href":"https:\/\/www.finres-sa.com\/de\/wp-json\/wp\/v2\/media?parent=17006"}],"wp:term":[{"taxonomy":"product_brand","embeddable":true,"href":"https:\/\/www.finres-sa.com\/de\/wp-json\/wp\/v2\/product_brand?post=17006"},{"taxonomy":"product_cat","embeddable":true,"href":"https:\/\/www.finres-sa.com\/de\/wp-json\/wp\/v2\/product_cat?post=17006"},{"taxonomy":"product_tag","embeddable":true,"href":"https:\/\/www.finres-sa.com\/de\/wp-json\/wp\/v2\/product_tag?post=17006"}],"curies":[{"name":"wp","href":"https:\/\/api.w.org\/{rel}","templated":true}]}}