{"id":17387,"date":"2023-06-26T18:15:05","date_gmt":"2023-06-26T16:15:05","guid":{"rendered":"https:\/\/www.finres-sa.com\/product\/fast-cast-axson-f23-7-8min-kit\/"},"modified":"2025-07-15T13:29:15","modified_gmt":"2025-07-15T11:29:15","slug":"fast-cast-axson-f23-7-8min-kit","status":"publish","type":"product","link":"https:\/\/www.finres-sa.com\/de\/produkt\/fast-cast-axson-f23-7-8min-kit\/","title":{"rendered":"FAST CAST AXSON F23 7-8min. (KIT)"},"content":{"rendered":"<p>Gef\u00fclltes FastCast-Harz mit sehr guter Flie\u00dff\u00e4higkeit<\/p>\n<p><strong>Beschreibung<\/strong><\/p>\n<p>Gie\u00dfen von Mastermodellen und Kernen, Negativen und mittelgro\u00dfen Abg\u00fcssen<\/p>\n<p>F\u00fcr eine hohe Oberfl\u00e4chenqualit\u00e4t und Formgenauigkeit<\/p>\n<p><strong>Eigenschaften und Vorteile<\/strong><\/p>\n<p>&#8211; Fast geruchlos<\/p>\n<p>&#8211; Leicht von Hand zu mischen und sehr gut flie\u00dfend<\/p>\n<p>&#8211; Geringe Schrumpfung<\/p>\n<p>&#8211; Gute Haftung an Holzmaterialien<\/p>\n<p>&#8211; Sehr gute Eignung f\u00fcr die mechanische Bearbeitung, z.B. durch Fr\u00e4sen und Bohren oder zus\u00e4tzliche Nachbearbeitung mit feinen Schleifmitteln, um hochwertige Oberfl\u00e4chen zu erzielen.<\/p>\n<p><strong>Technisches Datenblatt<\/strong><\/p>\n<p>https:\/\/industry.sika.com\/content\/dam\/dms\/global-industry\/2\/pds-SikaBiresin-F23-(Biresin%20G23)-en.pdf<\/p>\n","protected":false},"excerpt":{"rendered":"<p>Gef\u00fclltes FastCast-Harz mit sehr guter Flie\u00dff\u00e4higkeit<\/p>\n<p><strong>Beschreibung<\/strong><br \/>\nGie\u00dfen von Meistermodellen und Kernen, Negativen und mittelgro\u00dfen Abg\u00fcssen<br \/>\nF\u00fcr eine hohe Oberfl\u00e4chenqualit\u00e4t und Gie\u00dfgenauigkeit<\/p>\n","protected":false},"featured_media":17388,"template":"","meta":[],"product_brand":[],"product_cat":[1729,937],"product_tag":[900,899,903,901,943,922],"class_list":{"0":"post-17387","1":"product","2":"type-product","3":"status-publish","4":"has-post-thumbnail","6":"product_cat-fast-cast-2-de","7":"product_cat-polyurethaan-de","8":"product_tag-cast-de","9":"product_tag-gieten-de","10":"product_tag-kunst-de","11":"product_tag-prototyp","12":"product_tag-set","13":"product_tag-stijf-de","15":"first","16":"instock","17":"taxable","18":"shipping-taxable","19":"purchasable","20":"product-type-variable"},"_links":{"self":[{"href":"https:\/\/www.finres-sa.com\/de\/wp-json\/wp\/v2\/product\/17387","targetHints":{"allow":["GET"]}}],"collection":[{"href":"https:\/\/www.finres-sa.com\/de\/wp-json\/wp\/v2\/product"}],"about":[{"href":"https:\/\/www.finres-sa.com\/de\/wp-json\/wp\/v2\/types\/product"}],"version-history":[{"count":0,"href":"https:\/\/www.finres-sa.com\/de\/wp-json\/wp\/v2\/product\/17387\/revisions"}],"wp:featuredmedia":[{"embeddable":true,"href":"https:\/\/www.finres-sa.com\/de\/wp-json\/wp\/v2\/media\/17388"}],"wp:attachment":[{"href":"https:\/\/www.finres-sa.com\/de\/wp-json\/wp\/v2\/media?parent=17387"}],"wp:term":[{"taxonomy":"product_brand","embeddable":true,"href":"https:\/\/www.finres-sa.com\/de\/wp-json\/wp\/v2\/product_brand?post=17387"},{"taxonomy":"product_cat","embeddable":true,"href":"https:\/\/www.finres-sa.com\/de\/wp-json\/wp\/v2\/product_cat?post=17387"},{"taxonomy":"product_tag","embeddable":true,"href":"https:\/\/www.finres-sa.com\/de\/wp-json\/wp\/v2\/product_tag?post=17387"}],"curies":[{"name":"wp","href":"https:\/\/api.w.org\/{rel}","templated":true}]}}