{"id":17457,"date":"2024-07-05T10:13:44","date_gmt":"2024-07-05T08:13:44","guid":{"rendered":"https:\/\/www.finres-sa.com\/product\/universalpigment\/"},"modified":"2026-03-16T16:08:00","modified_gmt":"2026-03-16T15:08:00","slug":"universalpigment","status":"publish","type":"product","link":"https:\/\/www.finres-sa.com\/de\/produkt\/universalpigment\/","title":{"rendered":"UNIVERSALPIGMENT"},"content":{"rendered":"\t\t<div data-elementor-type=\"product-post\" data-elementor-id=\"17457\" class=\"elementor elementor-17457 elementor-17399\" data-elementor-post-type=\"product\">\n\t\t\t\t<div class=\"elementor-element elementor-element-fa2e2c7 e-flex e-con-boxed e-con e-parent\" data-id=\"fa2e2c7\" data-element_type=\"container\" data-e-type=\"container\" data-settings=\"{&quot;jet_parallax_layout_list&quot;:[]}\">\n\t\t\t\t\t<div class=\"e-con-inner\">\n\t\t\t\t<div class=\"elementor-element elementor-element-44b0581 elementor-widget elementor-widget-text-editor\" data-id=\"44b0581\" data-element_type=\"widget\" data-e-type=\"widget\" data-widget_type=\"text-editor.default\">\n\t\t\t\t<div class=\"elementor-widget-container\">\n\t\t\t\t\t\t\t\t\t<p><span style=\"color: #233c76;\">! DIESE PIGMENTE SIND NICHT F\u00dcR DIE VERWENDUNG MIT JESMONITE GEDACHT! <\/span><\/p><p><span style=\"color: #233c76;\">L\u00f6sungsmittelfreie Spezialpigmente, die in Polyolen gel\u00f6st sind, zum F\u00e4rben von Harzen, Beschichtungen, Lacken und Sch\u00e4umen.<\/span><\/p><p><span style=\"color: #233c76;\">Diese Universalpigmente <span style=\"text-decoration: underline;\">wurden f\u00fcr die Verwendung mit Epoxid-, PU- und Polyesterharzen entwickelt<\/span> und bieten eine au\u00dfergew\u00f6hnliche Vielseitigkeit f\u00fcr alle Harzarbeiter.<\/span><\/p><p><span style=\"color: #233c76;\">Die Pigmente k\u00f6nnen untereinander gemischt werden, um eine unendliche Anzahl von Farbt\u00f6nen zu erzeugen, und sie verteilen sich gleichm\u00e4\u00dfig, um homogene Ergebnisse mit leuchtenden Farben zu erzielen.<\/span><\/p>\t\t\t\t\t\t\t\t<\/div>\n\t\t\t\t<\/div>\n\t\t\t\t\t<\/div>\n\t\t\t\t<\/div>\n\t\t<div class=\"elementor-element elementor-element-0d6e923 e-flex e-con-boxed e-con e-parent\" data-id=\"0d6e923\" data-element_type=\"container\" data-e-type=\"container\" data-settings=\"{&quot;jet_parallax_layout_list&quot;:[],&quot;background_background&quot;:&quot;classic&quot;}\">\n\t\t\t\t\t<div class=\"e-con-inner\">\n\t\t<div class=\"elementor-element elementor-element-b6ef55d e-grid e-con-boxed e-con e-child\" data-id=\"b6ef55d\" data-element_type=\"container\" data-e-type=\"container\" data-settings=\"{&quot;jet_parallax_layout_list&quot;:[]}\">\n\t\t\t\t\t<div class=\"e-con-inner\">\n\t\t\t\t<div class=\"elementor-element elementor-element-40ad1bf elementor-widget elementor-widget-heading\" data-id=\"40ad1bf\" data-element_type=\"widget\" data-e-type=\"widget\" data-widget_type=\"heading.default\">\n\t\t\t\t<div class=\"elementor-widget-container\">\n\t\t\t\t\t<h2 class=\"elementor-heading-title elementor-size-xl\">Merkmale<\/h2>\t\t\t\t<\/div>\n\t\t\t\t<\/div>\n\t\t\t\t\t<\/div>\n\t\t\t\t<\/div>\n\t\t<div class=\"elementor-element elementor-element-427de8e e-grid e-con-boxed e-con e-child\" data-id=\"427de8e\" data-element_type=\"container\" data-e-type=\"container\" data-settings=\"{&quot;jet_parallax_layout_list&quot;:[]}\">\n\t\t\t\t\t<div class=\"e-con-inner\">\n\t\t\t\t<div class=\"elementor-element elementor-element-bdf9a91 elementor-widget elementor-widget-text-editor\" data-id=\"bdf9a91\" data-element_type=\"widget\" data-e-type=\"widget\" data-widget_type=\"text-editor.default\">\n\t\t\t\t<div class=\"elementor-widget-container\">\n\t\t\t\t\t\t\t\t\t<p style=\"margin: 0cm; margin-bottom: .0001pt;\">5 untereinander mischbare Farben<\/p><p style=\"margin: 0cm; margin-bottom: .0001pt;\">Verpackung: 10 gr.<\/p><p style=\"margin: 0cm; margin-bottom: .0001pt;\">Viskosit\u00e4t: 20000 mPas<\/p><p style=\"margin: 0cm; margin-bottom: .0001pt;\">Konsistenz: past\u00f6s<\/p><p style=\"margin: 0cm; margin-bottom: .0001pt;\">Dichte: ca. 1,2 g\/cm\u00b3.<\/p><p style=\"margin: 0cm; margin-bottom: .0001pt;\">Verbrauch: 1 &#8211; 3 %.<\/p><p style=\"margin: 0cm; margin-bottom: .0001pt;\">Kompatibilit\u00e4t: PU, Epoxy, Polyester<\/p><p style=\"margin: 0cm; margin-bottom: .0001pt;\">Haltbarkeit: unbegrenzt<\/p>\t\t\t\t\t\t\t\t<\/div>\n\t\t\t\t<\/div>\n\t\t\t\t\t<\/div>\n\t\t\t\t<\/div>\n\t\t\t\t\t<\/div>\n\t\t\t\t<\/div>\n\t\t<div class=\"elementor-element elementor-element-52a1c8a e-flex e-con-boxed e-con e-parent\" data-id=\"52a1c8a\" data-element_type=\"container\" data-e-type=\"container\" data-settings=\"{&quot;jet_parallax_layout_list&quot;:[],&quot;background_background&quot;:&quot;classic&quot;}\">\n\t\t\t\t\t<div class=\"e-con-inner\">\n\t\t\t\t<div class=\"elementor-element elementor-element-80b7271 elementor-widget elementor-widget-heading\" data-id=\"80b7271\" data-element_type=\"widget\" data-e-type=\"widget\" data-widget_type=\"heading.default\">\n\t\t\t\t<div class=\"elementor-widget-container\">\n\t\t\t\t\t<h2 class=\"elementor-heading-title elementor-size-xl\">Umsetzung<\/h2>\t\t\t\t<\/div>\n\t\t\t\t<\/div>\n\t\t\t\t<div class=\"elementor-element elementor-element-2a325bf elementor-widget elementor-widget-text-editor\" data-id=\"2a325bf\" data-element_type=\"widget\" data-e-type=\"widget\" data-widget_type=\"text-editor.default\">\n\t\t\t\t<div class=\"elementor-widget-container\">\n\t\t\t\t\t\t\t\t\t<p style=\"margin: 0cm; margin-bottom: .0001pt;\"><b>1 &#8211; Mischung<\/b><\/p><p style=\"margin: 0cm; margin-bottom: .0001pt;\">Mischen Sie das Pigment immer in das Harz, bevor Sie den H\u00e4rter hinzuf\u00fcgen.<\/p><p style=\"margin: 0cm; margin-bottom: .0001pt;\">Mischen Sie 1-3% mit allen Polyurethanen, um eine deckende Farbe zu erhalten.<\/p><p style=\"margin: 0cm; margin-bottom: .0001pt;\">Mischen Sie 1% mit Polyester- und Epoxidharzen, um eine transparente Farbe zu erhalten.<\/p><p style=\"margin: 0cm; margin-bottom: .0001pt;\"><b>2 &#8211; Kompatibilit\u00e4t<\/b><\/p><p style=\"margin: 0cm; margin-bottom: .0001pt;\">PU (Beschichtungen, Harze, Lacke, Sch\u00e4ume)<\/p><p style=\"margin: 0cm; margin-bottom: .0001pt;\">Epoxy<\/p><p style=\"margin: 0cm; margin-bottom: .0001pt;\">Polyester<\/p><p style=\"margin: 0cm; margin-bottom: .0001pt;\">Nicht mit Systemen auf Latex- oder Wasserbasis verwenden.<\/p><p style=\"margin: 0cm; margin-bottom: .0001pt;\"><b>3 &#8211; Sicherheit<\/b><\/p><p style=\"margin: 0cm; margin-bottom: .0001pt;\">Sorgen Sie immer f\u00fcr geeignete Schutzkleidung und Handschuhe. Vermeiden Sie l\u00e4ngeren Hautkontakt. <\/p>\t\t\t\t\t\t\t\t<\/div>\n\t\t\t\t<\/div>\n\t\t\t\t\t<\/div>\n\t\t\t\t<\/div>\n\t\t\t\t<\/div>\n\t\t","protected":false},"excerpt":{"rendered":"<p style=\"margin: 0cm; margin-bottom: .0001pt;\"><span style=\"font-size: 11pt; font-family: Calibri, sans-serif; color: #ffffff;\">Hochwertige Pigmente, die f\u00fcr den vielseitigen Gebrauch mit Epoxid-, Polyurethan- (PU) und Polyesterharzen entwickelt wurden.<\/span><\/p>\n<p style=\"margin: 0cm; margin-bottom: .0001pt;\"><span style=\"font-size: 11pt; font-family: Calibri, sans-serif; color: #ffffff;\">Erh\u00e4ltlich in 6 Farben: Wei\u00df, Gelb, Rot, Blau, Gr\u00fcn, Schwarz.<\/span><\/p>\n","protected":false},"featured_media":26404,"template":"","meta":[],"product_brand":[],"product_cat":[964,921,1060,937],"product_tag":[],"class_list":{"0":"post-17457","1":"product","2":"type-product","3":"status-publish","4":"has-post-thumbnail","6":"product_cat-epoxy-de","7":"product_cat-pigmenten-und-zusatzstoffen","8":"product_cat-polyester-de","9":"product_cat-polyurethaan-de","11":"first","12":"instock","13":"taxable","14":"shipping-taxable","15":"purchasable","16":"product-type-variable"},"_links":{"self":[{"href":"https:\/\/www.finres-sa.com\/de\/wp-json\/wp\/v2\/product\/17457","targetHints":{"allow":["GET"]}}],"collection":[{"href":"https:\/\/www.finres-sa.com\/de\/wp-json\/wp\/v2\/product"}],"about":[{"href":"https:\/\/www.finres-sa.com\/de\/wp-json\/wp\/v2\/types\/product"}],"version-history":[{"count":1,"href":"https:\/\/www.finres-sa.com\/de\/wp-json\/wp\/v2\/product\/17457\/revisions"}],"predecessor-version":[{"id":34514,"href":"https:\/\/www.finres-sa.com\/de\/wp-json\/wp\/v2\/product\/17457\/revisions\/34514"}],"wp:featuredmedia":[{"embeddable":true,"href":"https:\/\/www.finres-sa.com\/de\/wp-json\/wp\/v2\/media\/26404"}],"wp:attachment":[{"href":"https:\/\/www.finres-sa.com\/de\/wp-json\/wp\/v2\/media?parent=17457"}],"wp:term":[{"taxonomy":"product_brand","embeddable":true,"href":"https:\/\/www.finres-sa.com\/de\/wp-json\/wp\/v2\/product_brand?post=17457"},{"taxonomy":"product_cat","embeddable":true,"href":"https:\/\/www.finres-sa.com\/de\/wp-json\/wp\/v2\/product_cat?post=17457"},{"taxonomy":"product_tag","embeddable":true,"href":"https:\/\/www.finres-sa.com\/de\/wp-json\/wp\/v2\/product_tag?post=17457"}],"curies":[{"name":"wp","href":"https:\/\/api.w.org\/{rel}","templated":true}]}}