{"id":17578,"date":"2023-06-26T18:15:31","date_gmt":"2023-06-26T16:15:31","guid":{"rendered":"https:\/\/www.finres-sa.com\/product\/silikon-fuer-die-haut-body-sil-kit\/"},"modified":"2026-04-14T08:42:03","modified_gmt":"2026-04-14T06:42:03","slug":"silikon-fuer-die-haut-body-sil-kit","status":"publish","type":"product","link":"https:\/\/www.finres-sa.com\/de\/produkt\/silikon-fuer-die-haut-body-sil-kit\/","title":{"rendered":"Silicone Body \u2013 Weiches platinvernetzendes Silikon f\u00fcr Hautabformungen | Bodycasting &amp; K\u00f6rperabformung"},"content":{"rendered":"\t\t<div data-elementor-type=\"product-post\" data-elementor-id=\"17578\" class=\"elementor elementor-17578 elementor-5573\" data-elementor-post-type=\"product\">\n\t\t\t\t<div class=\"elementor-element elementor-element-1ac4252f e-flex e-con-boxed e-con e-parent\" data-id=\"1ac4252f\" data-element_type=\"container\" data-e-type=\"container\" data-settings=\"{&quot;jet_parallax_layout_list&quot;:[]}\">\n\t\t\t\t\t<div class=\"e-con-inner\">\n\t\t\t\t<div class=\"elementor-element elementor-element-15754885 elementor-widget elementor-widget-text-editor\" data-id=\"15754885\" data-element_type=\"widget\" data-e-type=\"widget\" data-widget_type=\"text-editor.default\">\n\t\t\t\t<div class=\"elementor-widget-container\">\n\t\t\t\t\t\t\t\t\t<p>Silicone Body ist ein zweikomponentiges Platinsilikon, das f\u00fcr K\u00f6rperabformungen, Hautabdr\u00fccke und alle Body-Casting-Anwendungen entwickelt wurde.<\/p><p>Seine hochwertige Formulierung gew\u00e4hrleistet eine ausgezeichnete Hautvertr\u00e4glichkeit und eignet sich sowohl f\u00fcr Anf\u00e4nger als auch f\u00fcr professionelle Bildhauer und spezialisierte Werkst\u00e4tten.<\/p><p>Seine ultra-glatte Cremetextur gew\u00e4hrleistet eine perfekt homogene Mischung und bietet eine bemerkenswerte Wiedergabe feinster Details.<\/p>\t\t\t\t\t\t\t\t<\/div>\n\t\t\t\t<\/div>\n\t\t\t\t\t<\/div>\n\t\t\t\t<\/div>\n\t\t<div class=\"elementor-element elementor-element-f28b0ad e-flex e-con-boxed e-con e-parent\" data-id=\"f28b0ad\" data-element_type=\"container\" data-e-type=\"container\" data-settings=\"{&quot;jet_parallax_layout_list&quot;:[],&quot;background_background&quot;:&quot;classic&quot;}\">\n\t\t\t\t\t<div class=\"e-con-inner\">\n\t\t\t\t<div class=\"elementor-element elementor-element-ab9d047 elementor-widget elementor-widget-heading\" data-id=\"ab9d047\" data-element_type=\"widget\" data-e-type=\"widget\" data-widget_type=\"heading.default\">\n\t\t\t\t<div class=\"elementor-widget-container\">\n\t\t\t\t\t<h2 class=\"elementor-heading-title elementor-size-xl\">Merkmale<\/h2>\t\t\t\t<\/div>\n\t\t\t\t<\/div>\n\t\t\t\t<div class=\"elementor-element elementor-element-ea22096 elementor-widget elementor-widget-text-editor\" data-id=\"ea22096\" data-element_type=\"widget\" data-e-type=\"widget\" data-widget_type=\"text-editor.default\">\n\t\t\t\t<div class=\"elementor-widget-container\">\n\t\t\t\t\t\t\t\t\t<p>Mischungsverh\u00e4ltnis: 1:1 (z.B. 100 g Basis + 100 g Katalysator)<\/p><p>Farbe: rosa<\/p><p>Konsistenz: cremig<\/p><p>H\u00e4rte (Shore A): 24<\/p><p>Topfzeit bei 23\u00b0C: 6 Min.<\/p><p>Entformung: 20 Min.<\/p><p>Dichte (g\/cm\u00b3): 1.12<\/p><p>Dehnung (%): 450<\/p><p>Lineare Schrumpfung (%): &lt; 0,1<\/p><p>Lagerung: 12 Monate in der Originalverpackung zwischen 5\u00b0C und 30\u00b0C.<\/p><p>Verf\u00fcgbare Gebindegr\u00f6\u00dfen: A+B-Kits zu 500 g, 2 kg, 10 kg<\/p>\t\t\t\t\t\t\t\t<\/div>\n\t\t\t\t<\/div>\n\t\t\t\t\t<\/div>\n\t\t\t\t<\/div>\n\t\t<div class=\"elementor-element elementor-element-fa7fa77 e-flex e-con-boxed e-con e-parent\" data-id=\"fa7fa77\" data-element_type=\"container\" data-e-type=\"container\" data-settings=\"{&quot;jet_parallax_layout_list&quot;:[],&quot;background_background&quot;:&quot;classic&quot;}\">\n\t\t\t\t\t<div class=\"e-con-inner\">\n\t\t\t\t<div class=\"elementor-element elementor-element-7a4be05 elementor-widget elementor-widget-heading\" data-id=\"7a4be05\" data-element_type=\"widget\" data-e-type=\"widget\" data-widget_type=\"heading.default\">\n\t\t\t\t<div class=\"elementor-widget-container\">\n\t\t\t\t\t<h2 class=\"elementor-heading-title elementor-size-xl\">Umsetzung<\/h2>\t\t\t\t<\/div>\n\t\t\t\t<\/div>\n\t\t\t\t<div class=\"elementor-element elementor-element-1f2bd33 elementor-widget elementor-widget-text-editor\" data-id=\"1f2bd33\" data-element_type=\"widget\" data-e-type=\"widget\" data-widget_type=\"text-editor.default\">\n\t\t\t\t<div class=\"elementor-widget-container\">\n\t\t\t\t\t\t\t\t\t<p><strong>1. Vorbereitung<\/strong><\/p><p>Vaseline auf stark behaarte Stellen auftragen.<\/p><p><strong>2. Mischen <\/strong><\/p><p>Die beiden Komponenten im Verh\u00e4ltnis 1:1 (Gewicht oder Volumen) mischen, bis eine homogene Paste entsteht.<\/p><p><strong>3. Anwendung<\/strong><\/p><p>Eine d\u00fcnne und gleichm\u00e4\u00dfige Schicht mit Pinsel oder Spachtel auftragen.<\/p><p>Zus\u00e4tzliche Schichten k\u00f6nnen hinzugef\u00fcgt werden, um die Form zu verst\u00e4rken.<\/p><p>Die Anfertigung einer St\u00fctzform aus Gips wird empfohlen.<\/p><p><strong>4. Aush\u00e4rtung<\/strong><\/p><p>Bei Raumtemperatur aush\u00e4rten lassen.<\/p><p>Entformung nach 20 Min. m\u00f6glich.<\/p><p><strong>5. Reinigung<\/strong><\/p><p>Nicht im cremigen Zustand reinigen.<\/p><p>Aush\u00e4rtung abwarten, dann mechanisch von den Werkzeugen entfernen.<\/p>\t\t\t\t\t\t\t\t<\/div>\n\t\t\t\t<\/div>\n\t\t\t\t\t<\/div>\n\t\t\t\t<\/div>\n\t\t\t\t<\/div>\n\t\t","protected":false},"excerpt":{"rendered":"<p>Platin-Silikon f\u00fcr Hautabformung, hohe Pr\u00e4zision, schnelle Aush\u00e4rtung, speziell f\u00fcr Body Casting entwickelt.<\/p>\n","protected":false},"featured_media":17579,"template":"","meta":[],"product_brand":[],"product_cat":[1492,896,1659,1720],"product_tag":[900,899,1009,901,902,974,898],"class_list":{"0":"post-17578","1":"product","2":"type-product","3":"status-publish","4":"has-post-thumbnail","6":"product_cat-formsilikon","7":"product_cat-gietvormen-en-siliconen-de","8":"product_cat-hautabformung","9":"product_cat-platin-additionsvernetzendes-silikon","10":"product_tag-cast-de","11":"product_tag-gieten-de","12":"product_tag-korper","13":"product_tag-prototyp","14":"product_tag-siliconen-de","15":"product_tag-spezialeffekte","16":"product_tag-toon-de","18":"first","19":"outofstock","20":"taxable","21":"shipping-taxable","22":"purchasable","23":"product-type-variable"},"_links":{"self":[{"href":"https:\/\/www.finres-sa.com\/de\/wp-json\/wp\/v2\/product\/17578","targetHints":{"allow":["GET"]}}],"collection":[{"href":"https:\/\/www.finres-sa.com\/de\/wp-json\/wp\/v2\/product"}],"about":[{"href":"https:\/\/www.finres-sa.com\/de\/wp-json\/wp\/v2\/types\/product"}],"version-history":[{"count":1,"href":"https:\/\/www.finres-sa.com\/de\/wp-json\/wp\/v2\/product\/17578\/revisions"}],"predecessor-version":[{"id":37427,"href":"https:\/\/www.finres-sa.com\/de\/wp-json\/wp\/v2\/product\/17578\/revisions\/37427"}],"wp:featuredmedia":[{"embeddable":true,"href":"https:\/\/www.finres-sa.com\/de\/wp-json\/wp\/v2\/media\/17579"}],"wp:attachment":[{"href":"https:\/\/www.finres-sa.com\/de\/wp-json\/wp\/v2\/media?parent=17578"}],"wp:term":[{"taxonomy":"product_brand","embeddable":true,"href":"https:\/\/www.finres-sa.com\/de\/wp-json\/wp\/v2\/product_brand?post=17578"},{"taxonomy":"product_cat","embeddable":true,"href":"https:\/\/www.finres-sa.com\/de\/wp-json\/wp\/v2\/product_cat?post=17578"},{"taxonomy":"product_tag","embeddable":true,"href":"https:\/\/www.finres-sa.com\/de\/wp-json\/wp\/v2\/product_tag?post=17578"}],"curies":[{"name":"wp","href":"https:\/\/api.w.org\/{rel}","templated":true}]}}