{"id":18260,"date":"2023-06-26T18:14:12","date_gmt":"2023-06-26T16:14:12","guid":{"rendered":"https:\/\/www.finres-sa.com\/product\/kunstharz-mit-nasseffekt-epoxy-kit\/"},"modified":"2026-05-01T04:46:28","modified_gmt":"2026-05-01T02:46:28","slug":"kunstharz-mit-nasseffekt-epoxy-kit","status":"publish","type":"product","link":"https:\/\/www.finres-sa.com\/de\/produkt\/kunstharz-mit-nasseffekt-epoxy-kit\/","title":{"rendered":"ART RESINE Nass-Effekt &#8211; Epoxy Kit"},"content":{"rendered":"<p>LIQUID RESIN ART A \/ B ist ein farbloses Epoxidharz-Beschichtungssystem. Es wurde f\u00fcr Beschichtungen auf allen Arten von Untergr\u00fcnden f\u00fcr Innenanwendungen formuliert, wie z.B. f\u00fcr die Herstellung von 3D-B\u00f6den, Bartheken, Dekorationsst\u00fccken\u2026 Dieses System ist besonders geeignet, um einen Tiefeneffekt zu erzeugen und gleichzeitig den dauerhaften Schutz des beschichteten Untergrunds zu gew\u00e4hrleisten. <\/p>\n<p>Das Produkt erm\u00f6glicht einen einmaligen Auftrag dank seiner dicken Konsistenz, die das Auftragen von Schichten bis zu \u201e5 mm\u201c Dicke erlaubt.<\/p>\n<p>Auf Holz oder anderen por\u00f6sen Materialien wird empfohlen, bei sinkender Temperatur zu arbeiten, damit w\u00e4hrend der Aush\u00e4rtung des Produkts keine Luft entweicht. Um das Einschlie\u00dfen von Blasen im Produkt w\u00e4hrend der Aush\u00e4rtung zu vermeiden, wird empfohlen, vorab eine Schicht wasserbasierter Epoxidharzgrundierung 1010 \/ 1014 auf por\u00f6sen Untergr\u00fcnden aufzutragen. <\/p>\n<p><strong>Vorteile des Produkts<\/strong><\/p>\n<p>&#8211; Farbloser Hochglanzlack<\/p>\n<p>&#8211; Aush\u00e4rtung bei Raumtemperatur<\/p>\n<p>&#8211; Selbstverlaufend<\/p>\n<p>&#8211; Neue UV-Schutz-Formel<\/p>\n<p>&#8211; Dicke Schicht bis zu 5 mm<\/p>\n<p>&#8211; Herstellung von 3D-B\u00f6den<\/p>\n<p><strong>Informationen  <\/strong><\/p>\n<p>TG (\u00b0C) 57<\/p>\n<p>Mischungsdichte 1,1<\/p>\n<p>Mischungsviskosit\u00e4t (mPa.s) 1.900<\/p>\n<p>Topfzeit bei 70 mL, 4 cm bei 23\u00b0C 1h 15min<\/p>\n<p><strong>Technisches Datenblatt<\/strong> <a href=\"https:\/\/www.resoltech.com\/fr\/march%C3%A9s\/liquid-resin-art-a-detail.html\" target=\"_blank\" rel=\"noopener\">https:\/\/www.resoltech.com\/fr\/march\u00e9s\/liquid-resin-art-a-detail.html<\/a><\/p>\n","protected":false},"excerpt":{"rendered":"<p>Farbloses Epoxidharz-Beschichtungssystem<\/p>\n<p>LIQUID RESIN ART A\/B ist ein farbloses Epoxidharz-Beschichtungssystem. Es wurde f\u00fcr Beschichtungen auf allen Arten von Untergr\u00fcnden f\u00fcr Innenanwendungen formuliert, wie z.B. f\u00fcr die Herstellung von 3D-B\u00f6den, Bartheken, Dekorationsst\u00fccken\u2026 <\/p>\n","protected":false},"featured_media":18261,"template":"","meta":[],"product_brand":[],"product_cat":[1747,964,1807],"product_tag":[1079,900,897,965,970,903,931,966,971,967,1078,943,922,930,928],"class_list":{"0":"post-18260","1":"product","2":"type-product","3":"status-publish","4":"has-post-thumbnail","6":"product_cat-epoxidharz-kunstharz","7":"product_cat-epoxy-de","8":"product_cat-sonderangebote","9":"product_tag-boden","10":"product_tag-cast-de","11":"product_tag-decoratie-de","12":"product_tag-epoxy-de","13":"product_tag-flusstisch","14":"product_tag-kunst-de","15":"product_tag-lack","16":"product_tag-marine-de","17":"product_tag-on-sale-de","18":"product_tag-reparatur","19":"product_tag-selbstnivellierend","20":"product_tag-set","21":"product_tag-stijf-de","22":"product_tag-transparent-de","23":"product_tag-waterbestendig-de","25":"first","26":"outofstock","27":"taxable","28":"shipping-taxable","29":"purchasable","30":"product-type-variable"},"_links":{"self":[{"href":"https:\/\/www.finres-sa.com\/de\/wp-json\/wp\/v2\/product\/18260","targetHints":{"allow":["GET"]}}],"collection":[{"href":"https:\/\/www.finres-sa.com\/de\/wp-json\/wp\/v2\/product"}],"about":[{"href":"https:\/\/www.finres-sa.com\/de\/wp-json\/wp\/v2\/types\/product"}],"version-history":[{"count":0,"href":"https:\/\/www.finres-sa.com\/de\/wp-json\/wp\/v2\/product\/18260\/revisions"}],"wp:featuredmedia":[{"embeddable":true,"href":"https:\/\/www.finres-sa.com\/de\/wp-json\/wp\/v2\/media\/18261"}],"wp:attachment":[{"href":"https:\/\/www.finres-sa.com\/de\/wp-json\/wp\/v2\/media?parent=18260"}],"wp:term":[{"taxonomy":"product_brand","embeddable":true,"href":"https:\/\/www.finres-sa.com\/de\/wp-json\/wp\/v2\/product_brand?post=18260"},{"taxonomy":"product_cat","embeddable":true,"href":"https:\/\/www.finres-sa.com\/de\/wp-json\/wp\/v2\/product_cat?post=18260"},{"taxonomy":"product_tag","embeddable":true,"href":"https:\/\/www.finres-sa.com\/de\/wp-json\/wp\/v2\/product_tag?post=18260"}],"curies":[{"name":"wp","href":"https:\/\/api.w.org\/{rel}","templated":true}]}}