{"id":18699,"date":"2024-09-12T14:20:38","date_gmt":"2024-09-12T12:20:38","guid":{"rendered":"https:\/\/www.finres-sa.com\/?post_type=product&#038;p=18699"},"modified":"2026-03-16T16:07:08","modified_gmt":"2026-03-16T15:07:08","slug":"epoxy-farbstoff-transparent-10ml","status":"publish","type":"product","link":"https:\/\/www.finres-sa.com\/de\/produkt\/epoxy-farbstoff-transparent-10ml\/","title":{"rendered":"EPOXY-FARBSTOFF Transparent 10ml"},"content":{"rendered":"\t\t<div data-elementor-type=\"product-post\" data-elementor-id=\"18699\" class=\"elementor elementor-18699 elementor-18545\" data-elementor-post-type=\"product\">\n\t\t\t\t<div class=\"elementor-element elementor-element-1bc0aea e-flex e-con-boxed e-con e-parent\" data-id=\"1bc0aea\" data-element_type=\"container\" data-e-type=\"container\" data-settings=\"{&quot;jet_parallax_layout_list&quot;:[]}\">\n\t\t\t\t\t<div class=\"e-con-inner\">\n\t\t\t\t<div class=\"elementor-element elementor-element-f2a59bc elementor-widget elementor-widget-text-editor\" data-id=\"f2a59bc\" data-element_type=\"widget\" data-e-type=\"widget\" data-widget_type=\"text-editor.default\">\n\t\t\t\t<div class=\"elementor-widget-container\">\n\t\t\t\t\t\t\t\t\t<p style=\"margin: 0cm; margin-bottom: .0001pt;\"><span style=\"color: #233c76;\">Durch die Verwendung von Pigmenten zum Einf\u00e4rben des Epoxidharzes kann eine Vielzahl von Effekten und Oberfl\u00e4chen erzielt werden.<\/span><\/p><p style=\"margin: 0cm; margin-bottom: .0001pt;\"><span style=\"color: #233c76;\">Die Farben k\u00f6nnen untereinander gemischt werden, um den gew\u00fcnschten Effekt zu erzielen.<\/span><\/p><p style=\"margin: 0cm; margin-bottom: .0001pt;\"><span style=\"color: #233c76;\">Ein einziger Tropfen und Sie werden von seiner starken F\u00e4rbekraft angenehm \u00fcberrascht sein.<\/span><\/p>\t\t\t\t\t\t\t\t<\/div>\n\t\t\t\t<\/div>\n\t\t\t\t\t<\/div>\n\t\t\t\t<\/div>\n\t\t<div class=\"elementor-element elementor-element-cb0e4a8 e-flex e-con-boxed e-con e-parent\" data-id=\"cb0e4a8\" data-element_type=\"container\" data-e-type=\"container\" data-settings=\"{&quot;jet_parallax_layout_list&quot;:[],&quot;background_background&quot;:&quot;classic&quot;}\">\n\t\t\t\t\t<div class=\"e-con-inner\">\n\t\t\t\t<div class=\"elementor-element elementor-element-4dd7112 elementor-widget elementor-widget-heading\" data-id=\"4dd7112\" data-element_type=\"widget\" data-e-type=\"widget\" data-widget_type=\"heading.default\">\n\t\t\t\t<div class=\"elementor-widget-container\">\n\t\t\t\t\t<h2 class=\"elementor-heading-title elementor-size-xl\">Merkmale<\/h2>\t\t\t\t<\/div>\n\t\t\t\t<\/div>\n\t\t\t\t<div class=\"elementor-element elementor-element-521a6ba elementor-widget elementor-widget-text-editor\" data-id=\"521a6ba\" data-element_type=\"widget\" data-e-type=\"widget\" data-widget_type=\"text-editor.default\">\n\t\t\t\t<div class=\"elementor-widget-container\">\n\t\t\t\t\t\t\t\t\t<p><span style=\"color: #233c76;\">10 Farben<\/span><\/p><p><span style=\"color: #233c76;\">Transparent<\/span><\/p><p><span style=\"color: #233c76;\">Gewicht: 10 g<\/span><\/p><p><span style=\"color: #233c76;\">Konsistenz: fl\u00fcssig<\/span><\/p><p><span style=\"color: #233c76;\">Dosierung: 60 Tropfen oder 1,8 g Farbstoff auf 1 kg Harz A+B.<\/span><\/p><p><span style=\"color: #233c76;\">Flasche mit einem Spender f\u00fcr eine einfache und pr\u00e4zise Anwendung.<\/span><\/p><p><span style=\"color: #233c76;\">Lagerung: Bewahren Sie die Pigmente an einem k\u00fchlen, trockenen Ort au\u00dferhalb der Reichweite von Kindern auf.<\/span><\/p>\t\t\t\t\t\t\t\t<\/div>\n\t\t\t\t<\/div>\n\t\t\t\t\t<\/div>\n\t\t\t\t<\/div>\n\t\t<div class=\"elementor-element elementor-element-04f26f4 e-flex e-con-boxed e-con e-parent\" data-id=\"04f26f4\" data-element_type=\"container\" data-e-type=\"container\" data-settings=\"{&quot;jet_parallax_layout_list&quot;:[],&quot;background_background&quot;:&quot;classic&quot;}\">\n\t\t\t\t\t<div class=\"e-con-inner\">\n\t\t\t\t<div class=\"elementor-element elementor-element-ece66c3 elementor-widget elementor-widget-heading\" data-id=\"ece66c3\" data-element_type=\"widget\" data-e-type=\"widget\" data-widget_type=\"heading.default\">\n\t\t\t\t<div class=\"elementor-widget-container\">\n\t\t\t\t\t<h2 class=\"elementor-heading-title elementor-size-xl\">Vorteile<\/h2>\t\t\t\t<\/div>\n\t\t\t\t<\/div>\n\t\t\t\t<div class=\"elementor-element elementor-element-785dc52 elementor-widget elementor-widget-text-editor\" data-id=\"785dc52\" data-element_type=\"widget\" data-e-type=\"widget\" data-widget_type=\"text-editor.default\">\n\t\t\t\t<div class=\"elementor-widget-container\">\n\t\t\t\t\t\t\t\t\t<p><span style=\"color: #233c76;\">Kontrollierte Opazit\u00e4t: Die Menge des hinzugef\u00fcgten Pigments bestimmt den Grad der Transparenz.<\/span><\/p><p><span style=\"color: #233c76;\">Mischen: Leichtes und homogenes Verteilen<\/span><\/p><p><span style=\"color: #233c76;\">Au\u00dfergew\u00f6hnliche Lichtdurchl\u00e4ssigkeit: Erm\u00f6glicht das \u00dcbereinanderlegen von Schichten f\u00fcr eine beeindruckende Tiefenwirkung.<\/span><\/p><p><span style=\"color: #233c76;\">Kompatibilit\u00e4t: F\u00fcr alle Epoxidharze geeignet.<\/span><\/p><p><span style=\"color: #233c76;\">Haltbarkeit: UV-best\u00e4ndig und verblasst nicht mit der Zeit.<\/span><\/p><p><span style=\"color: #233c76;\">Hohe Farbkraft.<\/span><\/p>\t\t\t\t\t\t\t\t<\/div>\n\t\t\t\t<\/div>\n\t\t\t\t\t<\/div>\n\t\t\t\t<\/div>\n\t\t<div class=\"elementor-element elementor-element-418734c e-flex e-con-boxed e-con e-parent\" data-id=\"418734c\" data-element_type=\"container\" data-e-type=\"container\" data-settings=\"{&quot;jet_parallax_layout_list&quot;:[],&quot;background_background&quot;:&quot;classic&quot;}\">\n\t\t\t\t\t<div class=\"e-con-inner\">\n\t\t\t\t<div class=\"elementor-element elementor-element-424f26b elementor-widget elementor-widget-heading\" data-id=\"424f26b\" data-element_type=\"widget\" data-e-type=\"widget\" data-widget_type=\"heading.default\">\n\t\t\t\t<div class=\"elementor-widget-container\">\n\t\t\t\t\t<h2 class=\"elementor-heading-title elementor-size-xl\">Sicherheit<\/h2>\t\t\t\t<\/div>\n\t\t\t\t<\/div>\n\t\t\t\t<div class=\"elementor-element elementor-element-06b1280 elementor-widget elementor-widget-text-editor\" data-id=\"06b1280\" data-element_type=\"widget\" data-e-type=\"widget\" data-widget_type=\"text-editor.default\">\n\t\t\t\t<div class=\"elementor-widget-container\">\n\t\t\t\t\t\t\t\t\t<p style=\"margin: 0cm; margin-bottom: .0001pt;\"><span style=\"color: #233c76;\">An einem gut bel\u00fcfteten Ort verwenden: Sorgen Sie w\u00e4hrend des Mischens und der Anwendung f\u00fcr eine gute Bel\u00fcftung.<\/span><\/p><p style=\"margin: 0cm; margin-bottom: .0001pt;\"><span style=\"color: #233c76;\">Schutzausr\u00fcstung: Tragen Sie Schutzhandschuhe, eine Maske und eine Schutzbrille, um den Kontakt mit der Haut und den Augen zu vermeiden.<\/span><\/p>\t\t\t\t\t\t\t\t<\/div>\n\t\t\t\t<\/div>\n\t\t\t\t\t<\/div>\n\t\t\t\t<\/div>\n\t\t\t\t<\/div>\n\t\t","protected":false},"excerpt":{"rendered":"<p><span style=\"color: #ffffff;\">Ein transparenter Farbstoff, der f\u00fcr alle Epoxidsysteme geeignet ist.<\/span><\/p>\n<p><span style=\"color: #ffffff;\">Unsere Pigmente f\u00fcgen Farbe hinzu, ohne die Transparenz zu beeintr\u00e4chtigen.<\/span><\/p>\n","protected":false},"featured_media":26237,"template":"","meta":[],"product_brand":[],"product_cat":[964,1000,921],"product_tag":[],"class_list":{"0":"post-18699","1":"product","2":"type-product","3":"status-publish","4":"has-post-thumbnail","6":"product_cat-epoxy-de","7":"product_cat-neuheiten","8":"product_cat-pigmenten-und-zusatzstoffen","10":"first","11":"instock","12":"taxable","13":"shipping-taxable","14":"purchasable","15":"product-type-variable"},"_links":{"self":[{"href":"https:\/\/www.finres-sa.com\/de\/wp-json\/wp\/v2\/product\/18699","targetHints":{"allow":["GET"]}}],"collection":[{"href":"https:\/\/www.finres-sa.com\/de\/wp-json\/wp\/v2\/product"}],"about":[{"href":"https:\/\/www.finres-sa.com\/de\/wp-json\/wp\/v2\/types\/product"}],"version-history":[{"count":1,"href":"https:\/\/www.finres-sa.com\/de\/wp-json\/wp\/v2\/product\/18699\/revisions"}],"predecessor-version":[{"id":37245,"href":"https:\/\/www.finres-sa.com\/de\/wp-json\/wp\/v2\/product\/18699\/revisions\/37245"}],"wp:featuredmedia":[{"embeddable":true,"href":"https:\/\/www.finres-sa.com\/de\/wp-json\/wp\/v2\/media\/26237"}],"wp:attachment":[{"href":"https:\/\/www.finres-sa.com\/de\/wp-json\/wp\/v2\/media?parent=18699"}],"wp:term":[{"taxonomy":"product_brand","embeddable":true,"href":"https:\/\/www.finres-sa.com\/de\/wp-json\/wp\/v2\/product_brand?post=18699"},{"taxonomy":"product_cat","embeddable":true,"href":"https:\/\/www.finres-sa.com\/de\/wp-json\/wp\/v2\/product_cat?post=18699"},{"taxonomy":"product_tag","embeddable":true,"href":"https:\/\/www.finres-sa.com\/de\/wp-json\/wp\/v2\/product_tag?post=18699"}],"curies":[{"name":"wp","href":"https:\/\/api.w.org\/{rel}","templated":true}]}}