{"id":18894,"date":"2023-06-26T18:17:59","date_gmt":"2023-06-26T16:17:59","guid":{"rendered":"https:\/\/www.finres-sa.com\/product\/glasgewebe-serge\/"},"modified":"2026-03-16T16:33:40","modified_gmt":"2026-03-16T15:33:40","slug":"glasgewebe-serge","status":"publish","type":"product","link":"https:\/\/www.finres-sa.com\/de\/produkt\/glasgewebe-serge\/","title":{"rendered":"GLASGEWEBE SERGE"},"content":{"rendered":"\t\t<div data-elementor-type=\"product-post\" data-elementor-id=\"18894\" class=\"elementor elementor-18894 elementor-5805\" data-elementor-post-type=\"product\">\n\t\t\t\t<div class=\"elementor-element elementor-element-d2e7594 e-flex e-con-boxed e-con e-parent\" data-id=\"d2e7594\" data-element_type=\"container\" data-e-type=\"container\" data-settings=\"{&quot;jet_parallax_layout_list&quot;:[]}\">\n\t\t\t\t\t<div class=\"e-con-inner\">\n\t\t\t\t<div class=\"elementor-element elementor-element-556a5c76 elementor-widget elementor-widget-text-editor\" data-id=\"556a5c76\" data-element_type=\"widget\" data-e-type=\"widget\" data-widget_type=\"text-editor.default\">\n\t\t\t\t<div class=\"elementor-widget-container\">\n\t\t\t\t\t\t\t\t\t<p>K\u00f6pergewebe besitzen eine h\u00f6here Drapierbarkeit als Taftgewebe. Sie erm\u00f6glichen die Laminierung von Teilen mit komplexen Formen. Die Qualit\u00e4t dieser Gewebe erleichtert das Drapieren und die Impr\u00e4gnierung der Fasern und macht sie zu sehr gesch\u00e4tzten Geweben in der Welt der Verbundwerkstoffe f\u00fcr alle Anwendungen wie Nasslaminierung, Infusion oder RTM. <\/p><p><br>Wird auch zur Verst\u00e4rkung von Holzbooten verwendet, wobei das Holzaussehen erhalten bleibt (Transparenz)<br><br>Kompatibel mit: Epoxy-Vynilester-Polyester<br><br>https:\/\/www.finres-sa.com\/wp-content\/uploads\/2022\/09\/Tissage-serge-2-2.png<\/p>\t\t\t\t\t\t\t\t<\/div>\n\t\t\t\t<\/div>\n\t\t\t\t\t<\/div>\n\t\t\t\t<\/div>\n\t\t\t\t<\/div>\n\t\t","protected":false},"excerpt":{"rendered":"<p>K\u00f6pergewebe besitzen eine h\u00f6here Drapierbarkeit als Taftgewebe.<\/p>\n<p>&nbsp;<\/p>\n","protected":false},"featured_media":18896,"template":"","meta":[],"product_brand":[],"product_cat":[1640,1099],"product_tag":[965,1100,944,1016],"class_list":{"0":"post-18894","1":"product","2":"type-product","3":"status-publish","4":"has-post-thumbnail","6":"product_cat-glasfasern","7":"product_cat-verstarkungen-und-stoffe","8":"product_tag-epoxy-de","9":"product_tag-polyester-de","10":"product_tag-schichtung","11":"product_tag-verstarkung","13":"first","14":"instock","15":"taxable","16":"shipping-taxable","17":"purchasable","18":"product-type-variable"},"_links":{"self":[{"href":"https:\/\/www.finres-sa.com\/de\/wp-json\/wp\/v2\/product\/18894","targetHints":{"allow":["GET"]}}],"collection":[{"href":"https:\/\/www.finres-sa.com\/de\/wp-json\/wp\/v2\/product"}],"about":[{"href":"https:\/\/www.finres-sa.com\/de\/wp-json\/wp\/v2\/types\/product"}],"version-history":[{"count":1,"href":"https:\/\/www.finres-sa.com\/de\/wp-json\/wp\/v2\/product\/18894\/revisions"}],"predecessor-version":[{"id":37304,"href":"https:\/\/www.finres-sa.com\/de\/wp-json\/wp\/v2\/product\/18894\/revisions\/37304"}],"wp:featuredmedia":[{"embeddable":true,"href":"https:\/\/www.finres-sa.com\/de\/wp-json\/wp\/v2\/media\/18896"}],"wp:attachment":[{"href":"https:\/\/www.finres-sa.com\/de\/wp-json\/wp\/v2\/media?parent=18894"}],"wp:term":[{"taxonomy":"product_brand","embeddable":true,"href":"https:\/\/www.finres-sa.com\/de\/wp-json\/wp\/v2\/product_brand?post=18894"},{"taxonomy":"product_cat","embeddable":true,"href":"https:\/\/www.finres-sa.com\/de\/wp-json\/wp\/v2\/product_cat?post=18894"},{"taxonomy":"product_tag","embeddable":true,"href":"https:\/\/www.finres-sa.com\/de\/wp-json\/wp\/v2\/product_tag?post=18894"}],"curies":[{"name":"wp","href":"https:\/\/api.w.org\/{rel}","templated":true}]}}