{"id":18909,"date":"2023-06-26T18:17:35","date_gmt":"2023-06-26T16:17:35","guid":{"rendered":"https:\/\/www.finres-sa.com\/product\/glasmatte-pulver\/"},"modified":"2026-04-20T10:46:49","modified_gmt":"2026-04-20T08:46:49","slug":"glasmatte-pulver","status":"publish","type":"product","link":"https:\/\/www.finres-sa.com\/de\/produkt\/glasmatte-pulver\/","title":{"rendered":"GLASMATTE PULVER"},"content":{"rendered":"\t\t<div data-elementor-type=\"product-post\" data-elementor-id=\"18909\" class=\"elementor elementor-18909 elementor-5775\" data-elementor-post-type=\"product\">\n\t\t\t\t<div class=\"elementor-element elementor-element-7ee6113a e-flex e-con-boxed e-con e-parent\" data-id=\"7ee6113a\" data-element_type=\"container\" data-e-type=\"container\" data-settings=\"{&quot;jet_parallax_layout_list&quot;:[]}\">\n\t\t\t\t\t<div class=\"e-con-inner\">\n\t\t\t\t<div class=\"elementor-element elementor-element-4d2131a3 elementor-widget elementor-widget-text-editor\" data-id=\"4d2131a3\" data-element_type=\"widget\" data-e-type=\"widget\" data-widget_type=\"text-editor.default\">\n\t\t\t\t<div class=\"elementor-widget-container\">\n\t\t\t\t\t\t\t\t\t<p>Glasfasermatten sind Verst\u00e4rkungsmaterialien, bei denen alle Fasern eine L\u00e4nge von 25 mm oder 50 mm haben und zuf\u00e4llig orientiert sind, was den Matten in allen Richtungen die gleiche St\u00e4rke verleiht.<\/p><p>Diese Art von Verst\u00e4rkung eignet sich besonders f\u00fcr die Herstellung von Teilen, die direkt mit Wasser in Ber\u00fchrung kommen (Boote, Schwimmb\u00e4der und Teiche).<\/p><p>Das Styrol des Polyester- oder Vinylesterharzes l\u00f6st das Bindemittel auf, was den Fasern unabh\u00e4ngige Bewegungen erm\u00f6glicht und dem Ganzen erlaubt, komplexe Formen anzunehmen.<\/p><p> <\/p>\t\t\t\t\t\t\t\t<\/div>\n\t\t\t\t<\/div>\n\t\t\t\t\t<\/div>\n\t\t\t\t<\/div>\n\t\t<div class=\"elementor-element elementor-element-1e7bbc6 e-flex e-con-boxed e-con e-parent\" data-id=\"1e7bbc6\" data-element_type=\"container\" data-e-type=\"container\" data-settings=\"{&quot;jet_parallax_layout_list&quot;:[],&quot;background_background&quot;:&quot;classic&quot;}\">\n\t\t\t\t\t<div class=\"e-con-inner\">\n\t\t\t\t<div class=\"elementor-element elementor-element-60f43d0 elementor-widget elementor-widget-heading\" data-id=\"60f43d0\" data-element_type=\"widget\" data-e-type=\"widget\" data-widget_type=\"heading.default\">\n\t\t\t\t<div class=\"elementor-widget-container\">\n\t\t\t\t\t<h2 class=\"elementor-heading-title elementor-size-xl\">Technische Informationen<\/h2>\t\t\t\t<\/div>\n\t\t\t\t<\/div>\n\t\t\t\t<div class=\"elementor-element elementor-element-0655bef elementor-widget elementor-widget-text-editor\" data-id=\"0655bef\" data-element_type=\"widget\" data-e-type=\"widget\" data-widget_type=\"text-editor.default\">\n\t\t\t\t<div class=\"elementor-widget-container\">\n\t\t\t\t\t\t\t\t\t<p>Theoretischer Harzverbrauch: +\/- 3x das Fl\u00e4chengewicht der Glasmatte pro m\u00b2. (Bsp.: 1m\u00b2 von 300g\/m\u00b2 = +\/- 900g Harz) <\/p>\t\t\t\t\t\t\t\t<\/div>\n\t\t\t\t<\/div>\n\t\t\t\t\t<\/div>\n\t\t\t\t<\/div>\n\t\t\t\t<\/div>\n\t\t","protected":false},"excerpt":{"rendered":"<p>Glasfasermatten zur effektiven Verst\u00e4rkung bei der Laminierung.<\/p>\n<p>W\u00e4hlen Sie das gew\u00fcnschte Fl\u00e4chengewicht und die Menge.<\/p>\n<p>&nbsp;<\/p>\n","protected":false},"featured_media":18911,"template":"","meta":[],"product_brand":[],"product_cat":[1640,1099],"product_tag":[965,1100,944,1016],"class_list":{"0":"post-18909","1":"product","2":"type-product","3":"status-publish","4":"has-post-thumbnail","6":"product_cat-glasfasern","7":"product_cat-verstarkungen-und-stoffe","8":"product_tag-epoxy-de","9":"product_tag-polyester-de","10":"product_tag-schichtung","11":"product_tag-verstarkung","13":"first","14":"instock","15":"taxable","16":"shipping-taxable","17":"purchasable","18":"product-type-variable"},"_links":{"self":[{"href":"https:\/\/www.finres-sa.com\/de\/wp-json\/wp\/v2\/product\/18909","targetHints":{"allow":["GET"]}}],"collection":[{"href":"https:\/\/www.finres-sa.com\/de\/wp-json\/wp\/v2\/product"}],"about":[{"href":"https:\/\/www.finres-sa.com\/de\/wp-json\/wp\/v2\/types\/product"}],"version-history":[{"count":0,"href":"https:\/\/www.finres-sa.com\/de\/wp-json\/wp\/v2\/product\/18909\/revisions"}],"wp:featuredmedia":[{"embeddable":true,"href":"https:\/\/www.finres-sa.com\/de\/wp-json\/wp\/v2\/media\/18911"}],"wp:attachment":[{"href":"https:\/\/www.finres-sa.com\/de\/wp-json\/wp\/v2\/media?parent=18909"}],"wp:term":[{"taxonomy":"product_brand","embeddable":true,"href":"https:\/\/www.finres-sa.com\/de\/wp-json\/wp\/v2\/product_brand?post=18909"},{"taxonomy":"product_cat","embeddable":true,"href":"https:\/\/www.finres-sa.com\/de\/wp-json\/wp\/v2\/product_cat?post=18909"},{"taxonomy":"product_tag","embeddable":true,"href":"https:\/\/www.finres-sa.com\/de\/wp-json\/wp\/v2\/product_tag?post=18909"}],"curies":[{"name":"wp","href":"https:\/\/api.w.org\/{rel}","templated":true}]}}