{"id":18929,"date":"2023-06-26T18:14:10","date_gmt":"2023-06-26T16:14:10","guid":{"rendered":"https:\/\/www.finres-sa.com\/product\/jesmonite-quadriaxiale-faser\/"},"modified":"2025-07-14T19:22:52","modified_gmt":"2025-07-14T17:22:52","slug":"jesmonite-quadriaxiale-faser","status":"publish","type":"product","link":"https:\/\/www.finres-sa.com\/de\/produkt\/jesmonite-quadriaxiale-faser\/","title":{"rendered":"JESMONITE QUADRIAXIALE FASER"},"content":{"rendered":"<p><span style=\"background-color: rgba(255, 255, 255, 0); color: var(--body_typography-color); font-family: var(--body_typography-font-family); font-size: var(--body_typography-font-size); font-style: var(--body_typography-font-style,normal); font-weight: var(--body_typography-font-weight); letter-spacing: var(--body_typography-letter-spacing);\">Diese Art der Glasverst\u00e4rkung ist f\u00fcr die Verwendung mit Jesmonit ma\u00dfgeschneidert. Es basiert auf der neuesten Technologie der multiaxialen Glasverst\u00e4rkung, die die Glasfaserlaminate von Jesmonite leicht, stark und feuerbest\u00e4ndig macht.  Er ist wie ein Schn\u00fcrsenkel konstruiert, mit durchgehenden Glasfasern in vier (mehrachsigen) Achsen, die unter Verwendung des feuerhemmenden Materials Nomex\u00ae zusammengen\u00e4ht sind.<\/span><\/p>\n<p>Es gibt nur sehr wenige freie Filamente, was das Glas sicher und komfortabel in der Anwendung macht. Er kann mit einer Schere oder einem Rollenschneider pr\u00e4zise geschnitten werden und passt sich den kompliziertesten Formen an. Dies macht ihn besonders geeignet f\u00fcr die Herstellung von Formen und den Bau von Platten.  <\/p>\n<p>Bitte beachten Sie, dass Glasfasermatten (CSM), die f\u00fcr die Verwendung mit l\u00f6sungsmittelbasierten Harzen wie Polyester bestimmt sind, nicht f\u00fcr Jesmonite-Materialien geeignet sind.<\/p>\n<p>Ben\u00f6tigen Sie weitere Informationen? Besuchen Sie die Produktseite<a href=\"https:\/\/www.finres-sa.com\/de\/marke\/jesmonite\/\"> Jesmonite<\/a> <\/p>\n","protected":false},"excerpt":{"rendered":"<p>Ma\u00dfgeschneiderte Verst\u00e4rkung f\u00fcr die Verwendung mit Jesmonite.<\/p>\n","protected":false},"featured_media":18931,"template":"","meta":[],"product_brand":[],"product_cat":[1640,1639,919,1099],"product_tag":[927,925,897,899,924,923,944,922,898],"class_list":{"0":"post-18929","1":"product","2":"type-product","3":"status-publish","4":"has-post-thumbnail","6":"product_cat-glasfasern","7":"product_cat-glasfaserverstarkung","8":"product_cat-jesmonite-de","9":"product_cat-verstarkungen-und-stoffe","10":"product_tag-additief-de","11":"product_tag-beeld-de","12":"product_tag-decoratie-de","13":"product_tag-gieten-de","14":"product_tag-jesmoniet-de","15":"product_tag-milieuvriendelijk-de","16":"product_tag-schichtung","17":"product_tag-stijf-de","18":"product_tag-toon-de","20":"first","21":"instock","22":"taxable","23":"shipping-taxable","24":"purchasable","25":"product-type-variable"},"_links":{"self":[{"href":"https:\/\/www.finres-sa.com\/de\/wp-json\/wp\/v2\/product\/18929","targetHints":{"allow":["GET"]}}],"collection":[{"href":"https:\/\/www.finres-sa.com\/de\/wp-json\/wp\/v2\/product"}],"about":[{"href":"https:\/\/www.finres-sa.com\/de\/wp-json\/wp\/v2\/types\/product"}],"version-history":[{"count":0,"href":"https:\/\/www.finres-sa.com\/de\/wp-json\/wp\/v2\/product\/18929\/revisions"}],"wp:featuredmedia":[{"embeddable":true,"href":"https:\/\/www.finres-sa.com\/de\/wp-json\/wp\/v2\/media\/18931"}],"wp:attachment":[{"href":"https:\/\/www.finres-sa.com\/de\/wp-json\/wp\/v2\/media?parent=18929"}],"wp:term":[{"taxonomy":"product_brand","embeddable":true,"href":"https:\/\/www.finres-sa.com\/de\/wp-json\/wp\/v2\/product_brand?post=18929"},{"taxonomy":"product_cat","embeddable":true,"href":"https:\/\/www.finres-sa.com\/de\/wp-json\/wp\/v2\/product_cat?post=18929"},{"taxonomy":"product_tag","embeddable":true,"href":"https:\/\/www.finres-sa.com\/de\/wp-json\/wp\/v2\/product_tag?post=18929"}],"curies":[{"name":"wp","href":"https:\/\/api.w.org\/{rel}","templated":true}]}}