{"id":18946,"date":"2023-06-26T18:15:06","date_gmt":"2023-06-26T16:15:06","guid":{"rendered":"https:\/\/www.finres-sa.com\/product\/alginate-pro\/"},"modified":"2025-07-15T13:28:32","modified_gmt":"2025-07-15T11:28:32","slug":"alginate-pro","status":"publish","type":"product","link":"https:\/\/www.finres-sa.com\/de\/produkt\/alginate-pro\/","title":{"rendered":"ALGINATE PRO"},"content":{"rendered":"<p>Alginat ist ein hydrophiles Polymer, das aus getrockneten und dann gemahlenen Algen gewonnen wird.<\/p>\n<p>Es liegt in Form eines feinen wei\u00dfen Pulvers vor.<\/p>\n<p>Das Pulver vermischt sich mit Wasser und verwandelt sich bei Kontakt in eine gelatineartige Paste.<\/p>\n<p>Beim Abbinden verfestigt sich das Alginat und bewahrt den K\u00f6rperabdruck pr\u00e4zise.<\/p>\n<p>Es erm\u00f6glicht eine hervorragende Reproduktion von menschlichen K\u00f6rperteilen (Gesicht, H\u00e4nde usw.) sowie von verschiedenen anderen organischen Materialien (Fr\u00fcchte, Pflanzen, Tiere usw.).<\/p>\n<p>&nbsp;<\/p>\n<p><strong>Anwendung<\/strong><\/p>\n<p>Bei Bedarf das Pulver von Hand auflockern, um eventuelle Klumpen zu entfernen.<\/p>\n<p>Die ben\u00f6tigte Wassermenge abmessen und 1\/3 des Pulvers hinzuf\u00fcgen.<\/p>\n<p>Kneten Sie die erste Mischung gut durch, bevor Sie die restlichen 2\/3 des Pulvers hinzuf\u00fcgen.<\/p>\n<p>Sobald die Mischung perfekt homogen ist, ist das Alginat gebrauchsfertig.<\/p>\n<p>Tauchen Sie das zu reproduzierende Objekt f\u00fcr einige Minuten ein. Wenn es sich festgesetzt hat, nehmen Sie es vorsichtig heraus.<\/p>\n<p>Es ist auch m\u00f6glich, das Alginat in einer dicken Schicht auf das Gesicht oder die gew\u00fcnschte Oberfl\u00e4che aufzutragen.<\/p>\n<p>In diesem Fall ist es notwendig, eine Gegenform herzustellen, um es zu halten.<\/p>\n<p>Hierf\u00fcr ben\u00f6tigen Sie Gipsbinden, die Sie zuvor auf die erforderliche L\u00e4nge zugeschnitten haben.<\/p>\n<p>Tragen Sie diese direkt nach dem Abbinden auf das Alginat auf und wiederholen Sie den Vorgang, bis eine ausreichend feste Schale entsteht.<\/p>\n<p>Wenn die Form fertig ist, f\u00fcllen Sie das erhaltene Negativ innerhalb einer Stunde aus.<\/p>\n<p>Alginat zieht sich beim Trocknen zusammen; je mehr Stunden vergehen, desto st\u00e4rker schrumpft die Form.<\/p>\n<p>Wenn der Gips ausgeh\u00e4rtet ist, rei\u00dfen Sie das Alginat ab, um Ihr Abbild freizulegen.<\/p>\n<p>Die Form ist nicht wiederverwendbar.<\/p>\n<p>&nbsp;<\/p>\n<p><em>Hinweis<\/em><\/p>\n<p><em>*Die Abbindezeit h\u00e4ngt von der Wassertemperatur ab, je h\u00f6her diese ist, desto k\u00fcrzer ist die Verarbeitungszeit.<\/em><\/p>\n<p><em>*2 <\/em><em>Die genauen Proportionen von 2:1 m\u00fcssen eingehalten werden, um die endg\u00fcltigen Eigenschaften des Produkts nicht zu beeintr\u00e4chtigen.<\/em><\/p>\n<p>&nbsp;<\/p>\n<p><strong>Vorteile<\/strong><\/p>\n<p>Direkt auf die Haut auftragbar<\/p>\n<p>Saubere, einfache und zug\u00e4ngliche Anwendung<\/p>\n<p>Schnelles Abbinden<\/p>\n<p>Pr\u00e4ziser Guss mit optimaler Detailwiedergabe<\/p>\n<p>Hervorragende Kompatibilit\u00e4t mit Gips<\/p>\n<p>&nbsp;<\/p>\n<p><strong>Anwendung<\/strong><\/p>\n<p>K\u00fcnstlerisch: zur Reproduktion von K\u00f6rperteilen und deren Studium<\/p>\n<p>Medizin\/Zahnmedizin: zur Herstellung von herausnehmbarem Zahnersatz<\/p>\n<p>&nbsp;<\/p>\n<p><strong>Merkmale  <\/strong><\/p>\n<p>Schnelle Option:<\/p>\n<p>Mischungsverh\u00e4ltnis: 10 g Pulver mit 20 g Wasser<\/p>\n<p>Farbe: wei\u00dflich, dann rosa<\/p>\n<p>Mischzeit: 60 Sek.<\/p>\n<p>Behandlungsdauer: 6 Min.<\/p>\n<p>Produkttemperatur: 23\u00b0C<\/p>\n<p>Lagerung: Vermeiden Sie Feuchtigkeit und hohe Temperaturen.<\/p>\n<p>&nbsp;<\/p>\n<p>Langsamere Option:<\/p>\n<p>Mischungsverh\u00e4ltnis: 10 g Pulver mit 20 g Wasser<\/p>\n<p>Farbe: wei\u00df<\/p>\n<p>Mischzeit: 60 Sek.<\/p>\n<p>Verarbeitungszeit: 9 Min.<\/p>\n<p>Produkttemperatur: 23\u00b0C<\/p>\n<p>Lagerung: Vermeiden Sie Feuchtigkeit und hohe Temperaturen.<\/p>\n<p>&nbsp;<\/p>\n<p><strong>Sicherheit<\/strong><\/p>\n<p>Nicht hautsch\u00e4dlich.<\/p>\n<p>Kontaktlinsen entfernen, wenn die Anwendung im Gesicht erfolgt.<\/p>\n<p>Bei Verschlucken einen Arzt konsultieren.<\/p>\n","protected":false},"excerpt":{"rendered":"<p style=\"margin: 0cm; margin-bottom: .0001pt;\"><span style=\"font-family: Calibri, sans-serif; color: #ffffff;\">Gie\u00dfalginat ist ein nat\u00fcrliches Produkt, das sich f\u00fcr alle Abdr\u00fccke auf dem K\u00f6rper eignet.<\/span><\/p>\n<p style=\"margin: 0cm; margin-bottom: .0001pt;\"><span style=\"font-family: Calibri, sans-serif; color: #ffffff;\">Mit Wasser vermischt bietet dieses Algenpulver eine perfekte Reproduktion der feinsten Details.<\/span><\/p>\n<p style=\"margin: 0cm; margin-bottom: .0001pt;\"><span style=\"font-family: Calibri, sans-serif; color: #ffffff;\">Die Abz\u00fcge k\u00f6nnen dann in Formgips, Synthesegips, Wachs oder mit unserem Polyurethanharz F23 abgezogen werden.<\/span><\/p>\n","protected":false},"featured_media":18947,"template":"","meta":[],"product_brand":[],"product_cat":[896,1659],"product_tag":[900,899,1009,1111,901,974,898],"class_list":{"0":"post-18946","1":"product","2":"type-product","3":"status-publish","4":"has-post-thumbnail","6":"product_cat-gietvormen-en-siliconen-de","7":"product_cat-hautabformung","8":"product_tag-cast-de","9":"product_tag-gieten-de","10":"product_tag-korper","11":"product_tag-langsam","12":"product_tag-prototyp","13":"product_tag-spezialeffekte","14":"product_tag-toon-de","16":"first","17":"instock","18":"taxable","19":"shipping-taxable","20":"purchasable","21":"product-type-variable"},"_links":{"self":[{"href":"https:\/\/www.finres-sa.com\/de\/wp-json\/wp\/v2\/product\/18946","targetHints":{"allow":["GET"]}}],"collection":[{"href":"https:\/\/www.finres-sa.com\/de\/wp-json\/wp\/v2\/product"}],"about":[{"href":"https:\/\/www.finres-sa.com\/de\/wp-json\/wp\/v2\/types\/product"}],"version-history":[{"count":0,"href":"https:\/\/www.finres-sa.com\/de\/wp-json\/wp\/v2\/product\/18946\/revisions"}],"wp:featuredmedia":[{"embeddable":true,"href":"https:\/\/www.finres-sa.com\/de\/wp-json\/wp\/v2\/media\/18947"}],"wp:attachment":[{"href":"https:\/\/www.finres-sa.com\/de\/wp-json\/wp\/v2\/media?parent=18946"}],"wp:term":[{"taxonomy":"product_brand","embeddable":true,"href":"https:\/\/www.finres-sa.com\/de\/wp-json\/wp\/v2\/product_brand?post=18946"},{"taxonomy":"product_cat","embeddable":true,"href":"https:\/\/www.finres-sa.com\/de\/wp-json\/wp\/v2\/product_cat?post=18946"},{"taxonomy":"product_tag","embeddable":true,"href":"https:\/\/www.finres-sa.com\/de\/wp-json\/wp\/v2\/product_tag?post=18946"}],"curies":[{"name":"wp","href":"https:\/\/api.w.org\/{rel}","templated":true}]}}