{"id":19068,"date":"2023-06-26T18:15:32","date_gmt":"2023-06-26T16:15:32","guid":{"rendered":"https:\/\/www.finres-sa.com\/product\/petrissable-silikon-kit\/"},"modified":"2026-03-16T16:46:04","modified_gmt":"2026-03-16T15:46:04","slug":"petrissable-silikon-kit","status":"publish","type":"product","link":"https:\/\/www.finres-sa.com\/de\/produkt\/petrissable-silikon-kit\/","title":{"rendered":"Knetbares RTV-2-Abformsilikon, schnellh\u00e4rtend \u2013 feine Details, standfest, gebrauchsfertig"},"content":{"rendered":"\t\t<div data-elementor-type=\"product-post\" data-elementor-id=\"19068\" class=\"elementor elementor-19068 elementor-5586\" data-elementor-post-type=\"product\">\n\t\t\t\t<div class=\"elementor-element elementor-element-e692ede e-flex e-con-boxed e-con e-parent\" data-id=\"e692ede\" data-element_type=\"container\" data-e-type=\"container\" data-settings=\"{&quot;jet_parallax_layout_list&quot;:[]}\">\n\t\t\t\t\t<div class=\"e-con-inner\">\n\t\t\t\t<div class=\"elementor-element elementor-element-70a4a443 elementor-widget elementor-widget-text-editor\" data-id=\"70a4a443\" data-element_type=\"widget\" data-e-type=\"widget\" data-widget_type=\"text-editor.default\">\n\t\t\t\t<div class=\"elementor-widget-container\">\n\t\t\t\t\t\t\t\t\t<p>Schnellh\u00e4rtendes Zweikomponenten-Knet-Silikon, entwickelt f\u00fcr die Herstellung pr\u00e4ziser Formen ohne Schalung und standfest.<\/p><p>Sein Mischungsverh\u00e4ltnis von 1:1 und die knetbare Konsistenz erm\u00f6glichen eine einfache und direkte Anwendung auf dem Objekt.<\/p><p>Es eignet sich besonders f\u00fcr das Abformen kleiner Objekte, Schmuckst\u00fccke, Dekorationselemente und technischer Teile mit feinen Details.<\/p><p>Ideal f\u00fcr vertikale Anwendungen, \u00dcberkopfarbeiten oder in schwer zug\u00e4nglichen Bereichen.<\/p><p>Schnelle Aush\u00e4rtung bei Raumtemperatur, perfekt f\u00fcr eilige Arbeiten und Kleinserien.<\/p>\t\t\t\t\t\t\t\t<\/div>\n\t\t\t\t<\/div>\n\t\t\t\t\t<\/div>\n\t\t\t\t<\/div>\n\t\t<div class=\"elementor-element elementor-element-8c7d7a8 e-flex e-con-boxed e-con e-parent\" data-id=\"8c7d7a8\" data-element_type=\"container\" data-e-type=\"container\" data-settings=\"{&quot;jet_parallax_layout_list&quot;:[],&quot;background_background&quot;:&quot;classic&quot;}\">\n\t\t\t\t\t<div class=\"e-con-inner\">\n\t\t<div class=\"elementor-element elementor-element-107cfc0 e-grid e-con-boxed e-con e-child\" data-id=\"107cfc0\" data-element_type=\"container\" data-e-type=\"container\" data-settings=\"{&quot;jet_parallax_layout_list&quot;:[]}\">\n\t\t\t\t\t<div class=\"e-con-inner\">\n\t\t\t\t<div class=\"elementor-element elementor-element-09fc312 elementor-widget elementor-widget-heading\" data-id=\"09fc312\" data-element_type=\"widget\" data-e-type=\"widget\" data-widget_type=\"heading.default\">\n\t\t\t\t<div class=\"elementor-widget-container\">\n\t\t\t\t\t<h2 class=\"elementor-heading-title elementor-size-large\">Technische Eigenschaften<\/h2>\t\t\t\t<\/div>\n\t\t\t\t<\/div>\n\t\t\t\t\t<\/div>\n\t\t\t\t<\/div>\n\t\t<div class=\"elementor-element elementor-element-0ee4106 e-grid e-con-boxed e-con e-child\" data-id=\"0ee4106\" data-element_type=\"container\" data-e-type=\"container\" data-settings=\"{&quot;jet_parallax_layout_list&quot;:[]}\">\n\t\t\t\t\t<div class=\"e-con-inner\">\n\t\t\t\t<div class=\"elementor-element elementor-element-6b5402a elementor-widget elementor-widget-text-editor\" data-id=\"6b5402a\" data-element_type=\"widget\" data-e-type=\"widget\" data-widget_type=\"text-editor.default\">\n\t\t\t\t<div class=\"elementor-widget-container\">\n\t\t\t\t\t\t\t\t\t<p>Typ: RTV-2 Polyadditions-Silikon (Platin-Silikon) <\/p><p>Form: Zweikomponenten-Knet-Silikon<\/p><p>Mischungsverh\u00e4ltnis nach Gewicht oder Volumen: 1:1 (z.B. 100 g Basis + 100 g H\u00e4rter)<\/p><p>Farbe: Lila<\/p><p>H\u00e4rte: Shore A 45<\/p><p>Verarbeitungszeit (Topfzeit) bei 23 \u00b0C: ca. 2 Minuten<\/p><p>Abbindezeit bei 23 \u00b0C: ca. 6 Minuten<\/p><p>Entformungszeit bei 23 \u00b0C: ca. 10 Minuten<\/p><p>Dichte: 1,45 g\/cm\u00b3<\/p><p>Lagerbedingungen: 12 Monate zwischen 5 \u00b0C und 30 \u00b0C<\/p><p>Richtverbrauch f\u00fcr eine Referenzdicke von 5 mm<\/p><p><strong>500 g<\/strong>: Fl\u00e4che ca. <strong>26 \u00d7 26 cm<\/strong><\/p><p><strong>1 kg<\/strong>: Fl\u00e4che ca. <strong>37 \u00d7 37 cm<\/strong><\/p><p><strong>10 kg<\/strong>: Fl\u00e4che ca. <strong>117 \u00d7 117 cm<\/strong><\/p>\t\t\t\t\t\t\t\t<\/div>\n\t\t\t\t<\/div>\n\t\t\t\t\t<\/div>\n\t\t\t\t<\/div>\n\t\t\t\t\t<\/div>\n\t\t\t\t<\/div>\n\t\t<div class=\"elementor-element elementor-element-4a1ddff e-flex e-con-boxed e-con e-parent\" data-id=\"4a1ddff\" data-element_type=\"container\" data-e-type=\"container\" data-settings=\"{&quot;jet_parallax_layout_list&quot;:[],&quot;background_background&quot;:&quot;classic&quot;}\">\n\t\t\t\t\t<div class=\"e-con-inner\">\n\t\t<div class=\"elementor-element elementor-element-cbcc06c e-grid e-con-boxed e-con e-child\" data-id=\"cbcc06c\" data-element_type=\"container\" data-e-type=\"container\" data-settings=\"{&quot;jet_parallax_layout_list&quot;:[]}\">\n\t\t\t\t\t<div class=\"e-con-inner\">\n\t\t\t\t<div class=\"elementor-element elementor-element-f92178d elementor-widget elementor-widget-heading\" data-id=\"f92178d\" data-element_type=\"widget\" data-e-type=\"widget\" data-widget_type=\"heading.default\">\n\t\t\t\t<div class=\"elementor-widget-container\">\n\t\t\t\t\t<h2 class=\"elementor-heading-title elementor-size-large\">Produktvorteile<\/h2>\t\t\t\t<\/div>\n\t\t\t\t<\/div>\n\t\t\t\t\t<\/div>\n\t\t\t\t<\/div>\n\t\t<div class=\"elementor-element elementor-element-1a5cadd e-grid e-con-boxed e-con e-child\" data-id=\"1a5cadd\" data-element_type=\"container\" data-e-type=\"container\" data-settings=\"{&quot;jet_parallax_layout_list&quot;:[]}\">\n\t\t\t\t\t<div class=\"e-con-inner\">\n\t\t\t\t<div class=\"elementor-element elementor-element-75d85ca elementor-widget elementor-widget-text-editor\" data-id=\"75d85ca\" data-element_type=\"widget\" data-e-type=\"widget\" data-widget_type=\"text-editor.default\">\n\t\t\t\t<div class=\"elementor-widget-container\">\n\t\t\t\t\t\t\t\t\t<p>Schnell h\u00e4rtend<\/p><p>Vertikale und \u00dcberkopfanwendung<\/p><p>Manuelles Mischen ohne Waage<\/p><p>Direkte Anwendung auf dem Objekt<\/p><p>Detailgetreue Wiedergabe feiner Details<\/p>\t\t\t\t\t\t\t\t<\/div>\n\t\t\t\t<\/div>\n\t\t\t\t\t<\/div>\n\t\t\t\t<\/div>\n\t\t\t\t\t<\/div>\n\t\t\t\t<\/div>\n\t\t<div class=\"elementor-element elementor-element-0df27c4 e-flex e-con-boxed e-con e-parent\" data-id=\"0df27c4\" data-element_type=\"container\" data-e-type=\"container\" data-settings=\"{&quot;jet_parallax_layout_list&quot;:[],&quot;background_background&quot;:&quot;classic&quot;}\">\n\t\t\t\t\t<div class=\"e-con-inner\">\n\t\t<div class=\"elementor-element elementor-element-43240bf e-grid e-con-boxed e-con e-child\" data-id=\"43240bf\" data-element_type=\"container\" data-e-type=\"container\" data-settings=\"{&quot;jet_parallax_layout_list&quot;:[]}\">\n\t\t\t\t\t<div class=\"e-con-inner\">\n\t\t\t\t<div class=\"elementor-element elementor-element-66dd88a elementor-widget elementor-widget-heading\" data-id=\"66dd88a\" data-element_type=\"widget\" data-e-type=\"widget\" data-widget_type=\"heading.default\">\n\t\t\t\t<div class=\"elementor-widget-container\">\n\t\t\t\t\t<h2 class=\"elementor-heading-title elementor-size-large\">Anwendung und Verarbeitung<\/h2>\t\t\t\t<\/div>\n\t\t\t\t<\/div>\n\t\t\t\t\t<\/div>\n\t\t\t\t<\/div>\n\t\t<div class=\"elementor-element elementor-element-cb3d015 e-grid e-con-boxed e-con e-child\" data-id=\"cb3d015\" data-element_type=\"container\" data-e-type=\"container\" data-settings=\"{&quot;jet_parallax_layout_list&quot;:[]}\">\n\t\t\t\t\t<div class=\"e-con-inner\">\n\t\t\t\t<div class=\"elementor-element elementor-element-ae8b825 elementor-widget elementor-widget-text-editor\" data-id=\"ae8b825\" data-element_type=\"widget\" data-e-type=\"widget\" data-widget_type=\"text-editor.default\">\n\t\t\t\t<div class=\"elementor-widget-container\">\n\t\t\t\t\t\t\t\t\t<ol><li>Mischen Sie die beiden Komponenten zu gleichen Teilen (1:1), bis eine homogene Farbe erreicht ist.<\/li><li>Tragen Sie die Paste direkt auf das abzuformende Objekt auf und dr\u00fccken Sie sie fest, um Luft einzuschlie\u00dfen.<\/li><li>Halten Sie eine gleichm\u00e4\u00dfige Dicke ein (empfohlen: ca. 5 mm).<\/li><li>Lassen Sie es bei Raumtemperatur aush\u00e4rten.<\/li><li>Nach ca. 10 Minuten entformen.<\/li><\/ol>\t\t\t\t\t\t\t\t<\/div>\n\t\t\t\t<\/div>\n\t\t\t\t\t<\/div>\n\t\t\t\t<\/div>\n\t\t\t\t\t<\/div>\n\t\t\t\t<\/div>\n\t\t\t\t<\/div>\n\t\t","protected":false},"excerpt":{"rendered":"<p>Schnellh\u00e4rtendes Zweikomponenten-Knet-Silikon, entwickelt f\u00fcr pr\u00e4zises Abformen kleiner Objekte mit feinen Details, ohne Schalung und standfest.<\/p>\n","protected":false},"featured_media":16519,"template":"","meta":[],"product_brand":[],"product_cat":[1492,1000,1720],"product_tag":[900,899,1119,901,902,898],"class_list":{"0":"post-19068","1":"product","2":"type-product","3":"status-publish","4":"has-post-thumbnail","6":"product_cat-formsilikon","7":"product_cat-neuheiten","8":"product_cat-platin-additionsvernetzendes-silikon","9":"product_tag-cast-de","10":"product_tag-gieten-de","11":"product_tag-knetbar","12":"product_tag-prototyp","13":"product_tag-siliconen-de","14":"product_tag-toon-de","16":"first","17":"instock","18":"taxable","19":"shipping-taxable","20":"purchasable","21":"product-type-variable"},"_links":{"self":[{"href":"https:\/\/www.finres-sa.com\/de\/wp-json\/wp\/v2\/product\/19068","targetHints":{"allow":["GET"]}}],"collection":[{"href":"https:\/\/www.finres-sa.com\/de\/wp-json\/wp\/v2\/product"}],"about":[{"href":"https:\/\/www.finres-sa.com\/de\/wp-json\/wp\/v2\/types\/product"}],"version-history":[{"count":4,"href":"https:\/\/www.finres-sa.com\/de\/wp-json\/wp\/v2\/product\/19068\/revisions"}],"predecessor-version":[{"id":35910,"href":"https:\/\/www.finres-sa.com\/de\/wp-json\/wp\/v2\/product\/19068\/revisions\/35910"}],"wp:featuredmedia":[{"embeddable":true,"href":"https:\/\/www.finres-sa.com\/de\/wp-json\/wp\/v2\/media\/16519"}],"wp:attachment":[{"href":"https:\/\/www.finres-sa.com\/de\/wp-json\/wp\/v2\/media?parent=19068"}],"wp:term":[{"taxonomy":"product_brand","embeddable":true,"href":"https:\/\/www.finres-sa.com\/de\/wp-json\/wp\/v2\/product_brand?post=19068"},{"taxonomy":"product_cat","embeddable":true,"href":"https:\/\/www.finres-sa.com\/de\/wp-json\/wp\/v2\/product_cat?post=19068"},{"taxonomy":"product_tag","embeddable":true,"href":"https:\/\/www.finres-sa.com\/de\/wp-json\/wp\/v2\/product_tag?post=19068"}],"curies":[{"name":"wp","href":"https:\/\/api.w.org\/{rel}","templated":true}]}}