{"id":19238,"date":"2024-03-25T14:47:23","date_gmt":"2024-03-25T13:47:23","guid":{"rendered":"https:\/\/www.finres-sa.com\/product\/transluzentes-polyadditions-silikon-as40\/"},"modified":"2026-03-16T16:16:44","modified_gmt":"2026-03-16T15:16:44","slug":"transluzentes-polyadditions-silikon-as40","status":"publish","type":"product","link":"https:\/\/www.finres-sa.com\/de\/produkt\/transluzentes-polyadditions-silikon-as40\/","title":{"rendered":"TRANSLUCIDES SILIKON POLYADDITION AS40 &#8211; Hohe Festigkeit, hohe H\u00e4rte, hohe Qualit\u00e4t"},"content":{"rendered":"\t\t<div data-elementor-type=\"product-post\" data-elementor-id=\"19238\" class=\"elementor elementor-19238 elementor-13835\" data-elementor-post-type=\"product\">\n\t\t\t\t<div class=\"elementor-element elementor-element-14748913 e-flex e-con-boxed e-con e-parent\" data-id=\"14748913\" data-element_type=\"container\" data-e-type=\"container\" data-settings=\"{&quot;jet_parallax_layout_list&quot;:[]}\">\n\t\t\t\t\t<div class=\"e-con-inner\">\n\t\t\t\t<div class=\"elementor-element elementor-element-2cfcffd1 elementor-widget elementor-widget-text-editor\" data-id=\"2cfcffd1\" data-element_type=\"widget\" data-e-type=\"widget\" data-widget_type=\"text-editor.default\">\n\t\t\t\t<div class=\"elementor-widget-container\">\n\t\t\t\t\t\t\t\t\t<p><span style=\"color: #233c76;\">AS 40 ist ein durchsichtiger, additionsvernetzender Silikonkautschuk. Additionsvernetzende Systeme sind von hoher Qualit\u00e4t. Sie haben eine ausgezeichnete Dimensionsstabilit\u00e4t, eine geringe Schrumpfung und eine hohe chemische Best\u00e4ndigkeit.   <\/span><\/p><p><span style=\"color: #233c76;\">Die Wahl eines Polyadditions-Silikons ist besonders empfehlenswert, wenn die Form mehr als einer hohen Anzahl von Drucken standhalten muss.<\/span><\/p><p><span style=\"color: #233c76;\">Seine hohe mechanische Festigkeit macht ihn besonders geeignet f\u00fcr die Herstellung von Formen in Industriequalit\u00e4t.<\/span><\/p><p><span style=\"color: #233c76;\">Seine Basis ist ungiftig und l\u00e4sst sich leicht mit dem entsprechenden Katalysator in einem Mischungsverh\u00e4ltnis von 1:1 mischen.<\/span><\/p><p><span style=\"color: #233c76;\">Mit diesem Silikon k\u00f6nnen Sie Formen f\u00fcr das Gie\u00dfen von Polyester-, Epoxid- und Polyurethanharz, Gips, Wachs usw. und niedrig schmelzenden Metallen herstellen.<\/span><\/p><p><span style=\"color: #233c76;\">Die hohe Best\u00e4ndigkeit gegen alkalische Bestandteile macht sie auch f\u00fcr den Einsatz in Beton geeignet.<\/span><\/p><p><span style=\"color: #233c76;\">AS 40 h\u00e4rtet bei Raumtemperatur aus, je h\u00f6her die Raumtemperatur, desto schneller die Aush\u00e4rtezeit.<\/span><\/p><p><span style=\"color: #233c76;\">Alle unsere AS-Silikone k\u00f6nnen durch die Zugabe unserer THIXO Silikon-Polyaddition verdickt werden. Die so erhaltene Pastenstruktur kann mit einem Spachtel auf vertikale Elemente aufgetragen werden. <\/span><\/p>\t\t\t\t\t\t\t\t<\/div>\n\t\t\t\t<\/div>\n\t\t\t\t\t<\/div>\n\t\t\t\t<\/div>\n\t\t<div class=\"elementor-element elementor-element-2a56220 e-flex e-con-boxed e-con e-parent\" data-id=\"2a56220\" data-element_type=\"container\" data-e-type=\"container\" data-settings=\"{&quot;jet_parallax_layout_list&quot;:[],&quot;background_background&quot;:&quot;classic&quot;}\">\n\t\t\t\t\t<div class=\"e-con-inner\">\n\t\t<div class=\"elementor-element elementor-element-a91ffea e-grid e-con-boxed e-con e-child\" data-id=\"a91ffea\" data-element_type=\"container\" data-e-type=\"container\" data-settings=\"{&quot;jet_parallax_layout_list&quot;:[]}\">\n\t\t\t\t\t<div class=\"e-con-inner\">\n\t\t\t\t<div class=\"elementor-element elementor-element-8e8aa81 elementor-widget elementor-widget-heading\" data-id=\"8e8aa81\" data-element_type=\"widget\" data-e-type=\"widget\" data-widget_type=\"heading.default\">\n\t\t\t\t<div class=\"elementor-widget-container\">\n\t\t\t\t\t<h2 class=\"elementor-heading-title elementor-size-xl\">Merkmale<\/h2>\t\t\t\t<\/div>\n\t\t\t\t<\/div>\n\t\t\t\t\t<\/div>\n\t\t\t\t<\/div>\n\t\t<div class=\"elementor-element elementor-element-16b8344 e-grid e-con-boxed e-con e-child\" data-id=\"16b8344\" data-element_type=\"container\" data-e-type=\"container\" data-settings=\"{&quot;jet_parallax_layout_list&quot;:[]}\">\n\t\t\t\t\t<div class=\"e-con-inner\">\n\t\t\t\t<div class=\"elementor-element elementor-element-1cc7556 elementor-widget elementor-widget-text-editor\" data-id=\"1cc7556\" data-element_type=\"widget\" data-e-type=\"widget\" data-widget_type=\"text-editor.default\">\n\t\t\t\t<div class=\"elementor-widget-container\">\n\t\t\t\t\t\t\t\t\t<p><span style=\"color: #233c76;\">Mischungsverh\u00e4ltnis: 1 : 1<\/span><\/p><p><span style=\"color: #233c76;\">H\u00e4rte (shore A): 40<\/span><\/p><p><span style=\"color: #233c76;\">Farbe: durchscheinend<\/span><\/p><p><span style=\"color: #233c76;\">Topfzeit 25\u00b0C: 25-30&#8242;.<\/span><\/p><p><span style=\"color: #233c76;\">Aush\u00e4rtungszeit: 4-6 Stunden<\/span><\/p><p><span style=\"color: #233c76;\">Viskosit\u00e4t (mPa.s): 8000 \u00b1 1000<\/span><\/p><p><span style=\"color: #233c76;\">Dichte (g\/cm\u00b3): 1.06<\/span><\/p><p><span style=\"color: #233c76;\">Zugfestigkeit (MPa): 7.5 \u00b1 0.5<\/span><\/p><p><span style=\"color: #233c76;\">Rei\u00dffestigkeit (N\/mm): 28\u00b12<\/span><\/p><p><span style=\"color: #233c76;\">Elastizit\u00e4t (%): 450<\/span><\/p><p><span style=\"color: #233c76;\">Schrumpfung (%): &lt;0.1<\/span><\/p><p><span style=\"color: #233c76;\">Lagerung: An einem k\u00fchlen, trockenen und gut bel\u00fcfteten Ort aufbewahren.<\/span><\/p>\t\t\t\t\t\t\t\t<\/div>\n\t\t\t\t<\/div>\n\t\t\t\t\t<\/div>\n\t\t\t\t<\/div>\n\t\t\t\t\t<\/div>\n\t\t\t\t<\/div>\n\t\t<div class=\"elementor-element elementor-element-03e6be2 e-flex e-con-boxed e-con e-parent\" data-id=\"03e6be2\" data-element_type=\"container\" data-e-type=\"container\" data-settings=\"{&quot;jet_parallax_layout_list&quot;:[],&quot;background_background&quot;:&quot;classic&quot;}\">\n\t\t\t\t\t<div class=\"e-con-inner\">\n\t\t\t\t<div class=\"elementor-element elementor-element-f5de712 elementor-widget elementor-widget-heading\" data-id=\"f5de712\" data-element_type=\"widget\" data-e-type=\"widget\" data-widget_type=\"heading.default\">\n\t\t\t\t<div class=\"elementor-widget-container\">\n\t\t\t\t\t<h2 class=\"elementor-heading-title elementor-size-xl\">Umsetzung<\/h2>\t\t\t\t<\/div>\n\t\t\t\t<\/div>\n\t\t\t\t<div class=\"elementor-element elementor-element-bc35409 elementor-widget elementor-widget-text-editor\" data-id=\"bc35409\" data-element_type=\"widget\" data-e-type=\"widget\" data-widget_type=\"text-editor.default\">\n\t\t\t\t<div class=\"elementor-widget-container\">\n\t\t\t\t\t\t\t\t\t<p><span style=\"color: #233c76;\">Wiegen Sie in einem sauberen und trockenen Beh\u00e4lter die erforderliche Menge an Silikon ab und berechnen Sie eine Zugabe von 1:1 Katalysator (z.B.: 100gr Basis + 100gr Katalysator).<\/span><\/p><p><span style=\"color: #233c76;\">Vermischen Sie die beiden Komponenten mit einem Spatel, bis eine homogene Masse entsteht; verwenden Sie einen mechanischen Mischer und bleiben Sie f\u00fcr 2 bis 3 Minuten bei niedriger Geschwindigkeit (300 bis 500 U\/min) und halten Sie den Kopf des Mischers in das Silikon, um die Einmischung von Luftblasen zu verhindern. <\/span><\/p><p><span style=\"color: #233c76;\">Nachdem Sie sichergestellt haben, dass die Schalung wasserdicht ist, gie\u00dfen Sie die Silikonmischung auf das zu reproduzierende Modell.<\/span><\/p><p><span style=\"color: #233c76;\">Zielen Sie auf den tiefsten Punkt und gie\u00dfen Sie das Silikon in einer d\u00fcnnen Ader.<\/span><\/p><p><span style=\"color: #233c76;\">Es ist m\u00f6glich, die erste Schicht direkt mit einem Pinsel aufzutragen und dann den Rest der Form zu f\u00fcllen.<\/span><\/p><p><span style=\"color: #233c76;\">Die Zubereitung unter Vakuum ist bei einem Druck von 0,85 bar f\u00fcr maximal 3&#8242; m\u00f6glich.<\/span><\/p><p><span style=\"color: #233c76;\">Die Entformung kann nach +\/- 6 Stunden Aush\u00e4rtung bei Raumtemperatur erfolgen. Je l\u00e4nger Sie mit dem Entformen warten, desto mehr Zeit hat das Silikon, um seine optimalen mechanischen Eigenschaften zu erreichen. Wenn Sie ein niedrig schmelzendes Metall gie\u00dfen, wird ein Nachbrennen empfohlen.  <\/span><\/p>\t\t\t\t\t\t\t\t<\/div>\n\t\t\t\t<\/div>\n\t\t\t\t\t<\/div>\n\t\t\t\t<\/div>\n\t\t<div class=\"elementor-element elementor-element-df67aa1 e-flex e-con-boxed e-con e-parent\" data-id=\"df67aa1\" data-element_type=\"container\" data-e-type=\"container\" data-settings=\"{&quot;jet_parallax_layout_list&quot;:[],&quot;background_background&quot;:&quot;classic&quot;}\">\n\t\t\t\t\t<div class=\"e-con-inner\">\n\t\t\t\t<div class=\"elementor-element elementor-element-3bc781c elementor-widget elementor-widget-heading\" data-id=\"3bc781c\" data-element_type=\"widget\" data-e-type=\"widget\" data-widget_type=\"heading.default\">\n\t\t\t\t<div class=\"elementor-widget-container\">\n\t\t\t\t\t<h2 class=\"elementor-heading-title elementor-size-xl\">Sicherheit<\/h2>\t\t\t\t<\/div>\n\t\t\t\t<\/div>\n\t\t\t\t<div class=\"elementor-element elementor-element-6c588f1 elementor-widget elementor-widget-text-editor\" data-id=\"6c588f1\" data-element_type=\"widget\" data-e-type=\"widget\" data-widget_type=\"text-editor.default\">\n\t\t\t\t<div class=\"elementor-widget-container\">\n\t\t\t\t\t\t\t\t\t<p><span style=\"color: #233c76;\">Waschen Sie Ihre H\u00e4nde und andere exponierte Bereiche mit Wasser und milder Seife, bevor Sie essen, trinken oder rauchen und wenn Sie Ihren Arbeitsplatz verlassen.<\/span><\/p><p><span style=\"color: #233c76;\">Sicherheitsdatenbl\u00e4tter auf Anfrage, falls erforderlich.<\/span><\/p>\t\t\t\t\t\t\t\t<\/div>\n\t\t\t\t<\/div>\n\t\t\t\t\t<\/div>\n\t\t\t\t<\/div>\n\t\t\t\t<\/div>\n\t\t","protected":false},"excerpt":{"rendered":"<p><span style=\"color: #ffffff;\">AS 40 ist ein additionsvernetzender Silikonkautschuk. Dieses hochwertige, lichtdurchl\u00e4ssige Elastomer bietet eine gute Flie\u00dff\u00e4higkeit und eine hohe Pr\u00e4zision bei der Wiedergabe von Details. <\/span><\/p>\n<p><span style=\"color: #ffffff;\">Hervorragende Dimensionsstabilit\u00e4t, geringe Schrumpfung, einfache Mischung im Verh\u00e4ltnis 1:1, schnelle Aush\u00e4rtung, hervorragende Temperatur-, Alterungs- und Rei\u00dffestigkeit.<\/span><\/p>\n","protected":false},"featured_media":16312,"template":"","meta":[],"product_brand":[],"product_cat":[1492,1720],"product_tag":[925,897,942,899,924,923,944,943,922,898],"class_list":{"0":"post-19238","1":"product","2":"type-product","3":"status-publish","4":"has-post-thumbnail","6":"product_cat-formsilikon","7":"product_cat-platin-additionsvernetzendes-silikon","8":"product_tag-beeld-de","9":"product_tag-decoratie-de","10":"product_tag-feinheit","11":"product_tag-gieten-de","12":"product_tag-jesmoniet-de","13":"product_tag-milieuvriendelijk-de","14":"product_tag-schichtung","15":"product_tag-set","16":"product_tag-stijf-de","17":"product_tag-toon-de","19":"first","20":"instock","21":"taxable","22":"shipping-taxable","23":"purchasable","24":"product-type-variable"},"_links":{"self":[{"href":"https:\/\/www.finres-sa.com\/de\/wp-json\/wp\/v2\/product\/19238","targetHints":{"allow":["GET"]}}],"collection":[{"href":"https:\/\/www.finres-sa.com\/de\/wp-json\/wp\/v2\/product"}],"about":[{"href":"https:\/\/www.finres-sa.com\/de\/wp-json\/wp\/v2\/types\/product"}],"version-history":[{"count":1,"href":"https:\/\/www.finres-sa.com\/de\/wp-json\/wp\/v2\/product\/19238\/revisions"}],"predecessor-version":[{"id":36296,"href":"https:\/\/www.finres-sa.com\/de\/wp-json\/wp\/v2\/product\/19238\/revisions\/36296"}],"wp:featuredmedia":[{"embeddable":true,"href":"https:\/\/www.finres-sa.com\/de\/wp-json\/wp\/v2\/media\/16312"}],"wp:attachment":[{"href":"https:\/\/www.finres-sa.com\/de\/wp-json\/wp\/v2\/media?parent=19238"}],"wp:term":[{"taxonomy":"product_brand","embeddable":true,"href":"https:\/\/www.finres-sa.com\/de\/wp-json\/wp\/v2\/product_brand?post=19238"},{"taxonomy":"product_cat","embeddable":true,"href":"https:\/\/www.finres-sa.com\/de\/wp-json\/wp\/v2\/product_cat?post=19238"},{"taxonomy":"product_tag","embeddable":true,"href":"https:\/\/www.finres-sa.com\/de\/wp-json\/wp\/v2\/product_tag?post=19238"}],"curies":[{"name":"wp","href":"https:\/\/api.w.org\/{rel}","templated":true}]}}