{"id":19249,"date":"2023-06-26T18:17:10","date_gmt":"2023-06-26T16:17:10","guid":{"rendered":"https:\/\/www.finres-sa.com\/product\/105-aqua-stick\/"},"modified":"2026-03-13T14:24:59","modified_gmt":"2026-03-13T13:24:59","slug":"105-aqua-stick","status":"publish","type":"product","link":"https:\/\/www.finres-sa.com\/de\/produkt\/105-aqua-stick\/","title":{"rendered":"RESIMAC 105 &#8211; Aqua Stick"},"content":{"rendered":"\t\t<div data-elementor-type=\"product-post\" data-elementor-id=\"19249\" class=\"elementor elementor-19249 elementor-5707\" data-elementor-post-type=\"product\">\n\t\t\t\t<div class=\"elementor-element elementor-element-1f0b5e8c e-flex e-con-boxed e-con e-parent\" data-id=\"1f0b5e8c\" data-element_type=\"container\" data-e-type=\"container\" data-settings=\"{&quot;jet_parallax_layout_list&quot;:[]}\">\n\t\t\t\t\t<div class=\"e-con-inner\">\n\t\t\t\t<div class=\"elementor-element elementor-element-4b32290d elementor-widget elementor-widget-text-editor\" data-id=\"4b32290d\" data-element_type=\"widget\" data-e-type=\"widget\" data-widget_type=\"text-editor.default\">\n\t\t\t\t<div class=\"elementor-widget-container\">\n\t\t\t\t\t\t\t\t\t<p>Resimetal 105 Aqua Stick ist ein Zweikomponenten-Reparaturmaterial in Stiftform, das nach dem Anmischen unter Wasser aush\u00e4rtet.<\/p><p>Es handelt sich um einen Metallreparaturklebstoff, der in kurzer Zeit eine hohe mechanische Festigkeit entwickelt.<\/p><p>&#8211; Kann auf Oberfl\u00e4chen aufgetragen werden, die von Hand mit einem Werkzeug vorbereitet wurden.<\/p><p>&#8211; Haftet unter Wasser an allen Oberfl\u00e4chen<\/p><p>&#8211; Schnell h\u00e4rtend &#8211; trocken in 45 Minuten<\/p><p><span style=\"text-decoration: underline;\">Typische Anwendungen<\/span><\/p><p>Geeignet f\u00fcr die Reparatur von Beton und Metalloberfl\u00e4chen unter Wasser.<\/p><p> <\/p>\t\t\t\t\t\t\t\t<\/div>\n\t\t\t\t<\/div>\n\t\t\t\t\t<\/div>\n\t\t\t\t<\/div>\n\t\t<div class=\"elementor-element elementor-element-af4fb7b e-flex e-con-boxed e-con e-parent\" data-id=\"af4fb7b\" data-element_type=\"container\" data-e-type=\"container\" data-settings=\"{&quot;jet_parallax_layout_list&quot;:[],&quot;background_background&quot;:&quot;classic&quot;}\">\n\t\t\t\t\t<div class=\"e-con-inner\">\n\t\t\t\t<div class=\"elementor-element elementor-element-6186a74 elementor-widget elementor-widget-heading\" data-id=\"6186a74\" data-element_type=\"widget\" data-e-type=\"widget\" data-widget_type=\"heading.default\">\n\t\t\t\t<div class=\"elementor-widget-container\">\n\t\t\t\t\t<h2 class=\"elementor-heading-title elementor-size-xl\">Vorbereitung der Oberfl\u00e4che<\/h2>\t\t\t\t<\/div>\n\t\t\t\t<\/div>\n\t\t\t\t<div class=\"elementor-element elementor-element-b28226f elementor-widget elementor-widget-text-editor\" data-id=\"b28226f\" data-element_type=\"widget\" data-e-type=\"widget\" data-widget_type=\"text-editor.default\">\n\t\t\t\t<div class=\"elementor-widget-container\">\n\t\t\t\t\t\t\t\t\t<p>Metallsubstrate &#8211; Handwerkzeuge<br><br>1. Das Material ist f\u00fcr die Anwendung auf manuell vorbereiteten Oberfl\u00e4chen geeignet, die unter Wasser stehen.<br><br>2. Alle losen Materialien wie alte Beschichtungen und Reparaturmaterialien m\u00fcssen vor der Anwendung mit einer Drahtb\u00fcrste, Mei\u00dfeln oder Schabern von der Oberfl\u00e4che entfernt werden.<br><br>mit einer Drahtb\u00fcrste, Mei\u00dfeln oder Schabern entfernt werden.<\/p>\t\t\t\t\t\t\t\t<\/div>\n\t\t\t\t<\/div>\n\t\t\t\t\t<\/div>\n\t\t\t\t<\/div>\n\t\t<div class=\"elementor-element elementor-element-36a62bd e-flex e-con-boxed e-con e-parent\" data-id=\"36a62bd\" data-element_type=\"container\" data-e-type=\"container\" data-settings=\"{&quot;jet_parallax_layout_list&quot;:[],&quot;background_background&quot;:&quot;classic&quot;}\">\n\t\t\t\t\t<div class=\"e-con-inner\">\n\t\t\t\t<div class=\"elementor-element elementor-element-97f3723 elementor-widget elementor-widget-heading\" data-id=\"97f3723\" data-element_type=\"widget\" data-e-type=\"widget\" data-widget_type=\"heading.default\">\n\t\t\t\t<div class=\"elementor-widget-container\">\n\t\t\t\t\t<h2 class=\"elementor-heading-title elementor-size-xl\">Mischen und Auftragen<\/h2>\t\t\t\t<\/div>\n\t\t\t\t<\/div>\n\t\t\t\t<div class=\"elementor-element elementor-element-b431da2 elementor-widget elementor-widget-text-editor\" data-id=\"b431da2\" data-element_type=\"widget\" data-e-type=\"widget\" data-widget_type=\"text-editor.default\">\n\t\t\t\t<div class=\"elementor-widget-container\">\n\t\t\t\t\t\t\t\t\t<p>Bevor Sie das Produkt mischen, stellen Sie bitte Folgendes sicher<\/p><p>1. Die Umgebungs- und Oberfl\u00e4chentemperatur ist h\u00f6her als 5\u00b0C (41F\u00b0).<\/p><p>2. Das Produkt wird in Form von St\u00e4bchen geliefert und die Bestandteile der Basis und des Aktivators werden daher vorab gemessen.<\/p><p>3. L\u00f6sen Sie einfach die erforderliche Menge des Materials vom Stock und kneten Sie das Produkt mit behandschuhten H\u00e4nden, bis die gr\u00fcnen und cremefarbenen Komponenten blass und homogen sind.<\/p><p>bis die gr\u00fcnen und cremefarbenen Komponenten eine einheitliche hellgr\u00fcne Farbe angenommen haben.<\/p><p>4. Das Produkt hat, wenn es vollst\u00e4ndig gemischt ist, bei 20\u00b0C (68F\u00b0) eine nutzbare Haltbarkeit von 15 Minuten.<\/p>\t\t\t\t\t\t\t\t<\/div>\n\t\t\t\t<\/div>\n\t\t\t\t\t<\/div>\n\t\t\t\t<\/div>\n\t\t<div class=\"elementor-element elementor-element-5b46038 e-flex e-con-boxed e-con e-parent\" data-id=\"5b46038\" data-element_type=\"container\" data-e-type=\"container\" data-settings=\"{&quot;jet_parallax_layout_list&quot;:[],&quot;background_background&quot;:&quot;classic&quot;}\">\n\t\t\t\t\t<div class=\"e-con-inner\">\n\t\t<div class=\"elementor-element elementor-element-95b30fc e-grid e-con-boxed e-con e-child\" data-id=\"95b30fc\" data-element_type=\"container\" data-e-type=\"container\" data-settings=\"{&quot;jet_parallax_layout_list&quot;:[]}\">\n\t\t\t\t\t<div class=\"e-con-inner\">\n\t\t\t\t<div class=\"elementor-element elementor-element-06d0ef9 elementor-widget elementor-widget-heading\" data-id=\"06d0ef9\" data-element_type=\"widget\" data-e-type=\"widget\" data-widget_type=\"heading.default\">\n\t\t\t\t<div class=\"elementor-widget-container\">\n\t\t\t\t\t<h2 class=\"elementor-heading-title elementor-size-xl\">Aush\u00e4rtungszeit<\/h2>\t\t\t\t<\/div>\n\t\t\t\t<\/div>\n\t\t\t\t<div class=\"elementor-element elementor-element-925fce0 elementor-widget elementor-widget-heading\" data-id=\"925fce0\" data-element_type=\"widget\" data-e-type=\"widget\" data-widget_type=\"heading.default\">\n\t\t\t\t<div class=\"elementor-widget-container\">\n\t\t\t\t\t<h2 class=\"elementor-heading-title elementor-size-xl\">\u00dcberstreichungsdauer<\/h2>\t\t\t\t<\/div>\n\t\t\t\t<\/div>\n\t\t\t\t\t<\/div>\n\t\t\t\t<\/div>\n\t\t<div class=\"elementor-element elementor-element-1e880d1 e-grid e-con-boxed e-con e-child\" data-id=\"1e880d1\" data-element_type=\"container\" data-e-type=\"container\" data-settings=\"{&quot;jet_parallax_layout_list&quot;:[]}\">\n\t\t\t\t\t<div class=\"e-con-inner\">\n\t\t\t\t<div class=\"elementor-element elementor-element-261e1b5 elementor-widget elementor-widget-text-editor\" data-id=\"261e1b5\" data-element_type=\"widget\" data-e-type=\"widget\" data-widget_type=\"text-editor.default\">\n\t\t\t\t<div class=\"elementor-widget-container\">\n\t\t\t\t\t\t\t\t\t<p>Bei 20\u00b0C (68F\u00b0) m\u00fcssen die aufgetragenen Materialien f\u00fcr die unten angegebenen Zeiten aush\u00e4rten, bevor sie den angegebenen Bedingungen ausgesetzt werden.<\/p><p>Diese Zeiten werden bei niedrigeren Temperaturen verl\u00e4ngert und bei h\u00f6heren Temperaturen verk\u00fcrzt:<\/p><p>Nutzbare Lebensdauer 15 Min.<\/p><p>Hart trocken 45 Min.<\/p><p>Vollst\u00e4ndige Aush\u00e4rtung 90 Min.<\/p>\t\t\t\t\t\t\t\t<\/div>\n\t\t\t\t<\/div>\n\t\t\t\t<div class=\"elementor-element elementor-element-8ae3316 elementor-widget elementor-widget-text-editor\" data-id=\"8ae3316\" data-element_type=\"widget\" data-e-type=\"widget\" data-widget_type=\"text-editor.default\">\n\t\t\t\t<div class=\"elementor-widget-container\">\n\t\t\t\t\t\t\t\t\t<p>Minimum &#8211; das aufgetragene Material kann bedeckt werden, sobald es sich trocken anf\u00fchlt.<\/p><p>Maximum &#8211; die \u00dcbermalungszeit darf 90 Minuten nicht \u00fcberschreiten.<\/p><p>Wenn die maximale \u00dcberstreichbarkeitsdauer \u00fcberschritten ist, m\u00fcssen Sie das Material aush\u00e4rten lassen, bevor Sie es abschleifen.<\/p>\t\t\t\t\t\t\t\t<\/div>\n\t\t\t\t<\/div>\n\t\t\t\t\t<\/div>\n\t\t\t\t<\/div>\n\t\t\t\t\t<\/div>\n\t\t\t\t<\/div>\n\t\t<div class=\"elementor-element elementor-element-5e799ca e-flex e-con-boxed e-con e-parent\" data-id=\"5e799ca\" data-element_type=\"container\" data-e-type=\"container\" data-settings=\"{&quot;jet_parallax_layout_list&quot;:[],&quot;background_background&quot;:&quot;classic&quot;}\">\n\t\t\t\t\t<div class=\"e-con-inner\">\n\t\t<div class=\"elementor-element elementor-element-d2d97e1 e-grid e-con-boxed e-con e-child\" data-id=\"d2d97e1\" data-element_type=\"container\" data-e-type=\"container\" data-settings=\"{&quot;jet_parallax_layout_list&quot;:[]}\">\n\t\t\t\t\t<div class=\"e-con-inner\">\n\t\t\t\t<div class=\"elementor-element elementor-element-111a5b3 elementor-widget elementor-widget-heading\" data-id=\"111a5b3\" data-element_type=\"widget\" data-e-type=\"widget\" data-widget_type=\"heading.default\">\n\t\t\t\t<div class=\"elementor-widget-container\">\n\t\t\t\t\t<h2 class=\"elementor-heading-title elementor-size-xl\">Farbe<\/h2>\t\t\t\t<\/div>\n\t\t\t\t<\/div>\n\t\t\t\t<div class=\"elementor-element elementor-element-ff18a87 elementor-widget elementor-widget-heading\" data-id=\"ff18a87\" data-element_type=\"widget\" data-e-type=\"widget\" data-widget_type=\"heading.default\">\n\t\t\t\t<div class=\"elementor-widget-container\">\n\t\t\t\t\t<h2 class=\"elementor-heading-title elementor-size-xl\">Haltbarkeitsdauer<\/h2>\t\t\t\t<\/div>\n\t\t\t\t<\/div>\n\t\t\t\t\t<\/div>\n\t\t\t\t<\/div>\n\t\t<div class=\"elementor-element elementor-element-707fdd3 e-grid e-con-boxed e-con e-child\" data-id=\"707fdd3\" data-element_type=\"container\" data-e-type=\"container\" data-settings=\"{&quot;jet_parallax_layout_list&quot;:[]}\">\n\t\t\t\t\t<div class=\"e-con-inner\">\n\t\t\t\t<div class=\"elementor-element elementor-element-881f860 elementor-widget elementor-widget-text-editor\" data-id=\"881f860\" data-element_type=\"widget\" data-e-type=\"widget\" data-widget_type=\"text-editor.default\">\n\t\t\t\t<div class=\"elementor-widget-container\">\n\t\t\t\t\t\t\t\t\t<p>Gemischtes Material &#8211; blassgr\u00fcn<\/p><p>Basiskomponente &#8211; gr\u00fcn<\/p><p>Aktivierungskomponente &#8211; Creme<\/p>\t\t\t\t\t\t\t\t<\/div>\n\t\t\t\t<\/div>\n\t\t\t\t<div class=\"elementor-element elementor-element-d936b24 elementor-widget elementor-widget-text-editor\" data-id=\"d936b24\" data-element_type=\"widget\" data-e-type=\"widget\" data-widget_type=\"text-editor.default\">\n\t\t\t\t<div class=\"elementor-widget-container\">\n\t\t\t\t\t\t\t\t\t<p>5 Jahre, wenn das Produkt unge\u00f6ffnet und unter normalen trockenen Bedingungen (15-30\u00b0C\/ 60-86\u00b0F) gelagert wird.<\/p>\t\t\t\t\t\t\t\t<\/div>\n\t\t\t\t<\/div>\n\t\t\t\t\t<\/div>\n\t\t\t\t<\/div>\n\t\t\t\t\t<\/div>\n\t\t\t\t<\/div>\n\t\t<div class=\"elementor-element elementor-element-3f55b5e e-flex e-con-boxed e-con e-parent\" data-id=\"3f55b5e\" data-element_type=\"container\" data-e-type=\"container\" data-settings=\"{&quot;jet_parallax_layout_list&quot;:[],&quot;background_background&quot;:&quot;classic&quot;}\">\n\t\t\t\t\t<div class=\"e-con-inner\">\n\t\t\t\t<div class=\"elementor-element elementor-element-3897562 elementor-widget elementor-widget-heading\" data-id=\"3897562\" data-element_type=\"widget\" data-e-type=\"widget\" data-widget_type=\"heading.default\">\n\t\t\t\t<div class=\"elementor-widget-container\">\n\t\t\t\t\t<h2 class=\"elementor-heading-title elementor-size-xl\">Datenblatt und Spezifikationen<\/h2>\t\t\t\t<\/div>\n\t\t\t\t<\/div>\n\t\t\t\t<div class=\"elementor-element elementor-element-58b496b elementor-widget elementor-widget-text-editor\" data-id=\"58b496b\" data-element_type=\"widget\" data-e-type=\"widget\" data-widget_type=\"text-editor.default\">\n\t\t\t\t<div class=\"elementor-widget-container\">\n\t\t\t\t\t\t\t\t\t<p><a href=\"https:\/\/www.resimacsolutions.com\/uploads\/4\/5\/0\/7\/45072315\/105_aquastick_tds.rv3.08052019_1.pdf\" target=\"_blank\" rel=\"noopener\">https:\/\/www.resimacsolutions.com\/uploads\/4\/5\/0\/7\/45072315\/105_aquastick_tds.rv3.08052019_1.pdf<\/a><\/p><p><a href=\"https:\/\/www.resimacsolutions.com\/uploads\/4\/5\/0\/7\/45072315\/105_ps.rv3.13052019_1.pdf\" target=\"_blank\" rel=\"noopener\">https:\/\/www.resimacsolutions.com\/uploads\/4\/5\/0\/7\/45072315\/105_ps.rv3.13052019_1.pdf<\/a><\/p>\t\t\t\t\t\t\t\t<\/div>\n\t\t\t\t<\/div>\n\t\t\t\t\t<\/div>\n\t\t\t\t<\/div>\n\t\t\t\t<\/div>\n\t\t","protected":false},"excerpt":{"rendered":"<p>Ein einkomponentiger Reparaturkitt in Stiftform, der schnell unter Wasser aush\u00e4rtet. Der einmal gemischte Kitt kann zum Verkleben von Holz, Metall, Kunststoff und Keramik verwendet werden. <\/p>\n","protected":false},"featured_media":19250,"template":"","meta":[],"product_brand":[],"product_cat":[964,1665,1127],"product_tag":[1130,1131,967],"class_list":{"0":"post-19249","1":"product","2":"type-product","3":"status-publish","4":"has-post-thumbnail","6":"product_cat-epoxy-de","7":"product_cat-schnelles-reparatur-und-beschichtungsset","8":"product_cat-schnellreparaturset","9":"product_tag-industrie-de","10":"product_tag-metall","11":"product_tag-reparatur","13":"first","14":"instock","15":"taxable","16":"shipping-taxable","17":"purchasable","18":"product-type-variable"},"_links":{"self":[{"href":"https:\/\/www.finres-sa.com\/de\/wp-json\/wp\/v2\/product\/19249","targetHints":{"allow":["GET"]}}],"collection":[{"href":"https:\/\/www.finres-sa.com\/de\/wp-json\/wp\/v2\/product"}],"about":[{"href":"https:\/\/www.finres-sa.com\/de\/wp-json\/wp\/v2\/types\/product"}],"version-history":[{"count":1,"href":"https:\/\/www.finres-sa.com\/de\/wp-json\/wp\/v2\/product\/19249\/revisions"}],"predecessor-version":[{"id":37314,"href":"https:\/\/www.finres-sa.com\/de\/wp-json\/wp\/v2\/product\/19249\/revisions\/37314"}],"wp:featuredmedia":[{"embeddable":true,"href":"https:\/\/www.finres-sa.com\/de\/wp-json\/wp\/v2\/media\/19250"}],"wp:attachment":[{"href":"https:\/\/www.finres-sa.com\/de\/wp-json\/wp\/v2\/media?parent=19249"}],"wp:term":[{"taxonomy":"product_brand","embeddable":true,"href":"https:\/\/www.finres-sa.com\/de\/wp-json\/wp\/v2\/product_brand?post=19249"},{"taxonomy":"product_cat","embeddable":true,"href":"https:\/\/www.finres-sa.com\/de\/wp-json\/wp\/v2\/product_cat?post=19249"},{"taxonomy":"product_tag","embeddable":true,"href":"https:\/\/www.finres-sa.com\/de\/wp-json\/wp\/v2\/product_tag?post=19249"}],"curies":[{"name":"wp","href":"https:\/\/api.w.org\/{rel}","templated":true}]}}