{"id":19260,"date":"2023-06-26T18:17:10","date_gmt":"2023-06-26T16:17:10","guid":{"rendered":"https:\/\/www.finres-sa.com\/product\/108-rohrreparaturband\/"},"modified":"2026-03-16T16:36:36","modified_gmt":"2026-03-16T15:36:36","slug":"108-rohrreparaturband","status":"publish","type":"product","link":"https:\/\/www.finres-sa.com\/de\/produkt\/108-rohrreparaturband\/","title":{"rendered":"RESIMAC 108 \u2013 Rohrreparaturband"},"content":{"rendered":"\t\t<div data-elementor-type=\"product-post\" data-elementor-id=\"19260\" class=\"elementor elementor-19260 elementor-5710\" data-elementor-post-type=\"product\">\n\t\t\t\t<div class=\"elementor-element elementor-element-3a0624c7 e-flex e-con-boxed e-con e-parent\" data-id=\"3a0624c7\" data-element_type=\"container\" data-e-type=\"container\" data-settings=\"{&quot;jet_parallax_layout_list&quot;:[]}\">\n\t\t\t\t\t<div class=\"e-con-inner\">\n\t\t\t\t<div class=\"elementor-element elementor-element-508d1f9d elementor-widget elementor-widget-text-editor\" data-id=\"508d1f9d\" data-element_type=\"widget\" data-e-type=\"widget\" data-widget_type=\"text-editor.default\">\n\t\t\t\t<div class=\"elementor-widget-container\">\n\t\t\t\t\t\t\t\t\t<p>Resimetal 108 Rohrreparaturband ist ein schnell h\u00e4rtendes, feuchtigkeitsaktiviertes Hochleistungsreparaturband, das speziell f\u00fcr die Reparatur von undichten Rohren entwickelt wurde und durch Eintauchen in Wasser aktiviert wird.<\/p><p>&#8211; Auf von Hand vorbereitete oder mechanisch gereinigte Fl\u00e4chen auftragen.<\/p><p>&#8211; Schnelle Aush\u00e4rtung &#8211; vollst\u00e4ndig ausgeh\u00e4rtet in 30 Minuten.<\/p><p>&#8211; Druckfestigkeit von 72.5psi bis 218psi<\/p><p>VOR DER DURCHF\u00dcHRUNG VON ARBEITEN MUSS DER DRUCK AUS DEM ROHR ABGELASSEN WERDEN.<\/p>\t\t\t\t\t\t\t\t<\/div>\n\t\t\t\t<\/div>\n\t\t\t\t\t<\/div>\n\t\t\t\t<\/div>\n\t\t<div class=\"elementor-element elementor-element-385cc92 e-flex e-con-boxed e-con e-parent\" data-id=\"385cc92\" data-element_type=\"container\" data-e-type=\"container\" data-settings=\"{&quot;jet_parallax_layout_list&quot;:[],&quot;background_background&quot;:&quot;classic&quot;}\">\n\t\t\t\t\t<div class=\"e-con-inner\">\n\t\t<div class=\"elementor-element elementor-element-635f44c e-grid e-con-boxed e-con e-child\" data-id=\"635f44c\" data-element_type=\"container\" data-e-type=\"container\" data-settings=\"{&quot;jet_parallax_layout_list&quot;:[]}\">\n\t\t\t\t\t<div class=\"e-con-inner\">\n\t\t\t\t<div class=\"elementor-element elementor-element-bd3749c elementor-widget elementor-widget-heading\" data-id=\"bd3749c\" data-element_type=\"widget\" data-e-type=\"widget\" data-widget_type=\"heading.default\">\n\t\t\t\t<div class=\"elementor-widget-container\">\n\t\t\t\t\t<h2 class=\"elementor-heading-title elementor-size-xl\">Aush\u00e4rtezeit<\/h2>\t\t\t\t<\/div>\n\t\t\t\t<\/div>\n\t\t\t\t<div class=\"elementor-element elementor-element-5902610 elementor-widget elementor-widget-heading\" data-id=\"5902610\" data-element_type=\"widget\" data-e-type=\"widget\" data-widget_type=\"heading.default\">\n\t\t\t\t<div class=\"elementor-widget-container\">\n\t\t\t\t\t<h2 class=\"elementor-heading-title elementor-size-xl\">Recovery-Zeit<\/h2>\t\t\t\t<\/div>\n\t\t\t\t<\/div>\n\t\t\t\t\t<\/div>\n\t\t\t\t<\/div>\n\t\t<div class=\"elementor-element elementor-element-0b794fd e-grid e-con-boxed e-con e-child\" data-id=\"0b794fd\" data-element_type=\"container\" data-e-type=\"container\" data-settings=\"{&quot;jet_parallax_layout_list&quot;:[]}\">\n\t\t\t\t\t<div class=\"e-con-inner\">\n\t\t\t\t<div class=\"elementor-element elementor-element-b9c343d elementor-widget elementor-widget-text-editor\" data-id=\"b9c343d\" data-element_type=\"widget\" data-e-type=\"widget\" data-widget_type=\"text-editor.default\">\n\t\t\t\t<div class=\"elementor-widget-container\">\n\t\t\t\t\t\t\t\t\t<p>Bei 20\u00b0C (68F\u00b0) sollten Sie die aufgetragenen Materialien f\u00fcr die unten angegebenen Zeiten aush\u00e4rten lassen, bevor Sie sie den angegebenen Bedingungen aussetzen.<\/p><p>Bedingungen. Diese Zeiten werden bei niedrigeren Temperaturen verl\u00e4ngert und bei h\u00f6heren Temperaturen verk\u00fcrzt: <\/p><p>Nutzbare Lebensdauer 3 Min.<\/p><p>Vollst\u00e4ndige Aush\u00e4rtung 30 Minuten<\/p>\t\t\t\t\t\t\t\t<\/div>\n\t\t\t\t<\/div>\n\t\t\t\t<div class=\"elementor-element elementor-element-f099728 elementor-widget elementor-widget-text-editor\" data-id=\"f099728\" data-element_type=\"widget\" data-e-type=\"widget\" data-widget_type=\"text-editor.default\">\n\t\t\t\t<div class=\"elementor-widget-container\">\n\t\t\t\t\t\t\t\t\t<p>Minimum &#8211; das aufgetragene Material kann bedeckt werden, sobald es sich trocken anf\u00fchlt.<\/p><p>Maximum &#8211; die \u00dcberstreichbarkeit darf 1 Stunde nicht \u00fcberschreiten.<\/p><p>Wenn die maximale Bedeckungszeit \u00fcberschritten ist, m\u00fcssen Sie das Material aush\u00e4rten lassen, bevor Sie es abschleifen, um Verunreinigungen von der Oberfl\u00e4che zu entfernen.<\/p><p>um Verunreinigungen von der Oberfl\u00e4che zu entfernen.<\/p>\t\t\t\t\t\t\t\t<\/div>\n\t\t\t\t<\/div>\n\t\t\t\t\t<\/div>\n\t\t\t\t<\/div>\n\t\t\t\t\t<\/div>\n\t\t\t\t<\/div>\n\t\t<div class=\"elementor-element elementor-element-026c33a e-flex e-con-boxed e-con e-parent\" data-id=\"026c33a\" data-element_type=\"container\" data-e-type=\"container\" data-settings=\"{&quot;jet_parallax_layout_list&quot;:[],&quot;background_background&quot;:&quot;classic&quot;}\">\n\t\t\t\t\t<div class=\"e-con-inner\">\n\t\t<div class=\"elementor-element elementor-element-3f4f223 e-grid e-con-boxed e-con e-child\" data-id=\"3f4f223\" data-element_type=\"container\" data-e-type=\"container\" data-settings=\"{&quot;jet_parallax_layout_list&quot;:[]}\">\n\t\t\t\t\t<div class=\"e-con-inner\">\n\t\t\t\t<div class=\"elementor-element elementor-element-476d42f elementor-widget elementor-widget-heading\" data-id=\"476d42f\" data-element_type=\"widget\" data-e-type=\"widget\" data-widget_type=\"heading.default\">\n\t\t\t\t<div class=\"elementor-widget-container\">\n\t\t\t\t\t<h2 class=\"elementor-heading-title elementor-size-xl\">Farbe<\/h2>\t\t\t\t<\/div>\n\t\t\t\t<\/div>\n\t\t\t\t<div class=\"elementor-element elementor-element-32f2a29 elementor-widget elementor-widget-heading\" data-id=\"32f2a29\" data-element_type=\"widget\" data-e-type=\"widget\" data-widget_type=\"heading.default\">\n\t\t\t\t<div class=\"elementor-widget-container\">\n\t\t\t\t\t<h2 class=\"elementor-heading-title elementor-size-xl\">Haltbarkeitsdauer<\/h2>\t\t\t\t<\/div>\n\t\t\t\t<\/div>\n\t\t\t\t\t<\/div>\n\t\t\t\t<\/div>\n\t\t<div class=\"elementor-element elementor-element-9703d5c e-grid e-con-boxed e-con e-child\" data-id=\"9703d5c\" data-element_type=\"container\" data-e-type=\"container\" data-settings=\"{&quot;jet_parallax_layout_list&quot;:[]}\">\n\t\t\t\t\t<div class=\"e-con-inner\">\n\t\t\t\t<div class=\"elementor-element elementor-element-1846cd7 elementor-widget elementor-widget-text-editor\" data-id=\"1846cd7\" data-element_type=\"widget\" data-e-type=\"widget\" data-widget_type=\"text-editor.default\">\n\t\t\t\t<div class=\"elementor-widget-container\">\n\t\t\t\t\t\t\t\t\t<p>Gemischtes Material &#8211; Wei\u00df<\/p>\t\t\t\t\t\t\t\t<\/div>\n\t\t\t\t<\/div>\n\t\t\t\t<div class=\"elementor-element elementor-element-4041279 elementor-widget elementor-widget-text-editor\" data-id=\"4041279\" data-element_type=\"widget\" data-e-type=\"widget\" data-widget_type=\"text-editor.default\">\n\t\t\t\t<div class=\"elementor-widget-container\">\n\t\t\t\t\t\t\t\t\t<p>1 Jahr, wenn das Produkt unge\u00f6ffnet ist und unter normalen trockenen Bedingungen (15-30\u00b0C) gelagert wird.<\/p>\t\t\t\t\t\t\t\t<\/div>\n\t\t\t\t<\/div>\n\t\t\t\t\t<\/div>\n\t\t\t\t<\/div>\n\t\t\t\t\t<\/div>\n\t\t\t\t<\/div>\n\t\t<div class=\"elementor-element elementor-element-79aaa11 e-flex e-con-boxed e-con e-parent\" data-id=\"79aaa11\" data-element_type=\"container\" data-e-type=\"container\" data-settings=\"{&quot;jet_parallax_layout_list&quot;:[],&quot;background_background&quot;:&quot;classic&quot;}\">\n\t\t\t\t\t<div class=\"e-con-inner\">\n\t\t\t\t<div class=\"elementor-element elementor-element-25fe05d elementor-widget elementor-widget-heading\" data-id=\"25fe05d\" data-element_type=\"widget\" data-e-type=\"widget\" data-widget_type=\"heading.default\">\n\t\t\t\t<div class=\"elementor-widget-container\">\n\t\t\t\t\t<h2 class=\"elementor-heading-title elementor-size-xl\">Datenblatt und Spezifikationen<\/h2>\t\t\t\t<\/div>\n\t\t\t\t<\/div>\n\t\t\t\t<div class=\"elementor-element elementor-element-3ce38ec elementor-widget elementor-widget-text-editor\" data-id=\"3ce38ec\" data-element_type=\"widget\" data-e-type=\"widget\" data-widget_type=\"text-editor.default\">\n\t\t\t\t<div class=\"elementor-widget-container\">\n\t\t\t\t\t\t\t\t\t<p><a href=\"https:\/\/www.resimacsolutions.com\/uploads\/4\/5\/0\/7\/45072315\/108_pipereptape_tds.rv3.08052019.pdf\" target=\"_blank\" rel=\"noopener\">https:\/\/www.resimacsolutions.com\/uploads\/4\/5\/0\/7\/45072315\/108_pipereptape_tds.rv3.08052019.pdf<\/a><\/p><p><a href=\"https:\/\/www.resimacsolutions.com\/uploads\/4\/5\/0\/7\/45072315\/108_ps.rv4.14082020.pdf\" target=\"_blank\" rel=\"noopener\">https:\/\/www.resimacsolutions.com\/uploads\/4\/5\/0\/7\/45072315\/108_ps.rv4.14082020.pdf<\/a><\/p>\t\t\t\t\t\t\t\t<\/div>\n\t\t\t\t<\/div>\n\t\t\t\t\t<\/div>\n\t\t\t\t<\/div>\n\t\t\t\t<\/div>\n\t\t","protected":false},"excerpt":{"rendered":"<p>Hochleistungs- und schnellh\u00e4rtendes, feuchtigkeitsaktiviertes Reparaturband, speziell entwickelt zur Reparatur von Rohrlecks.<br \/>\nDas Rohrreparaturband 108 ist ideal f\u00fcr Systeme mit einem Betriebsdruck von bis zu 218 psi und einer maximalen Betriebstemperatur von 120 \u00b0C.<br \/>\nDas Band besteht aus einem gewebten Polyestergewebe, das mit einem wasseraktivierten Polyurethanharz impr\u00e4gniert ist. Das Rohrreparaturband kann auf undichte Rohre aufgetragen werden und ist innerhalb von 30 Minuten vollst\u00e4ndig ausgeh\u00e4rtet. <\/p>\n","protected":false},"featured_media":19261,"template":"","meta":[],"product_brand":[],"product_cat":[964,1665,1127],"product_tag":[1130,1131,967],"class_list":{"0":"post-19260","1":"product","2":"type-product","3":"status-publish","4":"has-post-thumbnail","6":"product_cat-epoxy-de","7":"product_cat-schnelles-reparatur-und-beschichtungsset","8":"product_cat-schnellreparaturset","9":"product_tag-industrie-de","10":"product_tag-metall","11":"product_tag-reparatur","13":"first","14":"instock","15":"taxable","16":"shipping-taxable","17":"purchasable","18":"product-type-variable"},"_links":{"self":[{"href":"https:\/\/www.finres-sa.com\/de\/wp-json\/wp\/v2\/product\/19260","targetHints":{"allow":["GET"]}}],"collection":[{"href":"https:\/\/www.finres-sa.com\/de\/wp-json\/wp\/v2\/product"}],"about":[{"href":"https:\/\/www.finres-sa.com\/de\/wp-json\/wp\/v2\/types\/product"}],"version-history":[{"count":1,"href":"https:\/\/www.finres-sa.com\/de\/wp-json\/wp\/v2\/product\/19260\/revisions"}],"predecessor-version":[{"id":37309,"href":"https:\/\/www.finres-sa.com\/de\/wp-json\/wp\/v2\/product\/19260\/revisions\/37309"}],"wp:featuredmedia":[{"embeddable":true,"href":"https:\/\/www.finres-sa.com\/de\/wp-json\/wp\/v2\/media\/19261"}],"wp:attachment":[{"href":"https:\/\/www.finres-sa.com\/de\/wp-json\/wp\/v2\/media?parent=19260"}],"wp:term":[{"taxonomy":"product_brand","embeddable":true,"href":"https:\/\/www.finres-sa.com\/de\/wp-json\/wp\/v2\/product_brand?post=19260"},{"taxonomy":"product_cat","embeddable":true,"href":"https:\/\/www.finres-sa.com\/de\/wp-json\/wp\/v2\/product_cat?post=19260"},{"taxonomy":"product_tag","embeddable":true,"href":"https:\/\/www.finres-sa.com\/de\/wp-json\/wp\/v2\/product_tag?post=19260"}],"curies":[{"name":"wp","href":"https:\/\/api.w.org\/{rel}","templated":true}]}}