{"id":19268,"date":"2023-06-26T18:16:48","date_gmt":"2023-06-26T16:16:48","guid":{"rendered":"https:\/\/www.finres-sa.com\/product\/103-stick-metal-repair-kit\/"},"modified":"2025-12-12T09:43:51","modified_gmt":"2025-12-12T08:43:51","slug":"103-stick-metal-repair-kit","status":"publish","type":"product","link":"https:\/\/www.finres-sa.com\/de\/produkt\/103-stick-metal-repair-kit\/","title":{"rendered":"RESIMAC 103 &#8211; Metallreparatur-Stick (KIT)"},"content":{"rendered":"<p><strong>103 Metallreparatur-Stick<\/strong><\/p>\n<p>Ein einkomponentiger Reparaturkitt in Stickform, der nach dem Mischen bei Raumtemperatur schnell aush\u00e4rtet. Es ist ein Metallreparaturklebstoff, der in kurzer Zeit eine hohe mechanische Festigkeit entwickelt und f\u00fcr Notfallreparaturen verwendet werden kann. <\/p>\n<p>&nbsp;<\/p>\n<ul>\n<li style=\"list-style-type: none;\">\n<ul>\n<li>Undichte Rohre<\/li>\n<\/ul>\n<\/li>\n<\/ul>\n<p>&nbsp;<\/p>\n<ul>\n<li style=\"list-style-type: none;\">\n<ul>\n<li>Pumpengeh\u00e4use\/Ventil durchl\u00f6chert<\/li>\n<\/ul>\n<\/li>\n<\/ul>\n<p>&nbsp;<\/p>\n<ul>\n<li style=\"list-style-type: none;\">\n<ul>\n<li>Undichte Tankn\u00e4hte<\/li>\n<\/ul>\n<\/li>\n<\/ul>\n<p>&nbsp;<\/p>\n<ul>\n<li style=\"list-style-type: none;\">\n<ul>\n<li>Rohrflansche<\/li>\n<\/ul>\n<\/li>\n<\/ul>\n<p>&nbsp;<\/p>\n<p>&nbsp;<\/p>\n<h4><strong>Vorbereitung der Oberfl\u00e4chen<\/strong><\/h4>\n<p>Metallsubstrate &#8211; Handwerkzeuge<\/p>\n<p>1. S\u00e4mtliches \u00d6l und Fett muss mit einem geeigneten Reiniger wie MEK von der Oberfl\u00e4che entfernt werden.<\/p>\n<p>2. Alle Oberfl\u00e4chen m\u00fcssen mit einer Drahtb\u00fcrste, Metallfeile, grobem Schleifpapier usw. gereinigt werden.<\/p>\n<p>3. Nach dem Schleifen muss die Oberfl\u00e4che mit MEK oder einem \u00e4hnlichen Produkt entfettet und gereinigt werden.<\/p>\n<p>Metallsubstrate &#8211; Mechanische Werkzeuge<\/p>\n<p>1. S\u00e4mtliches \u00d6l und Fett muss mit einem geeigneten Reiniger wie MEK von der Oberfl\u00e4che entfernt werden.<\/p>\n<p>2. Alle Oberfl\u00e4chen m\u00fcssen mechanisch mit Handschleifern gem\u00e4\u00df ISO 8501\/4 ST3 (SSPC SP3 ST3) geschliffen werden.<\/p>\n<p>3. Nach dem Schleifen muss die Oberfl\u00e4che mit MEK oder einem \u00e4hnlichen Produkt entfettet und gereinigt werden.<\/p>\n<p>4. Alle Oberfl\u00e4chen m\u00fcssen beschichtet werden, bevor Rost oder Oxidation auftreten.<\/p>\n<h4><strong>Mischen und Auftragen<\/strong><\/h4>\n<p>Vor dem Mischen stellen Sie bitte Folgendes sicher:<\/p>\n<p>1. Die Umgebungs- und Oberfl\u00e4chentemperatur ist h\u00f6her als 5\u00b0C (41F\u00b0).<\/p>\n<p>2. Das Produkt wird in Form von St\u00e4bchen geliefert und die Bestandteile der Basis und des Aktivators werden daher vorab gemessen.<\/p>\n<p>3. Einfach die ben\u00f6tigte Materialmenge vom Stick abbrechen und das Produkt mit behandschuhten H\u00e4nden kneten, bis die schwarzen und grauen Komponenten eine mittlere Konsistenz annehmen.<\/p>\n<p>bis die schwarzen und grauen Komponenten ein gleichm\u00e4\u00dfiges Mittelgrau annehmen.<\/p>\n<p>4. Das Produkt hat, sobald es vollst\u00e4ndig gemischt ist, eine Verarbeitungszeit von 3 bis 5 Minuten bei 20\u00b0C (68F\u00b0).<\/p>\n<p>5. Sobald eine homogene Mischung erreicht ist, das Material durch Andr\u00fccken des Kitts auf die vorbereitete Oberfl\u00e4che auftragen.<\/p>\n<h4><strong>Trockenzeit<\/strong><\/h4>\n<p>Bei 20\u00b0C (68F\u00b0) die aufgetragenen Materialien f\u00fcr die unten angegebenen Zeiten aush\u00e4rten lassen, bevor sie den angegebenen Bedingungen ausgesetzt werden.<\/p>\n<p>Diese Zeiten werden bei niedrigeren Temperaturen verl\u00e4ngert und bei h\u00f6heren Temperaturen verk\u00fcrzt:<\/p>\n<p>&#8211; Verarbeitungszeit 5 Min.<\/p>\n<p>&#8211; Bearbeitung und leichte Belastung 30 Min.<\/p>\n<p>&#8211; Vollst\u00e4ndige Aush\u00e4rtung 1 Stunde<\/p>\n<h4><strong>Farbe<\/strong><\/h4>\n<p>Gemischtes Material &#8211; Mittelgrau<\/p>\n<p>Basiskomponente &#8211; Dunkelgrau<\/p>\n<p>Aktivator-Komponente \u2013 Hellgrau<\/p>\n<h4><strong>Erhaltung<\/strong><\/h4>\n<p>5 Jahre bei unge\u00f6ffnetem Produkt und Lagerung unter normalen trockenen Bedingungen (15-30\u00b0C)<\/p>\n<h4><strong>Technisches Datenblatt<\/strong><\/h4>\n<p><a href=\"https:\/\/www.resimacsolutions.com\/uploads\/4\/5\/0\/7\/45072315\/103_metstick_tds.rv3.08052019.pdf\" target=\"_blank\" rel=\"noopener\">https:\/\/www.resimacsolutions.com\/uploads\/4\/5\/0\/7\/45072315\/103_metstick_tds.rv3.08052019.pdf<\/a><\/p>\n<h4><strong>Produktspezifikationen<\/strong><\/h4>\n<p><a href=\"https:\/\/www.resimacsolutions.com\/uploads\/4\/5\/0\/7\/45072315\/103_ps.rv3.13052019.pdf\" target=\"_blank\" rel=\"noopener\">https:\/\/www.resimacsolutions.com\/uploads\/4\/5\/0\/7\/45072315\/103_ps.rv3.13052019.pdf<\/a><\/p>\n<h4><strong>Leitfaden f\u00fcr die Anwendung<\/strong><\/h4>\n<p>https:\/\/www.resimacsolutions.com\/uploads\/4\/5\/0\/7\/45072315\/103_qag.rv2.10052019.pdf<\/p>\n","protected":false},"excerpt":{"rendered":"<p>Resimetal 103 Metallreparatur-Stick ist ein zweikomponentiges Reparaturmaterial in Stickform, das nach dem Mischen bei Raumtemperatur schnell aush\u00e4rtet.<br \/>\nEs ist ein Metallreparaturklebstoff, der in kurzer Zeit eine hohe mechanische Festigkeit entwickelt.<br \/>\n&#8211; Anwendung auf handvorbereiteten oder mechanisch gereinigten Oberfl\u00e4chen.<br \/>\n&#8211; Schnelle Aush\u00e4rtung &#8211; (trocken in 30 Min.).<\/p>\n","protected":false},"featured_media":19269,"template":"","meta":[],"product_brand":[],"product_cat":[964,1665,1127],"product_tag":[1130,1131,967],"class_list":{"0":"post-19268","1":"product","2":"type-product","3":"status-publish","4":"has-post-thumbnail","6":"product_cat-epoxy-de","7":"product_cat-schnelles-reparatur-und-beschichtungsset","8":"product_cat-schnellreparaturset","9":"product_tag-industrie-de","10":"product_tag-metall","11":"product_tag-reparatur","13":"first","14":"instock","15":"taxable","16":"shipping-taxable","17":"purchasable","18":"product-type-variable"},"_links":{"self":[{"href":"https:\/\/www.finres-sa.com\/de\/wp-json\/wp\/v2\/product\/19268","targetHints":{"allow":["GET"]}}],"collection":[{"href":"https:\/\/www.finres-sa.com\/de\/wp-json\/wp\/v2\/product"}],"about":[{"href":"https:\/\/www.finres-sa.com\/de\/wp-json\/wp\/v2\/types\/product"}],"version-history":[{"count":0,"href":"https:\/\/www.finres-sa.com\/de\/wp-json\/wp\/v2\/product\/19268\/revisions"}],"wp:featuredmedia":[{"embeddable":true,"href":"https:\/\/www.finres-sa.com\/de\/wp-json\/wp\/v2\/media\/19269"}],"wp:attachment":[{"href":"https:\/\/www.finres-sa.com\/de\/wp-json\/wp\/v2\/media?parent=19268"}],"wp:term":[{"taxonomy":"product_brand","embeddable":true,"href":"https:\/\/www.finres-sa.com\/de\/wp-json\/wp\/v2\/product_brand?post=19268"},{"taxonomy":"product_cat","embeddable":true,"href":"https:\/\/www.finres-sa.com\/de\/wp-json\/wp\/v2\/product_cat?post=19268"},{"taxonomy":"product_tag","embeddable":true,"href":"https:\/\/www.finres-sa.com\/de\/wp-json\/wp\/v2\/product_tag?post=19268"}],"curies":[{"name":"wp","href":"https:\/\/api.w.org\/{rel}","templated":true}]}}