{"id":19741,"date":"2024-10-24T09:32:19","date_gmt":"2024-10-24T07:32:19","guid":{"rendered":"https:\/\/www.finres-sa.com\/product\/rtv-silikon-zum-giessen-feingosil-120\/"},"modified":"2026-04-15T11:39:03","modified_gmt":"2026-04-15T09:39:03","slug":"rtv-silikon-zum-giessen-feingosil-120","status":"publish","type":"product","link":"https:\/\/www.finres-sa.com\/de\/produkt\/rtv-silikon-zum-giessen-feingosil-120\/","title":{"rendered":"RTV2-Formsilikon Shore A 20 \u2013 Silikon f\u00fcr Formen aus Harz, Gips, Wachs \u2013 FEINGOSIL 120 \u2013 2 Komponenten"},"content":{"rendered":"\t\t<div data-elementor-type=\"product-post\" data-elementor-id=\"19741\" class=\"elementor elementor-19741 elementor-19580\" data-elementor-post-type=\"product\">\n\t\t\t\t<div class=\"elementor-element elementor-element-2f0229e e-flex e-con-boxed e-con e-parent\" data-id=\"2f0229e\" data-element_type=\"container\" data-e-type=\"container\" data-settings=\"{&quot;jet_parallax_layout_list&quot;:[]}\">\n\t\t\t\t\t<div class=\"e-con-inner\">\n\t\t\t\t<div class=\"elementor-element elementor-element-6791b06 elementor-widget elementor-widget-text-editor\" data-id=\"6791b06\" data-element_type=\"widget\" data-e-type=\"widget\" data-widget_type=\"text-editor.default\">\n\t\t\t\t<div class=\"elementor-widget-container\">\n\t\t\t\t\t\t\t\t\t<p data-pm-slice=\"1 1 []\">FEINGOSIL 120 ist ein zweikomponentiger RTV-2-Silikonkautschuk, der durch Kondensation vernetzt. Dieses Gie\u00dfsilikon wurde f\u00fcr die Herstellung flexibler und pr\u00e4ziser Formen entwickelt, die in der Lage sind, die Form und Oberfl\u00e4che der zu reproduzierenden Teile originalgetreu wiederzugeben. <\/p><p>Einfach in der Anwendung, eignet es sich sowohl f\u00fcr Profis als auch f\u00fcr Heimwerker und Prototypenbauer. Die Verarbeitung ist einfach und erm\u00f6glicht die schnelle Herstellung zuverl\u00e4ssiger und pr\u00e4ziser Formen. <\/p><p>Dank seiner sehr guten Rei\u00dffestigkeit erm\u00f6glicht dieses Silikon die Herstellung langlebiger Formen, die f\u00fcr das Gie\u00dfen einer Vielzahl von Gie\u00dfmaterialien geeignet sind.<\/p><p>Es wird besonders von Anwendern gesch\u00e4tzt, die ein leistungsstarkes Silikon f\u00fcr die Herstellung von Formen f\u00fcr Objekte mit geringen Hinterschneidungen suchen.<\/p><p>Eine Form kann mehrfach verwendet werden, um identische Abg\u00fcsse zu produzieren. Dieses Silikon eignet sich insbesondere f\u00fcr die Reproduktion von technischen Teilen, detaillierten Artikeln oder dekorativen Elementen, einschlie\u00dflich bestimmter Glasteile. <\/p>\t\t\t\t\t\t\t\t<\/div>\n\t\t\t\t<\/div>\n\t\t\t\t\t<\/div>\n\t\t\t\t<\/div>\n\t\t<div class=\"elementor-element elementor-element-ecc0255 e-flex e-con-boxed e-con e-parent\" data-id=\"ecc0255\" data-element_type=\"container\" data-e-type=\"container\" data-settings=\"{&quot;jet_parallax_layout_list&quot;:[],&quot;background_background&quot;:&quot;classic&quot;}\">\n\t\t\t\t\t<div class=\"e-con-inner\">\n\t\t<div class=\"elementor-element elementor-element-a9e78b9 e-grid e-con-boxed e-con e-child\" data-id=\"a9e78b9\" data-element_type=\"container\" data-e-type=\"container\" data-settings=\"{&quot;jet_parallax_layout_list&quot;:[]}\">\n\t\t\t\t\t<div class=\"e-con-inner\">\n\t\t<div class=\"elementor-element elementor-element-f76ad45 e-con-full e-flex e-con e-child\" data-id=\"f76ad45\" data-element_type=\"container\" data-e-type=\"container\" data-settings=\"{&quot;jet_parallax_layout_list&quot;:[],&quot;background_background&quot;:&quot;classic&quot;}\">\n\t\t\t\t<div class=\"elementor-element elementor-element-88dd57c elementor-widget elementor-widget-heading\" data-id=\"88dd57c\" data-element_type=\"widget\" data-e-type=\"widget\" data-widget_type=\"heading.default\">\n\t\t\t\t<div class=\"elementor-widget-container\">\n\t\t\t\t\t<h2 class=\"elementor-heading-title elementor-size-large\">Anwendungsbereiche<\/h2>\t\t\t\t<\/div>\n\t\t\t\t<\/div>\n\t\t\t\t<div class=\"elementor-element elementor-element-a3042fb elementor-widget elementor-widget-text-editor\" data-id=\"a3042fb\" data-element_type=\"widget\" data-e-type=\"widget\" data-widget_type=\"text-editor.default\">\n\t\t\t\t<div class=\"elementor-widget-container\">\n\t\t\t\t\t\t\t\t\t<ul data-pm-slice=\"3 1 []\"><li><p>Silikonformen f\u00fcr Epoxid- und Polyurethanharz<\/p><\/li><li><p>Herstellung von Formen f\u00fcr Gips, Wachs oder andere Materialien<\/p><\/li><li><p>Abformen von Dekorationsgegenst\u00e4nden oder technischen Teilen<\/p><\/li><li><p>Kreative Projekte und Heimwerken<\/p><\/li><li><p>Silikonkleber zum Reparieren oder Zusammenf\u00fcgen von Silikonformen<\/p><\/li><\/ul><h2> <\/h2>\t\t\t\t\t\t\t\t<\/div>\n\t\t\t\t<\/div>\n\t\t\t\t<\/div>\n\t\t<div class=\"elementor-element elementor-element-1d1a28e e-con-full e-flex e-con e-child\" data-id=\"1d1a28e\" data-element_type=\"container\" data-e-type=\"container\" data-settings=\"{&quot;jet_parallax_layout_list&quot;:[],&quot;background_background&quot;:&quot;classic&quot;}\">\n\t\t\t\t<div class=\"elementor-element elementor-element-bbb30d8 elementor-widget elementor-widget-heading\" data-id=\"bbb30d8\" data-element_type=\"widget\" data-e-type=\"widget\" data-widget_type=\"heading.default\">\n\t\t\t\t<div class=\"elementor-widget-container\">\n\t\t\t\t\t<h2 class=\"elementor-heading-title elementor-size-large\">Produktvorteile<\/h2>\t\t\t\t<\/div>\n\t\t\t\t<\/div>\n\t\t\t\t<div class=\"elementor-element elementor-element-db3571a elementor-widget elementor-widget-text-editor\" data-id=\"db3571a\" data-element_type=\"widget\" data-e-type=\"widget\" data-widget_type=\"text-editor.default\">\n\t\t\t\t<div class=\"elementor-widget-container\">\n\t\t\t\t\t\t\t\t\t<ul data-pm-slice=\"3 3 []\"><li><p>Einfache Anwendung und schnelle Verarbeitung<\/p><\/li><li><p>Pr\u00e4zise Detailwiedergabe<\/p><\/li><li><p>Drei Verarbeitungszeiten verf\u00fcgbar<\/p><\/li><li><p>Ausgezeichnete Rei\u00dffestigkeit<\/p><\/li><li><p>Ausgezeichnete Eigenhaftung<\/p><\/li><li><p>Kompatibel mit vielen Gie\u00dfmaterialien<\/p><\/li><li><p>Kompatibel mit <a href=\"https:\/\/www.finres-sa.com\/de\/produkt\/ton-225\/\">Ton<\/a> und <a href=\"https:\/\/www.finres-sa.com\/de\/produkt\/professionelles-plastilin-nicht-aushaertende-praezisions-modelliermasse-fuer-skulpturen-formenbau-und-prototypen\/\">Plastilin<\/a><\/p><\/li><li><p>Sichere Verpackung<\/p><\/li><\/ul>\t\t\t\t\t\t\t\t<\/div>\n\t\t\t\t<\/div>\n\t\t\t\t<\/div>\n\t\t\t\t\t<\/div>\n\t\t\t\t<\/div>\n\t\t\t\t\t<\/div>\n\t\t\t\t<\/div>\n\t\t<div class=\"elementor-element elementor-element-bdb078e e-flex e-con-boxed e-con e-parent\" data-id=\"bdb078e\" data-element_type=\"container\" data-e-type=\"container\" data-settings=\"{&quot;jet_parallax_layout_list&quot;:[],&quot;background_background&quot;:&quot;classic&quot;}\">\n\t\t\t\t\t<div class=\"e-con-inner\">\n\t\t<div class=\"elementor-element elementor-element-76a2fae e-grid e-con-boxed e-con e-child\" data-id=\"76a2fae\" data-element_type=\"container\" data-e-type=\"container\" data-settings=\"{&quot;jet_parallax_layout_list&quot;:[]}\">\n\t\t\t\t\t<div class=\"e-con-inner\">\n\t\t\t\t<div class=\"elementor-element elementor-element-c8f6220 elementor-widget elementor-widget-heading\" data-id=\"c8f6220\" data-element_type=\"widget\" data-e-type=\"widget\" data-widget_type=\"heading.default\">\n\t\t\t\t<div class=\"elementor-widget-container\">\n\t\t\t\t\t<h2 class=\"elementor-heading-title elementor-size-large\">Anwendung und Verarbeitung<\/h2>\t\t\t\t<\/div>\n\t\t\t\t<\/div>\n\t\t\t\t\t<\/div>\n\t\t\t\t<\/div>\n\t\t<div class=\"elementor-element elementor-element-083ceec e-grid e-con-boxed e-con e-child\" data-id=\"083ceec\" data-element_type=\"container\" data-e-type=\"container\" data-settings=\"{&quot;jet_parallax_layout_list&quot;:[]}\">\n\t\t\t\t\t<div class=\"e-con-inner\">\n\t\t\t\t<div class=\"elementor-element elementor-element-fe3c94a elementor-widget elementor-widget-text-editor\" data-id=\"fe3c94a\" data-element_type=\"widget\" data-e-type=\"widget\" data-widget_type=\"text-editor.default\">\n\t\t\t\t<div class=\"elementor-widget-container\">\n\t\t\t\t\t\t\t\t\t<p data-pm-slice=\"1 1 []\"><strong>1.Vorbereitung der Oberfl\u00e4che<\/strong><\/p><p>Achten Sie immer darauf, ein Trennmittel aufzutragen: eine Schicht <a href=\"https:\/\/www.finres-sa.com\/de\/produkt\/polyurethanlack-g4\/\" target=\"_blank\" rel=\"noopener noreferrer\"><strong>Lack<\/strong><\/a>\/ <strong><a href=\"https:\/\/www.finres-sa.com\/de\/produkt\/acmos-universal-entformungsspray\/\">Trennspray<\/a>\/Vaseline oder Schmierseife<\/strong>, um zu verhindern, dass das Silikon in die Poren eindringt und am Objekt haftet.<\/p><p><strong>2. Schalung<\/strong><\/p><p>Bauen Sie eine Schalung um das Objekt herum, die einen Abstand von 4 bis 10 mm l\u00e4sst, um das Silikon aufzunehmen.<\/p><p>F\u00fcr die Herstellung der Schalung empfehlen wir die Verwendung von <a href=\"https:\/\/www.finres-sa.com\/de\/produkt\/professionelles-plastilin-nicht-aushaertende-praezisions-modelliermasse-fuer-skulpturen-formenbau-und-prototypen\/\">Plastilin<\/a>, Plexiglas, Polycarbonat, PVC oder Schalungsplatten bzw. B\u00e9tonflex-Platten, die h\u00e4ufig im Formenbau eingesetzt werden.<\/p><p>Stellen Sie die perfekte Dichtheit der Schalung sicher, um jegliches Auslaufen zu vermeiden.<\/p><p>Vergessen Sie nicht, die Basis des zu reproduzierenden Objekts zu fixieren, um zu verhindern, dass das Silikon darunter gelangt und das Objekt an die Oberfl\u00e4che schwimmt.<\/p><p><strong>3.Mischen von Silikon + Katalysator<\/strong><\/p><p>Wiegen Sie in einem sauberen und trockenen Beh\u00e4lter die ben\u00f6tigte Menge Silikon ab und f\u00fcgen Sie 5 % Katalysator hinzu<br>(Beispiel: 100 g Silikon + 5 g Katalysator).<\/p><p>Mischen Sie die beiden Komponenten sorgf\u00e4ltig mit einem Spatel, bis eine homogene Farbe erreicht ist.<\/p><p>Bei mechanischem Mischen arbeiten Sie mit niedriger Geschwindigkeit (300 bis 500 U\/min) f\u00fcr 2 bis 3 Minuten und halten Sie den Mischkopf eingetaucht, um die Einarbeitung von Luftblasen zu begrenzen.<\/p><p><strong>4.Gie\u00dfen Sie das Silikon<\/strong><\/p><p>Gie\u00dfen Sie das Silikon in einem d\u00fcnnen Strahl auf den tiefsten Punkt der Form.<\/p><p>Es ist auch m\u00f6glich, eine erste Schicht mit einem Pinsel aufzutragen, um die Details gut abzudecken, und dann den Rest der Form je nach Anwendungsbedarf zu f\u00fcllen.<\/p><p><strong>5. Aush\u00e4rtung<\/strong><\/p><p>Lassen Sie das Silikon bei Raumtemperatur aush\u00e4rten.<\/p><p>Das Entformen kann in der Regel am n\u00e4chsten Tag erfolgen.<\/p><p>Achten Sie darauf, die Schalung w\u00e4hrend dieser Phase nicht zu bewegen, um eine Verformung der Form zu vermeiden.<\/p><p><strong>6.Reinigung<\/strong><\/p><p>Die Reinigung der Werkzeuge kann erfolgen, sobald das Silikon trocken ist.<br>Das ausgeh\u00e4rtete Silikon l\u00e4sst sich in der Regel manuell von den Instrumenten entfernen.<\/p>\t\t\t\t\t\t\t\t<\/div>\n\t\t\t\t<\/div>\n\t\t\t\t\t<\/div>\n\t\t\t\t<\/div>\n\t\t\t\t\t<\/div>\n\t\t\t\t<\/div>\n\t\t<div class=\"elementor-element elementor-element-9b315c2 e-flex e-con-boxed e-con e-parent\" data-id=\"9b315c2\" data-element_type=\"container\" data-e-type=\"container\" data-settings=\"{&quot;jet_parallax_layout_list&quot;:[],&quot;background_background&quot;:&quot;classic&quot;}\">\n\t\t\t\t\t<div class=\"e-con-inner\">\n\t\t<div class=\"elementor-element elementor-element-1dd6dcf e-grid e-con-boxed e-con e-child\" data-id=\"1dd6dcf\" data-element_type=\"container\" data-e-type=\"container\" data-settings=\"{&quot;jet_parallax_layout_list&quot;:[]}\">\n\t\t\t\t\t<div class=\"e-con-inner\">\n\t\t\t\t<div class=\"elementor-element elementor-element-e7d90cc elementor-widget elementor-widget-heading\" data-id=\"e7d90cc\" data-element_type=\"widget\" data-e-type=\"widget\" data-widget_type=\"heading.default\">\n\t\t\t\t<div class=\"elementor-widget-container\">\n\t\t\t\t\t<h2 class=\"elementor-heading-title elementor-size-large\">Technische Eigenschaften<\/h2>\t\t\t\t<\/div>\n\t\t\t\t<\/div>\n\t\t\t\t\t<\/div>\n\t\t\t\t<\/div>\n\t\t<div class=\"elementor-element elementor-element-8dd4c4e e-grid e-con-boxed e-con e-child\" data-id=\"8dd4c4e\" data-element_type=\"container\" data-e-type=\"container\" data-settings=\"{&quot;jet_parallax_layout_list&quot;:[]}\">\n\t\t\t\t\t<div class=\"e-con-inner\">\n\t\t\t\t<div class=\"elementor-element elementor-element-eae5c10 elementor-widget elementor-widget-text-editor\" data-id=\"eae5c10\" data-element_type=\"widget\" data-e-type=\"widget\" data-widget_type=\"text-editor.default\">\n\t\t\t\t<div class=\"elementor-widget-container\">\n\t\t\t\t\t\t\t\t\t<ul data-pm-slice=\"3 5 []\"><li><p><strong>Typ<\/strong>: Kondensationsvernetzendes RTV-2-Abformsilikon<\/p><\/li><li><p><strong>Mischungsverh\u00e4ltnis<\/strong>: 5 % Katalysator (z. B. 100 g Silikon + 5 g Katalysator E)<\/p><\/li><li><p><strong>Aussehen<\/strong>: viskose Fl\u00fcssigkeit<\/p><\/li><li><p><strong>H\u00e4rte (Shore A)<\/strong>: 20<\/p><\/li><li><p><strong>Topfzeit bei 23 \u00b0C<\/strong>:<\/p><ul><li><p>10 min mit Katalysator <strong>Fast<\/strong><\/p><\/li><li><p>30 min mit Katalysator <strong>Standard<\/strong><\/p><\/li><li><p>90 min mit Katalysator <strong>Slow<\/strong><\/p><\/li><\/ul><\/li><li><p><strong>Entformungszeit<\/strong>:<\/p><ul><li><p>2 h mit Katalysator <strong>Fast<\/strong><\/p><\/li><li><p>6 h mit Katalysator <strong>Standard<\/strong><\/p><\/li><li><p>Mindestens 24 h mit Katalysator <strong>Slow<\/strong><\/p><\/li><\/ul><\/li><li><p><strong>Viskosit\u00e4t<\/strong>: 25.000 mPa\u00b7s<\/p><\/li><li><p><strong>Dichte<\/strong>: 1,14 g\/cm\u00b3<\/p><\/li><li><p><strong>Farbe (nicht katalysiert)<\/strong>: wei\u00df<\/p><\/li><li><p><strong>Farbe mit Katalysator Fast\/Standard\/Slow<\/strong>: rot\/violett\/blau<\/p><\/li><li><p><strong>Bruchdehnung<\/strong>: 550 %<\/p><\/li><li><p><strong>Lineare Schrumpfung<\/strong>: &lt; 0,7 %<\/p><\/li><li><p><strong>Lagerung<\/strong>: 12 Monate in der Originalverpackung, zwischen 5 \u00b0C und 25 \u00b0C<\/p><\/li><li><p><strong>Verpackung<\/strong>: Silikon + Katalysator-Sets<\/p><ul><li><p>1 kg + 50 g<\/p><\/li><li><p>5 kg + 250 g<\/p><\/li><li><p>20 kg + 1 kg<\/p><\/li><\/ul><\/li><\/ul>\t\t\t\t\t\t\t\t<\/div>\n\t\t\t\t<\/div>\n\t\t\t\t\t<\/div>\n\t\t\t\t<\/div>\n\t\t\t\t\t<\/div>\n\t\t\t\t<\/div>\n\t\t<div class=\"elementor-element elementor-element-15dfb22 e-flex e-con-boxed e-con e-parent\" data-id=\"15dfb22\" data-element_type=\"container\" data-e-type=\"container\" data-settings=\"{&quot;jet_parallax_layout_list&quot;:[],&quot;background_background&quot;:&quot;classic&quot;}\">\n\t\t\t\t\t<div class=\"e-con-inner\">\n\t\t<div class=\"elementor-element elementor-element-992b6e2 e-grid e-con-boxed e-con e-child\" data-id=\"992b6e2\" data-element_type=\"container\" data-e-type=\"container\" data-settings=\"{&quot;jet_parallax_layout_list&quot;:[]}\">\n\t\t\t\t\t<div class=\"e-con-inner\">\n\t\t\t\t<div class=\"elementor-element elementor-element-6b00a28 elementor-widget elementor-widget-heading\" data-id=\"6b00a28\" data-element_type=\"widget\" data-e-type=\"widget\" data-widget_type=\"heading.default\">\n\t\t\t\t<div class=\"elementor-widget-container\">\n\t\t\t\t\t<h2 class=\"elementor-heading-title elementor-size-large\">Zugeh\u00f6rige Produkte<\/h2>\t\t\t\t<\/div>\n\t\t\t\t<\/div>\n\t\t\t\t<div class=\"elementor-element elementor-element-7244dfc elementor-widget elementor-widget-text-editor\" data-id=\"7244dfc\" data-element_type=\"widget\" data-e-type=\"widget\" data-widget_type=\"text-editor.default\">\n\t\t\t\t<div class=\"elementor-widget-container\">\n\t\t\t\t\t\t\t\t\t<ul data-pm-slice=\"3 3 []\"><li><p><a href=\"https:\/\/www.finres-sa.com\/de\/produkt\/acmos-universal-entformungsspray\/\" target=\"_blank\" rel=\"noopener noreferrer\">Trennspray: <\/a>Erleichtert das Entformen und sch\u00fctzt die Oberfl\u00e4che der Form. Es verhindert das Anhaften des Silikons auf bestimmten Oberfl\u00e4chen oder por\u00f6sen Materialien. <\/p><\/li><li><p>T<a href=\"https:\/\/www.finres-sa.com\/de\/produkt\/finsil-134-thixo-polykondensation\/\" target=\"_blank\" rel=\"noopener noreferrer\"><strong>hixotropiermittel<\/strong><\/a><strong>: <\/strong>Wird der Mischung (A+B) zugesetzt, um deren Textur anzupassen. Es ist dann m\u00f6glich, eine Silikonschicht aufzutragen, ohne dass sie von der Formoberfl\u00e4che abl\u00e4uft. Mischungsverh\u00e4ltnis: 1 bis 2 % Thixo zur A+B-Silikonmischung hinzuf\u00fcgen.  <\/p><\/li><li><p><a href=\"https:\/\/www.finres-sa.com\/de\/produkt\/universalpigment\/\">Silikonpigment<\/a>: Erm\u00f6glicht das Einf\u00e4rben der Silikonmasse zur leichteren Identifizierung der Formen oder zum Erzielen eines spezifischen visuellen Ergebnisses.<\/p><\/li><\/ul>\t\t\t\t\t\t\t\t<\/div>\n\t\t\t\t<\/div>\n\t\t\t\t\t<\/div>\n\t\t\t\t<\/div>\n\t\t\t\t\t<\/div>\n\t\t\t\t<\/div>\n\t\t<div class=\"elementor-element elementor-element-23ed659 e-flex e-con-boxed e-con e-parent\" data-id=\"23ed659\" data-element_type=\"container\" data-e-type=\"container\" data-settings=\"{&quot;jet_parallax_layout_list&quot;:[],&quot;background_background&quot;:&quot;classic&quot;}\">\n\t\t\t\t\t<div class=\"e-con-inner\">\n\t\t<div class=\"elementor-element elementor-element-10fb574 e-grid e-con-boxed e-con e-child\" data-id=\"10fb574\" data-element_type=\"container\" data-e-type=\"container\" data-settings=\"{&quot;jet_parallax_layout_list&quot;:[]}\">\n\t\t\t\t\t<div class=\"e-con-inner\">\n\t\t\t\t<div class=\"elementor-element elementor-element-40d970c elementor-widget elementor-widget-heading\" data-id=\"40d970c\" data-element_type=\"widget\" data-e-type=\"widget\" data-widget_type=\"heading.default\">\n\t\t\t\t<div class=\"elementor-widget-container\">\n\t\t\t\t\t<h2 class=\"elementor-heading-title elementor-size-large\">Sicherheit<\/h2>\t\t\t\t<\/div>\n\t\t\t\t<\/div>\n\t\t\t\t<div class=\"elementor-element elementor-element-cb2046e elementor-widget elementor-widget-text-editor\" data-id=\"cb2046e\" data-element_type=\"widget\" data-e-type=\"widget\" data-widget_type=\"text-editor.default\">\n\t\t\t\t<div class=\"elementor-widget-container\">\n\t\t\t\t\t\t\t\t\t<p data-pm-slice=\"1 1 []\">Arbeiten Sie in einem gut bel\u00fcfteten Bereich und tragen Sie Schutzhandschuhe. Vermeiden Sie l\u00e4ngeren Haut- und Augenkontakt. <\/p><p>Hautkontakt:<br>Gr\u00fcndlich mit Wasser und Seife waschen. Ziehen Sie die kontaminierte Kleidung aus und waschen Sie sie. Bei Reizungen oder Hautausschlag einen Arzt konsultieren.  <\/p><p>Augenkontakt:<br>Mehrere Minuten lang gr\u00fcndlich unter flie\u00dfendem Wasser sp\u00fclen. Suchen Sie einen Arzt auf, wenn die Reizung anh\u00e4lt. <\/p><p>Konsultieren Sie bei Bedarf das Sicherheitsdatenblatt des Produkts, um detaillierte Informationen zur Handhabung und chemischen Struktur zu erhalten.<\/p><p>Diese Empfehlungen sind Teil der guten Praxis f\u00fcr den Umgang mit Abformsilikonen.<\/p>\t\t\t\t\t\t\t\t<\/div>\n\t\t\t\t<\/div>\n\t\t\t\t\t<\/div>\n\t\t\t\t<\/div>\n\t\t\t\t\t<\/div>\n\t\t\t\t<\/div>\n\t\t\t\t<\/div>\n\t\t","protected":false},"excerpt":{"rendered":"<p data-pm-slice=\"1 1 []\">FEINGOSIL 120 ist ein zweikomponentiges RTV-2-Formsilikon mit Kondensationsvernetzung.<br \/>\nSeine Shore-A-H\u00e4rte von 20 ist ideal f\u00fcr die Herstellung flexibler und pr\u00e4ziser Formen, geeignet f\u00fcr das Gie\u00dfen von Harz, Gips oder Wachs mit geringen Hinterschneidungen.<\/p>\n","protected":false},"featured_media":26134,"template":"","meta":[],"product_brand":[],"product_cat":[1492,1000,1725,1807],"product_tag":[],"class_list":{"0":"post-19741","1":"product","2":"type-product","3":"status-publish","4":"has-post-thumbnail","6":"product_cat-formsilikon","7":"product_cat-neuheiten","8":"product_cat-silikonpolykondensation","9":"product_cat-sonderangebote","11":"first","12":"outofstock","13":"taxable","14":"shipping-taxable","15":"purchasable","16":"product-type-variable"},"_links":{"self":[{"href":"https:\/\/www.finres-sa.com\/de\/wp-json\/wp\/v2\/product\/19741","targetHints":{"allow":["GET"]}}],"collection":[{"href":"https:\/\/www.finres-sa.com\/de\/wp-json\/wp\/v2\/product"}],"about":[{"href":"https:\/\/www.finres-sa.com\/de\/wp-json\/wp\/v2\/types\/product"}],"version-history":[{"count":9,"href":"https:\/\/www.finres-sa.com\/de\/wp-json\/wp\/v2\/product\/19741\/revisions"}],"predecessor-version":[{"id":37671,"href":"https:\/\/www.finres-sa.com\/de\/wp-json\/wp\/v2\/product\/19741\/revisions\/37671"}],"wp:featuredmedia":[{"embeddable":true,"href":"https:\/\/www.finres-sa.com\/de\/wp-json\/wp\/v2\/media\/26134"}],"wp:attachment":[{"href":"https:\/\/www.finres-sa.com\/de\/wp-json\/wp\/v2\/media?parent=19741"}],"wp:term":[{"taxonomy":"product_brand","embeddable":true,"href":"https:\/\/www.finres-sa.com\/de\/wp-json\/wp\/v2\/product_brand?post=19741"},{"taxonomy":"product_cat","embeddable":true,"href":"https:\/\/www.finres-sa.com\/de\/wp-json\/wp\/v2\/product_cat?post=19741"},{"taxonomy":"product_tag","embeddable":true,"href":"https:\/\/www.finres-sa.com\/de\/wp-json\/wp\/v2\/product_tag?post=19741"}],"curies":[{"name":"wp","href":"https:\/\/api.w.org\/{rel}","templated":true}]}}