{"id":21283,"date":"2024-12-23T15:25:12","date_gmt":"2024-12-23T14:25:12","guid":{"rendered":"https:\/\/www.finres-sa.com\/product\/acmos-universal-entformungsspray\/"},"modified":"2026-03-16T16:18:46","modified_gmt":"2026-03-16T15:18:46","slug":"acmos-universal-entformungsspray","status":"publish","type":"product","link":"https:\/\/www.finres-sa.com\/de\/produkt\/acmos-universal-entformungsspray\/","title":{"rendered":"ACMOS Universal-Trennspray"},"content":{"rendered":"\t\t<div data-elementor-type=\"product-post\" data-elementor-id=\"21283\" class=\"elementor elementor-21283 elementor-21266\" data-elementor-post-type=\"product\">\n\t\t\t\t<div class=\"elementor-element elementor-element-86e228f e-flex e-con-boxed e-con e-parent\" data-id=\"86e228f\" data-element_type=\"container\" data-e-type=\"container\" data-settings=\"{&quot;jet_parallax_layout_list&quot;:[]}\">\n\t\t\t\t\t<div class=\"e-con-inner\">\n\t\t\t\t<div class=\"elementor-element elementor-element-042de90 elementor-widget elementor-widget-text-editor\" data-id=\"042de90\" data-element_type=\"widget\" data-e-type=\"widget\" data-widget_type=\"text-editor.default\">\n\t\t\t\t<div class=\"elementor-widget-container\">\n\t\t\t\t\t\t\t\t\t<pre style=\"margin: 0cm; margin-bottom: .0001pt;\"><span style=\"font-size: 11.0pt; font-family: 'Calibri',sans-serif; color: #1f4e79;\">Das Trennspray <b>ACMOS 82-2405<\/b> ist eine professionelle L\u00f6sung, die entwickelt wurde, um das Entformen in industriellen Prozessen zu erleichtern, die duroplastische, thermoplastische und Verbundharze umfassen. <\/span><\/pre><p><span style=\"font-size: 11.0pt; font-family: 'Calibri',sans-serif; color: #1f4e79;\">Formuliert auf Basis hochwertiger Verbindungen, erf\u00fcllt es perfekt die Anforderungen der anspruchsvollsten Anwendungen und gew\u00e4hrleistet ein optimales Entformen zwischen Form und Fertigteil.<\/span><\/p><p><span style=\"font-size: 11.0pt; font-family: 'Calibri',sans-serif; color: #1f4e79;\">Das ACMOS-Spray ist f\u00fcr eine breite Palette von Verfahren geeignet, wie Vakuumguss, Kompressionsguss und Spritzguss. Seine silikonfreie Formulierung macht es besonders geeignet f\u00fcr Anwendungen, die eine perfekte, r\u00fcckstandsfreie Oberfl\u00e4che erfordern. <\/span><\/p>\t\t\t\t\t\t\t\t<\/div>\n\t\t\t\t<\/div>\n\t\t\t\t\t<\/div>\n\t\t\t\t<\/div>\n\t\t<div class=\"elementor-element elementor-element-5b69de8 e-flex e-con-boxed e-con e-parent\" data-id=\"5b69de8\" data-element_type=\"container\" data-e-type=\"container\" data-settings=\"{&quot;jet_parallax_layout_list&quot;:[],&quot;background_background&quot;:&quot;classic&quot;}\">\n\t\t\t\t\t<div class=\"e-con-inner\">\n\t\t<div class=\"elementor-element elementor-element-7a9ab07 e-grid e-con-boxed e-con e-child\" data-id=\"7a9ab07\" data-element_type=\"container\" data-e-type=\"container\" data-settings=\"{&quot;jet_parallax_layout_list&quot;:[]}\">\n\t\t\t\t\t<div class=\"e-con-inner\">\n\t\t\t\t<div class=\"elementor-element elementor-element-0510184 elementor-widget elementor-widget-heading\" data-id=\"0510184\" data-element_type=\"widget\" data-e-type=\"widget\" data-widget_type=\"heading.default\">\n\t\t\t\t<div class=\"elementor-widget-container\">\n\t\t\t\t\t<h2 class=\"elementor-heading-title elementor-size-xl\">Merkmale<\/h2>\t\t\t\t<\/div>\n\t\t\t\t<\/div>\n\t\t\t\t\t<\/div>\n\t\t\t\t<\/div>\n\t\t<div class=\"elementor-element elementor-element-dd46654 e-grid e-con-boxed e-con e-child\" data-id=\"dd46654\" data-element_type=\"container\" data-e-type=\"container\" data-settings=\"{&quot;jet_parallax_layout_list&quot;:[]}\">\n\t\t\t\t\t<div class=\"e-con-inner\">\n\t\t\t\t<div class=\"elementor-element elementor-element-77afcd5 elementor-widget elementor-widget-text-editor\" data-id=\"77afcd5\" data-element_type=\"widget\" data-e-type=\"widget\" data-widget_type=\"text-editor.default\">\n\t\t\t\t<div class=\"elementor-widget-container\">\n\t\t\t\t\t\t\t\t\t<p style=\"margin: 0cm; margin-bottom: .0001pt;\"><span style=\"font-size: 11.0pt; font-family: 'Calibri',sans-serif; color: #1f4e79;\">Zusammensetzung: ohne Silikon <\/span><\/p><p style=\"margin: 0cm; margin-bottom: .0001pt;\"><span style=\"font-size: 11.0pt; font-family: 'Calibri',sans-serif; color: #1f4e79;\">Theoretischer Verbrauch: 10m\u00b2.<\/span><\/p><p style=\"margin: 0cm; margin-bottom: .0001pt;\"><span style=\"font-size: 11.0pt; font-family: 'Calibri',sans-serif; color: #1f4e79;\">Verpackung: Spraydose mit <\/span><span style=\"font-size: 11.5pt; font-family: 'Calibri',sans-serif; color: #1f4e79; background: #FAFAFA;\">400 ml <\/span><span style=\"font-size: 11.0pt; font-family: 'Calibri',sans-serif; color: #1f4e79;\">gebrauchsfertig<\/span><\/p><p style=\"margin: 0cm; margin-bottom: .0001pt;\"><span style=\"font-size: 11.0pt; font-family: 'Calibri',sans-serif; color: #1f4e79;\">Kompatibilit\u00e4t: <\/span><span style=\"font-size: 11.5pt; font-family: 'Calibri',sans-serif; color: #1f4e79; background: #FAFAFA;\"> Polyester\/ Epoxy\/PMMA\/ Polyurethane\/.<\/span><span style=\"font-size: 11.0pt; font-family: 'Calibri',sans-serif; color: #1f4e79;\">und andere Verbundmaterialien<\/span><\/p><p style=\"margin: 0cm; margin-bottom: .0001pt;\"><span style=\"font-size: 11.0pt; font-family: 'Calibri',sans-serif; color: #1f4e79;\">Lagerung: 36 Monate bei 10 bis 30\u00b0C, vor K\u00e4lte und Hitze gesch\u00fctzt.<\/span><\/p>\t\t\t\t\t\t\t\t<\/div>\n\t\t\t\t<\/div>\n\t\t\t\t\t<\/div>\n\t\t\t\t<\/div>\n\t\t\t\t\t<\/div>\n\t\t\t\t<\/div>\n\t\t<div class=\"elementor-element elementor-element-ce6752d e-flex e-con-boxed e-con e-parent\" data-id=\"ce6752d\" data-element_type=\"container\" data-e-type=\"container\" data-settings=\"{&quot;jet_parallax_layout_list&quot;:[],&quot;background_background&quot;:&quot;classic&quot;}\">\n\t\t\t\t\t<div class=\"e-con-inner\">\n\t\t\t\t<div class=\"elementor-element elementor-element-3fe9b84 elementor-widget elementor-widget-heading\" data-id=\"3fe9b84\" data-element_type=\"widget\" data-e-type=\"widget\" data-widget_type=\"heading.default\">\n\t\t\t\t<div class=\"elementor-widget-container\">\n\t\t\t\t\t<h2 class=\"elementor-heading-title elementor-size-xl\">Vorteile<\/h2>\t\t\t\t<\/div>\n\t\t\t\t<\/div>\n\t\t\t\t<div class=\"elementor-element elementor-element-a5c41aa elementor-widget elementor-widget-text-editor\" data-id=\"a5c41aa\" data-element_type=\"widget\" data-e-type=\"widget\" data-widget_type=\"text-editor.default\">\n\t\t\t\t<div class=\"elementor-widget-container\">\n\t\t\t\t\t\t\t\t\t<p style=\"margin: 0cm; margin-bottom: .0001pt;\"><span style=\"font-size: 11.0pt; font-family: 'Calibri',sans-serif; color: #1f4e79;\">Wirtschaftlich<\/span><\/p><p style=\"margin: 0cm; margin-bottom: .0001pt;\"><span style=\"font-size: 11.0pt; font-family: 'Calibri',sans-serif; color: #1f4e79;\">Sorgt f\u00fcr eine leichte Entformung, selbst bei komplexen Geometrien<\/span><\/p><p style=\"margin: 0cm; margin-bottom: .0001pt;\"><span style=\"font-size: 11.0pt; font-family: 'Calibri',sans-serif; color: #1f4e79;\">Gleichm\u00e4\u00dfiges Auftragen durch feine Zerst\u00e4ubung.<\/span><\/p><p style=\"margin: 0cm; margin-bottom: .0001pt;\"><span style=\"font-size: 11.0pt; font-family: 'Calibri',sans-serif; color: #1f4e79;\">Beeinflusst nicht das Finish oder die Eigenschaften der geformten Teile.<\/span><\/p><p style=\"margin: 0cm; margin-bottom: .0001pt;\"><span style=\"font-size: 11.0pt; font-family: 'Calibri',sans-serif; color: #1f4e79;\">Minimiert R\u00fcckst\u00e4nde auf den Formen.<\/span><\/p>\t\t\t\t\t\t\t\t<\/div>\n\t\t\t\t<\/div>\n\t\t\t\t\t<\/div>\n\t\t\t\t<\/div>\n\t\t<div class=\"elementor-element elementor-element-a9c6193 e-flex e-con-boxed e-con e-parent\" data-id=\"a9c6193\" data-element_type=\"container\" data-e-type=\"container\" data-settings=\"{&quot;jet_parallax_layout_list&quot;:[],&quot;background_background&quot;:&quot;classic&quot;}\">\n\t\t\t\t\t<div class=\"e-con-inner\">\n\t\t\t\t<div class=\"elementor-element elementor-element-f02d7b9 elementor-widget elementor-widget-heading\" data-id=\"f02d7b9\" data-element_type=\"widget\" data-e-type=\"widget\" data-widget_type=\"heading.default\">\n\t\t\t\t<div class=\"elementor-widget-container\">\n\t\t\t\t\t<h2 class=\"elementor-heading-title elementor-size-xl\">Umsetzung<\/h2>\t\t\t\t<\/div>\n\t\t\t\t<\/div>\n\t\t\t\t<div class=\"elementor-element elementor-element-05a19eb elementor-widget elementor-widget-text-editor\" data-id=\"05a19eb\" data-element_type=\"widget\" data-e-type=\"widget\" data-widget_type=\"text-editor.default\">\n\t\t\t\t<div class=\"elementor-widget-container\">\n\t\t\t\t\t\t\t\t\t<p style=\"margin: 0cm; margin-bottom: .0001pt;\"><span style=\"font-size: 11.0pt; font-family: 'Calibri',sans-serif; color: #1f4e79;\">1. Reinigen und trocknen Sie die Oberfl\u00e4che der Form vor der Anwendung.<\/span><\/p><p style=\"margin: 0cm; margin-bottom: .0001pt;\"><span style=\"font-size: 11.0pt; font-family: 'Calibri',sans-serif; color: #1f4e79;\">2. K\u00fchl gelagerte Ware muss vor der Verwendung wieder auf Raumtemperatur gebracht werden.<\/span><\/p><p style=\"margin: 0cm; margin-bottom: .0001pt;\"><span style=\"font-size: 11.0pt; font-family: 'Calibri',sans-serif; color: #1f4e79;\">3. Sch\u00fctteln Sie die Spraydose kr\u00e4ftig.<\/span><\/p><p style=\"margin: 0cm; margin-bottom: .0001pt;\"><span style=\"font-size: 11.0pt; font-family: 'Calibri',sans-serif; color: #1f4e79;\">4. Spr\u00fchen Sie aus einer Entfernung von 20-30 cm, um eine gleichm\u00e4\u00dfige Abdeckung zu erreichen.<\/span><\/p><p style=\"margin: 0cm; margin-bottom: .0001pt;\"><span style=\"font-size: 11.0pt; font-family: 'Calibri',sans-serif; color: #1f4e79;\">5. Vor dem Gie\u00dfen trocknen lassen.<\/span><\/p>\t\t\t\t\t\t\t\t<\/div>\n\t\t\t\t<\/div>\n\t\t\t\t\t<\/div>\n\t\t\t\t<\/div>\n\t\t\t\t<\/div>\n\t\t","protected":false},"excerpt":{"rendered":"<p style=\"margin: 0cm; margin-bottom: .0001pt;\"><span style=\"font-size: 11pt; font-family: Calibri, sans-serif; color: #ffffff;\">ACMOS 82-2405 ist ein Spr\u00fch-Trennmittel f\u00fcr Polyesterharze, Epoxydharze, PMMA, Polyurethane und Silikonkautschuk.<\/span><\/p>\n","protected":false},"featured_media":26227,"template":"","meta":[],"product_brand":[],"product_cat":[1161],"product_tag":[],"class_list":{"0":"post-21283","1":"product","2":"type-product","3":"status-publish","4":"has-post-thumbnail","6":"product_cat-trennmittel","8":"first","9":"instock","10":"taxable","11":"shipping-taxable","12":"purchasable","13":"product-type-simple"},"_links":{"self":[{"href":"https:\/\/www.finres-sa.com\/de\/wp-json\/wp\/v2\/product\/21283","targetHints":{"allow":["GET"]}}],"collection":[{"href":"https:\/\/www.finres-sa.com\/de\/wp-json\/wp\/v2\/product"}],"about":[{"href":"https:\/\/www.finres-sa.com\/de\/wp-json\/wp\/v2\/types\/product"}],"version-history":[{"count":0,"href":"https:\/\/www.finres-sa.com\/de\/wp-json\/wp\/v2\/product\/21283\/revisions"}],"wp:featuredmedia":[{"embeddable":true,"href":"https:\/\/www.finres-sa.com\/de\/wp-json\/wp\/v2\/media\/26227"}],"wp:attachment":[{"href":"https:\/\/www.finres-sa.com\/de\/wp-json\/wp\/v2\/media?parent=21283"}],"wp:term":[{"taxonomy":"product_brand","embeddable":true,"href":"https:\/\/www.finres-sa.com\/de\/wp-json\/wp\/v2\/product_brand?post=21283"},{"taxonomy":"product_cat","embeddable":true,"href":"https:\/\/www.finres-sa.com\/de\/wp-json\/wp\/v2\/product_cat?post=21283"},{"taxonomy":"product_tag","embeddable":true,"href":"https:\/\/www.finres-sa.com\/de\/wp-json\/wp\/v2\/product_tag?post=21283"}],"curies":[{"name":"wp","href":"https:\/\/api.w.org\/{rel}","templated":true}]}}