{"id":21657,"date":"2023-11-08T13:48:16","date_gmt":"2023-11-08T12:48:16","guid":{"rendered":"https:\/\/www.finres-sa.com\/product\/silikonform-weihnachtsbaum\/"},"modified":"2026-04-24T16:22:46","modified_gmt":"2026-04-24T14:22:46","slug":"silikonform-weihnachtsbaum","status":"publish","type":"product","link":"https:\/\/www.finres-sa.com\/de\/produkt\/silikonform-weihnachtsbaum\/","title":{"rendered":"Silikonform &#8211; Weihnachtsbaum"},"content":{"rendered":"","protected":false},"excerpt":{"rendered":"<p>8,4 cm x 9,2 cm<\/p>\n<p>Ben\u00f6tigtes Jesmonite AC100 f\u00fcr die Form: 72 ml Fl\u00fcssigkeit + 180 g Basis<br \/>\nGewicht des fertigen Produkts: 220 g<\/p>\n","protected":false},"featured_media":21658,"template":"","meta":[],"product_brand":[],"product_cat":[919,1649,920],"product_tag":[900,899,924,903,902,969,1005],"class_list":{"0":"post-21657","1":"product","2":"type-product","3":"status-publish","4":"has-post-thumbnail","6":"product_cat-jesmonite-de","7":"product_cat-silikonformen","8":"product_cat-weihnachten","9":"product_tag-cast-de","10":"product_tag-gieten-de","11":"product_tag-jesmoniet-de","12":"product_tag-kunst-de","13":"product_tag-siliconen-de","14":"product_tag-weich","15":"product_tag-zubehor","17":"first","18":"instock","19":"taxable","20":"shipping-taxable","21":"purchasable","22":"product-type-simple"},"_links":{"self":[{"href":"https:\/\/www.finres-sa.com\/de\/wp-json\/wp\/v2\/product\/21657","targetHints":{"allow":["GET"]}}],"collection":[{"href":"https:\/\/www.finres-sa.com\/de\/wp-json\/wp\/v2\/product"}],"about":[{"href":"https:\/\/www.finres-sa.com\/de\/wp-json\/wp\/v2\/types\/product"}],"version-history":[{"count":1,"href":"https:\/\/www.finres-sa.com\/de\/wp-json\/wp\/v2\/product\/21657\/revisions"}],"predecessor-version":[{"id":39329,"href":"https:\/\/www.finres-sa.com\/de\/wp-json\/wp\/v2\/product\/21657\/revisions\/39329"}],"wp:featuredmedia":[{"embeddable":true,"href":"https:\/\/www.finres-sa.com\/de\/wp-json\/wp\/v2\/media\/21658"}],"wp:attachment":[{"href":"https:\/\/www.finres-sa.com\/de\/wp-json\/wp\/v2\/media?parent=21657"}],"wp:term":[{"taxonomy":"product_brand","embeddable":true,"href":"https:\/\/www.finres-sa.com\/de\/wp-json\/wp\/v2\/product_brand?post=21657"},{"taxonomy":"product_cat","embeddable":true,"href":"https:\/\/www.finres-sa.com\/de\/wp-json\/wp\/v2\/product_cat?post=21657"},{"taxonomy":"product_tag","embeddable":true,"href":"https:\/\/www.finres-sa.com\/de\/wp-json\/wp\/v2\/product_tag?post=21657"}],"curies":[{"name":"wp","href":"https:\/\/api.w.org\/{rel}","templated":true}]}}