{"id":21708,"date":"2023-06-26T18:16:48","date_gmt":"2023-06-26T16:16:48","guid":{"rendered":"https:\/\/www.finres-sa.com\/product\/thixotroper-jesmonit-ac100-ac200-ac300\/"},"modified":"2026-02-13T14:42:16","modified_gmt":"2026-02-13T13:42:16","slug":"thixotroper-jesmonit-ac100-ac200-ac300","status":"publish","type":"product","link":"https:\/\/www.finres-sa.com\/de\/produkt\/thixotroper-jesmonit-ac100-ac200-ac300\/","title":{"rendered":"JESMONITE\u00ae THIXOTROP"},"content":{"rendered":"\t\t<div data-elementor-type=\"product-post\" data-elementor-id=\"21708\" class=\"elementor elementor-21708 elementor-5683\" data-elementor-post-type=\"product\">\n\t\t\t\t<div class=\"elementor-element elementor-element-38d30653 e-flex e-con-boxed e-con e-parent\" data-id=\"38d30653\" data-element_type=\"container\" data-e-type=\"container\" data-settings=\"{&quot;jet_parallax_layout_list&quot;:[]}\">\n\t\t\t\t\t<div class=\"e-con-inner\">\n\t\t\t\t<div class=\"elementor-element elementor-element-1fdd20a elementor-widget elementor-widget-text-editor\" data-id=\"1fdd20a\" data-element_type=\"widget\" data-e-type=\"widget\" data-widget_type=\"text-editor.default\">\n\t\t\t\t<div class=\"elementor-widget-container\">\n\t\t\t\t\t\t\t\t\t<p><span style=\"color: #233c76;\">Das Thixotropiermittel wird der Mischung (A+B) hinzugef\u00fcgt, um die Textur einzustellen. Anschlie\u00dfend kann eine 1-3 mm dicke Schicht Jesmonit aufgetragen werden, ohne dass es von der Oberfl\u00e4che der Form abflie\u00dft. <\/span><\/p><p><span style=\"color: #233c76;\">Die Zugabe eines Verdickungsmittels ist besonders n\u00fctzlich, wenn eine Gelcoat-Schutzschicht in einer Form aufgebracht wird. Dadurch werden die Glasfaserverst\u00e4rkungen auf der Oberfl\u00e4che der laminierten Objekte unsichtbar. <\/span><\/p><p><span style=\"color: #233c76;\">Das Thixotropiermittel kann auch verwendet werden, um dem Material eine past\u00f6se Konsistenz zu verleihen, so dass es als Kitt oder Fugenmasse zum Verbinden von zwei Laminatelementen verwendet werden kann.<\/span><\/p><p> <\/p>\t\t\t\t\t\t\t\t<\/div>\n\t\t\t\t<\/div>\n\t\t\t\t\t<\/div>\n\t\t\t\t<\/div>\n\t\t<div class=\"elementor-element elementor-element-4fa60c1 e-flex e-con-boxed e-con e-parent\" data-id=\"4fa60c1\" data-element_type=\"container\" data-e-type=\"container\" data-settings=\"{&quot;jet_parallax_layout_list&quot;:[],&quot;background_background&quot;:&quot;classic&quot;}\">\n\t\t\t\t\t<div class=\"e-con-inner\">\n\t\t<div class=\"elementor-element elementor-element-3036364 e-grid e-con-boxed e-con e-child\" data-id=\"3036364\" data-element_type=\"container\" data-e-type=\"container\" data-settings=\"{&quot;jet_parallax_layout_list&quot;:[]}\">\n\t\t\t\t\t<div class=\"e-con-inner\">\n\t\t\t\t<div class=\"elementor-element elementor-element-16d2cc4 elementor-widget elementor-widget-heading\" data-id=\"16d2cc4\" data-element_type=\"widget\" data-e-type=\"widget\" data-widget_type=\"heading.default\">\n\t\t\t\t<div class=\"elementor-widget-container\">\n\t\t\t\t\t<h2 class=\"elementor-heading-title elementor-size-xl\">Merkmale<\/h2>\t\t\t\t<\/div>\n\t\t\t\t<\/div>\n\t\t\t\t<div class=\"elementor-element elementor-element-4fa7ea3 elementor-widget elementor-widget-heading\" data-id=\"4fa7ea3\" data-element_type=\"widget\" data-e-type=\"widget\" data-widget_type=\"heading.default\">\n\t\t\t\t<div class=\"elementor-widget-container\">\n\t\t\t\t\t<h2 class=\"elementor-heading-title elementor-size-xl\">Umsetzung<\/h2>\t\t\t\t<\/div>\n\t\t\t\t<\/div>\n\t\t\t\t<div class=\"elementor-element elementor-element-678cb63 elementor-widget elementor-widget-text-editor\" data-id=\"678cb63\" data-element_type=\"widget\" data-e-type=\"widget\" data-widget_type=\"text-editor.default\">\n\t\t\t\t<div class=\"elementor-widget-container\">\n\t\t\t\t\t\t\t\t\t<p>Hinzugef\u00fcgt: 2g bis 6g pro Kilo der Mischung Jesmonit A+B<\/p><p>Aussehen: klares bis undurchsichtiges halbviskoses Gel<\/p><p>Compatibilit\u00e9: AC100\/200\/300\/630\/730<\/p><p>Haltbarkeit: 12 Monate nach \u00d6ffnung des Beh\u00e4lters<\/p><p>Aufbewahrung: Muss in der Originalverpackung zwischen 5\u00b0C und 25\u00b0C gelagert werden.  <\/p>\t\t\t\t\t\t\t\t<\/div>\n\t\t\t\t<\/div>\n\t\t\t\t<div class=\"elementor-element elementor-element-376188c elementor-widget elementor-widget-text-editor\" data-id=\"376188c\" data-element_type=\"widget\" data-e-type=\"widget\" data-widget_type=\"text-editor.default\">\n\t\t\t\t<div class=\"elementor-widget-container\">\n\t\t\t\t\t\t\t\t\t<p><strong>1. Vorbereitung<\/strong><\/p><p>Mischen Sie das Pulver und das fl\u00fcssige Jesmonit im empfohlenen Verh\u00e4ltnis.<\/p><p><strong>2. Hinzuf\u00fcgen des Verdickungsmittels<\/strong><\/p><p>Wenn die Mischung homogen ist, f\u00fcgen Sie zwischen 2g und 6g pro Kilogramm der Jesmonitmischung A+B hinzu und r\u00fchren Sie vorsichtig um, bis die gew\u00fcnschte Konsistenz erreicht ist. Beispiel: Auf 500 g der Jesmonitmischung geben Sie zwischen 1 und 3 g Thixotropiermittel. <\/p><p><strong>3. Anwendung<\/strong><\/p><p>Je nach der erreichten Viskosit\u00e4t k\u00f6nnen Sie das Material mit einem Spachtel oder einer B\u00fcrste auftragen.<\/p><p>Die stark verdickte Textur sorgt daf\u00fcr, dass sie sich perfekt an vertikalen oder schr\u00e4gen Oberfl\u00e4chen festh\u00e4lt, ohne abzuflie\u00dfen.<\/p><p><strong>4. Trocknen<\/strong><\/p><p>Die Trockenzeit kann je nach Dicke der aufgetragenen Schicht und der Umgebung variieren. Warten Sie mindestens 24 Stunden, bevor Sie Jesmonit streichen oder lackieren. <\/p>\t\t\t\t\t\t\t\t<\/div>\n\t\t\t\t<\/div>\n\t\t\t\t\t<\/div>\n\t\t\t\t<\/div>\n\t\t\t\t\t<\/div>\n\t\t\t\t<\/div>\n\t\t\t\t<\/div>\n\t\t","protected":false},"excerpt":{"rendered":"<p><span style=\"color: #ffffff;\">Verdickungsmittel f\u00fcr alle Verbundstoffe Jesmonite.<\/span><\/p>\n","protected":false},"featured_media":21709,"template":"","meta":[],"product_brand":[],"product_cat":[919,1569],"product_tag":[927,925,897,899,924,923,944,922,898],"class_list":{"0":"post-21708","1":"product","2":"type-product","3":"status-publish","4":"has-post-thumbnail","6":"product_cat-jesmonite-de","7":"product_cat-zusatzstoffe","8":"product_tag-additief-de","9":"product_tag-beeld-de","10":"product_tag-decoratie-de","11":"product_tag-gieten-de","12":"product_tag-jesmoniet-de","13":"product_tag-milieuvriendelijk-de","14":"product_tag-schichtung","15":"product_tag-stijf-de","16":"product_tag-toon-de","18":"first","19":"instock","20":"taxable","21":"shipping-taxable","22":"purchasable","23":"product-type-variable"},"_links":{"self":[{"href":"https:\/\/www.finres-sa.com\/de\/wp-json\/wp\/v2\/product\/21708","targetHints":{"allow":["GET"]}}],"collection":[{"href":"https:\/\/www.finres-sa.com\/de\/wp-json\/wp\/v2\/product"}],"about":[{"href":"https:\/\/www.finres-sa.com\/de\/wp-json\/wp\/v2\/types\/product"}],"version-history":[{"count":1,"href":"https:\/\/www.finres-sa.com\/de\/wp-json\/wp\/v2\/product\/21708\/revisions"}],"predecessor-version":[{"id":36357,"href":"https:\/\/www.finres-sa.com\/de\/wp-json\/wp\/v2\/product\/21708\/revisions\/36357"}],"wp:featuredmedia":[{"embeddable":true,"href":"https:\/\/www.finres-sa.com\/de\/wp-json\/wp\/v2\/media\/21709"}],"wp:attachment":[{"href":"https:\/\/www.finres-sa.com\/de\/wp-json\/wp\/v2\/media?parent=21708"}],"wp:term":[{"taxonomy":"product_brand","embeddable":true,"href":"https:\/\/www.finres-sa.com\/de\/wp-json\/wp\/v2\/product_brand?post=21708"},{"taxonomy":"product_cat","embeddable":true,"href":"https:\/\/www.finres-sa.com\/de\/wp-json\/wp\/v2\/product_cat?post=21708"},{"taxonomy":"product_tag","embeddable":true,"href":"https:\/\/www.finres-sa.com\/de\/wp-json\/wp\/v2\/product_tag?post=21708"}],"curies":[{"name":"wp","href":"https:\/\/api.w.org\/{rel}","templated":true}]}}