{"id":21723,"date":"2023-06-26T18:14:11","date_gmt":"2023-06-26T16:14:11","guid":{"rendered":"https:\/\/www.finres-sa.com\/product\/jesmonite-fibre-pva\/"},"modified":"2025-08-25T10:19:52","modified_gmt":"2025-08-25T08:19:52","slug":"jesmonite-fibre-pva","status":"publish","type":"product","link":"https:\/\/www.finres-sa.com\/de\/produkt\/jesmonite-fibre-pva\/","title":{"rendered":"JESMONITE\u00ae Faser PVA"},"content":{"rendered":"<p><span style=\"background-color: rgba(255, 255, 255, 0); color: var(--body_typography-color); font-family: var(--body_typography-font-family); font-size: var(--body_typography-font-size); font-style: var(--body_typography-font-style,normal); font-weight: var(--body_typography-font-weight); letter-spacing: var(--body_typography-letter-spacing);\">PVA-Fasern sind die neue Alternative zu Glasverst\u00e4rkungen f\u00fcr Zementsysteme. Es handelt sich um eine synthetische Faser aus Polyvinylalkohol, deren chemische und physikalische Eigenschaften sie besonders f\u00fcr die Jesmonit-Familie geeignet machen, in der polymermodifizierte Zementmaterialien verwendet werden.  Sie haben eine hohe Festigkeit kombiniert mit geringer Dehnung und hohem Modul. Sie bieten eine verbesserte Haftung an der Polymerzementmatrix sowie eine inh\u00e4rente Best\u00e4ndigkeit gegen die sch\u00e4digenden Auswirkungen der Alkalit\u00e4t einer solchen Matrix. Wir empfehlen dringend, sie den Jesmonite-Systemen hinzuzuf\u00fcgen, um Frostsch\u00e4den in den rauesten Au\u00dfenumgebungen zu widerstehen.  <\/span><\/p>\n<p>Ben\u00f6tigen Sie weitere Informationen? Besuchen Sie die Produktseite<a href=\"https:\/\/www.finres-sa.com\/de\/marke\/jesmonite\/\"> Jesmonite<\/a> <\/p>\n","protected":false},"excerpt":{"rendered":"<p>PVA-Fasern sind die neue Alternative zu Glasverst\u00e4rkungen f\u00fcr Zementsysteme. Es handelt sich um eine synthetische Faser aus Polyvinylalkohol, deren chemische und physikalische Eigenschaften sie besonders f\u00fcr die Jesmonit-Familie geeignet machen, in der polymermodifizierte Zementmaterialien verwendet werden. <\/p>\n","protected":false},"featured_media":21724,"template":"","meta":[],"product_brand":[],"product_cat":[1640,1639,919,1755,1099],"product_tag":[927,925,897,899,924,923,944,922,898],"class_list":{"0":"post-21723","1":"product","2":"type-product","3":"status-publish","4":"has-post-thumbnail","6":"product_cat-glasfasern","7":"product_cat-glasfaserverstarkung","8":"product_cat-jesmonite-de","9":"product_cat-synthetische-fasern","10":"product_cat-verstarkungen-und-stoffe","11":"product_tag-additief-de","12":"product_tag-beeld-de","13":"product_tag-decoratie-de","14":"product_tag-gieten-de","15":"product_tag-jesmoniet-de","16":"product_tag-milieuvriendelijk-de","17":"product_tag-schichtung","18":"product_tag-stijf-de","19":"product_tag-toon-de","21":"first","22":"instock","23":"taxable","24":"shipping-taxable","25":"purchasable","26":"product-type-variable"},"_links":{"self":[{"href":"https:\/\/www.finres-sa.com\/de\/wp-json\/wp\/v2\/product\/21723","targetHints":{"allow":["GET"]}}],"collection":[{"href":"https:\/\/www.finres-sa.com\/de\/wp-json\/wp\/v2\/product"}],"about":[{"href":"https:\/\/www.finres-sa.com\/de\/wp-json\/wp\/v2\/types\/product"}],"version-history":[{"count":0,"href":"https:\/\/www.finres-sa.com\/de\/wp-json\/wp\/v2\/product\/21723\/revisions"}],"wp:featuredmedia":[{"embeddable":true,"href":"https:\/\/www.finres-sa.com\/de\/wp-json\/wp\/v2\/media\/21724"}],"wp:attachment":[{"href":"https:\/\/www.finres-sa.com\/de\/wp-json\/wp\/v2\/media?parent=21723"}],"wp:term":[{"taxonomy":"product_brand","embeddable":true,"href":"https:\/\/www.finres-sa.com\/de\/wp-json\/wp\/v2\/product_brand?post=21723"},{"taxonomy":"product_cat","embeddable":true,"href":"https:\/\/www.finres-sa.com\/de\/wp-json\/wp\/v2\/product_cat?post=21723"},{"taxonomy":"product_tag","embeddable":true,"href":"https:\/\/www.finres-sa.com\/de\/wp-json\/wp\/v2\/product_tag?post=21723"}],"curies":[{"name":"wp","href":"https:\/\/api.w.org\/{rel}","templated":true}]}}