{"id":21730,"date":"2023-06-26T18:14:10","date_gmt":"2023-06-26T16:14:10","guid":{"rendered":"https:\/\/www.finres-sa.com\/product\/jesmonite-fiberglas-geschnitten\/"},"modified":"2025-07-14T19:22:51","modified_gmt":"2025-07-14T17:22:51","slug":"jesmonite-fiberglas-geschnitten","status":"publish","type":"product","link":"https:\/\/www.finres-sa.com\/de\/produkt\/jesmonite-fiberglas-geschnitten\/","title":{"rendered":"JESMONITE FIBERGLAS GESCHNITTEN"},"content":{"rendered":"<p><span style=\"background-color: rgba(255, 255, 255, 0); color: var(--body_typography-color); font-family: var(--body_typography-font-family); font-size: var(--body_typography-font-size); font-style: var(--body_typography-font-style,normal); font-weight: var(--body_typography-font-weight); letter-spacing: var(--body_typography-letter-spacing);\">Str\u00e4nge aus gehacktem Jesmonite-Glas k\u00f6nnen allen Jesmonite-Verbundwerkstoffen hinzugef\u00fcgt werden, um Gussteilen mit d\u00fcnnem Querschnitt eine h\u00f6here Festigkeit zu verleihen und auch als F\u00fcllmaterial zu fungieren, um die Laminierung zu unterst\u00fctzen. Jesmonite Chopped Glass Strands sind in drei Typen erh\u00e4ltlich: 6 mm und 12 mm Standardglas und 13 mm alkalibest\u00e4ndiges Glas, das speziell f\u00fcr die Verwendung mit Jesmonite AC630 entwickelt wurde, um eine Vormischung zu erzeugen. Die geschnittenen Str\u00e4nge k\u00f6nnen auch verwendet werden, um die Sto\u00dffestigkeit zu erh\u00f6hen, wenn d\u00fcnne Jesmonite-Str\u00e4nge auf Styropor-Skulpturen aufgebracht werden.  <\/span><\/p>\n<p>Ben\u00f6tigen Sie weitere Informationen? Besuchen Sie die Produktseite<a href=\"https:\/\/www.finres-sa.com\/de\/marke\/jesmonite\/\"> Jesmonite<\/a> <\/p>\n","protected":false},"excerpt":{"rendered":"<p>Gehackte Glasfasern aus Jesmonit k\u00f6nnen allen Jesmonit-Verbundstoffen hinzugef\u00fcgt werden, um Gussteilen mit d\u00fcnnem Querschnitt eine h\u00f6here Festigkeit zu verleihen und um als F\u00fcllstoff zur Unterst\u00fctzung der Laminierung zu dienen. Die gehackten Str\u00e4nge k\u00f6nnen auch verwendet werden, um die Schlagfestigkeit zu erh\u00f6hen, wenn d\u00fcnne Jesmonite-Streifen auf Styropor-Skulpturen aufgebracht werden. <\/p>\n","protected":false},"featured_media":21731,"template":"","meta":[],"product_brand":[],"product_cat":[1640,1639,919,1099],"product_tag":[927,925,897,899,924,923,944,922,898],"class_list":{"0":"post-21730","1":"product","2":"type-product","3":"status-publish","4":"has-post-thumbnail","6":"product_cat-glasfasern","7":"product_cat-glasfaserverstarkung","8":"product_cat-jesmonite-de","9":"product_cat-verstarkungen-und-stoffe","10":"product_tag-additief-de","11":"product_tag-beeld-de","12":"product_tag-decoratie-de","13":"product_tag-gieten-de","14":"product_tag-jesmoniet-de","15":"product_tag-milieuvriendelijk-de","16":"product_tag-schichtung","17":"product_tag-stijf-de","18":"product_tag-toon-de","20":"first","21":"instock","22":"taxable","23":"shipping-taxable","24":"purchasable","25":"product-type-variable"},"_links":{"self":[{"href":"https:\/\/www.finres-sa.com\/de\/wp-json\/wp\/v2\/product\/21730","targetHints":{"allow":["GET"]}}],"collection":[{"href":"https:\/\/www.finres-sa.com\/de\/wp-json\/wp\/v2\/product"}],"about":[{"href":"https:\/\/www.finres-sa.com\/de\/wp-json\/wp\/v2\/types\/product"}],"version-history":[{"count":0,"href":"https:\/\/www.finres-sa.com\/de\/wp-json\/wp\/v2\/product\/21730\/revisions"}],"wp:featuredmedia":[{"embeddable":true,"href":"https:\/\/www.finres-sa.com\/de\/wp-json\/wp\/v2\/media\/21731"}],"wp:attachment":[{"href":"https:\/\/www.finres-sa.com\/de\/wp-json\/wp\/v2\/media?parent=21730"}],"wp:term":[{"taxonomy":"product_brand","embeddable":true,"href":"https:\/\/www.finres-sa.com\/de\/wp-json\/wp\/v2\/product_brand?post=21730"},{"taxonomy":"product_cat","embeddable":true,"href":"https:\/\/www.finres-sa.com\/de\/wp-json\/wp\/v2\/product_cat?post=21730"},{"taxonomy":"product_tag","embeddable":true,"href":"https:\/\/www.finres-sa.com\/de\/wp-json\/wp\/v2\/product_tag?post=21730"}],"curies":[{"name":"wp","href":"https:\/\/api.w.org\/{rel}","templated":true}]}}