{"id":22294,"date":"2023-06-26T18:16:47","date_gmt":"2023-06-26T16:16:47","guid":{"rendered":"https:\/\/www.finres-sa.com\/product\/epoxy-kit-1050-1053s-1056s-1059s\/"},"modified":"2026-04-02T13:42:22","modified_gmt":"2026-04-02T11:42:22","slug":"epoxy-kit-1050-1053s-1056s-1059s","status":"publish","type":"product","link":"https:\/\/www.finres-sa.com\/de\/produkt\/epoxy-kit-1050-1053s-1056s-1059s\/","title":{"rendered":"EPOXY KIT 1050-1053S\/1056S\/1059S"},"content":{"rendered":"<p>Strukturelles Epoxid-Laminiersystem<\/p>\n<p>RESOLTECH 1050 \/ 105xS ist ein flie\u00dff\u00e4higes Epoxid-Laminiersystem ohne B-Stadium, das sowohl die Herstellung kleiner Teile als auch gro\u00dfer Verbundstrukturen mit allen vorhandenen Verst\u00e4rkungen erm\u00f6glicht.<\/p>\n<p>RESOLTECH 1050 \/ 105xS ist eine Formulierung, die nicht kristallisiert, keine CMR-Komponenten enth\u00e4lt und den neuen Anforderungen der europ\u00e4ischen REACH-Verordnung entspricht.<\/p>\n<p>Dank seiner angepassten Viskosit\u00e4t und seiner breiten Palette an Reaktivit\u00e4ten erm\u00f6glicht das System 1050 \/ 105xS Anwendungen im traditionellen Nassverfahren, im Vakuum und beim Wickelverfahren. Eine thixotrope Version 1050T ist f\u00fcr bestimmte Anwendungen verf\u00fcgbar, insbesondere bei der Herstellung vertikaler Laminate. <\/p>\n<p>Alle 105xS-H\u00e4rter dieses Systems werden mit 35 Gewichtsteilen auf 100 Gewichtsteile Harz 1050 dosiert. Sie sind untereinander kompatibel und k\u00f6nnen gemischt werden, um eine auf die Anwendung abgestimmte Reaktivit\u00e4t zu erzielen. <\/p>\n<p>Nach der Aush\u00e4rtung bei Raumtemperatur kann das System 1050 \/ 105xS ohne Nachtemperung entformt werden. Um die Entformung nach der Aush\u00e4rtung des Produkts zu beschleunigen, wird eine Nachtemperung bei 40 \u00b0C empfohlen. Um optimale thermomechanische Eigenschaften zu erzielen, sollte eine Nachtemperung bis 60 \u00b0C durchgef\u00fchrt werden.  <\/p>\n<p>Die gr\u00f6\u00dfte Qualit\u00e4t des Systems RESOLTECH 1050 \/ 105XS ist seine au\u00dfergew\u00f6hnliche Benetzbarkeit, die das Impr\u00e4gnieren von Fasern wie Carbon und Aramid erm\u00f6glicht. Dank seiner hervorragenden Koh\u00e4sion mit der Faser eignet sich das System 1050 \/ 105xS perfekt f\u00fcr erm\u00fcdungsbeanspruchte Bauteile. <\/p>\n<p>Seine Formulierung erm\u00f6glicht es dem Anwender, strukturelle Bauteile ohne Nachtemperung herzustellen.<\/p>\n<p><strong>Vorteile des Produkts<\/strong><\/p>\n<p>&#8211; Einstellbare Verarbeitungszeit von 10 min bis 14 h<\/p>\n<p>&#8211; Hervorragende Benetzbarkeit mit allen Verst\u00e4rkungsarten<\/p>\n<p>&#8211; Gro\u00dfe Auswahl an Reaktivit\u00e4ten mit 6 H\u00e4rtern<\/p>\n<p>&#8211; Fertigung vom kleinen Bauteil bis zur gro\u00dfen Verbundstruktur<\/p>\n<p>&#8211; Kein B-Stadium nach Aush\u00e4rtung bei Raumtemperatur<\/p>\n<p><strong>Informationen  <\/strong><\/p>\n<p>TG (\u00b0C) 75<\/p>\n<p>Mischungsdichte 1,1<\/p>\n<p>Viskosit\u00e4t Mischung (mPa.s) 251 &#8211; 637<\/p>\n<p>Topfzeit bei 23 \u00b0C: 1053S (14 h) &#8211; 1056S (37 min) &#8211; 1059S (10 min)<\/p>\n<p><strong>Technisches Datenblatt<\/strong>  <a href=\"https:\/\/www.resoltech.com\/fr\/produits\/epoxy\/1050-detail.html\" target=\"_blank\" rel=\"noopener\">https:\/\/www.resoltech.com\/fr\/produits\/epoxy\/1050-detail.html<\/a><\/p>\n","protected":false},"excerpt":{"rendered":"<p>Strukturelles Epoxid-Laminiersystem<\/p>\n<p>RESOLTECH 1050 \/ 105xS ist ein flie\u00dff\u00e4higes Epoxid-Laminiersystem ohne B-Stadium, das sowohl die Herstellung kleiner Teile als auch gro\u00dfer Verbundstrukturen mit allen vorhandenen Verst\u00e4rkungen erm\u00f6glicht.<\/p>\n<p>Stellen Sie Ihr Kit je nach Gebindegr\u00f6\u00dfe und H\u00e4rter Ihrer Wahl zusammen! (1053S, 1056S oder 1059S) <\/p>\n","protected":false},"featured_media":14423,"template":"","meta":[],"product_brand":[],"product_cat":[1682,964,1681],"product_tag":[965,960,1191,966,967,944,943,922,928],"class_list":{"0":"post-22294","1":"product","2":"type-product","3":"status-publish","4":"has-post-thumbnail","6":"product_cat-epoxidharzkleber","7":"product_cat-epoxy-de","8":"product_cat-laminierung","9":"product_tag-epoxy-de","10":"product_tag-hohe-festigkeit","11":"product_tag-holz","12":"product_tag-marine-de","13":"product_tag-reparatur","14":"product_tag-schichtung","15":"product_tag-set","16":"product_tag-stijf-de","17":"product_tag-waterbestendig-de","19":"first","20":"instock","21":"taxable","22":"shipping-taxable","23":"purchasable","24":"product-type-variable"},"_links":{"self":[{"href":"https:\/\/www.finres-sa.com\/de\/wp-json\/wp\/v2\/product\/22294","targetHints":{"allow":["GET"]}}],"collection":[{"href":"https:\/\/www.finres-sa.com\/de\/wp-json\/wp\/v2\/product"}],"about":[{"href":"https:\/\/www.finres-sa.com\/de\/wp-json\/wp\/v2\/types\/product"}],"version-history":[{"count":1,"href":"https:\/\/www.finres-sa.com\/de\/wp-json\/wp\/v2\/product\/22294\/revisions"}],"predecessor-version":[{"id":38227,"href":"https:\/\/www.finres-sa.com\/de\/wp-json\/wp\/v2\/product\/22294\/revisions\/38227"}],"wp:featuredmedia":[{"embeddable":true,"href":"https:\/\/www.finres-sa.com\/de\/wp-json\/wp\/v2\/media\/14423"}],"wp:attachment":[{"href":"https:\/\/www.finres-sa.com\/de\/wp-json\/wp\/v2\/media?parent=22294"}],"wp:term":[{"taxonomy":"product_brand","embeddable":true,"href":"https:\/\/www.finres-sa.com\/de\/wp-json\/wp\/v2\/product_brand?post=22294"},{"taxonomy":"product_cat","embeddable":true,"href":"https:\/\/www.finres-sa.com\/de\/wp-json\/wp\/v2\/product_cat?post=22294"},{"taxonomy":"product_tag","embeddable":true,"href":"https:\/\/www.finres-sa.com\/de\/wp-json\/wp\/v2\/product_tag?post=22294"}],"curies":[{"name":"wp","href":"https:\/\/api.w.org\/{rel}","templated":true}]}}