{"id":22460,"date":"2025-02-12T13:18:23","date_gmt":"2025-02-12T12:18:23","guid":{"rendered":"https:\/\/www.finres-sa.com\/product\/din61-hahn-fuer-20l-kanister\/"},"modified":"2026-04-20T10:05:02","modified_gmt":"2026-04-20T08:05:02","slug":"din61-hahn-fuer-20l-kanister","status":"publish","type":"product","link":"https:\/\/www.finres-sa.com\/de\/produkt\/din61-hahn-fuer-20l-kanister\/","title":{"rendered":"DIN51 und DIN61 Hahn f\u00fcr 5, 10 und 20L Kanister"},"content":{"rendered":"\t\t<div data-elementor-type=\"product-post\" data-elementor-id=\"22460\" class=\"elementor elementor-22460 elementor-22446\" data-elementor-post-type=\"product\">\n\t\t\t\t<div class=\"elementor-element elementor-element-e3ff422 e-flex e-con-boxed e-con e-parent\" data-id=\"e3ff422\" data-element_type=\"container\" data-e-type=\"container\" data-settings=\"{&quot;jet_parallax_layout_list&quot;:[]}\">\n\t\t\t\t\t<div class=\"e-con-inner\">\n\t\t\t\t<div class=\"elementor-element elementor-element-ae1e94f elementor-widget elementor-widget-text-editor\" data-id=\"ae1e94f\" data-element_type=\"widget\" data-e-type=\"widget\" data-widget_type=\"text-editor.default\">\n\t\t\t\t<div class=\"elementor-widget-container\">\n\t\t\t\t\t\t\t\t\t<p><span style=\"color: #233c76;\">Dieser Wasserhahn ist ein unverzichtbares Zubeh\u00f6r f\u00fcr Profis.<\/span><\/p><p><span style=\"color: #233c76;\">Sind Sie es leid, mit \u00fcbergewichtigen Kanistern zu hantieren?<\/span><\/p><p><span style=\"color: #233c76;\">Ob Sie mit Jesmonit, Latex, Petroleum oder anderen Fl\u00fcssigkeiten arbeiten, dieser Hahn ist f\u00fcr Sie geeignet.<\/span><\/p><p><span style=\"color: #233c76;\">Der Ausgie\u00dfer wird auf die Flasche geschraubt und erm\u00f6glicht ein einfaches Umf\u00fcllen des Inhalts in einen kleineren Beh\u00e4lter.<\/span><\/p><p><span style=\"color: #233c76;\">Es passt auf 20- bis 30-Liter-Kanister mit DIN61-Gewinde und auf 5- bis 10-Liter-Beh\u00e4lter mit DIN51-Gewinde.<\/span><\/p><p><span style=\"color: #233c76;\">DIN 61: <strong>\u00d8<\/strong> A 55.6 mm, <strong>\u00d8 <\/strong> B 60.5 mm, P (Steigung) = 6<\/span><\/p><p><span style=\"color: #233c76;\">Bitte messen Sie vor der Bestellung.<\/span><\/p><p><span style=\"color: #233c76;\">Vergessen Sie nicht, die Kanister mit Jesmonit zu sch\u00fctteln, um eine homogene Mischung zu gew\u00e4hrleisten.<\/span><\/p>\t\t\t\t\t\t\t\t<\/div>\n\t\t\t\t<\/div>\n\t\t\t\t\t<\/div>\n\t\t\t\t<\/div>\n\t\t<div class=\"elementor-element elementor-element-167c827 e-flex e-con-boxed e-con e-parent\" data-id=\"167c827\" data-element_type=\"container\" data-e-type=\"container\" data-settings=\"{&quot;jet_parallax_layout_list&quot;:[],&quot;background_background&quot;:&quot;classic&quot;}\">\n\t\t\t\t\t<div class=\"e-con-inner\">\n\t\t<div class=\"elementor-element elementor-element-a2688db e-grid e-con-boxed e-con e-child\" data-id=\"a2688db\" data-element_type=\"container\" data-e-type=\"container\" data-settings=\"{&quot;jet_parallax_layout_list&quot;:[]}\">\n\t\t\t\t\t<div class=\"e-con-inner\">\n\t\t\t\t<div class=\"elementor-element elementor-element-01cbe72 elementor-widget elementor-widget-heading\" data-id=\"01cbe72\" data-element_type=\"widget\" data-e-type=\"widget\" data-widget_type=\"heading.default\">\n\t\t\t\t<div class=\"elementor-widget-container\">\n\t\t\t\t\t<h2 class=\"elementor-heading-title elementor-size-xl\">Vorteile<\/h2>\t\t\t\t<\/div>\n\t\t\t\t<\/div>\n\t\t\t\t<div class=\"elementor-element elementor-element-561b853 elementor-widget elementor-widget-heading\" data-id=\"561b853\" data-element_type=\"widget\" data-e-type=\"widget\" data-widget_type=\"heading.default\">\n\t\t\t\t<div class=\"elementor-widget-container\">\n\t\t\t\t\t<h2 class=\"elementor-heading-title elementor-size-xl\">Merkmale<\/h2>\t\t\t\t<\/div>\n\t\t\t\t<\/div>\n\t\t\t\t<div class=\"elementor-element elementor-element-e0ce24a elementor-widget elementor-widget-text-editor\" data-id=\"e0ce24a\" data-element_type=\"widget\" data-e-type=\"widget\" data-widget_type=\"text-editor.default\">\n\t\t\t\t<div class=\"elementor-widget-container\">\n\t\t\t\t\t\t\t\t\t<p>Macht das Abf\u00fcllen jeder Fl\u00fcssigkeit supereinfach.  <\/p><p>Optimal f\u00fcr eine genaue, saubere und nicht gurgelnde Bef\u00fcllung.<\/p><p>Einfach zu bedienender Wasserhahn mit zwei Positionen (ON\/OFF).<\/p><p>Erm\u00f6glicht eine genaue Dosierung des Flusses.<\/p>\t\t\t\t\t\t\t\t<\/div>\n\t\t\t\t<\/div>\n\t\t\t\t<div class=\"elementor-element elementor-element-6190b04 elementor-widget elementor-widget-text-editor\" data-id=\"6190b04\" data-element_type=\"widget\" data-e-type=\"widget\" data-widget_type=\"text-editor.default\">\n\t\t\t\t<div class=\"elementor-widget-container\">\n\t\t\t\t\t\t\t\t\t<p>DIN61- oder DIN51-\u00d6ffnung<\/p><p>Durchflussrate ca. 5 lt\/min.<\/p><p>Separater Bel\u00fcftungskanal<\/p><p>Material: Kunststoff<\/p><p>Wasserdichter, tropffreier Verschluss  <\/p><p>Hohe Best\u00e4ndigkeit gegen Reinigungsmittel oder Chemikalien<\/p>\t\t\t\t\t\t\t\t<\/div>\n\t\t\t\t<\/div>\n\t\t\t\t\t<\/div>\n\t\t\t\t<\/div>\n\t\t\t\t\t<\/div>\n\t\t\t\t<\/div>\n\t\t\t\t<\/div>\n\t\t","protected":false},"excerpt":{"rendered":"<p><span style=\"color: #ffffff;\">Ausgie\u00dfer f\u00fcr 20 L Kanister mit DIN61 Gewinde.<\/span><\/p>\n<p><span style=\"color: #ffffff;\">Ideal f\u00fcr eine saubere und pr\u00e4zise Anwendung. <\/span><\/p>\n<p><span style=\"color: #ffffff;\">NICHT GEEIGNET F\u00dcR JESMONIT-SETS 35KG<\/span><\/p>\n","protected":false},"featured_media":27257,"template":"","meta":[],"product_brand":[],"product_cat":[934,919,1631],"product_tag":[],"class_list":{"0":"post-22460","1":"product","2":"type-product","3":"status-publish","4":"has-post-thumbnail","6":"product_cat-gereedschap-in-zubehor","7":"product_cat-jesmonite-de","8":"product_cat-zubehor","10":"first","11":"instock","12":"taxable","13":"shipping-taxable","14":"purchasable","15":"product-type-variable"},"_links":{"self":[{"href":"https:\/\/www.finres-sa.com\/de\/wp-json\/wp\/v2\/product\/22460","targetHints":{"allow":["GET"]}}],"collection":[{"href":"https:\/\/www.finres-sa.com\/de\/wp-json\/wp\/v2\/product"}],"about":[{"href":"https:\/\/www.finres-sa.com\/de\/wp-json\/wp\/v2\/types\/product"}],"version-history":[{"count":0,"href":"https:\/\/www.finres-sa.com\/de\/wp-json\/wp\/v2\/product\/22460\/revisions"}],"wp:featuredmedia":[{"embeddable":true,"href":"https:\/\/www.finres-sa.com\/de\/wp-json\/wp\/v2\/media\/27257"}],"wp:attachment":[{"href":"https:\/\/www.finres-sa.com\/de\/wp-json\/wp\/v2\/media?parent=22460"}],"wp:term":[{"taxonomy":"product_brand","embeddable":true,"href":"https:\/\/www.finres-sa.com\/de\/wp-json\/wp\/v2\/product_brand?post=22460"},{"taxonomy":"product_cat","embeddable":true,"href":"https:\/\/www.finres-sa.com\/de\/wp-json\/wp\/v2\/product_cat?post=22460"},{"taxonomy":"product_tag","embeddable":true,"href":"https:\/\/www.finres-sa.com\/de\/wp-json\/wp\/v2\/product_tag?post=22460"}],"curies":[{"name":"wp","href":"https:\/\/api.w.org\/{rel}","templated":true}]}}