{"id":22469,"date":"2025-02-12T13:24:41","date_gmt":"2025-02-12T12:24:41","guid":{"rendered":"https:\/\/www.finres-sa.com\/product\/klemmschluessel-din61-20l-kanister\/"},"modified":"2026-03-16T16:00:43","modified_gmt":"2026-03-16T15:00:43","slug":"klemmschluessel-din61-20l-kanister","status":"publish","type":"product","link":"https:\/\/www.finres-sa.com\/de\/produkt\/klemmschluessel-din61-20l-kanister\/","title":{"rendered":"Verschlussschl\u00fcssel f\u00fcr DIN 51 &amp; DIN 61 Verschl\u00fcsse"},"content":{"rendered":"\t\t<div data-elementor-type=\"product-post\" data-elementor-id=\"22469\" class=\"elementor elementor-22469 elementor-22459\" data-elementor-post-type=\"product\">\n\t\t\t\t<div class=\"elementor-element elementor-element-374cb0e e-flex e-con-boxed e-con e-parent\" data-id=\"374cb0e\" data-element_type=\"container\" data-e-type=\"container\" data-settings=\"{&quot;jet_parallax_layout_list&quot;:[]}\">\n\t\t\t\t\t<div class=\"e-con-inner\">\n\t\t\t\t<div class=\"elementor-element elementor-element-7b887e5 elementor-widget elementor-widget-text-editor\" data-id=\"7b887e5\" data-element_type=\"widget\" data-e-type=\"widget\" data-widget_type=\"text-editor.default\">\n\t\t\t\t<div class=\"elementor-widget-container\">\n\t\t\t\t\t\t\t\t\t<p><span style=\"color: #233c76;\">Optimieren Sie Ihre Bef\u00fcll- und Verschlie\u00dfvorg\u00e4nge mit diesem Verschlussschl\u00fcssel, der speziell entwickelt wurde, um das \u00d6ffnen aller Kanisterverschl\u00fcsse von 5 bis 20 Litern zu erleichtern.<\/span><\/p><p><span style=\"color: #233c76;\">Dank seiner verst\u00e4rkten Struktur und seines durchdachten Designs gew\u00e4hrleistet er einen komfortablen Griff und optimiert die \u00dcbertragung des Anzugsdrehmoments, wodurch eine vorzeitige Besch\u00e4digung des Verschlusses vermieden wird.<\/span><\/p><p><span style=\"color: #233c76;\">Der Verschlussschl\u00fcssel ist das unverzichtbare Zubeh\u00f6r, das Fachleuten ein schnelles, sicheres und m\u00fcheloses An- und Abschrauben von Verschl\u00fcssen mit DIN 51 oder DIN 61 Gewinde garantiert.<\/span><\/p>\t\t\t\t\t\t\t\t<\/div>\n\t\t\t\t<\/div>\n\t\t\t\t\t<\/div>\n\t\t\t\t<\/div>\n\t\t<div class=\"elementor-element elementor-element-1f9353d e-flex e-con-boxed e-con e-parent\" data-id=\"1f9353d\" data-element_type=\"container\" data-e-type=\"container\" data-settings=\"{&quot;jet_parallax_layout_list&quot;:[],&quot;background_background&quot;:&quot;classic&quot;}\">\n\t\t\t\t\t<div class=\"e-con-inner\">\n\t\t<div class=\"elementor-element elementor-element-a5894ab e-grid e-con-boxed e-con e-child\" data-id=\"a5894ab\" data-element_type=\"container\" data-e-type=\"container\" data-settings=\"{&quot;jet_parallax_layout_list&quot;:[]}\">\n\t\t\t\t\t<div class=\"e-con-inner\">\n\t\t\t\t<div class=\"elementor-element elementor-element-24104f3 elementor-widget elementor-widget-heading\" data-id=\"24104f3\" data-element_type=\"widget\" data-e-type=\"widget\" data-widget_type=\"heading.default\">\n\t\t\t\t<div class=\"elementor-widget-container\">\n\t\t\t\t\t<h2 class=\"elementor-heading-title elementor-size-xl\">Vorteile<\/h2>\t\t\t\t<\/div>\n\t\t\t\t<\/div>\n\t\t\t\t\t<\/div>\n\t\t\t\t<\/div>\n\t\t<div class=\"elementor-element elementor-element-4f5e9b9 e-grid e-con-boxed e-con e-child\" data-id=\"4f5e9b9\" data-element_type=\"container\" data-e-type=\"container\" data-settings=\"{&quot;jet_parallax_layout_list&quot;:[]}\">\n\t\t\t\t\t<div class=\"e-con-inner\">\n\t\t\t\t<div class=\"elementor-element elementor-element-2c2ce28 elementor-widget elementor-widget-text-editor\" data-id=\"2c2ce28\" data-element_type=\"widget\" data-e-type=\"widget\" data-widget_type=\"text-editor.default\">\n\t\t\t\t<div class=\"elementor-widget-container\">\n\t\t\t\t\t\t\t\t\t<p>M\u00fcheloses Verschlie\u00dfen<\/p><p>Gew\u00e4hrleistet ein effizientes \u00d6ffnen in wenigen Sekunden<\/p><p>Ergonomischer Griff f\u00fcr optimalen Halt<\/p><p>Gefertigt aus verst\u00e4rktem Kunststoff f\u00fcr eine l\u00e4ngere Lebensdauer<\/p>\t\t\t\t\t\t\t\t<\/div>\n\t\t\t\t<\/div>\n\t\t\t\t\t<\/div>\n\t\t\t\t<\/div>\n\t\t\t\t\t<\/div>\n\t\t\t\t<\/div>\n\t\t<div class=\"elementor-element elementor-element-fd38228 e-flex e-con-boxed e-con e-parent\" data-id=\"fd38228\" data-element_type=\"container\" data-e-type=\"container\" data-settings=\"{&quot;jet_parallax_layout_list&quot;:[],&quot;background_background&quot;:&quot;classic&quot;}\">\n\t\t\t\t\t<div class=\"e-con-inner\">\n\t\t<div class=\"elementor-element elementor-element-fe2e592 e-grid e-con-boxed e-con e-child\" data-id=\"fe2e592\" data-element_type=\"container\" data-e-type=\"container\" data-settings=\"{&quot;jet_parallax_layout_list&quot;:[]}\">\n\t\t\t\t\t<div class=\"e-con-inner\">\n\t\t\t\t<div class=\"elementor-element elementor-element-15cd262 elementor-widget elementor-widget-heading\" data-id=\"15cd262\" data-element_type=\"widget\" data-e-type=\"widget\" data-widget_type=\"heading.default\">\n\t\t\t\t<div class=\"elementor-widget-container\">\n\t\t\t\t\t<h2 class=\"elementor-heading-title elementor-size-xl\">Kompatibilit\u00e4t<\/h2>\t\t\t\t<\/div>\n\t\t\t\t<\/div>\n\t\t\t\t\t<\/div>\n\t\t\t\t<\/div>\n\t\t<div class=\"elementor-element elementor-element-755c613 e-grid e-con-boxed e-con e-child\" data-id=\"755c613\" data-element_type=\"container\" data-e-type=\"container\" data-settings=\"{&quot;jet_parallax_layout_list&quot;:[]}\">\n\t\t\t\t\t<div class=\"e-con-inner\">\n\t\t\t\t<div class=\"elementor-element elementor-element-8cbb9dd elementor-widget elementor-widget-text-editor\" data-id=\"8cbb9dd\" data-element_type=\"widget\" data-e-type=\"widget\" data-widget_type=\"text-editor.default\">\n\t\t\t\t<div class=\"elementor-widget-container\">\n\t\t\t\t\t\t\t\t\t<p>DIN 51 passend f\u00fcr 5- und 10-Liter-Kanister (Jesmonite AC 100 Kit 17,5 kg\/35 kg, AC730 30 kg)<\/p><p>DIN 61 passend f\u00fcr 20- und 30-Liter-Kanister (Jesmonite AC 100 Kit 70 kg)<\/p>\t\t\t\t\t\t\t\t<\/div>\n\t\t\t\t<\/div>\n\t\t\t\t\t<\/div>\n\t\t\t\t<\/div>\n\t\t\t\t\t<\/div>\n\t\t\t\t<\/div>\n\t\t\t\t<\/div>\n\t\t","protected":false},"excerpt":{"rendered":"<p><span style=\"color: #ffffff;\">Robuster und ergonomischer Verschlussschl\u00fcssel, konzipiert f\u00fcr ein optimales und m\u00fcheloses \u00d6ffnen von DIN 51 &amp; DIN 61 Verschl\u00fcssen. <\/span><\/p>\n","protected":false},"featured_media":22467,"template":"","meta":[],"product_brand":[],"product_cat":[934,919,1000,1631],"product_tag":[],"class_list":{"0":"post-22469","1":"product","2":"type-product","3":"status-publish","4":"has-post-thumbnail","6":"product_cat-gereedschap-in-zubehor","7":"product_cat-jesmonite-de","8":"product_cat-neuheiten","9":"product_cat-zubehor","11":"first","12":"instock","13":"taxable","14":"shipping-taxable","15":"purchasable","16":"product-type-variable"},"_links":{"self":[{"href":"https:\/\/www.finres-sa.com\/de\/wp-json\/wp\/v2\/product\/22469","targetHints":{"allow":["GET"]}}],"collection":[{"href":"https:\/\/www.finres-sa.com\/de\/wp-json\/wp\/v2\/product"}],"about":[{"href":"https:\/\/www.finres-sa.com\/de\/wp-json\/wp\/v2\/types\/product"}],"version-history":[{"count":1,"href":"https:\/\/www.finres-sa.com\/de\/wp-json\/wp\/v2\/product\/22469\/revisions"}],"predecessor-version":[{"id":37231,"href":"https:\/\/www.finres-sa.com\/de\/wp-json\/wp\/v2\/product\/22469\/revisions\/37231"}],"wp:featuredmedia":[{"embeddable":true,"href":"https:\/\/www.finres-sa.com\/de\/wp-json\/wp\/v2\/media\/22467"}],"wp:attachment":[{"href":"https:\/\/www.finres-sa.com\/de\/wp-json\/wp\/v2\/media?parent=22469"}],"wp:term":[{"taxonomy":"product_brand","embeddable":true,"href":"https:\/\/www.finres-sa.com\/de\/wp-json\/wp\/v2\/product_brand?post=22469"},{"taxonomy":"product_cat","embeddable":true,"href":"https:\/\/www.finres-sa.com\/de\/wp-json\/wp\/v2\/product_cat?post=22469"},{"taxonomy":"product_tag","embeddable":true,"href":"https:\/\/www.finres-sa.com\/de\/wp-json\/wp\/v2\/product_tag?post=22469"}],"curies":[{"name":"wp","href":"https:\/\/api.w.org\/{rel}","templated":true}]}}