{"id":22964,"date":"2025-03-05T11:02:04","date_gmt":"2025-03-05T10:02:04","guid":{"rendered":"https:\/\/www.finres-sa.com\/product\/reslin-100-naturharz\/"},"modified":"2026-03-19T14:26:46","modified_gmt":"2026-03-19T13:26:46","slug":"reslin-100-naturharz","status":"publish","type":"product","link":"https:\/\/www.finres-sa.com\/de\/produkt\/reslin-100-naturharz\/","title":{"rendered":"RESLIN &#8211; 100% Naturharz"},"content":{"rendered":"\t\t<div data-elementor-type=\"product-post\" data-elementor-id=\"22964\" class=\"elementor elementor-22964 elementor-22907\" data-elementor-post-type=\"product\">\n\t\t\t\t<div class=\"elementor-element elementor-element-eef619e e-flex e-con-boxed e-con e-parent\" data-id=\"eef619e\" data-element_type=\"container\" data-e-type=\"container\" data-settings=\"{&quot;jet_parallax_layout_list&quot;:[]}\">\n\t\t\t\t\t<div class=\"e-con-inner\">\n\t\t\t\t<div class=\"elementor-element elementor-element-2a1145a elementor-widget elementor-widget-text-editor\" data-id=\"2a1145a\" data-element_type=\"widget\" data-e-type=\"widget\" data-widget_type=\"text-editor.default\">\n\t\t\t\t<div class=\"elementor-widget-container\">\n\t\t\t\t\t\t\t\t\t<p><span style=\"color: #233c76;\">Reslin\u00ae ist das erste pflanzliche Harz, das zu 100 % biologisch abbaubar ist und eine subtile Kombination aus Innovation und Umweltschutz darstellt.<\/span><\/p><p><span style=\"color: #233c76;\">Die Formulierung auf Basis <strong>von Lein\u00f6l<\/strong> und einem pflanzlichen Aktivator sorgt f\u00fcr einen geringen \u00f6kologischen Fu\u00dfabdruck und positioniert Reslin als DIE neue umweltfreundliche Alternative zu herk\u00f6mmlichen Epoxidharzen.<\/span><\/p><p><span style=\"color: #233c76;\">Reslin ist formbar und vielseitig, eignet sich f\u00fcr alle Kreativen und kann problemlos mit Pigmenten und dekorativen F\u00fcllstoffen versetzt werden, was eine einzigartige und vielf\u00e4ltige Optik erm\u00f6glicht.<\/span><\/p><p><span style=\"color: #233c76;\">Wenn es allein verwendet wird, bietet es eine bemerkenswerte Flexibilit\u00e4t, w\u00e4hrend die Hinzuf\u00fcgung von F\u00fcllstoffen ihm die Steifigkeit und Robustheit verleiht, die f\u00fcr dauerhafte Konstruktionen erforderlich sind.<\/span><\/p><p><span style=\"color: #233c76;\">Um Ihre Kreationen zu veredeln und ihre Leistung zu steigern, verwenden Sie nat\u00fcrliche Materialien wie Glassroxx, Steine, Terrazzo Jesmonite oder andere kleine, feine Granulate. Je kleiner die Partikelgr\u00f6\u00dfe, desto h\u00f6her die Festigkeit. <\/span><\/p><p><span style=\"color: #233c76;\">Reslin ist mit einer Vielzahl von Pigmenten und mineralischen F\u00fcllstoffen kompatibel und kann auch mit nat\u00fcrlichen Elementen wie Kr\u00e4utern, Kaffee oder getrockneten Blumen kombiniert werden, um ein organisches und raffiniertes Aussehen zu erzielen. Achten Sie jedoch darauf, keine wasserbasierten (Acryl-) Zus\u00e4tze zu verwenden, um die Integrit\u00e4t der \u00f6lbasierten Formulierung zu bewahren. <\/span><\/p><p> <\/p>\t\t\t\t\t\t\t\t<\/div>\n\t\t\t\t<\/div>\n\t\t\t\t\t<\/div>\n\t\t\t\t<\/div>\n\t\t<div class=\"elementor-element elementor-element-bfadeae e-flex e-con-boxed e-con e-parent\" data-id=\"bfadeae\" data-element_type=\"container\" data-e-type=\"container\" data-settings=\"{&quot;jet_parallax_layout_list&quot;:[],&quot;background_background&quot;:&quot;classic&quot;}\">\n\t\t\t\t\t<div class=\"e-con-inner\">\n\t\t<div class=\"elementor-element elementor-element-3ffc02f e-grid e-con-boxed e-con e-child\" data-id=\"3ffc02f\" data-element_type=\"container\" data-e-type=\"container\" data-settings=\"{&quot;jet_parallax_layout_list&quot;:[]}\">\n\t\t\t\t\t<div class=\"e-con-inner\">\n\t\t<div class=\"elementor-element elementor-element-3db4ee0 e-con-full e-flex e-con e-child\" data-id=\"3db4ee0\" data-element_type=\"container\" data-e-type=\"container\" data-settings=\"{&quot;jet_parallax_layout_list&quot;:[],&quot;background_background&quot;:&quot;classic&quot;}\">\n\t\t\t\t<div class=\"elementor-element elementor-element-0b766cb elementor-widget elementor-widget-heading\" data-id=\"0b766cb\" data-element_type=\"widget\" data-e-type=\"widget\" data-widget_type=\"heading.default\">\n\t\t\t\t<div class=\"elementor-widget-container\">\n\t\t\t\t\t<h2 class=\"elementor-heading-title elementor-size-xl\">Technische Eigenschaften<\/h2>\t\t\t\t<\/div>\n\t\t\t\t<\/div>\n\t\t\t\t<div class=\"elementor-element elementor-element-96aa1d2 elementor-widget elementor-widget-text-editor\" data-id=\"96aa1d2\" data-element_type=\"widget\" data-e-type=\"widget\" data-widget_type=\"text-editor.default\">\n\t\t\t\t<div class=\"elementor-widget-container\">\n\t\t\t\t\t\t\t\t\t<p>Mischungsverh\u00e4ltnis 2:1 (100 g Reslin\u00f6l auf 50 g Aktivator)<\/p><p>Farbe: Bernsteinfarben, durchscheinend<\/p><p>Erhitzung der Komponenten und des Additivs: 20 Minuten bei 60\u00b0C <\/p><p>Mischung aus Harz und Aktivator: 2-3 min.<\/p><p>Lebensdauer des Topfes: 15 Min.<\/p><p>Ruhezeit vor dem Backen: 20 Min.<\/p><p>Kochen: Phase 1: 20 Min. bei 90\u00b0C (200\u00b0F), Phase 2: 20 Min. bei 120\u00b0C (250\u00b0F)  <\/p><p>Entformung: wenn richtig abgek\u00fchlt<\/p><p>Kompatibilit\u00e4t: GlassRoxx, Glimmerpulver, Glitter, Flocken, Terrazzo, usw., !KEINE Zus\u00e4tze auf Wasserbasis verwenden!<\/p>\t\t\t\t\t\t\t\t<\/div>\n\t\t\t\t<\/div>\n\t\t\t\t<\/div>\n\t\t<div class=\"elementor-element elementor-element-0e700d4 e-con-full e-flex e-con e-child\" data-id=\"0e700d4\" data-element_type=\"container\" data-e-type=\"container\" data-settings=\"{&quot;jet_parallax_layout_list&quot;:[],&quot;background_background&quot;:&quot;classic&quot;}\">\n\t\t\t\t<div class=\"elementor-element elementor-element-e9d6428 elementor-widget elementor-widget-heading\" data-id=\"e9d6428\" data-element_type=\"widget\" data-e-type=\"widget\" data-widget_type=\"heading.default\">\n\t\t\t\t<div class=\"elementor-widget-container\">\n\t\t\t\t\t<h2 class=\"elementor-heading-title elementor-size-xl\">Produktvorteile<\/h2>\t\t\t\t<\/div>\n\t\t\t\t<\/div>\n\t\t\t\t<div class=\"elementor-element elementor-element-69221d8 elementor-widget elementor-widget-text-editor\" data-id=\"69221d8\" data-element_type=\"widget\" data-e-type=\"widget\" data-widget_type=\"text-editor.default\">\n\t\t\t\t<div class=\"elementor-widget-container\">\n\t\t\t\t\t\t\t\t\t<p>100% biologisch abbaubar<\/p><p>Ohne sch\u00e4dliche Substanzen<\/p><p>Geeignet f\u00fcr Kinder<\/p><p>Umweltfreundliche Alternative zu Epoxydharz<\/p><p>Mit blo\u00dfen H\u00e4nden bedienbar<\/p><p>Kreisf\u00f6rmiges Produkt<\/p><p>Bereits nach 12 Stunden gebrauchsfertig<\/p><p>Geeignet f\u00fcr kleine und gro\u00dfe Objekte<\/p>\t\t\t\t\t\t\t\t<\/div>\n\t\t\t\t<\/div>\n\t\t\t\t<\/div>\n\t\t\t\t\t<\/div>\n\t\t\t\t<\/div>\n\t\t\t\t\t<\/div>\n\t\t\t\t<\/div>\n\t\t<div class=\"elementor-element elementor-element-19f4007 e-flex e-con-boxed e-con e-parent\" data-id=\"19f4007\" data-element_type=\"container\" data-e-type=\"container\" data-settings=\"{&quot;jet_parallax_layout_list&quot;:[],&quot;background_background&quot;:&quot;classic&quot;}\">\n\t\t\t\t\t<div class=\"e-con-inner\">\n\t\t\t\t<div class=\"elementor-element elementor-element-2d1f005 elementor-widget elementor-widget-heading\" data-id=\"2d1f005\" data-element_type=\"widget\" data-e-type=\"widget\" data-widget_type=\"heading.default\">\n\t\t\t\t<div class=\"elementor-widget-container\">\n\t\t\t\t\t<h2 class=\"elementor-heading-title elementor-size-xl\">Anwendung und Verarbeitung<\/h2>\t\t\t\t<\/div>\n\t\t\t\t<\/div>\n\t\t\t\t<div class=\"elementor-element elementor-element-5126408 elementor-widget elementor-widget-text-editor\" data-id=\"5126408\" data-element_type=\"widget\" data-e-type=\"widget\" data-widget_type=\"text-editor.default\">\n\t\t\t\t<div class=\"elementor-widget-container\">\n\t\t\t\t\t\t\t\t\t<p><strong>1. Bereiten Sie die Mengen vor<\/strong><\/p><p>Mischungsverh\u00e4ltnis 1:2.<\/p><p>Messen Sie 1 Teil Reslin Aktivator auf 2 Teile Reslin \u00d6l.<\/p><p><strong>2. Bereiten Sie die Komponenten vor. <\/strong><strong>Reslin<\/strong><\/p><p>Es ist sehr wichtig, dass die Bestandteile von Reslin vor der Verwendung auf die richtige Temperatur gebracht werden. Erw\u00e4rmen Sie den Aktivator und das Reslin-\u00d6l separat in einem Ofen f\u00fcr 20 Minuten bei 60\u00b0C (140\u00b0F). Wenn die Zugabe von Glassroxx oder anderen Stoffen gew\u00fcnscht wird, k\u00f6nnen diese ebenfalls erw\u00e4rmt werden, um das Abk\u00fchlen des Harzes nicht zu beschleunigen. VERWENDEN SIE KEINE MIKROWELLE.   <\/p><p><strong>3. Mischung A+B<\/strong><\/p><p>Gie\u00dfen Sie das Reslin-\u00d6l in den Aktivator und r\u00fchren Sie die Mischung mehrere Minuten lang gr\u00fcndlich um. Danach k\u00f6nnen Sie der Reslin-Mischung weitere Zus\u00e4tze wie GlassRoxx, Glimmerpulver, Pailetten usw. hinzuf\u00fcgen. <\/p><p><strong>4. F\u00fcllen der Form.<\/strong><\/p><p>Wie Sie dies tun, h\u00e4ngt von der Zusammensetzung Ihrer Mischung ab. Reslin, das mit dekorativen Zuschlagstoffen verst\u00e4rkt ist, muss gegossen und dann festgestampft werden. Nachdem Sie die Form gef\u00fcllt haben, lassen Sie die Mischung 20 Minuten ruhen, bevor Sie sie in den Ofen schieben.  <\/p><p><strong>5. Backen von Reslin in 2 Phasen<br><\/strong>Phase 1: Schieben Sie Ihr Werk in einen Umluftofen und erhitzen Sie es 20 Minuten lang auf 90\u00b0C. Die Hitze wird in der Mitte des Ofens erzeugt.<\/p><p>Phase 2: Erh\u00f6hen Sie die Temperatur auf 120\u00b0C und erhitzen Sie erneut f\u00fcr 20 Minuten.<\/p><p><strong>6. Abk\u00fchlen und Entformen<\/strong><\/p><p>Nach der zweiten Heizphase k\u00f6nnen Sie sofort mit dem Abk\u00fchlen des Objekts beginnen. Lassen Sie das Objekt an der Luft abk\u00fchlen oder stellen Sie die Form in kaltes Wasser. Achten Sie darauf, dass das Objekt vollst\u00e4ndig abgek\u00fchlt ist, bevor Sie es aus der Form nehmen. Es kann bis zu 12 Stunden dauern, bis Ihr Objekt aus Reslin vollst\u00e4ndig ausgeh\u00e4rtet und gebrauchsfertig ist.   <\/p>\t\t\t\t\t\t\t\t<\/div>\n\t\t\t\t<\/div>\n\t\t\t\t\t<\/div>\n\t\t\t\t<\/div>\n\t\t<div class=\"elementor-element elementor-element-4a82fcc e-flex e-con-boxed e-con e-parent\" data-id=\"4a82fcc\" data-element_type=\"container\" data-e-type=\"container\" data-settings=\"{&quot;jet_parallax_layout_list&quot;:[],&quot;background_background&quot;:&quot;classic&quot;}\">\n\t\t\t\t\t<div class=\"e-con-inner\">\n\t\t\t\t<div class=\"elementor-element elementor-element-25c16b5 elementor-widget elementor-widget-heading\" data-id=\"25c16b5\" data-element_type=\"widget\" data-e-type=\"widget\" data-widget_type=\"heading.default\">\n\t\t\t\t<div class=\"elementor-widget-container\">\n\t\t\t\t\t<h2 class=\"elementor-heading-title elementor-size-xl\">Zusatzstoffe<\/h2>\t\t\t\t<\/div>\n\t\t\t\t<\/div>\n\t\t\t\t<div class=\"elementor-element elementor-element-05e174d elementor-widget elementor-widget-text-editor\" data-id=\"05e174d\" data-element_type=\"widget\" data-e-type=\"widget\" data-widget_type=\"text-editor.default\">\n\t\t\t\t<div class=\"elementor-widget-container\">\n\t\t\t\t\t\t\t\t\t<p><a href=\"https:\/\/www.finres-sa.com\/de\/produkt\/glassroxx-farben\/\">GlassRoxx<\/a><\/p><p><a href=\"https:\/\/www.finres-sa.com\/de\/produkt\/jesmonite-pigment-neonpulver\/\">Neon-Pulver<\/a><\/p><p>Metallisches Pulver<\/p>\t\t\t\t\t\t\t\t<\/div>\n\t\t\t\t<\/div>\n\t\t\t\t\t<\/div>\n\t\t\t\t<\/div>\n\t\t\t\t<\/div>\n\t\t","protected":false},"excerpt":{"rendered":"<p><span style=\"color: #ffffff;\">Entdecken Sie das allererste 100% biologisch abbaubare Harz pflanzlichen Ursprungs, das aus erneuerbaren Materialien hergestellt wird.<\/span><\/p>\n<p><span style=\"color: #ffffff;\">Reslin ist ein nat\u00fcrliches Harz, das sich harmonisch mit Pigmenten, mineralischen F\u00fcllstoffen und anderen dekorativen Elementen vermischt, um einzigartige und vielf\u00e4ltige visuelle Effekte zu erzielen.<\/span><\/p>\n<p><span style=\"color: #ffffff;\">Das auf Lein\u00f6lbasis hergestellte Harz ist sicher und kann von Gro\u00df und Klein sicher verarbeitet werden.<\/span><\/p>\n","protected":false},"featured_media":26159,"template":"","meta":[],"product_brand":[],"product_cat":[1772,1000,1773,1807],"product_tag":[971],"class_list":{"0":"post-22964","1":"product","2":"type-product","3":"status-publish","4":"has-post-thumbnail","6":"product_cat-100-naturharz","7":"product_cat-neuheiten","8":"product_cat-reslin-de","9":"product_cat-sonderangebote","10":"product_tag-on-sale-de","12":"first","13":"instock","14":"sale","15":"taxable","16":"shipping-taxable","17":"purchasable","18":"product-type-variable"},"_links":{"self":[{"href":"https:\/\/www.finres-sa.com\/de\/wp-json\/wp\/v2\/product\/22964","targetHints":{"allow":["GET"]}}],"collection":[{"href":"https:\/\/www.finres-sa.com\/de\/wp-json\/wp\/v2\/product"}],"about":[{"href":"https:\/\/www.finres-sa.com\/de\/wp-json\/wp\/v2\/types\/product"}],"version-history":[{"count":3,"href":"https:\/\/www.finres-sa.com\/de\/wp-json\/wp\/v2\/product\/22964\/revisions"}],"predecessor-version":[{"id":37679,"href":"https:\/\/www.finres-sa.com\/de\/wp-json\/wp\/v2\/product\/22964\/revisions\/37679"}],"wp:featuredmedia":[{"embeddable":true,"href":"https:\/\/www.finres-sa.com\/de\/wp-json\/wp\/v2\/media\/26159"}],"wp:attachment":[{"href":"https:\/\/www.finres-sa.com\/de\/wp-json\/wp\/v2\/media?parent=22964"}],"wp:term":[{"taxonomy":"product_brand","embeddable":true,"href":"https:\/\/www.finres-sa.com\/de\/wp-json\/wp\/v2\/product_brand?post=22964"},{"taxonomy":"product_cat","embeddable":true,"href":"https:\/\/www.finres-sa.com\/de\/wp-json\/wp\/v2\/product_cat?post=22964"},{"taxonomy":"product_tag","embeddable":true,"href":"https:\/\/www.finres-sa.com\/de\/wp-json\/wp\/v2\/product_tag?post=22964"}],"curies":[{"name":"wp","href":"https:\/\/api.w.org\/{rel}","templated":true}]}}