{"id":23070,"date":"2025-03-06T10:18:44","date_gmt":"2025-03-06T09:18:44","guid":{"rendered":"https:\/\/www.finres-sa.com\/?post_type=product&#038;p=23070"},"modified":"2026-03-13T11:25:19","modified_gmt":"2026-03-13T10:25:19","slug":"finsil-134-thixo-polykondensation-copie","status":"publish","type":"product","link":"https:\/\/www.finres-sa.com\/de\/produkt\/finsil-134-thixo-polykondensation-copie\/","title":{"rendered":"Thixo Silikon Polyaddition"},"content":{"rendered":"\t\t<div data-elementor-type=\"product-post\" data-elementor-id=\"23070\" class=\"elementor elementor-23070 elementor-23058\" data-elementor-post-type=\"product\">\n\t\t\t\t<div class=\"elementor-element elementor-element-518e98c9 e-flex e-con-boxed e-con e-parent\" data-id=\"518e98c9\" data-element_type=\"container\" data-e-type=\"container\" data-settings=\"{&quot;jet_parallax_layout_list&quot;:[]}\">\n\t\t\t\t\t<div class=\"e-con-inner\">\n\t\t\t\t<div class=\"elementor-element elementor-element-7721b537 elementor-widget elementor-widget-text-editor\" data-id=\"7721b537\" data-element_type=\"widget\" data-e-type=\"widget\" data-widget_type=\"text-editor.default\">\n\t\t\t\t<div class=\"elementor-widget-container\">\n\t\t\t\t\t\t\t\t\t<p><span style=\"color: #233c76;\">Ein thixotropes Mittel ist ein Zusatzstoff, der dem Silikon zugesetzt wird, um die Viskosit\u00e4t der Mischung zu kontrollieren.<\/span><\/p><p><span style=\"color: #233c76;\">Die Zugabe eines Thixotropiermittels erm\u00f6glicht es, ein fl\u00fcssiges Silikon in eine Paste oder ein Gel umzuwandeln, wodurch die Anwendung auf vertikalen oder \u00fcberh\u00e4ngenden Oberfl\u00e4chen ohne Ablaufen erleichtert wird.<\/span><\/p><p><span style=\"color: #233c76;\">Dieses Thixotropiermittel muss mit unseren Polyadditions-Silikonen (z.B. AS40\/AS20\/ZA22) verwendet werden.<\/span><\/p><p><span style=\"color: #233c76;\">Jede Silikonfamilie hat ihre eigenen Additive, es ist wichtig, diese nicht zu verwechseln.<\/span><\/p><p><span style=\"color: #233c76;\">Hinweis: Bei Produkten anderer Herkunft wird ein vorheriger Kompatibilit\u00e4tstest empfohlen.<\/span><\/p>\t\t\t\t\t\t\t\t<\/div>\n\t\t\t\t<\/div>\n\t\t\t\t\t<\/div>\n\t\t\t\t<\/div>\n\t\t<div class=\"elementor-element elementor-element-c749217 e-flex e-con-boxed e-con e-parent\" data-id=\"c749217\" data-element_type=\"container\" data-e-type=\"container\" data-settings=\"{&quot;jet_parallax_layout_list&quot;:[],&quot;background_background&quot;:&quot;classic&quot;}\">\n\t\t\t\t\t<div class=\"e-con-inner\">\n\t\t<div class=\"elementor-element elementor-element-9578ab9 e-grid e-con-boxed e-con e-child\" data-id=\"9578ab9\" data-element_type=\"container\" data-e-type=\"container\" data-settings=\"{&quot;jet_parallax_layout_list&quot;:[]}\">\n\t\t\t\t\t<div class=\"e-con-inner\">\n\t\t\t\t<div class=\"elementor-element elementor-element-11696a8 elementor-widget elementor-widget-heading\" data-id=\"11696a8\" data-element_type=\"widget\" data-e-type=\"widget\" data-widget_type=\"heading.default\">\n\t\t\t\t<div class=\"elementor-widget-container\">\n\t\t\t\t\t<h2 class=\"elementor-heading-title elementor-size-xl\">Merkmale<\/h2>\t\t\t\t<\/div>\n\t\t\t\t<\/div>\n\t\t\t\t<div class=\"elementor-element elementor-element-6a21b91 elementor-widget elementor-widget-heading\" data-id=\"6a21b91\" data-element_type=\"widget\" data-e-type=\"widget\" data-widget_type=\"heading.default\">\n\t\t\t\t<div class=\"elementor-widget-container\">\n\t\t\t\t\t<h2 class=\"elementor-heading-title elementor-size-xl\">Umsetzung<\/h2>\t\t\t\t<\/div>\n\t\t\t\t<\/div>\n\t\t\t\t<div class=\"elementor-element elementor-element-0035652 elementor-widget elementor-widget-text-editor\" data-id=\"0035652\" data-element_type=\"widget\" data-e-type=\"widget\" data-widget_type=\"text-editor.default\">\n\t\t\t\t<div class=\"elementor-widget-container\">\n\t\t\t\t\t\t\t\t\t<p>Zugabe: 1 bis 3 %<\/p><p>Aussehen: klares bis undurchsichtiges halbviskoses Gel<\/p><p>Kompatibilit\u00e4t: Silikon <a href=\"https:\/\/www.finres-sa.com\/de\/produkt\/transluzentes-polyadditions-silikon-as20\/\">AS20<\/a>\/<a href=\"https:\/\/www.finres-sa.com\/de\/produkt\/transluzentes-polyadditions-silikon-as40\/\">AS40<\/a>\/ZA22 <\/p><p>Haltbarkeit: 12 Monate ab Produktionsdatum<\/p><p>Lagerung: Muss in der Originalverpackung zwischen 15 und 25\u00b0C gelagert werden.<\/p>\t\t\t\t\t\t\t\t<\/div>\n\t\t\t\t<\/div>\n\t\t\t\t<div class=\"elementor-element elementor-element-04fa087 elementor-widget elementor-widget-text-editor\" data-id=\"04fa087\" data-element_type=\"widget\" data-e-type=\"widget\" data-widget_type=\"text-editor.default\">\n\t\t\t\t<div class=\"elementor-widget-container\">\n\t\t\t\t\t\t\t\t\t<p><strong>1. Vorbereitung<\/strong><\/p><p>Mischen Sie das Silikon mit der vom Hersteller empfohlenen Menge an <u>Katalysator<\/u>. <\/p><p><strong>2. Hinzuf\u00fcgen des Verdickungsmittels<\/strong><\/p><p>Wenn die Mischung homogen ist, f\u00fcgen Sie je nach gew\u00fcnschtem Thixotropiegrad zwischen 1 und 3 % Thixotropiermittel hinzu. <\/p><p><strong>3. Anwendung<\/strong><\/p><p>Die Thixotropie wird nach 2 bis 3 Minuten erzeugt, danach kann das Material auf vertikale Oberfl\u00e4chen geb\u00fcrstet werden. <\/p><p><strong>4. Hinweis<\/strong><\/p><p>Die Zugabe eines Thixotropiermittels f\u00fchrt zu einem Verlust der Klarheit von transluzenten Silikonen, das polymerisierte Produkt wird wei\u00df.<\/p>\t\t\t\t\t\t\t\t<\/div>\n\t\t\t\t<\/div>\n\t\t\t\t\t<\/div>\n\t\t\t\t<\/div>\n\t\t\t\t\t<\/div>\n\t\t\t\t<\/div>\n\t\t\t\t<\/div>\n\t\t","protected":false},"excerpt":{"rendered":"<p style=\"margin: 0cm; margin-bottom: .0001pt;\"><span style=\"font-size: 11pt; font-family: Calibri, sans-serif; color: #ffffff;\">Verdickungsmittel f\u00fcr additionsvernetzende Silikone (Platin).<\/span><\/p>\n<p style=\"margin: 0cm; margin-bottom: .0001pt;\"><span style=\"font-size: 11pt; font-family: Calibri, sans-serif; color: #ffffff;\">Dieser Zusatzstoff verwandelt fl\u00fcssiges Silikon in eine dicke Paste, um vertikale Anwendungen ohne Ablaufen zu erm\u00f6glichen.<\/span><\/p>\n","protected":false},"featured_media":26583,"template":"","meta":[],"product_brand":[],"product_cat":[1492,1662],"product_tag":[927,900,897,899,903,902,969],"class_list":{"0":"post-23070","1":"product","2":"type-product","3":"status-publish","4":"has-post-thumbnail","6":"product_cat-formsilikon","7":"product_cat-thixotropes-verdickungsmittel","8":"product_tag-additief-de","9":"product_tag-cast-de","10":"product_tag-decoratie-de","11":"product_tag-gieten-de","12":"product_tag-kunst-de","13":"product_tag-siliconen-de","14":"product_tag-weich","16":"first","17":"instock","18":"taxable","19":"shipping-taxable","20":"purchasable","21":"product-type-variable"},"_links":{"self":[{"href":"https:\/\/www.finres-sa.com\/de\/wp-json\/wp\/v2\/product\/23070","targetHints":{"allow":["GET"]}}],"collection":[{"href":"https:\/\/www.finres-sa.com\/de\/wp-json\/wp\/v2\/product"}],"about":[{"href":"https:\/\/www.finres-sa.com\/de\/wp-json\/wp\/v2\/types\/product"}],"version-history":[{"count":1,"href":"https:\/\/www.finres-sa.com\/de\/wp-json\/wp\/v2\/product\/23070\/revisions"}],"predecessor-version":[{"id":36260,"href":"https:\/\/www.finres-sa.com\/de\/wp-json\/wp\/v2\/product\/23070\/revisions\/36260"}],"wp:featuredmedia":[{"embeddable":true,"href":"https:\/\/www.finres-sa.com\/de\/wp-json\/wp\/v2\/media\/26583"}],"wp:attachment":[{"href":"https:\/\/www.finres-sa.com\/de\/wp-json\/wp\/v2\/media?parent=23070"}],"wp:term":[{"taxonomy":"product_brand","embeddable":true,"href":"https:\/\/www.finres-sa.com\/de\/wp-json\/wp\/v2\/product_brand?post=23070"},{"taxonomy":"product_cat","embeddable":true,"href":"https:\/\/www.finres-sa.com\/de\/wp-json\/wp\/v2\/product_cat?post=23070"},{"taxonomy":"product_tag","embeddable":true,"href":"https:\/\/www.finres-sa.com\/de\/wp-json\/wp\/v2\/product_tag?post=23070"}],"curies":[{"name":"wp","href":"https:\/\/api.w.org\/{rel}","templated":true}]}}