{"id":23354,"date":"2023-06-26T18:14:11","date_gmt":"2023-06-26T16:14:11","guid":{"rendered":"https:\/\/www.finres-sa.com\/product\/epoxy-kit-3350-3358\/"},"modified":"2025-07-15T13:29:21","modified_gmt":"2025-07-15T11:29:21","slug":"epoxy-kit-3350-3358","status":"publish","type":"product","link":"https:\/\/www.finres-sa.com\/de\/produkt\/epoxy-kit-3350-3358\/","title":{"rendered":"EPOXY KIT 3350-3358"},"content":{"rendered":"<p>Das Epoxidsystem RESOLTECH 3350 \/ 3358T ist ein sehr z\u00e4her Hochleistungsklebstoff. Aufgrund seiner Benetzbarkeit, Dehnung und Elastizit\u00e4t kann er die meisten Materialien verkleben. <\/p>\n<p>Durch seine fett\u00e4hnliche Konsistenz ist er sehr leicht mit einem Spachtel aufzutragen. Die Flie\u00dfgrenze liegt bei \u00fcber 5 mm vertikal bei 23\u00b0C. <\/p>\n<p>Dieses System ist besonders widerstandsf\u00e4hig gegen die Ausbreitung von Mikrorissen und ist sehr leistungsf\u00e4hig bei Verklebungen, die einer Erm\u00fcdung unterliegen. Die Anwendungsbereiche sind sehr vielf\u00e4ltig: Verklebung von Verbundstoffen und strukturellen Metallteilen, Wiederaufnahme der Laminierung auf Prepreg im Nassverfahren, Schnittstelle mit Tack f\u00fcr Deckenlaminierung&#8230; <\/p>\n<p><strong>Vorteile des Produkts<\/strong><\/p>\n<p>&#8211; Epoxy-modifiziertes Elastomer<\/p>\n<p>&#8211; Hohe Scher- und Sch\u00e4lfestigkeit<\/p>\n<p>&#8211; Hervorragende Verarbeitbarkeit (thixotrope, fett\u00e4hnliche Konsistenz)<\/p>\n<p>&#8211; Rieselschwelle von mehr als 5 mm<\/p>\n<p>&#8211; Selbst bei hoher Luftfeuchtigkeit anwendbar.<\/p>\n<p>&#8211; Erh\u00e4ltlich in Kartuschen (3358T) &#8211; Dosierung 2 \/ 1 nach Volumen<\/p>\n<p><strong>Informationen<\/strong><\/p>\n<p>TG (\u00b0C) 45<\/p>\n<p>Dichte Mischung 1<\/p>\n<p>Gelzeit auf 70 mL, 4cm bei 23\u00b0C 25m &#8211; 1h35m<\/p>\n<p><strong>Technisches Datenblatt<\/strong> <a href=\"https:\/\/www.resoltech.com\/fr\/march%C3%A9s\/3350-detail.html\" target=\"_blank\" rel=\"noopener\">https:\/\/www.resoltech.com\/fr\/march\u00e9s\/3350-detail.html<\/a><\/p>\n","protected":false},"excerpt":{"rendered":"<p>Struktureller Epoxy-Klebstoff<\/p>\n<p>Das Epoxidsystem RESOLTECH 3350 \/ 3358T ist ein sehr z\u00e4her Hochleistungsklebstoff. Aufgrund seiner Benetzbarkeit, Dehnung und Elastizit\u00e4t kann er die meisten Materialien verkleben. <\/p>\n","protected":false},"featured_media":23355,"template":"","meta":[],"product_brand":[],"product_cat":[1682,964],"product_tag":[965,960,1196,966,967,944,943,922,928,969],"class_list":{"0":"post-23354","1":"product","2":"type-product","3":"status-publish","4":"has-post-thumbnail","6":"product_cat-epoxidharzkleber","7":"product_cat-epoxy-de","8":"product_tag-epoxy-de","9":"product_tag-hohe-festigkeit","10":"product_tag-klebstoff","11":"product_tag-marine-de","12":"product_tag-reparatur","13":"product_tag-schichtung","14":"product_tag-set","15":"product_tag-stijf-de","16":"product_tag-waterbestendig-de","17":"product_tag-weich","19":"first","20":"instock","21":"taxable","22":"shipping-taxable","23":"purchasable","24":"product-type-variable"},"_links":{"self":[{"href":"https:\/\/www.finres-sa.com\/de\/wp-json\/wp\/v2\/product\/23354","targetHints":{"allow":["GET"]}}],"collection":[{"href":"https:\/\/www.finres-sa.com\/de\/wp-json\/wp\/v2\/product"}],"about":[{"href":"https:\/\/www.finres-sa.com\/de\/wp-json\/wp\/v2\/types\/product"}],"version-history":[{"count":0,"href":"https:\/\/www.finres-sa.com\/de\/wp-json\/wp\/v2\/product\/23354\/revisions"}],"wp:featuredmedia":[{"embeddable":true,"href":"https:\/\/www.finres-sa.com\/de\/wp-json\/wp\/v2\/media\/23355"}],"wp:attachment":[{"href":"https:\/\/www.finres-sa.com\/de\/wp-json\/wp\/v2\/media?parent=23354"}],"wp:term":[{"taxonomy":"product_brand","embeddable":true,"href":"https:\/\/www.finres-sa.com\/de\/wp-json\/wp\/v2\/product_brand?post=23354"},{"taxonomy":"product_cat","embeddable":true,"href":"https:\/\/www.finres-sa.com\/de\/wp-json\/wp\/v2\/product_cat?post=23354"},{"taxonomy":"product_tag","embeddable":true,"href":"https:\/\/www.finres-sa.com\/de\/wp-json\/wp\/v2\/product_tag?post=23354"}],"curies":[{"name":"wp","href":"https:\/\/api.w.org\/{rel}","templated":true}]}}